{"id":909,"date":"2023-05-03T12:04:18","date_gmt":"2023-05-03T10:04:18","guid":{"rendered":"https:\/\/chatteriedelareine.fr\/?page_id=909"},"modified":"2023-05-03T12:18:48","modified_gmt":"2023-05-03T10:18:48","slug":"impression-du-livret-de-sante","status":"publish","type":"page","link":"https:\/\/chatteriedelareine.fr\/index.php\/impression-du-livret-de-sante\/","title":{"rendered":"Impression du livret de sante"},"content":{"rendered":"\n\n\n\n\n <\/p>\n\n\n\n<p>Cette fonction est r\u00e9serv\u00e9e aux utilisateurs inscrits qui g\u00e8rent leur livret de sant\u00e9 directement sur le site<\/p>\n\n\n\n<p><a href=\"https:\/\/chatteriedelareine.fr\/index.php\/se-connecter\/\" data-type=\"page\" data-id=\"379\">se connecter<\/a><\/p>\n\n\n\n<p><a href=\"https:\/\/chatteriedelareine.fr\/index.php\/senregistrer\/\" data-type=\"page\" data-id=\"381\">s&rsquo;enregistrer<\/a><\/p>\n\n\n\n<p>\n","protected":false},"excerpt":{"rendered":"","protected":false},"author":1,"featured_media":0,"parent":0,"menu_order":0,"comment_status":"closed","ping_status":"closed","template":"","meta":{"footnotes":""},"class_list":["post-909","page","type-page","status-publish","hentry"],"_links":{"self":[{"href":"https:\/\/chatteriedelareine.fr\/index.php\/wp-json\/wp\/v2\/pages\/909","targetHints":{"allow":["GET"]}}],"collection":[{"href":"https:\/\/chatteriedelareine.fr\/index.php\/wp-json\/wp\/v2\/pages"}],"about":[{"href":"https:\/\/chatteriedelareine.fr\/index.php\/wp-json\/wp\/v2\/types\/page"}],"author":[{"embeddable":true,"href":"https:\/\/chatteriedelareine.fr\/index.php\/wp-json\/wp\/v2\/users\/1"}],"replies":[{"embeddable":true,"href":"https:\/\/chatteriedelareine.fr\/index.php\/wp-json\/wp\/v2\/comments?post=909"}],"version-history":[{"count":4,"href":"https:\/\/chatteriedelareine.fr\/index.php\/wp-json\/wp\/v2\/pages\/909\/revisions"}],"predecessor-version":[{"id":913,"href":"https:\/\/chatteriedelareine.fr\/index.php\/wp-json\/wp\/v2\/pages\/909\/revisions\/913"}],"wp:attachment":[{"href":"https:\/\/chatteriedelareine.fr\/index.php\/wp-json\/wp\/v2\/media?parent=909"}],"curies":[{"name":"wp","href":"https:\/\/api.w.org\/{rel}","templated":true}]}}