{"id":630,"date":"2023-04-26T12:09:02","date_gmt":"2023-04-26T10:09:02","guid":{"rendered":"https:\/\/chatteriedelareine.fr\/?page_id=630"},"modified":"2024-02-22T19:57:47","modified_gmt":"2024-02-22T18:57:47","slug":"uma","status":"publish","type":"page","link":"https:\/\/chatteriedelareine.fr\/index.php\/uma\/","title":{"rendered":"Uma"},"content":{"rendered":"\n<p>Bonjour,<\/p>\n\n\n\n<p>Nous vous pr\u00e9sentons Uma, femelle, n\u00e9e le 2 avril 2023 du mariage entre Phili et Th\u00e9odora.<\/p>\n\n\n\n<p>Elle est straight, et sa robe est blue et son poil d\u00e9j\u00e0 tr\u00e8s soyeux; c&rsquo;est la premi\u00e8re n\u00e9e de nos deux petites femelles, et est d\u00e9j\u00e0 tr\u00e8s mobile pour visiter les alentours.<br>Voici de nouvelles photos r\u00e9centes de Uma, qui fonce vers son premier anniversaire et qui est devenue une merveilleuse scottish blue solid qui fait le bonheur de sa famille<\/p>\n\n\n\n<h2 class=\"wp-block-heading\">Status: \nvendu<br><\/h2>\n\n\n\n<h2 class=\"wp-block-heading\">Date de d\u00e9part pr\u00e9visionnelle: 10 &#8211; 15 juin<\/h2>\n\n\n\n<figure class=\"wp-block-gallery has-nested-images columns-default is-cropped wp-block-gallery-1 is-layout-flex wp-block-gallery-is-layout-flex\">\n<figure class=\"wp-block-image size-large\"><a href=\"https:\/\/chatteriedelareine.fr\/wp-content\/uploads\/2024\/02\/a2945792-e122-4a4b-ab05-4809f58d5b70.jpg\"><img loading=\"lazy\" decoding=\"async\" width=\"1024\" height=\"683\" data-id=\"1476\" src=\"https:\/\/chatteriedelareine.fr\/wp-content\/uploads\/2024\/02\/a2945792-e122-4a4b-ab05-4809f58d5b70-1024x683.jpg\" alt=\"\" class=\"wp-image-1476\" srcset=\"https:\/\/chatteriedelareine.fr\/wp-content\/uploads\/2024\/02\/a2945792-e122-4a4b-ab05-4809f58d5b70-1024x683.jpg 1024w, https:\/\/chatteriedelareine.fr\/wp-content\/uploads\/2024\/02\/a2945792-e122-4a4b-ab05-4809f58d5b70-300x200.jpg 300w, https:\/\/chatteriedelareine.fr\/wp-content\/uploads\/2024\/02\/a2945792-e122-4a4b-ab05-4809f58d5b70-768x512.jpg 768w, https:\/\/chatteriedelareine.fr\/wp-content\/uploads\/2024\/02\/a2945792-e122-4a4b-ab05-4809f58d5b70-1536x1024.jpg 1536w, https:\/\/chatteriedelareine.fr\/wp-content\/uploads\/2024\/02\/a2945792-e122-4a4b-ab05-4809f58d5b70.jpg 1600w\" sizes=\"auto, (max-width: 1024px) 100vw, 1024px\" \/><\/a><figcaption class=\"wp-element-caption\">Uma a bient\u00f4t un an<\/figcaption><\/figure>\n\n\n\n<figure class=\"wp-block-image size-large\"><a href=\"https:\/\/chatteriedelareine.fr\/wp-content\/uploads\/2024\/02\/6e3b16d3-d6a1-461c-979b-c93be93e53ae.jpg\"><img loading=\"lazy\" decoding=\"async\" width=\"683\" height=\"1024\" data-id=\"1477\" src=\"https:\/\/chatteriedelareine.fr\/wp-content\/uploads\/2024\/02\/6e3b16d3-d6a1-461c-979b-c93be93e53ae-683x1024.jpg\" alt=\"\" class=\"wp-image-1477\" srcset=\"https:\/\/chatteriedelareine.fr\/wp-content\/uploads\/2024\/02\/6e3b16d3-d6a1-461c-979b-c93be93e53ae-683x1024.jpg 683w, https:\/\/chatteriedelareine.fr\/wp-content\/uploads\/2024\/02\/6e3b16d3-d6a1-461c-979b-c93be93e53ae-200x300.jpg 200w, https:\/\/chatteriedelareine.fr\/wp-content\/uploads\/2024\/02\/6e3b16d3-d6a1-461c-979b-c93be93e53ae-768x1152.jpg 768w, https:\/\/chatteriedelareine.fr\/wp-content\/uploads\/2024\/02\/6e3b16d3-d6a1-461c-979b-c93be93e53ae-1024x1536.jpg 1024w, https:\/\/chatteriedelareine.fr\/wp-content\/uploads\/2024\/02\/6e3b16d3-d6a1-461c-979b-c93be93e53ae.jpg 1067w\" sizes=\"auto, (max-width: 683px) 100vw, 683px\" \/><\/a><\/figure>\n\n\n\n<figure class=\"wp-block-image size-large\"><a href=\"https:\/\/chatteriedelareine.fr\/wp-content\/uploads\/2023\/05\/68c1b281-99cd-41f4-bc87-349e5b4abd06-1.jpg\"><img loading=\"lazy\" decoding=\"async\" width=\"768\" height=\"1024\" data-id=\"1090\" src=\"https:\/\/chatteriedelareine.fr\/wp-content\/uploads\/2023\/05\/68c1b281-99cd-41f4-bc87-349e5b4abd06-1-768x1024.jpg\" alt=\"\" class=\"wp-image-1090\" srcset=\"https:\/\/chatteriedelareine.fr\/wp-content\/uploads\/2023\/05\/68c1b281-99cd-41f4-bc87-349e5b4abd06-1-768x1024.jpg 768w, https:\/\/chatteriedelareine.fr\/wp-content\/uploads\/2023\/05\/68c1b281-99cd-41f4-bc87-349e5b4abd06-1-225x300.jpg 225w, https:\/\/chatteriedelareine.fr\/wp-content\/uploads\/2023\/05\/68c1b281-99cd-41f4-bc87-349e5b4abd06-1-1152x1536.jpg 1152w, https:\/\/chatteriedelareine.fr\/wp-content\/uploads\/2023\/05\/68c1b281-99cd-41f4-bc87-349e5b4abd06-1.jpg 1200w\" sizes=\"auto, (max-width: 768px) 100vw, 768px\" \/><\/a><\/figure>\n\n\n\n<figure class=\"wp-block-image size-large\"><a href=\"https:\/\/chatteriedelareine.fr\/wp-content\/uploads\/2023\/05\/da97ab2f-5e00-4344-ba7e-22fb2c0d5e63.jpg\"><img loading=\"lazy\" decoding=\"async\" width=\"768\" height=\"1024\" data-id=\"983\" src=\"https:\/\/chatteriedelareine.fr\/wp-content\/uploads\/2023\/05\/da97ab2f-5e00-4344-ba7e-22fb2c0d5e63-768x1024.jpg\" alt=\"\" class=\"wp-image-983\" srcset=\"https:\/\/chatteriedelareine.fr\/wp-content\/uploads\/2023\/05\/da97ab2f-5e00-4344-ba7e-22fb2c0d5e63-768x1024.jpg 768w, https:\/\/chatteriedelareine.fr\/wp-content\/uploads\/2023\/05\/da97ab2f-5e00-4344-ba7e-22fb2c0d5e63-225x300.jpg 225w, https:\/\/chatteriedelareine.fr\/wp-content\/uploads\/2023\/05\/da97ab2f-5e00-4344-ba7e-22fb2c0d5e63-1152x1536.jpg 1152w, https:\/\/chatteriedelareine.fr\/wp-content\/uploads\/2023\/05\/da97ab2f-5e00-4344-ba7e-22fb2c0d5e63.jpg 1200w\" sizes=\"auto, (max-width: 768px) 100vw, 768px\" \/><\/a><\/figure>\n\n\n\n<figure class=\"wp-block-image size-large\"><a href=\"https:\/\/chatteriedelareine.fr\/wp-content\/uploads\/2023\/05\/de71ce67-1953-45ed-b8ca-0f31e61b414d-1.jpg\"><img loading=\"lazy\" decoding=\"async\" width=\"768\" height=\"1024\" data-id=\"986\" src=\"https:\/\/chatteriedelareine.fr\/wp-content\/uploads\/2023\/05\/de71ce67-1953-45ed-b8ca-0f31e61b414d-1.jpg\" alt=\"\" class=\"wp-image-986\" srcset=\"https:\/\/chatteriedelareine.fr\/wp-content\/uploads\/2023\/05\/de71ce67-1953-45ed-b8ca-0f31e61b414d-1.jpg 768w, https:\/\/chatteriedelareine.fr\/wp-content\/uploads\/2023\/05\/de71ce67-1953-45ed-b8ca-0f31e61b414d-1-225x300.jpg 225w\" sizes=\"auto, (max-width: 768px) 100vw, 768px\" \/><\/a><\/figure>\n\n\n\n<figure class=\"wp-block-image size-large\"><a href=\"https:\/\/chatteriedelareine.fr\/wp-content\/uploads\/2023\/05\/05988535-d14a-4def-a189-67e86bc5b615.jpg\"><img loading=\"lazy\" decoding=\"async\" width=\"768\" height=\"1024\" data-id=\"984\" src=\"https:\/\/chatteriedelareine.fr\/wp-content\/uploads\/2023\/05\/05988535-d14a-4def-a189-67e86bc5b615-768x1024.jpg\" alt=\"\" class=\"wp-image-984\" srcset=\"https:\/\/chatteriedelareine.fr\/wp-content\/uploads\/2023\/05\/05988535-d14a-4def-a189-67e86bc5b615-768x1024.jpg 768w, https:\/\/chatteriedelareine.fr\/wp-content\/uploads\/2023\/05\/05988535-d14a-4def-a189-67e86bc5b615-225x300.jpg 225w, https:\/\/chatteriedelareine.fr\/wp-content\/uploads\/2023\/05\/05988535-d14a-4def-a189-67e86bc5b615-1152x1536.jpg 1152w, https:\/\/chatteriedelareine.fr\/wp-content\/uploads\/2023\/05\/05988535-d14a-4def-a189-67e86bc5b615.jpg 1200w\" sizes=\"auto, (max-width: 768px) 100vw, 768px\" \/><\/a><\/figure>\n\n\n\n<figure class=\"wp-block-image size-large\"><a href=\"https:\/\/chatteriedelareine.fr\/index.php\/uma\/uma_img_3241-1\/\"><img loading=\"lazy\" decoding=\"async\" width=\"846\" height=\"1024\" data-id=\"729\" src=\"https:\/\/chatteriedelareine.fr\/wp-content\/uploads\/2023\/04\/uma_IMG_3241-1-846x1024.jpg\" alt=\"\" class=\"wp-image-729\" srcset=\"https:\/\/chatteriedelareine.fr\/wp-content\/uploads\/2023\/04\/uma_IMG_3241-1-846x1024.jpg 846w, https:\/\/chatteriedelareine.fr\/wp-content\/uploads\/2023\/04\/uma_IMG_3241-1-248x300.jpg 248w, https:\/\/chatteriedelareine.fr\/wp-content\/uploads\/2023\/04\/uma_IMG_3241-1-768x930.jpg 768w, https:\/\/chatteriedelareine.fr\/wp-content\/uploads\/2023\/04\/uma_IMG_3241-1-1269x1536.jpg 1269w, https:\/\/chatteriedelareine.fr\/wp-content\/uploads\/2023\/04\/uma_IMG_3241-1-1692x2048.jpg 1692w\" sizes=\"auto, (max-width: 846px) 100vw, 846px\" \/><\/a><\/figure>\n\n\n\n<figure class=\"wp-block-image size-large\"><a href=\"https:\/\/chatteriedelareine.fr\/index.php\/uma\/uma_img_3245\/\"><img loading=\"lazy\" decoding=\"async\" width=\"768\" height=\"1024\" data-id=\"723\" src=\"https:\/\/chatteriedelareine.fr\/wp-content\/uploads\/2023\/04\/uma_IMG_3245-768x1024.jpg\" alt=\"\" class=\"wp-image-723\" srcset=\"https:\/\/chatteriedelareine.fr\/wp-content\/uploads\/2023\/04\/uma_IMG_3245-768x1024.jpg 768w, https:\/\/chatteriedelareine.fr\/wp-content\/uploads\/2023\/04\/uma_IMG_3245-225x300.jpg 225w, https:\/\/chatteriedelareine.fr\/wp-content\/uploads\/2023\/04\/uma_IMG_3245-1152x1536.jpg 1152w, https:\/\/chatteriedelareine.fr\/wp-content\/uploads\/2023\/04\/uma_IMG_3245-1536x2048.jpg 1536w, https:\/\/chatteriedelareine.fr\/wp-content\/uploads\/2023\/04\/uma_IMG_3245-scaled.jpg 1920w\" sizes=\"auto, (max-width: 768px) 100vw, 768px\" \/><\/a><\/figure>\n\n\n\n<figure class=\"wp-block-image size-large\"><a href=\"https:\/\/chatteriedelareine.fr\/index.php\/uma\/uma_ulla_img_3249\/\"><img loading=\"lazy\" decoding=\"async\" width=\"768\" height=\"1024\" data-id=\"724\" src=\"https:\/\/chatteriedelareine.fr\/wp-content\/uploads\/2023\/04\/uma_ulla_IMG_3249-768x1024.jpg\" alt=\"\" class=\"wp-image-724\" srcset=\"https:\/\/chatteriedelareine.fr\/wp-content\/uploads\/2023\/04\/uma_ulla_IMG_3249-768x1024.jpg 768w, https:\/\/chatteriedelareine.fr\/wp-content\/uploads\/2023\/04\/uma_ulla_IMG_3249-225x300.jpg 225w, https:\/\/chatteriedelareine.fr\/wp-content\/uploads\/2023\/04\/uma_ulla_IMG_3249-1152x1536.jpg 1152w, https:\/\/chatteriedelareine.fr\/wp-content\/uploads\/2023\/04\/uma_ulla_IMG_3249-1536x2048.jpg 1536w, https:\/\/chatteriedelareine.fr\/wp-content\/uploads\/2023\/04\/uma_ulla_IMG_3249-scaled.jpg 1920w\" sizes=\"auto, (max-width: 768px) 100vw, 768px\" \/><\/a><\/figure>\n\n\n\n<figure class=\"wp-block-image size-large\"><img loading=\"lazy\" decoding=\"async\" width=\"768\" height=\"1024\" data-id=\"767\" src=\"https:\/\/chatteriedelareine.fr\/wp-content\/uploads\/2023\/04\/Uma_15.jpg\" alt=\"\" class=\"wp-image-767\" srcset=\"https:\/\/chatteriedelareine.fr\/wp-content\/uploads\/2023\/04\/Uma_15.jpg 768w, https:\/\/chatteriedelareine.fr\/wp-content\/uploads\/2023\/04\/Uma_15-225x300.jpg 225w\" sizes=\"auto, (max-width: 768px) 100vw, 768px\" \/><\/figure>\n\n\n\n<figure class=\"wp-block-image size-large\"><a href=\"https:\/\/chatteriedelareine.fr\/index.php\/uma\/uma_12\/\"><img loading=\"lazy\" decoding=\"async\" width=\"768\" height=\"1024\" data-id=\"763\" src=\"https:\/\/chatteriedelareine.fr\/wp-content\/uploads\/2023\/04\/Uma_12.jpg\" alt=\"\" class=\"wp-image-763\" srcset=\"https:\/\/chatteriedelareine.fr\/wp-content\/uploads\/2023\/04\/Uma_12.jpg 768w, https:\/\/chatteriedelareine.fr\/wp-content\/uploads\/2023\/04\/Uma_12-225x300.jpg 225w\" sizes=\"auto, (max-width: 768px) 100vw, 768px\" \/><\/a><\/figure>\n<\/figure>\n\n\n\n<figure class=\"wp-block-embed is-type-video is-provider-youtube wp-block-embed-youtube wp-embed-aspect-16-9 wp-has-aspect-ratio\"><div class=\"wp-block-embed__wrapper\">\n<iframe loading=\"lazy\" title=\"Uma - femelle blue scottish straight\" width=\"750\" height=\"422\" src=\"https:\/\/www.youtube.com\/embed\/J2bLr3bMTmA?feature=oembed\" frameborder=\"0\" allow=\"accelerometer; autoplay; clipboard-write; encrypted-media; gyroscope; picture-in-picture; web-share\" allowfullscreen><\/iframe>\n<\/div><\/figure>\n","protected":false},"excerpt":{"rendered":"<p>Bonjour, Nous vous pr\u00e9sentons Uma, femelle, n\u00e9e le 2 avril 2023 du mariage entre Phili et Th\u00e9odora. Elle est straight, et sa robe est blue et son poil d\u00e9j\u00e0 tr\u00e8s soyeux; c&rsquo;est la premi\u00e8re n\u00e9e de nos deux petites femelles, et est d\u00e9j\u00e0 tr\u00e8s mobile pour visiter les alentours.Voici de nouvelles photos r\u00e9centes de Uma, qui fonce vers son premier anniversaire et qui est devenue une merveilleuse scottish blue solid qui fait le bonheur de sa famille Status: Date de d\u00e9part pr\u00e9visionnelle: 10 &#8211; 15 juin<\/p>\n","protected":false},"author":1,"featured_media":0,"parent":0,"menu_order":0,"comment_status":"closed","ping_status":"closed","template":"","meta":{"footnotes":""},"class_list":["post-630","page","type-page","status-publish","hentry"],"_links":{"self":[{"href":"https:\/\/chatteriedelareine.fr\/index.php\/wp-json\/wp\/v2\/pages\/630","targetHints":{"allow":["GET"]}}],"collection":[{"href":"https:\/\/chatteriedelareine.fr\/index.php\/wp-json\/wp\/v2\/pages"}],"about":[{"href":"https:\/\/chatteriedelareine.fr\/index.php\/wp-json\/wp\/v2\/types\/page"}],"author":[{"embeddable":true,"href":"https:\/\/chatteriedelareine.fr\/index.php\/wp-json\/wp\/v2\/users\/1"}],"replies":[{"embeddable":true,"href":"https:\/\/chatteriedelareine.fr\/index.php\/wp-json\/wp\/v2\/comments?post=630"}],"version-history":[{"count":4,"href":"https:\/\/chatteriedelareine.fr\/index.php\/wp-json\/wp\/v2\/pages\/630\/revisions"}],"predecessor-version":[{"id":1478,"href":"https:\/\/chatteriedelareine.fr\/index.php\/wp-json\/wp\/v2\/pages\/630\/revisions\/1478"}],"wp:attachment":[{"href":"https:\/\/chatteriedelareine.fr\/index.php\/wp-json\/wp\/v2\/media?parent=630"}],"curies":[{"name":"wp","href":"https:\/\/api.w.org\/{rel}","templated":true}]}}