{"id":620,"date":"2023-04-26T11:50:12","date_gmt":"2023-04-26T09:50:12","guid":{"rendered":"https:\/\/chatteriedelareine.fr\/?page_id=620"},"modified":"2023-05-01T19:58:07","modified_gmt":"2023-05-01T17:58:07","slug":"nos-chatons","status":"publish","type":"page","link":"https:\/\/chatteriedelareine.fr\/index.php\/nos-chatons\/","title":{"rendered":"Vue d&rsquo;ensemble des chatons n\u00e9s le 2 avril"},"content":{"rendered":"\n<p>Bonjour,<\/p>\n\n\n\n<p>voici nos adorables premiers chatons, issus du mariage entre Phili et Th\u00e9odora.<\/p>\n\n\n\n<p>Ils sont 5 et sont venus au monde la 2 avril 2023: 3 m\u00e2les et 2 femelles: <\/p>\n\n\n\n<ul class=\"wp-block-list\">\n<li><a href=\"https:\/\/chatteriedelareine.fr\/index.php\/ugo\/\" data-type=\"page\" data-id=\"628\">Ugo<\/a><\/li>\n\n\n\n<li><a href=\"https:\/\/chatteriedelareine.fr\/index.php\/ubert\/\" data-type=\"page\" data-id=\"634\">Ubert<\/a><\/li>\n\n\n\n<li><a href=\"https:\/\/chatteriedelareine.fr\/index.php\/urus\/\" data-type=\"page\" data-id=\"636\">Urus<\/a><\/li>\n\n\n\n<li><a href=\"https:\/\/chatteriedelareine.fr\/index.php\/ulla\/\" data-type=\"page\" data-id=\"632\">Uriane<\/a><\/li>\n\n\n\n<li><a href=\"https:\/\/chatteriedelareine.fr\/index.php\/uma\/\" data-type=\"page\" data-id=\"630\">Uma<\/a> <\/li>\n<\/ul>\n\n\n\n<p>Ils disposent de robes macquerel tabby de couleurs vari\u00e9es et claires (lilac, blue, caramel, et chocolat),  et sont d\u00e9sormais disponibles \u00e0 la r\u00e9servation. Ubert et Uriane ne sont plus disponible.<\/p>\n\n\n\n<p>Nous allons progressivement enrichir nos pages de photos au fur-et-a-mesure de leur d\u00e9veloppement. Ubert, Uriane et Urus sont fold, et Ugo et Uma straight.<\/p>\n\n\n\n<p>Si vous souhaitez plus de d\u00e9tails sur chacun d&rsquo;entre eux, nous vous invitons \u00e0 aller directement sur leurs pages list\u00e9es ci-dessus.<\/p>\n\n\n\n<p><\/p>\n\n\n\n<p>Ils partiront une fois qu&rsquo;ils seront sevr\u00e9s, g\u00e9n\u00e9ralement autour de 12 semaines, parfois un peu avant, au prix de 900\u20ac. les d\u00e9tails de nos conditions de vente sont disponibles <a href=\"https:\/\/chatteriedelareine.fr\/index.php\/nos-engagements\/\" data-type=\"page\" data-id=\"17\">ici.<\/a><\/p>\n\n\n\n<p>Ils seront identifi\u00e9s avec une puce i-cad, un certificat de bonne sant\u00e9, primo-vaccin\u00e9s, vermifug\u00e9s, avec un contrat de vente. Leurs parents ont re\u00e7u les tests de groupe sanguins, FIV et FeLV ainsi que les tests g\u00e9n\u00e9tiques PKD, Fold, et carte g\u00e9n\u00e9tique.<\/p>\n\n\n\n<p>Pour toute r\u00e9servation, il vous faudra faire un d\u00e9p\u00f4t de garantie de 450\u20ac par ch\u00e8que ou virement (nous contacter pour cela contact@chatteriedelareine.fr). <\/p>\n\n\n\n<figure class=\"wp-block-video\"><video height=\"480\" style=\"aspect-ratio: 848 \/ 480;\" width=\"848\" controls src=\"https:\/\/chatteriedelareine.fr\/wp-content\/uploads\/2023\/04\/3031ff36-cf51-452c-bee1-619039dc8d78-1.mp4\"><\/video><\/figure>\n\n\n\n<figure class=\"wp-block-gallery has-nested-images columns-4 is-cropped wp-block-gallery-1 is-layout-flex wp-block-gallery-is-layout-flex\">\n<figure class=\"wp-block-image size-large\"><a href=\"https:\/\/chatteriedelareine.fr\/wp-content\/uploads\/2023\/05\/5_et_theodora_IMG_3202-1-scaled.jpg\"><img loading=\"lazy\" decoding=\"async\" width=\"1024\" height=\"949\" data-id=\"798\" src=\"https:\/\/chatteriedelareine.fr\/wp-content\/uploads\/2023\/05\/5_et_theodora_IMG_3202-1-1024x949.jpg\" alt=\"\" class=\"wp-image-798\" srcset=\"https:\/\/chatteriedelareine.fr\/wp-content\/uploads\/2023\/05\/5_et_theodora_IMG_3202-1-1024x949.jpg 1024w, https:\/\/chatteriedelareine.fr\/wp-content\/uploads\/2023\/05\/5_et_theodora_IMG_3202-1-300x278.jpg 300w, https:\/\/chatteriedelareine.fr\/wp-content\/uploads\/2023\/05\/5_et_theodora_IMG_3202-1-768x712.jpg 768w, https:\/\/chatteriedelareine.fr\/wp-content\/uploads\/2023\/05\/5_et_theodora_IMG_3202-1-1536x1424.jpg 1536w, https:\/\/chatteriedelareine.fr\/wp-content\/uploads\/2023\/05\/5_et_theodora_IMG_3202-1-2048x1898.jpg 2048w\" sizes=\"auto, (max-width: 1024px) 100vw, 1024px\" \/><\/a><\/figure>\n\n\n\n<figure class=\"wp-block-image size-large\"><a href=\"https:\/\/chatteriedelareine.fr\/wp-content\/uploads\/2023\/05\/uma_ulla_IMG_3250-scaled.jpg\"><img loading=\"lazy\" decoding=\"async\" width=\"768\" height=\"1024\" data-id=\"799\" src=\"https:\/\/chatteriedelareine.fr\/wp-content\/uploads\/2023\/05\/uma_ulla_IMG_3250-768x1024.jpg\" alt=\"\" class=\"wp-image-799\" srcset=\"https:\/\/chatteriedelareine.fr\/wp-content\/uploads\/2023\/05\/uma_ulla_IMG_3250-768x1024.jpg 768w, https:\/\/chatteriedelareine.fr\/wp-content\/uploads\/2023\/05\/uma_ulla_IMG_3250-225x300.jpg 225w, https:\/\/chatteriedelareine.fr\/wp-content\/uploads\/2023\/05\/uma_ulla_IMG_3250-1152x1536.jpg 1152w, https:\/\/chatteriedelareine.fr\/wp-content\/uploads\/2023\/05\/uma_ulla_IMG_3250-1536x2048.jpg 1536w, https:\/\/chatteriedelareine.fr\/wp-content\/uploads\/2023\/05\/uma_ulla_IMG_3250-scaled.jpg 1920w\" sizes=\"auto, (max-width: 768px) 100vw, 768px\" \/><\/a><\/figure>\n\n\n\n<figure class=\"wp-block-image size-large\"><a href=\"https:\/\/chatteriedelareine.fr\/wp-content\/uploads\/2023\/05\/ubert_urus_ugo_fb6f1abc-ce25-4188-bcbc-60d1d154dbca.jpg\"><img loading=\"lazy\" decoding=\"async\" width=\"768\" height=\"1024\" data-id=\"793\" src=\"https:\/\/chatteriedelareine.fr\/wp-content\/uploads\/2023\/05\/ubert_urus_ugo_fb6f1abc-ce25-4188-bcbc-60d1d154dbca.jpg\" alt=\"\" class=\"wp-image-793\" srcset=\"https:\/\/chatteriedelareine.fr\/wp-content\/uploads\/2023\/05\/ubert_urus_ugo_fb6f1abc-ce25-4188-bcbc-60d1d154dbca.jpg 768w, https:\/\/chatteriedelareine.fr\/wp-content\/uploads\/2023\/05\/ubert_urus_ugo_fb6f1abc-ce25-4188-bcbc-60d1d154dbca-225x300.jpg 225w\" sizes=\"auto, (max-width: 768px) 100vw, 768px\" \/><\/a><\/figure>\n\n\n\n<figure class=\"wp-block-image size-large\"><a href=\"https:\/\/chatteriedelareine.fr\/wp-content\/uploads\/2023\/05\/ugo_et_tous_3ca72447-dfba-4ebd-b3aa-d87a095ef9b3.jpg\"><img loading=\"lazy\" decoding=\"async\" width=\"768\" height=\"1024\" data-id=\"794\" src=\"https:\/\/chatteriedelareine.fr\/wp-content\/uploads\/2023\/05\/ugo_et_tous_3ca72447-dfba-4ebd-b3aa-d87a095ef9b3.jpg\" alt=\"\" class=\"wp-image-794\" srcset=\"https:\/\/chatteriedelareine.fr\/wp-content\/uploads\/2023\/05\/ugo_et_tous_3ca72447-dfba-4ebd-b3aa-d87a095ef9b3.jpg 768w, https:\/\/chatteriedelareine.fr\/wp-content\/uploads\/2023\/05\/ugo_et_tous_3ca72447-dfba-4ebd-b3aa-d87a095ef9b3-225x300.jpg 225w\" sizes=\"auto, (max-width: 768px) 100vw, 768px\" \/><\/a><\/figure>\n\n\n\n<figure class=\"wp-block-image size-large\"><a href=\"https:\/\/chatteriedelareine.fr\/wp-content\/uploads\/2023\/05\/Urus_13.jpg\"><img loading=\"lazy\" decoding=\"async\" width=\"768\" height=\"1024\" data-id=\"796\" src=\"https:\/\/chatteriedelareine.fr\/wp-content\/uploads\/2023\/05\/Urus_13.jpg\" alt=\"\" class=\"wp-image-796\" srcset=\"https:\/\/chatteriedelareine.fr\/wp-content\/uploads\/2023\/05\/Urus_13.jpg 768w, https:\/\/chatteriedelareine.fr\/wp-content\/uploads\/2023\/05\/Urus_13-225x300.jpg 225w\" sizes=\"auto, (max-width: 768px) 100vw, 768px\" \/><\/a><figcaption class=\"wp-element-caption\">Urus<\/figcaption><\/figure>\n\n\n\n<figure class=\"wp-block-image size-large\"><a href=\"https:\/\/chatteriedelareine.fr\/wp-content\/uploads\/2023\/05\/urus_IMG_3238-1-scaled.jpg\"><img loading=\"lazy\" decoding=\"async\" width=\"768\" height=\"1024\" data-id=\"797\" src=\"https:\/\/chatteriedelareine.fr\/wp-content\/uploads\/2023\/05\/urus_IMG_3238-1-768x1024.jpg\" alt=\"\" class=\"wp-image-797\" srcset=\"https:\/\/chatteriedelareine.fr\/wp-content\/uploads\/2023\/05\/urus_IMG_3238-1-768x1024.jpg 768w, https:\/\/chatteriedelareine.fr\/wp-content\/uploads\/2023\/05\/urus_IMG_3238-1-225x300.jpg 225w, https:\/\/chatteriedelareine.fr\/wp-content\/uploads\/2023\/05\/urus_IMG_3238-1-1152x1536.jpg 1152w, https:\/\/chatteriedelareine.fr\/wp-content\/uploads\/2023\/05\/urus_IMG_3238-1-1536x2048.jpg 1536w, https:\/\/chatteriedelareine.fr\/wp-content\/uploads\/2023\/05\/urus_IMG_3238-1-scaled.jpg 1920w\" sizes=\"auto, (max-width: 768px) 100vw, 768px\" \/><\/a><figcaption class=\"wp-element-caption\">Urus<\/figcaption><\/figure>\n\n\n\n<figure class=\"wp-block-image size-large\"><a href=\"https:\/\/chatteriedelareine.fr\/wp-content\/uploads\/2023\/05\/urus_IMG_3231-scaled.jpg\"><img loading=\"lazy\" decoding=\"async\" width=\"768\" height=\"1024\" data-id=\"791\" src=\"https:\/\/chatteriedelareine.fr\/wp-content\/uploads\/2023\/05\/urus_IMG_3231-768x1024.jpg\" alt=\"\" class=\"wp-image-791\" srcset=\"https:\/\/chatteriedelareine.fr\/wp-content\/uploads\/2023\/05\/urus_IMG_3231-768x1024.jpg 768w, https:\/\/chatteriedelareine.fr\/wp-content\/uploads\/2023\/05\/urus_IMG_3231-225x300.jpg 225w, https:\/\/chatteriedelareine.fr\/wp-content\/uploads\/2023\/05\/urus_IMG_3231-1152x1536.jpg 1152w, https:\/\/chatteriedelareine.fr\/wp-content\/uploads\/2023\/05\/urus_IMG_3231-1536x2048.jpg 1536w, https:\/\/chatteriedelareine.fr\/wp-content\/uploads\/2023\/05\/urus_IMG_3231-scaled.jpg 1920w\" sizes=\"auto, (max-width: 768px) 100vw, 768px\" \/><\/a><figcaption class=\"wp-element-caption\">Urus<\/figcaption><\/figure>\n\n\n\n<figure class=\"wp-block-image size-large\"><a href=\"https:\/\/chatteriedelareine.fr\/wp-content\/uploads\/2023\/05\/urus_IMG_3228-scaled.jpg\"><img loading=\"lazy\" decoding=\"async\" width=\"768\" height=\"1024\" data-id=\"810\" src=\"https:\/\/chatteriedelareine.fr\/wp-content\/uploads\/2023\/05\/urus_IMG_3228-768x1024.jpg\" alt=\"\" class=\"wp-image-810\" srcset=\"https:\/\/chatteriedelareine.fr\/wp-content\/uploads\/2023\/05\/urus_IMG_3228-768x1024.jpg 768w, https:\/\/chatteriedelareine.fr\/wp-content\/uploads\/2023\/05\/urus_IMG_3228-225x300.jpg 225w, https:\/\/chatteriedelareine.fr\/wp-content\/uploads\/2023\/05\/urus_IMG_3228-1152x1536.jpg 1152w, https:\/\/chatteriedelareine.fr\/wp-content\/uploads\/2023\/05\/urus_IMG_3228-1536x2048.jpg 1536w, https:\/\/chatteriedelareine.fr\/wp-content\/uploads\/2023\/05\/urus_IMG_3228-scaled.jpg 1920w\" sizes=\"auto, (max-width: 768px) 100vw, 768px\" \/><\/a><figcaption class=\"wp-element-caption\">Urus<\/figcaption><\/figure>\n\n\n\n<figure class=\"wp-block-image size-large\"><a href=\"https:\/\/chatteriedelareine.fr\/wp-content\/uploads\/2023\/05\/Ugo_11.jpg\"><img loading=\"lazy\" decoding=\"async\" width=\"768\" height=\"1024\" data-id=\"779\" src=\"https:\/\/chatteriedelareine.fr\/wp-content\/uploads\/2023\/05\/Ugo_11.jpg\" alt=\"\" class=\"wp-image-779\" srcset=\"https:\/\/chatteriedelareine.fr\/wp-content\/uploads\/2023\/05\/Ugo_11.jpg 768w, https:\/\/chatteriedelareine.fr\/wp-content\/uploads\/2023\/05\/Ugo_11-225x300.jpg 225w\" sizes=\"auto, (max-width: 768px) 100vw, 768px\" \/><\/a><figcaption class=\"wp-element-caption\">Ugo<\/figcaption><\/figure>\n\n\n\n<figure class=\"wp-block-image size-large\"><a href=\"https:\/\/chatteriedelareine.fr\/wp-content\/uploads\/2023\/05\/ugo_IMG_3227-1-scaled.jpg\"><img loading=\"lazy\" decoding=\"async\" width=\"768\" height=\"1024\" data-id=\"795\" src=\"https:\/\/chatteriedelareine.fr\/wp-content\/uploads\/2023\/05\/ugo_IMG_3227-1-768x1024.jpg\" alt=\"\" class=\"wp-image-795\" srcset=\"https:\/\/chatteriedelareine.fr\/wp-content\/uploads\/2023\/05\/ugo_IMG_3227-1-768x1024.jpg 768w, https:\/\/chatteriedelareine.fr\/wp-content\/uploads\/2023\/05\/ugo_IMG_3227-1-225x300.jpg 225w, https:\/\/chatteriedelareine.fr\/wp-content\/uploads\/2023\/05\/ugo_IMG_3227-1-1152x1536.jpg 1152w, https:\/\/chatteriedelareine.fr\/wp-content\/uploads\/2023\/05\/ugo_IMG_3227-1-1536x2048.jpg 1536w, https:\/\/chatteriedelareine.fr\/wp-content\/uploads\/2023\/05\/ugo_IMG_3227-1-scaled.jpg 1920w\" sizes=\"auto, (max-width: 768px) 100vw, 768px\" \/><\/a><figcaption class=\"wp-element-caption\">Ugo<\/figcaption><\/figure>\n\n\n\n<figure class=\"wp-block-image size-large\"><a href=\"https:\/\/chatteriedelareine.fr\/wp-content\/uploads\/2023\/05\/ugo_urus_IMG_3223-1-scaled.jpg\"><img loading=\"lazy\" decoding=\"async\" width=\"768\" height=\"1024\" data-id=\"802\" src=\"https:\/\/chatteriedelareine.fr\/wp-content\/uploads\/2023\/05\/ugo_urus_IMG_3223-1-768x1024.jpg\" alt=\"\" class=\"wp-image-802\" srcset=\"https:\/\/chatteriedelareine.fr\/wp-content\/uploads\/2023\/05\/ugo_urus_IMG_3223-1-768x1024.jpg 768w, https:\/\/chatteriedelareine.fr\/wp-content\/uploads\/2023\/05\/ugo_urus_IMG_3223-1-225x300.jpg 225w, https:\/\/chatteriedelareine.fr\/wp-content\/uploads\/2023\/05\/ugo_urus_IMG_3223-1-1152x1536.jpg 1152w, https:\/\/chatteriedelareine.fr\/wp-content\/uploads\/2023\/05\/ugo_urus_IMG_3223-1-1536x2048.jpg 1536w, https:\/\/chatteriedelareine.fr\/wp-content\/uploads\/2023\/05\/ugo_urus_IMG_3223-1-scaled.jpg 1920w\" sizes=\"auto, (max-width: 768px) 100vw, 768px\" \/><\/a><figcaption class=\"wp-element-caption\">Ugo<\/figcaption><\/figure>\n\n\n\n<figure class=\"wp-block-image size-large\"><a href=\"https:\/\/chatteriedelareine.fr\/wp-content\/uploads\/2023\/05\/ugo_IMG_3216-1-scaled.jpg\"><img loading=\"lazy\" decoding=\"async\" width=\"768\" height=\"1024\" data-id=\"811\" src=\"https:\/\/chatteriedelareine.fr\/wp-content\/uploads\/2023\/05\/ugo_IMG_3216-1-768x1024.jpg\" alt=\"\" class=\"wp-image-811\" srcset=\"https:\/\/chatteriedelareine.fr\/wp-content\/uploads\/2023\/05\/ugo_IMG_3216-1-768x1024.jpg 768w, https:\/\/chatteriedelareine.fr\/wp-content\/uploads\/2023\/05\/ugo_IMG_3216-1-225x300.jpg 225w, https:\/\/chatteriedelareine.fr\/wp-content\/uploads\/2023\/05\/ugo_IMG_3216-1-1152x1536.jpg 1152w, https:\/\/chatteriedelareine.fr\/wp-content\/uploads\/2023\/05\/ugo_IMG_3216-1-1536x2048.jpg 1536w, https:\/\/chatteriedelareine.fr\/wp-content\/uploads\/2023\/05\/ugo_IMG_3216-1-scaled.jpg 1920w\" sizes=\"auto, (max-width: 768px) 100vw, 768px\" \/><\/a><figcaption class=\"wp-element-caption\">Ugo<\/figcaption><\/figure>\n\n\n\n<figure class=\"wp-block-image size-large\"><a href=\"https:\/\/chatteriedelareine.fr\/wp-content\/uploads\/2023\/05\/Uma_11.jpg\"><img loading=\"lazy\" decoding=\"async\" width=\"768\" height=\"1024\" data-id=\"778\" src=\"https:\/\/chatteriedelareine.fr\/wp-content\/uploads\/2023\/05\/Uma_11.jpg\" alt=\"\" class=\"wp-image-778\" srcset=\"https:\/\/chatteriedelareine.fr\/wp-content\/uploads\/2023\/05\/Uma_11.jpg 768w, https:\/\/chatteriedelareine.fr\/wp-content\/uploads\/2023\/05\/Uma_11-225x300.jpg 225w\" sizes=\"auto, (max-width: 768px) 100vw, 768px\" \/><\/a><figcaption class=\"wp-element-caption\">Uma<\/figcaption><\/figure>\n\n\n\n<figure class=\"wp-block-image size-large\"><a href=\"https:\/\/chatteriedelareine.fr\/wp-content\/uploads\/2023\/05\/Uma_12.jpg\"><img loading=\"lazy\" decoding=\"async\" width=\"768\" height=\"1024\" data-id=\"781\" src=\"https:\/\/chatteriedelareine.fr\/wp-content\/uploads\/2023\/05\/Uma_12.jpg\" alt=\"\" class=\"wp-image-781\" srcset=\"https:\/\/chatteriedelareine.fr\/wp-content\/uploads\/2023\/05\/Uma_12.jpg 768w, https:\/\/chatteriedelareine.fr\/wp-content\/uploads\/2023\/05\/Uma_12-225x300.jpg 225w\" sizes=\"auto, (max-width: 768px) 100vw, 768px\" \/><\/a><figcaption class=\"wp-element-caption\">Uma<\/figcaption><\/figure>\n\n\n\n<figure class=\"wp-block-image size-large\"><a href=\"https:\/\/chatteriedelareine.fr\/wp-content\/uploads\/2023\/05\/Uma_15.jpg\"><img loading=\"lazy\" decoding=\"async\" width=\"768\" height=\"1024\" data-id=\"780\" src=\"https:\/\/chatteriedelareine.fr\/wp-content\/uploads\/2023\/05\/Uma_15.jpg\" alt=\"\" class=\"wp-image-780\" srcset=\"https:\/\/chatteriedelareine.fr\/wp-content\/uploads\/2023\/05\/Uma_15.jpg 768w, https:\/\/chatteriedelareine.fr\/wp-content\/uploads\/2023\/05\/Uma_15-225x300.jpg 225w\" sizes=\"auto, (max-width: 768px) 100vw, 768px\" \/><\/a><figcaption class=\"wp-element-caption\">Uma<\/figcaption><\/figure>\n\n\n\n<figure class=\"wp-block-image size-large\"><a href=\"https:\/\/chatteriedelareine.fr\/wp-content\/uploads\/2023\/05\/uma_IMG_3241-scaled.jpg\"><img loading=\"lazy\" decoding=\"async\" width=\"846\" height=\"1024\" data-id=\"812\" src=\"https:\/\/chatteriedelareine.fr\/wp-content\/uploads\/2023\/05\/uma_IMG_3241-846x1024.jpg\" alt=\"\" class=\"wp-image-812\" srcset=\"https:\/\/chatteriedelareine.fr\/wp-content\/uploads\/2023\/05\/uma_IMG_3241-846x1024.jpg 846w, https:\/\/chatteriedelareine.fr\/wp-content\/uploads\/2023\/05\/uma_IMG_3241-248x300.jpg 248w, https:\/\/chatteriedelareine.fr\/wp-content\/uploads\/2023\/05\/uma_IMG_3241-768x930.jpg 768w, https:\/\/chatteriedelareine.fr\/wp-content\/uploads\/2023\/05\/uma_IMG_3241-1269x1536.jpg 1269w, https:\/\/chatteriedelareine.fr\/wp-content\/uploads\/2023\/05\/uma_IMG_3241-1692x2048.jpg 1692w\" sizes=\"auto, (max-width: 846px) 100vw, 846px\" \/><\/a><figcaption class=\"wp-element-caption\">Uma<\/figcaption><\/figure>\n\n\n\n<figure class=\"wp-block-image size-large\"><a href=\"https:\/\/chatteriedelareine.fr\/wp-content\/uploads\/2023\/05\/Uriane_Ulla_16.jpg\"><img loading=\"lazy\" decoding=\"async\" width=\"768\" height=\"1024\" data-id=\"792\" src=\"https:\/\/chatteriedelareine.fr\/wp-content\/uploads\/2023\/05\/Uriane_Ulla_16.jpg\" alt=\"\" class=\"wp-image-792\" srcset=\"https:\/\/chatteriedelareine.fr\/wp-content\/uploads\/2023\/05\/Uriane_Ulla_16.jpg 768w, https:\/\/chatteriedelareine.fr\/wp-content\/uploads\/2023\/05\/Uriane_Ulla_16-225x300.jpg 225w\" sizes=\"auto, (max-width: 768px) 100vw, 768px\" \/><\/a><figcaption class=\"wp-element-caption\">Uriane<\/figcaption><\/figure>\n\n\n\n<figure class=\"wp-block-image size-large\"><a href=\"https:\/\/chatteriedelareine.fr\/wp-content\/uploads\/2023\/05\/Uriane_Ulla_14.jpg\"><img loading=\"lazy\" decoding=\"async\" width=\"725\" height=\"1024\" data-id=\"803\" src=\"https:\/\/chatteriedelareine.fr\/wp-content\/uploads\/2023\/05\/Uriane_Ulla_14.jpg\" alt=\"\" class=\"wp-image-803\" srcset=\"https:\/\/chatteriedelareine.fr\/wp-content\/uploads\/2023\/05\/Uriane_Ulla_14.jpg 725w, https:\/\/chatteriedelareine.fr\/wp-content\/uploads\/2023\/05\/Uriane_Ulla_14-212x300.jpg 212w\" sizes=\"auto, (max-width: 725px) 100vw, 725px\" \/><\/a><figcaption class=\"wp-element-caption\">Uriane<\/figcaption><\/figure>\n\n\n\n<figure class=\"wp-block-image size-full\"><a href=\"https:\/\/chatteriedelareine.fr\/wp-content\/uploads\/2023\/05\/Uriane_Ulla_12-1.jpg\"><img loading=\"lazy\" decoding=\"async\" width=\"768\" height=\"1024\" data-id=\"805\" src=\"https:\/\/chatteriedelareine.fr\/wp-content\/uploads\/2023\/05\/Uriane_Ulla_12-1.jpg\" alt=\"\" class=\"wp-image-805\" srcset=\"https:\/\/chatteriedelareine.fr\/wp-content\/uploads\/2023\/05\/Uriane_Ulla_12-1.jpg 768w, https:\/\/chatteriedelareine.fr\/wp-content\/uploads\/2023\/05\/Uriane_Ulla_12-1-225x300.jpg 225w\" sizes=\"auto, (max-width: 768px) 100vw, 768px\" \/><\/a><figcaption class=\"wp-element-caption\">Uriane<\/figcaption><\/figure>\n\n\n\n<figure class=\"wp-block-image size-large\"><a href=\"https:\/\/chatteriedelareine.fr\/wp-content\/uploads\/2023\/05\/Uriane_Ulla_11.jpg\"><img loading=\"lazy\" decoding=\"async\" width=\"768\" height=\"1024\" data-id=\"813\" src=\"https:\/\/chatteriedelareine.fr\/wp-content\/uploads\/2023\/05\/Uriane_Ulla_11-768x1024.jpg\" alt=\"\" class=\"wp-image-813\" srcset=\"https:\/\/chatteriedelareine.fr\/wp-content\/uploads\/2023\/05\/Uriane_Ulla_11-768x1024.jpg 768w, https:\/\/chatteriedelareine.fr\/wp-content\/uploads\/2023\/05\/Uriane_Ulla_11-225x300.jpg 225w, https:\/\/chatteriedelareine.fr\/wp-content\/uploads\/2023\/05\/Uriane_Ulla_11-1152x1536.jpg 1152w, https:\/\/chatteriedelareine.fr\/wp-content\/uploads\/2023\/05\/Uriane_Ulla_11.jpg 1200w\" sizes=\"auto, (max-width: 768px) 100vw, 768px\" \/><\/a><figcaption class=\"wp-element-caption\">Uriane<\/figcaption><\/figure>\n\n\n\n<figure class=\"wp-block-image size-large\"><a href=\"https:\/\/chatteriedelareine.fr\/wp-content\/uploads\/2023\/05\/ubert_IMG_3182-scaled.jpg\"><img loading=\"lazy\" decoding=\"async\" width=\"961\" height=\"1024\" data-id=\"806\" src=\"https:\/\/chatteriedelareine.fr\/wp-content\/uploads\/2023\/05\/ubert_IMG_3182-961x1024.jpg\" alt=\"\" class=\"wp-image-806\" srcset=\"https:\/\/chatteriedelareine.fr\/wp-content\/uploads\/2023\/05\/ubert_IMG_3182-961x1024.jpg 961w, https:\/\/chatteriedelareine.fr\/wp-content\/uploads\/2023\/05\/ubert_IMG_3182-282x300.jpg 282w, https:\/\/chatteriedelareine.fr\/wp-content\/uploads\/2023\/05\/ubert_IMG_3182-768x818.jpg 768w, https:\/\/chatteriedelareine.fr\/wp-content\/uploads\/2023\/05\/ubert_IMG_3182-1441x1536.jpg 1441w, https:\/\/chatteriedelareine.fr\/wp-content\/uploads\/2023\/05\/ubert_IMG_3182-1922x2048.jpg 1922w\" sizes=\"auto, (max-width: 961px) 100vw, 961px\" \/><\/a><figcaption class=\"wp-element-caption\">Ubert<\/figcaption><\/figure>\n\n\n\n<figure class=\"wp-block-image size-large\"><a href=\"https:\/\/chatteriedelareine.fr\/wp-content\/uploads\/2023\/05\/ubert_IMG_3184.jpg\"><img loading=\"lazy\" decoding=\"async\" width=\"883\" height=\"1024\" data-id=\"809\" src=\"https:\/\/chatteriedelareine.fr\/wp-content\/uploads\/2023\/05\/ubert_IMG_3184-883x1024.jpg\" alt=\"\" class=\"wp-image-809\" srcset=\"https:\/\/chatteriedelareine.fr\/wp-content\/uploads\/2023\/05\/ubert_IMG_3184-883x1024.jpg 883w, https:\/\/chatteriedelareine.fr\/wp-content\/uploads\/2023\/05\/ubert_IMG_3184-259x300.jpg 259w, https:\/\/chatteriedelareine.fr\/wp-content\/uploads\/2023\/05\/ubert_IMG_3184-768x890.jpg 768w, https:\/\/chatteriedelareine.fr\/wp-content\/uploads\/2023\/05\/ubert_IMG_3184-1325x1536.jpg 1325w, https:\/\/chatteriedelareine.fr\/wp-content\/uploads\/2023\/05\/ubert_IMG_3184-1767x2048.jpg 1767w\" sizes=\"auto, (max-width: 883px) 100vw, 883px\" \/><\/a><figcaption class=\"wp-element-caption\">Ubert<\/figcaption><\/figure>\n\n\n\n<figure class=\"wp-block-image size-large\"><a href=\"https:\/\/chatteriedelareine.fr\/wp-content\/uploads\/2023\/05\/ubert_IMG_3191-1-scaled.jpg\"><img loading=\"lazy\" decoding=\"async\" width=\"739\" height=\"1024\" data-id=\"808\" src=\"https:\/\/chatteriedelareine.fr\/wp-content\/uploads\/2023\/05\/ubert_IMG_3191-1-739x1024.jpg\" alt=\"\" class=\"wp-image-808\" srcset=\"https:\/\/chatteriedelareine.fr\/wp-content\/uploads\/2023\/05\/ubert_IMG_3191-1-739x1024.jpg 739w, https:\/\/chatteriedelareine.fr\/wp-content\/uploads\/2023\/05\/ubert_IMG_3191-1-216x300.jpg 216w, https:\/\/chatteriedelareine.fr\/wp-content\/uploads\/2023\/05\/ubert_IMG_3191-1-768x1064.jpg 768w, https:\/\/chatteriedelareine.fr\/wp-content\/uploads\/2023\/05\/ubert_IMG_3191-1-1108x1536.jpg 1108w, https:\/\/chatteriedelareine.fr\/wp-content\/uploads\/2023\/05\/ubert_IMG_3191-1-1478x2048.jpg 1478w, https:\/\/chatteriedelareine.fr\/wp-content\/uploads\/2023\/05\/ubert_IMG_3191-1-scaled.jpg 1847w\" sizes=\"auto, (max-width: 739px) 100vw, 739px\" \/><\/a><figcaption class=\"wp-element-caption\">Ubert<\/figcaption><\/figure>\n\n\n\n<figure class=\"wp-block-image size-large\"><a href=\"https:\/\/chatteriedelareine.fr\/wp-content\/uploads\/2023\/05\/ubert_IMG_3255-scaled.jpg\"><img loading=\"lazy\" decoding=\"async\" width=\"768\" height=\"1024\" data-id=\"807\" src=\"https:\/\/chatteriedelareine.fr\/wp-content\/uploads\/2023\/05\/ubert_IMG_3255-768x1024.jpg\" alt=\"\" class=\"wp-image-807\" srcset=\"https:\/\/chatteriedelareine.fr\/wp-content\/uploads\/2023\/05\/ubert_IMG_3255-768x1024.jpg 768w, https:\/\/chatteriedelareine.fr\/wp-content\/uploads\/2023\/05\/ubert_IMG_3255-225x300.jpg 225w, https:\/\/chatteriedelareine.fr\/wp-content\/uploads\/2023\/05\/ubert_IMG_3255-1152x1536.jpg 1152w, https:\/\/chatteriedelareine.fr\/wp-content\/uploads\/2023\/05\/ubert_IMG_3255-1536x2048.jpg 1536w, https:\/\/chatteriedelareine.fr\/wp-content\/uploads\/2023\/05\/ubert_IMG_3255-scaled.jpg 1920w\" sizes=\"auto, (max-width: 768px) 100vw, 768px\" \/><\/a><figcaption class=\"wp-element-caption\">Ubert<\/figcaption><\/figure>\n<\/figure>\n","protected":false},"excerpt":{"rendered":"<p>Bonjour, voici nos adorables premiers chatons, issus du mariage entre Phili et Th\u00e9odora. Ils sont 5 et sont venus au monde la 2 avril 2023: 3 m\u00e2les et 2 femelles: Ils disposent de robes macquerel tabby de couleurs vari\u00e9es et claires (lilac, blue, caramel, et chocolat), et sont d\u00e9sormais disponibles \u00e0 la r\u00e9servation. Ubert et Uriane ne sont plus disponible. Nous allons progressivement enrichir nos pages de photos au fur-et-a-mesure de leur d\u00e9veloppement. Ubert, Uriane et Urus sont fold, et Ugo et Uma straight. Si vous souhaitez plus de d\u00e9tails sur chacun d&rsquo;entre eux, nous vous invitons \u00e0 aller directement &hellip; <\/p>\n","protected":false},"author":1,"featured_media":0,"parent":0,"menu_order":0,"comment_status":"closed","ping_status":"closed","template":"","meta":{"footnotes":""},"class_list":["post-620","page","type-page","status-publish","hentry"],"_links":{"self":[{"href":"https:\/\/chatteriedelareine.fr\/index.php\/wp-json\/wp\/v2\/pages\/620","targetHints":{"allow":["GET"]}}],"collection":[{"href":"https:\/\/chatteriedelareine.fr\/index.php\/wp-json\/wp\/v2\/pages"}],"about":[{"href":"https:\/\/chatteriedelareine.fr\/index.php\/wp-json\/wp\/v2\/types\/page"}],"author":[{"embeddable":true,"href":"https:\/\/chatteriedelareine.fr\/index.php\/wp-json\/wp\/v2\/users\/1"}],"replies":[{"embeddable":true,"href":"https:\/\/chatteriedelareine.fr\/index.php\/wp-json\/wp\/v2\/comments?post=620"}],"version-history":[{"count":5,"href":"https:\/\/chatteriedelareine.fr\/index.php\/wp-json\/wp\/v2\/pages\/620\/revisions"}],"predecessor-version":[{"id":842,"href":"https:\/\/chatteriedelareine.fr\/index.php\/wp-json\/wp\/v2\/pages\/620\/revisions\/842"}],"wp:attachment":[{"href":"https:\/\/chatteriedelareine.fr\/index.php\/wp-json\/wp\/v2\/media?parent=620"}],"curies":[{"name":"wp","href":"https:\/\/api.w.org\/{rel}","templated":true}]}}