{"id":564,"date":"2023-04-05T19:11:33","date_gmt":"2023-04-05T17:11:33","guid":{"rendered":"https:\/\/chatteriedelareine.fr\/?page_id=564"},"modified":"2023-04-05T23:40:24","modified_gmt":"2023-04-05T21:40:24","slug":"simulation-de-mariage","status":"publish","type":"page","link":"https:\/\/chatteriedelareine.fr\/index.php\/simulation-de-mariage\/","title":{"rendered":"Simulation de mariage"},"content":{"rendered":"\n\n\n\n\n <\/p>\n\n\n\n<p>Cette page est r\u00e9serv\u00e9e aux membres, enregistr\u00e9s.<\/p>\n\n\n\n<p>Pour utiliser ces fonctions il faut \u00eatre enregistr\u00e9 et connect\u00e9<\/p>\n\n\n\n<p><a href=\"https:\/\/chatteriedelareine.fr\/index.php\/se-connecter\/\" data-type=\"page\" data-id=\"379\">se connecter<\/a><\/p>\n\n\n\n<p><a href=\"https:\/\/chatteriedelareine.fr\/index.php\/senregistrer\/\" data-type=\"page\" data-id=\"381\">s&rsquo;enregistrer<\/a><\/p>\n\n\n\n<p>\n\n\n\n<p><code>\n<link href='https:\/\/fonts.googleapis.com\/css?family=Ballet' rel='stylesheet'>\n<style>\n\th1 {\n\t\tfont-family: \"Ballet\";\n\t\tfont-size: 40px;\n\t}\n<\/style><\/code><\/p>\n","protected":false},"excerpt":{"rendered":"","protected":false},"author":1,"featured_media":0,"parent":0,"menu_order":0,"comment_status":"closed","ping_status":"closed","template":"","meta":{"footnotes":""},"class_list":["post-564","page","type-page","status-publish","hentry"],"_links":{"self":[{"href":"https:\/\/chatteriedelareine.fr\/index.php\/wp-json\/wp\/v2\/pages\/564","targetHints":{"allow":["GET"]}}],"collection":[{"href":"https:\/\/chatteriedelareine.fr\/index.php\/wp-json\/wp\/v2\/pages"}],"about":[{"href":"https:\/\/chatteriedelareine.fr\/index.php\/wp-json\/wp\/v2\/types\/page"}],"author":[{"embeddable":true,"href":"https:\/\/chatteriedelareine.fr\/index.php\/wp-json\/wp\/v2\/users\/1"}],"replies":[{"embeddable":true,"href":"https:\/\/chatteriedelareine.fr\/index.php\/wp-json\/wp\/v2\/comments?post=564"}],"version-history":[{"count":4,"href":"https:\/\/chatteriedelareine.fr\/index.php\/wp-json\/wp\/v2\/pages\/564\/revisions"}],"predecessor-version":[{"id":568,"href":"https:\/\/chatteriedelareine.fr\/index.php\/wp-json\/wp\/v2\/pages\/564\/revisions\/568"}],"wp:attachment":[{"href":"https:\/\/chatteriedelareine.fr\/index.php\/wp-json\/wp\/v2\/media?parent=564"}],"curies":[{"name":"wp","href":"https:\/\/api.w.org\/{rel}","templated":true}]}}