{"id":56,"date":"2023-03-14T01:04:06","date_gmt":"2023-03-14T00:04:06","guid":{"rendered":"http:\/\/chatteriedelareine.fr\/?page_id=56"},"modified":"2023-11-02T09:40:31","modified_gmt":"2023-11-02T08:40:31","slug":"nos-chats","status":"publish","type":"page","link":"https:\/\/chatteriedelareine.fr\/index.php\/nos-chats\/","title":{"rendered":"Nos chats et chatons"},"content":{"rendered":"\n<p>Nous disposons de 4 chats adultes qui sont nos reproducteurs:<\/p>\n\n\n\n<ul class=\"wp-block-list\">\n<li><a href=\"https:\/\/chatteriedelareine.fr\/index.php\/phili\/\" data-type=\"page\" data-id=\"20\">Phili<\/a><\/li>\n\n\n\n<li><a href=\"https:\/\/chatteriedelareine.fr\/index.php\/tocca\/\" data-type=\"page\" data-id=\"21\">Tocca<\/a><\/li>\n\n\n\n<li><a href=\"https:\/\/chatteriedelareine.fr\/index.php\/theodora\/\" data-type=\"page\" data-id=\"22\">Theodora<\/a><\/li>\n\n\n\n<li>Umma (qui grandit pour l&rsquo;instant avant de devenir une reproductrice)<\/li>\n<\/ul>\n\n\n\n<p>et d\u00e9sormais 13 <a href=\"https:\/\/chatteriedelareine.fr\/index.php\/nos-chatons\/\" data-type=\"page\" data-id=\"620\">chatons <\/a>, dont 5 ,n\u00e9s le 2 avril de l&rsquo;union entre <a href=\"https:\/\/chatteriedelareine.fr\/index.php\/phili\/\">Phili<\/a> et <a href=\"https:\/\/chatteriedelareine.fr\/index.php\/theodora\/\">Th\u00e9odora<\/a> et ayant d\u00e9j\u00e0 trouv\u00e9 leur famille :<\/p>\n\n\n\n<ul class=\"wp-block-list\">\n<li><a href=\"https:\/\/chatteriedelareine.fr\/index.php\/ubert\/\" data-type=\"page\" data-id=\"634\">Ubert<\/a><\/li>\n\n\n\n<li><a href=\"https:\/\/chatteriedelareine.fr\/index.php\/ugo\/\" data-type=\"page\" data-id=\"628\">Ugo<\/a><\/li>\n\n\n\n<li><a href=\"https:\/\/chatteriedelareine.fr\/index.php\/ulla\/\" data-type=\"page\" data-id=\"632\">Uriane<\/a><\/li>\n\n\n\n<li><a href=\"https:\/\/chatteriedelareine.fr\/index.php\/uma\/\" data-type=\"page\" data-id=\"630\">Uma<\/a><\/li>\n\n\n\n<li><a href=\"https:\/\/chatteriedelareine.fr\/index.php\/urus\/\" data-type=\"page\" data-id=\"636\">Urus<\/a> <\/li>\n<\/ul>\n\n\n\n<p>5 petits suivants, n\u00e9s le 24 avril de l&rsquo;union entre <a href=\"https:\/\/chatteriedelareine.fr\/index.php\/phili\/\" data-type=\"page\" data-id=\"20\">Phili <\/a>et <a href=\"https:\/\/chatteriedelareine.fr\/index.php\/tocca\/\" data-type=\"page\" data-id=\"21\">Tocca<\/a> qui ont aussi rejoint leurs familles.  :<\/p>\n\n\n\n<ul class=\"wp-block-list\">\n<li><a href=\"https:\/\/chatteriedelareine.fr\/index.php\/umi\/\" data-type=\"page\" data-id=\"1047\">Umi<\/a><\/li>\n\n\n\n<li><a href=\"https:\/\/chatteriedelareine.fr\/index.php\/urielle\/\" data-type=\"page\" data-id=\"1040\">Urielle<\/a><\/li>\n\n\n\n<li><a href=\"https:\/\/chatteriedelareine.fr\/index.php\/uriel\/\" data-type=\"page\" data-id=\"1035\">Uriel<\/a><\/li>\n\n\n\n<li><a href=\"https:\/\/chatteriedelareine.fr\/index.php\/ulysse\/\" data-type=\"page\" data-id=\"1028\">Ulysse<\/a><\/li>\n\n\n\n<li><a href=\"https:\/\/chatteriedelareine.fr\/index.php\/uston\/\" data-type=\"page\" data-id=\"1056\">Uston<\/a><\/li>\n<\/ul>\n\n\n\n<p>et les 3 derniers n\u00e9s le 3 aout de l&rsquo;union entre Phili et Th\u00e9odora qui ont rejoins leurs familles respectives mi octobre:<\/p>\n\n\n\n<ul class=\"wp-block-list\">\n<li>Ursula<\/li>\n\n\n\n<li>Luna<\/li>\n\n\n\n<li>Uno<\/li>\n<\/ul>\n\n\n\n<p>Nos 3 adultes et Umma, ainsi que leur chatons, vivent ensembles, avec nous au quotidien et profitent de l&rsquo;ensemble de la maison.<\/p>\n\n\n\n<div class=\"wp-block-columns is-layout-flex wp-container-core-columns-is-layout-9d6595d7 wp-block-columns-is-layout-flex\">\n<div class=\"wp-block-column is-layout-flow wp-block-column-is-layout-flow\" style=\"flex-basis:100%\">\n<figure class=\"wp-block-gallery has-nested-images columns-default is-cropped wp-block-gallery-1 is-layout-flex wp-block-gallery-is-layout-flex\">\n<figure class=\"wp-block-image size-large\"><a href=\"https:\/\/chatteriedelareine.fr\/index.php\/theodora\/\"><img loading=\"lazy\" decoding=\"async\" width=\"768\" height=\"1024\" data-id=\"238\" src=\"https:\/\/chatteriedelareine.fr\/wp-content\/uploads\/2023\/03\/cb405211-3f3c-4477-976a-dd8a0a7f5a52-1.jpg\" alt=\"\" class=\"wp-image-238\" srcset=\"https:\/\/chatteriedelareine.fr\/wp-content\/uploads\/2023\/03\/cb405211-3f3c-4477-976a-dd8a0a7f5a52-1.jpg 768w, https:\/\/chatteriedelareine.fr\/wp-content\/uploads\/2023\/03\/cb405211-3f3c-4477-976a-dd8a0a7f5a52-1-225x300.jpg 225w\" sizes=\"auto, (max-width: 768px) 100vw, 768px\" \/><\/a><figcaption class=\"wp-element-caption\"><a href=\"https:\/\/chatteriedelareine.fr\/index.php\/theodora\/\" data-type=\"page\" data-id=\"22\">Th\u00e9odora<\/a><\/figcaption><\/figure>\n\n\n\n<figure class=\"wp-block-image size-large\"><a href=\"https:\/\/chatteriedelareine.fr\/index.php\/tocca\/\"><img loading=\"lazy\" decoding=\"async\" width=\"1024\" height=\"928\" data-id=\"846\" src=\"https:\/\/chatteriedelareine.fr\/wp-content\/uploads\/2023\/05\/IMG_0444-1024x928.jpg\" alt=\"\" class=\"wp-image-846\" srcset=\"https:\/\/chatteriedelareine.fr\/wp-content\/uploads\/2023\/05\/IMG_0444-1024x928.jpg 1024w, https:\/\/chatteriedelareine.fr\/wp-content\/uploads\/2023\/05\/IMG_0444-300x272.jpg 300w, https:\/\/chatteriedelareine.fr\/wp-content\/uploads\/2023\/05\/IMG_0444-768x696.jpg 768w, https:\/\/chatteriedelareine.fr\/wp-content\/uploads\/2023\/05\/IMG_0444-1536x1392.jpg 1536w, https:\/\/chatteriedelareine.fr\/wp-content\/uploads\/2023\/05\/IMG_0444-2048x1856.jpg 2048w\" sizes=\"auto, (max-width: 1024px) 100vw, 1024px\" \/><\/a><figcaption class=\"wp-element-caption\"><a href=\"https:\/\/chatteriedelareine.fr\/index.php\/tocca\/\" data-type=\"page\" data-id=\"21\">Tocca<\/a><\/figcaption><\/figure>\n\n\n\n<figure class=\"wp-block-image size-large\"><img loading=\"lazy\" decoding=\"async\" width=\"768\" height=\"1024\" data-id=\"1249\" src=\"https:\/\/chatteriedelareine.fr\/wp-content\/uploads\/2023\/10\/6eb4514c-b93d-49c9-b64d-25b4c548367c.jpg\" alt=\"\" class=\"wp-image-1249\" srcset=\"https:\/\/chatteriedelareine.fr\/wp-content\/uploads\/2023\/10\/6eb4514c-b93d-49c9-b64d-25b4c548367c.jpg 768w, https:\/\/chatteriedelareine.fr\/wp-content\/uploads\/2023\/10\/6eb4514c-b93d-49c9-b64d-25b4c548367c-225x300.jpg 225w\" sizes=\"auto, (max-width: 768px) 100vw, 768px\" \/><figcaption class=\"wp-element-caption\"><a href=\"https:\/\/chatteriedelareine.fr\/index.php\/umma\/\" data-type=\"page\" data-id=\"1192\">Umma<\/a><\/figcaption><\/figure>\n\n\n\n<figure class=\"wp-block-image size-large\"><a href=\"https:\/\/chatteriedelareine.fr\/index.php\/phili\/\"><img loading=\"lazy\" decoding=\"async\" width=\"768\" height=\"1024\" data-id=\"242\" src=\"https:\/\/chatteriedelareine.fr\/wp-content\/uploads\/2023\/03\/94b7c0ae-ce14-4d65-b3ed-de6cd859bb78.jpg\" alt=\"\" class=\"wp-image-242\" srcset=\"https:\/\/chatteriedelareine.fr\/wp-content\/uploads\/2023\/03\/94b7c0ae-ce14-4d65-b3ed-de6cd859bb78.jpg 768w, https:\/\/chatteriedelareine.fr\/wp-content\/uploads\/2023\/03\/94b7c0ae-ce14-4d65-b3ed-de6cd859bb78-225x300.jpg 225w\" sizes=\"auto, (max-width: 768px) 100vw, 768px\" \/><\/a><figcaption class=\"wp-element-caption\"><a href=\"https:\/\/chatteriedelareine.fr\/index.php\/phili\/\" data-type=\"page\" data-id=\"20\">Phili<\/a><\/figcaption><\/figure>\n<figcaption class=\"blocks-gallery-caption wp-element-caption\">Theodora &#8211; Phili &#8211; Tocca<\/figcaption><\/figure>\n\n\n\n<figure class=\"wp-block-gallery has-nested-images columns-default is-cropped wp-block-gallery-2 is-layout-flex wp-block-gallery-is-layout-flex\">\n<figure class=\"wp-block-image size-large\"><img loading=\"lazy\" decoding=\"async\" width=\"768\" height=\"1024\" data-id=\"1074\" src=\"https:\/\/chatteriedelareine.fr\/wp-content\/uploads\/2023\/05\/7a19eca8-c7da-4ea3-939b-fb0faccb1f4f-2.jpg\" alt=\"\" class=\"wp-image-1074\" srcset=\"https:\/\/chatteriedelareine.fr\/wp-content\/uploads\/2023\/05\/7a19eca8-c7da-4ea3-939b-fb0faccb1f4f-2.jpg 768w, https:\/\/chatteriedelareine.fr\/wp-content\/uploads\/2023\/05\/7a19eca8-c7da-4ea3-939b-fb0faccb1f4f-2-225x300.jpg 225w\" sizes=\"auto, (max-width: 768px) 100vw, 768px\" \/><figcaption class=\"wp-element-caption\"><strong><a href=\"https:\/\/chatteriedelareine.fr\/index.php\/ulysse\/\" data-type=\"page\" data-id=\"1028\">Ulysse<\/a><\/strong><\/figcaption><\/figure>\n\n\n\n<figure class=\"wp-block-image size-large\"><img loading=\"lazy\" decoding=\"async\" width=\"768\" height=\"1024\" data-id=\"1076\" src=\"https:\/\/chatteriedelareine.fr\/wp-content\/uploads\/2023\/05\/IMG_3576-1-768x1024.jpg\" alt=\"\" class=\"wp-image-1076\" srcset=\"https:\/\/chatteriedelareine.fr\/wp-content\/uploads\/2023\/05\/IMG_3576-1-768x1024.jpg 768w, https:\/\/chatteriedelareine.fr\/wp-content\/uploads\/2023\/05\/IMG_3576-1-225x300.jpg 225w, https:\/\/chatteriedelareine.fr\/wp-content\/uploads\/2023\/05\/IMG_3576-1-1152x1536.jpg 1152w, https:\/\/chatteriedelareine.fr\/wp-content\/uploads\/2023\/05\/IMG_3576-1-1536x2048.jpg 1536w, https:\/\/chatteriedelareine.fr\/wp-content\/uploads\/2023\/05\/IMG_3576-1-scaled.jpg 1920w\" sizes=\"auto, (max-width: 768px) 100vw, 768px\" \/><figcaption class=\"wp-element-caption\"><strong><a href=\"https:\/\/chatteriedelareine.fr\/index.php\/umi\/\" data-type=\"page\" data-id=\"1047\">Umi<\/a><\/strong><\/figcaption><\/figure>\n\n\n\n<figure class=\"wp-block-image size-large\"><img loading=\"lazy\" decoding=\"async\" width=\"768\" height=\"1024\" data-id=\"1075\" src=\"https:\/\/chatteriedelareine.fr\/wp-content\/uploads\/2023\/05\/IMG_3629-3-768x1024.jpg\" alt=\"\" class=\"wp-image-1075\" srcset=\"https:\/\/chatteriedelareine.fr\/wp-content\/uploads\/2023\/05\/IMG_3629-3-768x1024.jpg 768w, https:\/\/chatteriedelareine.fr\/wp-content\/uploads\/2023\/05\/IMG_3629-3-225x300.jpg 225w, https:\/\/chatteriedelareine.fr\/wp-content\/uploads\/2023\/05\/IMG_3629-3-1152x1536.jpg 1152w, https:\/\/chatteriedelareine.fr\/wp-content\/uploads\/2023\/05\/IMG_3629-3-1536x2048.jpg 1536w, https:\/\/chatteriedelareine.fr\/wp-content\/uploads\/2023\/05\/IMG_3629-3-scaled.jpg 1920w\" sizes=\"auto, (max-width: 768px) 100vw, 768px\" \/><figcaption class=\"wp-element-caption\"><strong><a href=\"https:\/\/chatteriedelareine.fr\/index.php\/urielle\/\" data-type=\"page\" data-id=\"1040\">Urielle<\/a><\/strong><\/figcaption><\/figure>\n<\/figure>\n\n\n\n<p><a href=\"https:\/\/chatteriedelareine.fr\/index.php\/umi\/\" data-type=\"page\" data-id=\"1047\">Umi<\/a> (vendue), <a href=\"https:\/\/chatteriedelareine.fr\/index.php\/urielle\/\" data-type=\"page\" data-id=\"1040\">Urielle<\/a> (vendue), <a href=\"https:\/\/chatteriedelareine.fr\/index.php\/uriel\/\" data-type=\"page\" data-id=\"1035\">Uriel<\/a> (vendu), <a href=\"https:\/\/chatteriedelareine.fr\/index.php\/ulysse\/\" data-type=\"page\" data-id=\"1028\">Ulysse <\/a>(vendu) et <a href=\"https:\/\/chatteriedelareine.fr\/index.php\/uston\/\" data-type=\"page\" data-id=\"1056\">Uston<\/a> (vendu), n\u00e9s le 24 avril<\/p>\n\n\n\n<p><\/p>\n\n\n\n<figure class=\"wp-block-gallery has-nested-images columns-default is-cropped wp-block-gallery-3 is-layout-flex wp-block-gallery-is-layout-flex\">\n<figure class=\"wp-block-image size-large\"><a href=\"https:\/\/chatteriedelareine.fr\/index.php\/nos-chatons\/\"><img loading=\"lazy\" decoding=\"async\" width=\"1024\" height=\"949\" data-id=\"821\" src=\"https:\/\/chatteriedelareine.fr\/wp-content\/uploads\/2023\/05\/5_et_theodora_IMG_3202-2-1024x949.jpg\" alt=\"\" class=\"wp-image-821\" srcset=\"https:\/\/chatteriedelareine.fr\/wp-content\/uploads\/2023\/05\/5_et_theodora_IMG_3202-2-1024x949.jpg 1024w, https:\/\/chatteriedelareine.fr\/wp-content\/uploads\/2023\/05\/5_et_theodora_IMG_3202-2-300x278.jpg 300w, https:\/\/chatteriedelareine.fr\/wp-content\/uploads\/2023\/05\/5_et_theodora_IMG_3202-2-768x712.jpg 768w, https:\/\/chatteriedelareine.fr\/wp-content\/uploads\/2023\/05\/5_et_theodora_IMG_3202-2-1536x1424.jpg 1536w, https:\/\/chatteriedelareine.fr\/wp-content\/uploads\/2023\/05\/5_et_theodora_IMG_3202-2-2048x1898.jpg 2048w\" sizes=\"auto, (max-width: 1024px) 100vw, 1024px\" \/><\/a><\/figure>\n\n\n\n<figure class=\"wp-block-image size-large\"><a href=\"https:\/\/chatteriedelareine.fr\/index.php\/nos-chatons\/\"><img loading=\"lazy\" decoding=\"async\" width=\"768\" height=\"1024\" data-id=\"822\" src=\"https:\/\/chatteriedelareine.fr\/wp-content\/uploads\/2023\/05\/ubert_urus_ugo_fb6f1abc-ce25-4188-bcbc-60d1d154dbca-1.jpg\" alt=\"\" class=\"wp-image-822\" srcset=\"https:\/\/chatteriedelareine.fr\/wp-content\/uploads\/2023\/05\/ubert_urus_ugo_fb6f1abc-ce25-4188-bcbc-60d1d154dbca-1.jpg 768w, https:\/\/chatteriedelareine.fr\/wp-content\/uploads\/2023\/05\/ubert_urus_ugo_fb6f1abc-ce25-4188-bcbc-60d1d154dbca-1-225x300.jpg 225w\" sizes=\"auto, (max-width: 768px) 100vw, 768px\" \/><\/a><figcaption class=\"wp-element-caption\">de gauche \u00e0 droite: Ubert, Ugo et Urus<\/figcaption><\/figure>\n\n\n\n<figure class=\"wp-block-image size-large\"><a href=\"https:\/\/chatteriedelareine.fr\/index.php\/nos-chatons\/\"><img loading=\"lazy\" decoding=\"async\" width=\"768\" height=\"1024\" data-id=\"820\" src=\"https:\/\/chatteriedelareine.fr\/wp-content\/uploads\/2023\/05\/uma_ulla_IMG_3250-1-768x1024.jpg\" alt=\"\" class=\"wp-image-820\" srcset=\"https:\/\/chatteriedelareine.fr\/wp-content\/uploads\/2023\/05\/uma_ulla_IMG_3250-1-768x1024.jpg 768w, https:\/\/chatteriedelareine.fr\/wp-content\/uploads\/2023\/05\/uma_ulla_IMG_3250-1-225x300.jpg 225w, https:\/\/chatteriedelareine.fr\/wp-content\/uploads\/2023\/05\/uma_ulla_IMG_3250-1-1152x1536.jpg 1152w, https:\/\/chatteriedelareine.fr\/wp-content\/uploads\/2023\/05\/uma_ulla_IMG_3250-1-1536x2048.jpg 1536w, https:\/\/chatteriedelareine.fr\/wp-content\/uploads\/2023\/05\/uma_ulla_IMG_3250-1-scaled.jpg 1920w\" sizes=\"auto, (max-width: 768px) 100vw, 768px\" \/><\/a><figcaption class=\"wp-element-caption\">Uriane et Uma<\/figcaption><\/figure>\n<\/figure>\n\n\n\n<p><a href=\"https:\/\/chatteriedelareine.fr\/index.php\/uma\/\" data-type=\"page\" data-id=\"630\">Uma<\/a>, <a href=\"https:\/\/chatteriedelareine.fr\/index.php\/ulla\/\" data-type=\"page\" data-id=\"632\">Uriane<\/a>, <a href=\"https:\/\/chatteriedelareine.fr\/index.php\/ubert\/\" data-type=\"page\" data-id=\"634\">Ubert<\/a>, <a href=\"https:\/\/chatteriedelareine.fr\/index.php\/ugo\/\" data-type=\"page\" data-id=\"628\">Ugo <\/a>et <a href=\"https:\/\/chatteriedelareine.fr\/index.php\/urus\/\" data-type=\"page\" data-id=\"636\">Urus <\/a>n\u00e9s le 2 avril<\/p>\n<\/div>\n<\/div>\n\n\n\n<figure class=\"wp-block-gallery has-nested-images columns-default is-cropped wp-block-gallery-4 is-layout-flex wp-block-gallery-is-layout-flex\">\n<figure class=\"wp-block-image size-large\"><img loading=\"lazy\" decoding=\"async\" width=\"658\" height=\"1024\" data-id=\"1237\" src=\"https:\/\/chatteriedelareine.fr\/wp-content\/uploads\/2023\/10\/IMG_5209-658x1024.jpg\" alt=\"\" class=\"wp-image-1237\" srcset=\"https:\/\/chatteriedelareine.fr\/wp-content\/uploads\/2023\/10\/IMG_5209-658x1024.jpg 658w, https:\/\/chatteriedelareine.fr\/wp-content\/uploads\/2023\/10\/IMG_5209-193x300.jpg 193w, https:\/\/chatteriedelareine.fr\/wp-content\/uploads\/2023\/10\/IMG_5209-768x1195.jpg 768w, https:\/\/chatteriedelareine.fr\/wp-content\/uploads\/2023\/10\/IMG_5209-987x1536.jpg 987w, https:\/\/chatteriedelareine.fr\/wp-content\/uploads\/2023\/10\/IMG_5209-1316x2048.jpg 1316w, https:\/\/chatteriedelareine.fr\/wp-content\/uploads\/2023\/10\/IMG_5209-scaled.jpg 1646w\" sizes=\"auto, (max-width: 658px) 100vw, 658px\" \/><figcaption class=\"wp-element-caption\"><a href=\"https:\/\/chatteriedelareine.fr\/index.php\/uno\/\" data-type=\"page\" data-id=\"1146\">Uno<\/a><\/figcaption><\/figure>\n\n\n\n<figure class=\"wp-block-image size-large\"><img loading=\"lazy\" decoding=\"async\" width=\"768\" height=\"1024\" data-id=\"1186\" src=\"https:\/\/chatteriedelareine.fr\/wp-content\/uploads\/2023\/09\/61b7e998-fe22-4c7b-8a7d-eaee0c10ff98-1.jpg\" alt=\"\" class=\"wp-image-1186\" srcset=\"https:\/\/chatteriedelareine.fr\/wp-content\/uploads\/2023\/09\/61b7e998-fe22-4c7b-8a7d-eaee0c10ff98-1.jpg 768w, https:\/\/chatteriedelareine.fr\/wp-content\/uploads\/2023\/09\/61b7e998-fe22-4c7b-8a7d-eaee0c10ff98-1-225x300.jpg 225w\" sizes=\"auto, (max-width: 768px) 100vw, 768px\" \/><figcaption class=\"wp-element-caption\"><a href=\"https:\/\/chatteriedelareine.fr\/index.php\/ursula\/\" data-type=\"page\" data-id=\"1152\">Ursula<\/a><\/figcaption><\/figure>\n\n\n\n<figure class=\"wp-block-image size-large\"><img loading=\"lazy\" decoding=\"async\" width=\"768\" height=\"1024\" data-id=\"1166\" src=\"https:\/\/chatteriedelareine.fr\/wp-content\/uploads\/2023\/09\/2fdc1c80-8ec2-4ca2-9996-2f531590cab1.jpg\" alt=\"\" class=\"wp-image-1166\" srcset=\"https:\/\/chatteriedelareine.fr\/wp-content\/uploads\/2023\/09\/2fdc1c80-8ec2-4ca2-9996-2f531590cab1.jpg 768w, https:\/\/chatteriedelareine.fr\/wp-content\/uploads\/2023\/09\/2fdc1c80-8ec2-4ca2-9996-2f531590cab1-225x300.jpg 225w\" sizes=\"auto, (max-width: 768px) 100vw, 768px\" \/><figcaption class=\"wp-element-caption\"><a href=\"https:\/\/chatteriedelareine.fr\/index.php\/ulyssia\/\" data-type=\"page\" data-id=\"1154\">Luna<\/a><\/figcaption><\/figure>\n<\/figure>\n\n\n\n<p><code><link href='https:\/\/fonts.googleapis.com\/css?family=Ballet' rel='stylesheet'>\n<style>\n\th1 {\n\t\tfont-family: \"Ballet\";\n\t\tfont-size: 40px;\n\t}\n<\/style><\/code><a href=\"https:\/\/chatteriedelareine.fr\/wp-admin\/admin.php?page=edit-snippet&amp;id=30#\"><\/a><\/p>\n","protected":false},"excerpt":{"rendered":"<p>Nous disposons de 4 chats adultes qui sont nos reproducteurs: et d\u00e9sormais 13 chatons , dont 5 ,n\u00e9s le 2 avril de l&rsquo;union entre Phili et Th\u00e9odora et ayant d\u00e9j\u00e0 trouv\u00e9 leur famille : 5 petits suivants, n\u00e9s le 24 avril de l&rsquo;union entre Phili et Tocca qui ont aussi rejoint leurs familles. : et les 3 derniers n\u00e9s le 3 aout de l&rsquo;union entre Phili et Th\u00e9odora qui ont rejoins leurs familles respectives mi octobre: Nos 3 adultes et Umma, ainsi que leur chatons, vivent ensembles, avec nous au quotidien et profitent de l&rsquo;ensemble de la maison. Umi (vendue), &hellip; <\/p>\n","protected":false},"author":1,"featured_media":0,"parent":0,"menu_order":0,"comment_status":"closed","ping_status":"closed","template":"","meta":{"footnotes":""},"class_list":["post-56","page","type-page","status-publish","hentry"],"_links":{"self":[{"href":"https:\/\/chatteriedelareine.fr\/index.php\/wp-json\/wp\/v2\/pages\/56","targetHints":{"allow":["GET"]}}],"collection":[{"href":"https:\/\/chatteriedelareine.fr\/index.php\/wp-json\/wp\/v2\/pages"}],"about":[{"href":"https:\/\/chatteriedelareine.fr\/index.php\/wp-json\/wp\/v2\/types\/page"}],"author":[{"embeddable":true,"href":"https:\/\/chatteriedelareine.fr\/index.php\/wp-json\/wp\/v2\/users\/1"}],"replies":[{"embeddable":true,"href":"https:\/\/chatteriedelareine.fr\/index.php\/wp-json\/wp\/v2\/comments?post=56"}],"version-history":[{"count":4,"href":"https:\/\/chatteriedelareine.fr\/index.php\/wp-json\/wp\/v2\/pages\/56\/revisions"}],"predecessor-version":[{"id":1267,"href":"https:\/\/chatteriedelareine.fr\/index.php\/wp-json\/wp\/v2\/pages\/56\/revisions\/1267"}],"wp:attachment":[{"href":"https:\/\/chatteriedelareine.fr\/index.php\/wp-json\/wp\/v2\/media?parent=56"}],"curies":[{"name":"wp","href":"https:\/\/api.w.org\/{rel}","templated":true}]}}