{"id":535,"date":"2023-04-02T00:11:54","date_gmt":"2023-04-01T22:11:54","guid":{"rendered":"https:\/\/chatteriedelareine.fr\/?page_id=535"},"modified":"2024-11-06T22:18:59","modified_gmt":"2024-11-06T21:18:59","slug":"livret-de-sante","status":"publish","type":"page","link":"https:\/\/chatteriedelareine.fr\/index.php\/livret-de-sante\/","title":{"rendered":"Livret de sant\u00e9"},"content":{"rendered":"\n<p>Cette page permet aux utilisateurs inscrits et connect\u00e9s de g\u00e9rer en ligne le livret de sant\u00e9 de leur \u00e9levage.<\/p>\n\n\n\n\n\n\n\n <\/p>\n\n\n\n<p>Pour utiliser ces fonctions il faut \u00eatre enregistr\u00e9 et connect\u00e9<\/p>\n\n\n\n<p><a href=\"https:\/\/chatteriedelareine.fr\/index.php\/se-connecter\/\" data-type=\"page\" data-id=\"379\">se connecter<\/a><\/p>\n\n\n\n<p><a href=\"https:\/\/chatteriedelareine.fr\/index.php\/senregistrer\/\" data-type=\"page\" data-id=\"381\">s&rsquo;enregistrer<\/a><\/p>\n\n\n\n<p>\n","protected":false},"excerpt":{"rendered":"<p>Cette page permet aux utilisateurs inscrits et connect\u00e9s de g\u00e9rer en ligne le livret de sant\u00e9 de leur \u00e9levage.<\/p>\n","protected":false},"author":1,"featured_media":0,"parent":0,"menu_order":0,"comment_status":"closed","ping_status":"closed","template":"","meta":{"footnotes":""},"class_list":["post-535","page","type-page","status-publish","hentry"],"_links":{"self":[{"href":"https:\/\/chatteriedelareine.fr\/index.php\/wp-json\/wp\/v2\/pages\/535","targetHints":{"allow":["GET"]}}],"collection":[{"href":"https:\/\/chatteriedelareine.fr\/index.php\/wp-json\/wp\/v2\/pages"}],"about":[{"href":"https:\/\/chatteriedelareine.fr\/index.php\/wp-json\/wp\/v2\/types\/page"}],"author":[{"embeddable":true,"href":"https:\/\/chatteriedelareine.fr\/index.php\/wp-json\/wp\/v2\/users\/1"}],"replies":[{"embeddable":true,"href":"https:\/\/chatteriedelareine.fr\/index.php\/wp-json\/wp\/v2\/comments?post=535"}],"version-history":[{"count":4,"href":"https:\/\/chatteriedelareine.fr\/index.php\/wp-json\/wp\/v2\/pages\/535\/revisions"}],"predecessor-version":[{"id":1907,"href":"https:\/\/chatteriedelareine.fr\/index.php\/wp-json\/wp\/v2\/pages\/535\/revisions\/1907"}],"wp:attachment":[{"href":"https:\/\/chatteriedelareine.fr\/index.php\/wp-json\/wp\/v2\/media?parent=535"}],"curies":[{"name":"wp","href":"https:\/\/api.w.org\/{rel}","templated":true}]}}