{"id":516,"date":"2023-03-31T23:52:28","date_gmt":"2023-03-31T21:52:28","guid":{"rendered":"https:\/\/chatteriedelareine.fr\/?page_id=516"},"modified":"2023-04-02T19:46:58","modified_gmt":"2023-04-02T17:46:58","slug":"declarer-et-gerer-les-animaux","status":"publish","type":"page","link":"https:\/\/chatteriedelareine.fr\/index.php\/declarer-et-gerer-les-animaux\/","title":{"rendered":"D\u00e9clarer et g\u00e9rer les animaux"},"content":{"rendered":"\n\n\n\n\n <\/p>\n\n\n\n<p>Cette page est r\u00e9serv\u00e9e aux membres, enregistr\u00e9s.<\/p>\n\n\n\n<p>Pour utiliser ces fonctions il faut \u00eatre enregistr\u00e9 et connect\u00e9<\/p>\n\n\n\n<p><a href=\"https:\/\/chatteriedelareine.fr\/index.php\/se-connecter\/\" data-type=\"page\" data-id=\"379\">se connecter<\/a><\/p>\n\n\n\n<p><a href=\"https:\/\/chatteriedelareine.fr\/index.php\/senregistrer\/\" data-type=\"page\" data-id=\"381\">s&rsquo;enregistrer<\/a><\/p>\n\n\n\n<p>\n\n\n\n<p><code><link href='https:\/\/fonts.googleapis.com\/css?family=Ballet' rel='stylesheet'>\n<style>\n\th1 {\n\t\tfont-family: \"Ballet\";\n\t\tfont-size: 40px;\n\t}\n<\/style><\/code><\/p>\n","protected":false},"excerpt":{"rendered":"","protected":false},"author":1,"featured_media":0,"parent":0,"menu_order":0,"comment_status":"closed","ping_status":"closed","template":"","meta":{"footnotes":""},"class_list":["post-516","page","type-page","status-publish","hentry"],"_links":{"self":[{"href":"https:\/\/chatteriedelareine.fr\/index.php\/wp-json\/wp\/v2\/pages\/516","targetHints":{"allow":["GET"]}}],"collection":[{"href":"https:\/\/chatteriedelareine.fr\/index.php\/wp-json\/wp\/v2\/pages"}],"about":[{"href":"https:\/\/chatteriedelareine.fr\/index.php\/wp-json\/wp\/v2\/types\/page"}],"author":[{"embeddable":true,"href":"https:\/\/chatteriedelareine.fr\/index.php\/wp-json\/wp\/v2\/users\/1"}],"replies":[{"embeddable":true,"href":"https:\/\/chatteriedelareine.fr\/index.php\/wp-json\/wp\/v2\/comments?post=516"}],"version-history":[{"count":4,"href":"https:\/\/chatteriedelareine.fr\/index.php\/wp-json\/wp\/v2\/pages\/516\/revisions"}],"predecessor-version":[{"id":542,"href":"https:\/\/chatteriedelareine.fr\/index.php\/wp-json\/wp\/v2\/pages\/516\/revisions\/542"}],"wp:attachment":[{"href":"https:\/\/chatteriedelareine.fr\/index.php\/wp-json\/wp\/v2\/media?parent=516"}],"curies":[{"name":"wp","href":"https:\/\/api.w.org\/{rel}","templated":true}]}}