{"id":503,"date":"2023-04-02T20:08:58","date_gmt":"2023-04-02T18:08:58","guid":{"rendered":"https:\/\/chatteriedelareine.fr\/?page_id=503"},"modified":"2023-04-02T20:08:58","modified_gmt":"2023-04-02T18:08:58","slug":"equipement-et-materiel-necessaire-au-chaton","status":"publish","type":"page","link":"https:\/\/chatteriedelareine.fr\/index.php\/equipement-et-materiel-necessaire-au-chaton\/","title":{"rendered":"Equipement et mat\u00e9riel n\u00e9cessaire au chaton"},"content":{"rendered":"\n<h2 class=\"wp-block-heading\"><strong>Les bases pour l\u2019arriv\u00e9e du chaton<\/strong><\/h2>\n\n\n\n<p><strong>Incontournables d\u00e8s l\u2019arriv\u00e9e du chaton<\/strong>&nbsp;:<\/p>\n\n\n\n<ul class=\"wp-block-list\">\n<li>2 gamelles (plastique ou inox):1 pour l\u2019eau et 1 pour les croquettes qui seront \u00e0 disposition en permanence. Veillez \u00e0 bien renouveler l&rsquo;eau au minimum quotidiennement et faire en sorte qu&rsquo;il n&rsquo;en manque jamais.<\/li>\n<\/ul>\n\n\n\n<ul class=\"wp-block-list\">\n<li>Des croquettes de la gamme royal canin kitten ou ultima. Les croquettes estampill\u00e9es kitten sont plus riches pour favoriser le d\u00e9veloppement de votre chaton. Il sera ainsi nourri jusqu\u2019\u00e0 la fin de sa croissance c&rsquo;est-\u00e0-dire pratiquement un an pour le scottish. D&rsquo;une mani\u00e8re g\u00e9n\u00e9rale, nous pr\u00e9conisons de varier r\u00e9guli\u00e8rement la nourriture que vous fournissez \u00e0 votre chat. S&rsquo;il s&rsquo;habitue trop \u00e0 un mod\u00e8le particulier, vous pourriez vous retrouver en difficult\u00e9 si le fournisseur modifie sa recette, ou si votre revendeur local ne dispose plus de ce produit. De plus, s&rsquo;il ne se nourrie qu&rsquo;un d&rsquo;un seul produit, les \u00e9ventuelles carrences, ou apports moindres pour certains nutriments pourrait se cumuler .<\/li>\n\n\n\n<li>Bac \u00e0 liti\u00e8re&nbsp;: pour le chaton, un bac simple, \u00e9conomique disponible \u00e0 moins de 6\u20ac dans le e-commerce est suffisant dans un premier temps. Ensuite, lorsque le chat grandira, vous serez probablement amen\u00e9s \u00e0 le remplacer par un bac un peu plus haut qui limitera les projections. <\/li>\n<\/ul>\n\n\n\n<figure class=\"wp-block-gallery has-nested-images columns-default is-cropped wp-block-gallery-1 is-layout-flex wp-block-gallery-is-layout-flex\">\n<figure class=\"wp-block-image size-full\"><img loading=\"lazy\" decoding=\"async\" width=\"679\" height=\"679\" data-id=\"507\" src=\"https:\/\/chatteriedelareine.fr\/wp-content\/uploads\/2023\/03\/61heWG5fy5L._AC_SX679_.jpg\" alt=\"\" class=\"wp-image-507\" srcset=\"https:\/\/chatteriedelareine.fr\/wp-content\/uploads\/2023\/03\/61heWG5fy5L._AC_SX679_.jpg 679w, https:\/\/chatteriedelareine.fr\/wp-content\/uploads\/2023\/03\/61heWG5fy5L._AC_SX679_-300x300.jpg 300w, https:\/\/chatteriedelareine.fr\/wp-content\/uploads\/2023\/03\/61heWG5fy5L._AC_SX679_-150x150.jpg 150w, https:\/\/chatteriedelareine.fr\/wp-content\/uploads\/2023\/03\/61heWG5fy5L._AC_SX679_-60x60.jpg 60w\" sizes=\"auto, (max-width: 679px) 100vw, 679px\" \/><\/figure>\n\n\n\n<figure class=\"wp-block-image size-full\"><img loading=\"lazy\" decoding=\"async\" width=\"946\" height=\"654\" data-id=\"511\" src=\"https:\/\/chatteriedelareine.fr\/wp-content\/uploads\/2023\/03\/Capture2.jpg\" alt=\"\" class=\"wp-image-511\" srcset=\"https:\/\/chatteriedelareine.fr\/wp-content\/uploads\/2023\/03\/Capture2.jpg 946w, https:\/\/chatteriedelareine.fr\/wp-content\/uploads\/2023\/03\/Capture2-300x207.jpg 300w, https:\/\/chatteriedelareine.fr\/wp-content\/uploads\/2023\/03\/Capture2-768x531.jpg 768w\" sizes=\"auto, (max-width: 946px) 100vw, 946px\" \/><\/figure>\n\n\n\n<figure class=\"wp-block-image size-full\"><img loading=\"lazy\" decoding=\"async\" width=\"300\" height=\"147\" data-id=\"508\" src=\"https:\/\/chatteriedelareine.fr\/wp-content\/uploads\/2023\/03\/71RKKYSiHL._AC_SX300_SY300_-2.jpg\" alt=\"\" class=\"wp-image-508\"\/><\/figure>\n<\/figure>\n\n\n\n<ul class=\"wp-block-list\">\n<li>Lorsque le chat grandira, vous serez probablement amen\u00e9s \u00e0 le remplacer par un bac un peu plus haut qui limitera les projections.  Un&nbsp; bac simple dans ce style est suffisant. si votre liti\u00e8re dispose d&rsquo;une porte qu&rsquo;il doit pousser pour entrer, enlever cette derni\u00e8re car les chats n&rsquo;appr\u00e9cient pas cette approche et risquent de faire leurs besoins ailleurs.<\/li>\n\n\n\n<li>Diff\u00e9rents types de liti\u00e8res sont possibles. pr\u00e9f\u00e9rez les liti\u00e8re bio qui absorbe bien et limitent les odeurs. nous vous recommandons cependant l&rsquo;usage des granul\u00e9s \u00e0 bois qui absorbent tout aussi bien les odeur tout en \u00e9tant \u00e9cologique, naturel et sans risque en cas d&rsquo;ingestion pour le chatton. Pour les granul\u00e9s \u00e0 bois nous vous recommandons d&rsquo;\u00e9viter de les acheter en animaleries ou magasins sp\u00e9cialis\u00e9s o\u00f9 vous paieraient plus de 10\u20ac les quelques kg alors que des sacs de granul\u00e9s pour le chauffage se n\u00e9gocient autour de 10\u20ac pour 15kg chez n&rsquo;importe quel magasin de bricolage.<\/li>\n\n\n\n<li>La cage de transport&nbsp;est un \u00e9quipement indispensable pour l&rsquo;arriv\u00e9e du chatton puisqu&rsquo;elle vous permettra de le r\u00e9cup\u00e9rer. Vous pouvez d\u00e8s le d\u00e9but prendre une cage pour chat adulte, car votre chat grandira. (50x30x30 minimum semble un bon compromis. Il est important de choisir une cage dont le sol est suffisamment rigide pour que le chat se sente \u00e0 l&rsquo;aise. pour cela nous vous recommandons plut\u00f4t des cages en plastique rigide, m\u00eame si certaines cages pliantes en tissu ou toile peuvent s&rsquo;av\u00e9rer tr\u00e8s pratiques et tout aussi confortables. <\/li>\n\n\n\n<li>Un griffoir (ind\u00e9pendant ou sur un arbre \u00e0 chat). Le chaton n&rsquo;en a pas imm\u00e9diatement besoin, mais c&rsquo;est important dans son \u00e9ducation qu&rsquo;il prenne l&rsquo;habitude au plus t\u00f4t de faire ses griffes sur cet \u00e9quipement. il en va de la sant\u00e9 de vos rideaux, canap\u00e9s, pantalons et autres tissus domestiques fragiles. Un griffoir est fait avec de la cordre naturelle et peut \u00eatre fix\u00e9 sur une surface plane (planche, tapis d\u00e9di\u00e9, &#8230;) ou sur une forme cylindrique type buche, rondin, tuyau &#8230;<\/li>\n<\/ul>\n\n\n\n<h2 class=\"wp-block-heading\">Non indispensables pour l\u2019arriv\u00e9e du chaton mais \u00e0 pr\u00e9voir&nbsp;:<\/h2>\n\n\n\n<ul class=\"wp-block-list\">\n<li>L\u2019arbre \u00e0 chats\u00a0: tous les chats adorent ce type d&rsquo;\u00e9quipement,  \u00e0 la fois pour y jouer, se reposer, s&rsquo;y cacher. Le plus haut possible \u00e9tant le mieux car les chats adorent adopter une posture d&rsquo;observation dominante. Si vous avez l&rsquo;\u00e2me d&rsquo;un bricoleur, vous pouvez m\u00eame le construire vous-m\u00eame. Les offres les plus int\u00e9ressantes sont souvent dans les grandes surfaces lorsqu&rsquo;ils font des promos. les premiers prix sont autour de 30\u20ac jusqu&rsquo;\u00e0 plusieurs centaines d&rsquo;\u20ac. Pour un seul chat, un arbre approchant les 100\u20ac est d\u00e9j\u00e0 un tr\u00e8s gros jouet, mais attention les prix varient beaucoup sans raison particuli\u00e8re.<\/li>\n\n\n\n<li>Les jouets\u00a0: il n&rsquo;est pas n\u00e9cessaire d&rsquo;en avoir plusieurs, mais les chats adorent jouer et se feront un plaisir de vous d\u00e9tendre en jouant avec vous. Certains peuvent \u00eatre tr\u00e8s \u00e9labor\u00e9s, mais g\u00e9n\u00e9ralement une ficelle avec un bout de papier ou de tissu au bout ravira votre compagnon. Ce qu&rsquo;il cherche surtout c&rsquo;est votre attention et partager ce moment avec vous. Un jouet inactif l&rsquo;int\u00e9ressera pas ou pas longtemps. Un carton, ou un sac en papier kraft pourra d\u00e9j\u00e0 l&rsquo;occuper et l&rsquo;amuser sans vous ruiner.<\/li>\n\n\n\n<li>Une fontaine \u00e0 eau: certains chats appr\u00e9cient ce type de dispositif, mais ils arrivent aussi tous \u00e0 boire directement depuis une gamelle. Ce peut \u00eatre un plus pour inciter votre chat \u00e0 boire un peu plus, mais ils survivent tr\u00e8s bien sans.<\/li>\n<\/ul>\n","protected":false},"excerpt":{"rendered":"<p>Les bases pour l\u2019arriv\u00e9e du chaton Incontournables d\u00e8s l\u2019arriv\u00e9e du chaton&nbsp;: Non indispensables pour l\u2019arriv\u00e9e du chaton mais \u00e0 pr\u00e9voir&nbsp;:<\/p>\n","protected":false},"author":1,"featured_media":0,"parent":0,"menu_order":0,"comment_status":"closed","ping_status":"closed","template":"","meta":{"footnotes":""},"class_list":["post-503","page","type-page","status-publish","hentry"],"_links":{"self":[{"href":"https:\/\/chatteriedelareine.fr\/index.php\/wp-json\/wp\/v2\/pages\/503","targetHints":{"allow":["GET"]}}],"collection":[{"href":"https:\/\/chatteriedelareine.fr\/index.php\/wp-json\/wp\/v2\/pages"}],"about":[{"href":"https:\/\/chatteriedelareine.fr\/index.php\/wp-json\/wp\/v2\/types\/page"}],"author":[{"embeddable":true,"href":"https:\/\/chatteriedelareine.fr\/index.php\/wp-json\/wp\/v2\/users\/1"}],"replies":[{"embeddable":true,"href":"https:\/\/chatteriedelareine.fr\/index.php\/wp-json\/wp\/v2\/comments?post=503"}],"version-history":[{"count":5,"href":"https:\/\/chatteriedelareine.fr\/index.php\/wp-json\/wp\/v2\/pages\/503\/revisions"}],"predecessor-version":[{"id":548,"href":"https:\/\/chatteriedelareine.fr\/index.php\/wp-json\/wp\/v2\/pages\/503\/revisions\/548"}],"wp:attachment":[{"href":"https:\/\/chatteriedelareine.fr\/index.php\/wp-json\/wp\/v2\/media?parent=503"}],"curies":[{"name":"wp","href":"https:\/\/api.w.org\/{rel}","templated":true}]}}