{"id":383,"date":"2023-03-22T03:11:37","date_gmt":"2023-03-22T02:11:37","guid":{"rendered":"http:\/\/chatteriedelareine.fr\/?page_id=383"},"modified":"2023-03-31T02:45:32","modified_gmt":"2023-03-31T00:45:32","slug":"mettre-a-jour-son-profil","status":"publish","type":"page","link":"https:\/\/chatteriedelareine.fr\/index.php\/mettre-a-jour-son-profil\/","title":{"rendered":"Mettre \u00e0 jour son profil"},"content":{"rendered":"\n<p><strong><div id=\"wpmem_login\"><a id=\"login\"><\/a><form action=\"https:\/\/chatteriedelareine.fr\/index.php\/mettre-a-jour-son-profil\/\" method=\"POST\" id=\"wpmem_login_form\" class=\"form\"><input type=\"hidden\" id=\"_wpmem_login_nonce\" name=\"_wpmem_login_nonce\" value=\"46edaf0747\" \/><input type=\"hidden\" name=\"_wp_http_referer\" value=\"\/index.php\/wp-json\/wp\/v2\/pages\/383\" \/><fieldset><legend>Connexion pour les utilisateurs enregistr\u00e9s<\/legend><label for=\"log\">Identifiant ou e-mail<\/label><div class=\"div_text\"><input name=\"log\" type=\"text\" id=\"log\" value=\"\" class=\"username\" required  \/><\/div><label for=\"pwd\">Mot de passe<\/label><div class=\"div_text\"><input name=\"pwd\" type=\"password\" id=\"pwd\" class=\"password\" required  \/><\/div><input name=\"a\" type=\"hidden\" value=\"login\" \/><input name=\"redirect_to\" type=\"hidden\" value=\"https:\/\/chatteriedelareine.fr\/index.php\/mettre-a-jour-son-profil\/\" \/><div class=\"button_div\"><input name=\"rememberme\" type=\"checkbox\" id=\"rememberme\" value=\"forever\" \/>&nbsp;<label for=\"rememberme\">Se souvenir de moi<\/label>&nbsp;&nbsp;<input type=\"submit\" name=\"Submit\" value=\"Connexion\" class=\"buttons\" \/><\/div><div class=\"link-text\"><span class=\"link-text-forgot\">Mot de passe oubli\u00e9\u00a0?&nbsp;<a href=\"https:\/\/chatteriedelareine.fr\/index.php\/mettre-a-jour-son-profil\/?a=pwdreset\">Cliquez ici pour r\u00e9initialiser<\/a><\/span><\/div><\/fieldset><\/form><\/div><div id=\"wpmem_reg\"><a id=\"register\"><\/a><form name=\"form\" method=\"post\" enctype=\"multipart\/form-data\" action=\"https:\/\/chatteriedelareine.fr\/index.php\/mettre-a-jour-son-profil\/\" id=\"wpmem_register_form\" class=\"form\"><input type=\"hidden\" id=\"_wpmem_register_nonce\" name=\"_wpmem_register_nonce\" value=\"ba1933e7e5\" \/><input type=\"hidden\" name=\"_wp_http_referer\" value=\"\/index.php\/wp-json\/wp\/v2\/pages\/383\" \/><fieldset><legend>Nouvel utilisateur\u00a0?<\/legend><label for=\"username\" class=\"text\">Choisissez un Nom d\u2019utilisateur<span class=\"req\">*<\/span><\/label><div class=\"div_text\"><input name=\"username\" type=\"text\" id=\"username\" value=\"\" class=\"textbox\" required  \/><\/div><label for=\"first_name\" class=\"text\">Pr\u00e9nom<span class=\"req\">*<\/span><\/label><div class=\"div_text\"><input name=\"first_name\" type=\"text\" id=\"first_name\" value=\"\" class=\"textbox\" required  \/><\/div><label for=\"last_name\" class=\"text\">Nom<span class=\"req\">*<\/span><\/label><div class=\"div_text\"><input name=\"last_name\" type=\"text\" id=\"last_name\" value=\"\" class=\"textbox\" required  \/><\/div><label for=\"comp_name\" class=\"text\">Company name<\/label><div class=\"div_text\"><input name=\"comp_name\" type=\"text\" id=\"comp_name\" value=\"\" class=\"textbox\" placeholder=\"si vous souhaitez utiliser les outils pour votre \u00e9levage\" \/><\/div><label for=\"siret\" class=\"number\">SIRET<\/label><div class=\"div_number\"><input name=\"siret\" type=\"number\" id=\"siret\" value=\"0\" class=\"textbox\" placeholder=\"14 chiffres requis\" \/><\/div><label for=\"comp_debut_activite\" class=\"date\">Date de d\u00e9but d&#039;activit\u00e9<\/label><div class=\"div_date\"><input name=\"comp_debut_activite\" type=\"date\" id=\"comp_debut_activite\" value=\"\" class=\"textbox\" placeholder=\"Renseigner la date de d\u00e9but d&#039;activit\u00e9 de votre entreprise\" \/><\/div><label for=\"comp_logo\" class=\"image\">Logo<\/label><div class=\"div_image\"><img decoding=\"async\" src=\"\" id=\"comp_logo_img\" \/><input name=\"comp_logo\" type=\"file\" id=\"comp_logo\" value=\"\" class=\"file\" accept=\".jpg,.jpeg,.png,.gif\" onchange=\"loadFile(event, this.id)\" \/><\/div><label for=\"billing_address_1\" class=\"text\">Address<\/label><div class=\"div_text\"><input name=\"billing_address_1\" type=\"text\" id=\"billing_address_1\" value=\"\" class=\"textbox\" \/><\/div><label for=\"billing_city\" class=\"text\">Ville<\/label><div class=\"div_text\"><input name=\"billing_city\" type=\"text\" id=\"billing_city\" value=\"\" class=\"textbox\" \/><\/div><label for=\"billing_postcode\" class=\"text\">Code postal<\/label><div class=\"div_text\"><input name=\"billing_postcode\" type=\"text\" id=\"billing_postcode\" value=\"\" class=\"textbox\" \/><\/div><label for=\"billing_country\" class=\"text\">Pays<\/label><div class=\"div_text\"><input name=\"billing_country\" type=\"text\" id=\"billing_country\" value=\"\" class=\"textbox\" \/><\/div><label for=\"billing_phone\" class=\"text\">Phone<\/label><div class=\"div_text\"><input name=\"billing_phone\" type=\"text\" id=\"billing_phone\" value=\"\" class=\"textbox\" \/><\/div><label for=\"user_email\" class=\"text\">Courriel<span class=\"req\">*<\/span><\/label><div class=\"div_text\"><input name=\"user_email\" type=\"email\" id=\"user_email\" value=\"\" class=\"textbox\" required  \/><\/div><label for=\"confirm_email\" class=\"text\">Confirmer le courriel<span class=\"req\">*<\/span><\/label><div class=\"div_text\"><input name=\"confirm_email\" type=\"email\" id=\"confirm_email\" value=\"\" class=\"textbox\" required  \/><\/div><label for=\"comp_site\" class=\"text\">Site web<\/label><div class=\"div_text\"><input name=\"comp_site\" type=\"url\" id=\"comp_site\" value=\"\" class=\"textbox\" placeholder=\"renseigner la page web de votre entreprise si vous en avez une\" \/><\/div><label for=\"password\" class=\"text\">Mot de passe<span class=\"req\">*<\/span><\/label><div class=\"div_text\"><input name=\"password\" type=\"password\" id=\"password\" class=\"textbox\" required  \/><\/div><label for=\"confirm_password\" class=\"text\">Confirmer le mot de passe<span class=\"req\">*<\/span><\/label><div class=\"div_text\"><input name=\"confirm_password\" type=\"password\" id=\"confirm_password\" class=\"textbox\" required  \/><\/div><label for=\"nb_employes\" class=\"number\">Nombre d&#039;employ\u00e9s<\/label><div class=\"div_number\"><input name=\"nb_employes\" type=\"number\" id=\"nb_employes\" value=\"0\" class=\"textbox\" placeholder=\"nombre de personnes intervenant au sein de l&#039;entreprise\" min=\"1\" \/><\/div><label for=\"espce\" class=\"textarea\">Esp\u00e8ces et vari\u00e9t\u00e9s des animaux d\u00e9tenus<\/label><div class=\"div_textarea\"><textarea cols=\"20\" rows=\"5\" name=\"espce\" id=\"espce\" class=\"textarea\" placeholder=\"renseigner la race et la vari\u00e9t\u00e9 des animaux \u00e9lev\u00e9s, s\u00e9par\u00e9s par des points virgules\"><\/textarea><\/div><label for=\"comp_nb_adultes\" class=\"number\">Nombre d&#039;animaux adultes d\u00e9tenus<\/label><div class=\"div_number\"><input name=\"comp_nb_adultes\" type=\"number\" id=\"comp_nb_adultes\" value=\"0\" class=\"textbox\" placeholder=\"renseigner le nombre d&#039;animaux adultes d\u00e9tenus par votre \u00e9tablissement\" min=\"0\" \/><\/div><label for=\"comp_nb_femelles\" class=\"number\">Nombre de femelles<\/label><div class=\"div_number\"><input name=\"comp_nb_femelles\" type=\"number\" id=\"comp_nb_femelles\" value=\"0\" class=\"textbox\" placeholder=\"nombre de femelles reproductrices de l&#039;exploitation\" \/><\/div><label for=\"ref_certif_gerant\" class=\"text\">R\u00e9f\u00e9rence Certificat du G\u00e9rant<\/label><div class=\"div_text\"><input name=\"ref_certif_gerant\" type=\"text\" id=\"ref_certif_gerant\" value=\"\" class=\"textbox\" placeholder=\"renseigner la r\u00e9f\u00e9rence du certificat ACACED ou \u00e9quivalent du g\u00e9rant\" \/><\/div><label for=\"org_certif_gerant\" class=\"text\">Organisme ayant d\u00e9livr\u00e9 le certificat<\/label><div class=\"div_text\"><input name=\"org_certif_gerant\" type=\"text\" id=\"org_certif_gerant\" value=\"\" class=\"textbox\" placeholder=\"Organisme ayant d\u00e9livr\u00e9 le certificat ACACED du g\u00e9rant\" \/><\/div><label for=\"date_certif_gerant\" class=\"date\">Date d&#039;obtention du certificat ACACED<\/label><div class=\"div_date\"><input name=\"date_certif_gerant\" type=\"date\" id=\"date_certif_gerant\" value=\"\" class=\"textbox\" placeholder=\"Renseigner la date d&#039;obtention du certificat ACACED par le g\u00e9rant\" \/><\/div><input name=\"a\" type=\"hidden\" value=\"register\" \/><input name=\"wpmem_reg_page\" type=\"hidden\" value=\"https:\/\/chatteriedelareine.fr\/index.php\/mettre-a-jour-son-profil\/\" \/><div class=\"button_div\"><input name=\"submit\" type=\"submit\" value=\"S\u2019inscrire\" class=\"buttons\" \/><\/div><div class=\"req-text\"><span class=\"req\">*<\/span>Champ requis<\/div><\/fieldset><\/form><\/div>\r\n<script>\r\n\tvar loadFile = function(event, clicked_id) {\r\n\t\tvar reader = new FileReader();\r\n\t\tvar the_id = clicked_id + \"_img\";\r\n\t\treader.onload = function() {\r\n\t\t\tvar output = document.getElementById(the_id);\r\n\t\t\toutput.src = reader.result;\r\n\t\t};\r\n\t\treader.readAsDataURL(event.target.files[0]);\r\n\t};\r\n<\/script><\/strong><\/p>\n\n\n\n<p><code><link href='https:\/\/fonts.googleapis.com\/css?family=Ballet' rel='stylesheet'>\n<style>\n\th1 {\n\t\tfont-family: \"Ballet\";\n\t\tfont-size: 40px;\n\t}\n<\/style><\/code><a href=\"https:\/\/chatteriedelareine.fr\/wp-admin\/admin.php?page=edit-snippet&amp;id=30#\"><\/a><\/p>\n","protected":false},"excerpt":{"rendered":"","protected":false},"author":1,"featured_media":0,"parent":0,"menu_order":0,"comment_status":"closed","ping_status":"closed","template":"","meta":{"footnotes":""},"class_list":["post-383","page","type-page","status-publish","hentry"],"_links":{"self":[{"href":"https:\/\/chatteriedelareine.fr\/index.php\/wp-json\/wp\/v2\/pages\/383","targetHints":{"allow":["GET"]}}],"collection":[{"href":"https:\/\/chatteriedelareine.fr\/index.php\/wp-json\/wp\/v2\/pages"}],"about":[{"href":"https:\/\/chatteriedelareine.fr\/index.php\/wp-json\/wp\/v2\/types\/page"}],"author":[{"embeddable":true,"href":"https:\/\/chatteriedelareine.fr\/index.php\/wp-json\/wp\/v2\/users\/1"}],"replies":[{"embeddable":true,"href":"https:\/\/chatteriedelareine.fr\/index.php\/wp-json\/wp\/v2\/comments?post=383"}],"version-history":[{"count":2,"href":"https:\/\/chatteriedelareine.fr\/index.php\/wp-json\/wp\/v2\/pages\/383\/revisions"}],"predecessor-version":[{"id":494,"href":"https:\/\/chatteriedelareine.fr\/index.php\/wp-json\/wp\/v2\/pages\/383\/revisions\/494"}],"wp:attachment":[{"href":"https:\/\/chatteriedelareine.fr\/index.php\/wp-json\/wp\/v2\/media?parent=383"}],"curies":[{"name":"wp","href":"https:\/\/api.w.org\/{rel}","templated":true}]}}