{"id":320,"date":"2023-03-19T16:35:14","date_gmt":"2023-03-19T15:35:14","guid":{"rendered":"http:\/\/chatteriedelareine.fr\/?page_id=320"},"modified":"2023-03-31T02:45:16","modified_gmt":"2023-03-31T00:45:16","slug":"mentions-legales","status":"publish","type":"page","link":"https:\/\/chatteriedelareine.fr\/index.php\/mentions-legales\/","title":{"rendered":"Mentions l\u00e9gales"},"content":{"rendered":"\n<p>Chatterie de la Reine<\/p>\n\n\n\n<p>EIRL d&rsquo;\u00e9levage et de vente de chats<\/p>\n\n\n\n<p>SIRET: 94920928200019<\/p>\n\n\n\n<p>Code APE: 0149Z<\/p>\n\n\n\n<p>Marque d\u00e9pos\u00e9e le 01\/03\/2023 aupr\u00e8s de l&rsquo;INPI<\/p>\n\n\n\n<p>Si\u00e8ge social: 5 impasse de la madeleine, 94230 CACHAN<\/p>\n\n\n\n<p>G\u00e9rants: Matthieu Vavassori et Snezhana du Jardin<\/p>\n\n\n\n<p>Contacts: <\/p>\n\n\n\n<ul class=\"wp-block-list\">\n<li><a href=\"mailto:contact@chatteriedelareine.fr\">contact@chatteriedelareine.fr<\/a> <\/li>\n\n\n\n<li><a href=\"mailto:snezhana@chatteriedelareine.fr\">snezhana@chatteriedelareine.fr<\/a><\/li>\n\n\n\n<li><a href=\"mailto:matthieu@chatteriedelareine.fr\">matthieu@chatteriedelareine.fr<\/a><\/li>\n<\/ul>\n\n\n\n<p><code><link href='https:\/\/fonts.googleapis.com\/css?family=Ballet' rel='stylesheet'>\n<style>\n\th1 {\n\t\tfont-family: \"Ballet\";\n\t\tfont-size: 40px;\n\t}\n<\/style><\/code><a href=\"https:\/\/chatteriedelareine.fr\/wp-admin\/admin.php?page=edit-snippet&amp;id=30#\"><\/a><\/p>\n","protected":false},"excerpt":{"rendered":"<p>Chatterie de la Reine EIRL d&rsquo;\u00e9levage et de vente de chats SIRET: 94920928200019 Code APE: 0149Z Marque d\u00e9pos\u00e9e le 01\/03\/2023 aupr\u00e8s de l&rsquo;INPI Si\u00e8ge social: 5 impasse de la madeleine, 94230 CACHAN G\u00e9rants: Matthieu Vavassori et Snezhana du Jardin Contacts:<\/p>\n","protected":false},"author":1,"featured_media":0,"parent":0,"menu_order":0,"comment_status":"closed","ping_status":"closed","template":"","meta":{"footnotes":""},"class_list":["post-320","page","type-page","status-publish","hentry"],"_links":{"self":[{"href":"https:\/\/chatteriedelareine.fr\/index.php\/wp-json\/wp\/v2\/pages\/320","targetHints":{"allow":["GET"]}}],"collection":[{"href":"https:\/\/chatteriedelareine.fr\/index.php\/wp-json\/wp\/v2\/pages"}],"about":[{"href":"https:\/\/chatteriedelareine.fr\/index.php\/wp-json\/wp\/v2\/types\/page"}],"author":[{"embeddable":true,"href":"https:\/\/chatteriedelareine.fr\/index.php\/wp-json\/wp\/v2\/users\/1"}],"replies":[{"embeddable":true,"href":"https:\/\/chatteriedelareine.fr\/index.php\/wp-json\/wp\/v2\/comments?post=320"}],"version-history":[{"count":4,"href":"https:\/\/chatteriedelareine.fr\/index.php\/wp-json\/wp\/v2\/pages\/320\/revisions"}],"predecessor-version":[{"id":493,"href":"https:\/\/chatteriedelareine.fr\/index.php\/wp-json\/wp\/v2\/pages\/320\/revisions\/493"}],"wp:attachment":[{"href":"https:\/\/chatteriedelareine.fr\/index.php\/wp-json\/wp\/v2\/media?parent=320"}],"curies":[{"name":"wp","href":"https:\/\/api.w.org\/{rel}","templated":true}]}}