{"id":2448,"date":"2026-03-01T17:17:08","date_gmt":"2026-03-01T16:17:08","guid":{"rendered":"https:\/\/chatteriedelareine.fr\/?page_id=2448"},"modified":"2026-03-01T17:17:09","modified_gmt":"2026-03-01T16:17:09","slug":"billy","status":"publish","type":"page","link":"https:\/\/chatteriedelareine.fr\/index.php\/billy\/","title":{"rendered":"Billy"},"content":{"rendered":"\n<p>Nous vous pr\u00e9sentons Billy.<br>Il est n\u00e9 le 3 f\u00e9vrier 2026 du mariage entre <a href=\"https:\/\/chatteriedelareine.fr\/index.php\/phili\/\" data-type=\"page\" data-id=\"20\">Phili <\/a>et <a href=\"https:\/\/chatteriedelareine.fr\/index.php\/umma\/\" data-type=\"page\" data-id=\"1192\">Umma<\/a><br>C&rsquo;est un b\u00e9b\u00e9 chaton adorable au caract\u00e8re dynamique et joueur qui est de type scottish fold cinnamon point.<br>Comme tous les petits issus de <a href=\"https:\/\/chatteriedelareine.fr\/index.php\/phili\/\" data-type=\"page\" data-id=\"20\">Phili <\/a>et <a href=\"https:\/\/chatteriedelareine.fr\/index.php\/umma\/\" data-type=\"page\" data-id=\"1192\">Umma<\/a>, il est color point.<br>Une fois qu&rsquo;il aura obtenu ses couleurs d\u00e9finitives, dans quelques mois, il devrait beaucoup ressembler \u00e0 sa maman <a href=\"https:\/\/chatteriedelareine.fr\/index.php\/umma\/\" data-type=\"page\" data-id=\"1192\">Umma <\/a>(hormis l&rsquo;aspect fold), donc relativement clair, avec donc ses extr\u00e9mit\u00e9s cinnamon,  et des yeux bleus clairs.<br><\/p>\n\n\n\n<p><strong>Status: \naucun chat ne r\u00e9pond au nom renseign\u00e9.<\/strong><\/p>\n\n\n\n<p><strong>Date de d\u00e9part pr\u00e9visionnelle: <\/strong>mi-fin avril 2026<\/p>\n\n\n\n<p><br>Voici ses premi\u00e8res photos, un peu avant un mois<\/p>\n\n\n\n<figure class=\"wp-block-gallery has-nested-images columns-4 is-cropped wp-block-gallery-1 is-layout-flex wp-block-gallery-is-layout-flex\">\n<figure data-wp-context=\"{&quot;imageId&quot;:&quot;69e0637a9a7cf&quot;}\" data-wp-interactive=\"core\/image\" data-wp-key=\"69e0637a9a7cf\" class=\"wp-block-image size-large wp-lightbox-container\"><img loading=\"lazy\" decoding=\"async\" width=\"951\" height=\"1024\" data-wp-class--hide=\"state.isContentHidden\" data-wp-class--show=\"state.isContentVisible\" data-wp-init=\"callbacks.setButtonStyles\" data-wp-on--click=\"actions.showLightbox\" data-wp-on--load=\"callbacks.setButtonStyles\" data-wp-on-window--resize=\"callbacks.setButtonStyles\" data-id=\"2454\" src=\"https:\/\/chatteriedelareine.fr\/wp-content\/uploads\/2026\/03\/2bced16c-3f7b-41c5-926d-6b90163d14ae-951x1024.jpg\" alt=\"\" class=\"wp-image-2454\" srcset=\"https:\/\/chatteriedelareine.fr\/wp-content\/uploads\/2026\/03\/2bced16c-3f7b-41c5-926d-6b90163d14ae-951x1024.jpg 951w, https:\/\/chatteriedelareine.fr\/wp-content\/uploads\/2026\/03\/2bced16c-3f7b-41c5-926d-6b90163d14ae-279x300.jpg 279w, https:\/\/chatteriedelareine.fr\/wp-content\/uploads\/2026\/03\/2bced16c-3f7b-41c5-926d-6b90163d14ae-768x827.jpg 768w, https:\/\/chatteriedelareine.fr\/wp-content\/uploads\/2026\/03\/2bced16c-3f7b-41c5-926d-6b90163d14ae-1427x1536.jpg 1427w, https:\/\/chatteriedelareine.fr\/wp-content\/uploads\/2026\/03\/2bced16c-3f7b-41c5-926d-6b90163d14ae.jpg 1902w\" sizes=\"auto, (max-width: 951px) 100vw, 951px\" \/><button\n\t\t\tclass=\"lightbox-trigger\"\n\t\t\ttype=\"button\"\n\t\t\taria-haspopup=\"dialog\"\n\t\t\taria-label=\"Agrandir\"\n\t\t\tdata-wp-init=\"callbacks.initTriggerButton\"\n\t\t\tdata-wp-on--click=\"actions.showLightbox\"\n\t\t\tdata-wp-style--right=\"state.imageButtonRight\"\n\t\t\tdata-wp-style--top=\"state.imageButtonTop\"\n\t\t>\n\t\t\t<svg xmlns=\"http:\/\/www.w3.org\/2000\/svg\" width=\"12\" height=\"12\" fill=\"none\" viewBox=\"0 0 12 12\">\n\t\t\t\t<path fill=\"#fff\" d=\"M2 0a2 2 0 0 0-2 2v2h1.5V2a.5.5 0 0 1 .5-.5h2V0H2Zm2 10.5H2a.5.5 0 0 1-.5-.5V8H0v2a2 2 0 0 0 2 2h2v-1.5ZM8 12v-1.5h2a.5.5 0 0 0 .5-.5V8H12v2a2 2 0 0 1-2 2H8Zm2-12a2 2 0 0 1 2 2v2h-1.5V2a.5.5 0 0 0-.5-.5H8V0h2Z\" \/>\n\t\t\t<\/svg>\n\t\t<\/button><\/figure>\n\n\n\n<figure data-wp-context=\"{&quot;imageId&quot;:&quot;69e0637a9ad22&quot;}\" data-wp-interactive=\"core\/image\" data-wp-key=\"69e0637a9ad22\" class=\"wp-block-image size-large wp-lightbox-container\"><img loading=\"lazy\" decoding=\"async\" width=\"779\" height=\"1024\" data-wp-class--hide=\"state.isContentHidden\" data-wp-class--show=\"state.isContentVisible\" data-wp-init=\"callbacks.setButtonStyles\" data-wp-on--click=\"actions.showLightbox\" data-wp-on--load=\"callbacks.setButtonStyles\" data-wp-on-window--resize=\"callbacks.setButtonStyles\" data-id=\"2451\" src=\"https:\/\/chatteriedelareine.fr\/wp-content\/uploads\/2026\/03\/4a948121-bd4b-4181-a16c-9914f7405c7a-779x1024.jpg\" alt=\"\" class=\"wp-image-2451\" srcset=\"https:\/\/chatteriedelareine.fr\/wp-content\/uploads\/2026\/03\/4a948121-bd4b-4181-a16c-9914f7405c7a-779x1024.jpg 779w, https:\/\/chatteriedelareine.fr\/wp-content\/uploads\/2026\/03\/4a948121-bd4b-4181-a16c-9914f7405c7a-228x300.jpg 228w, https:\/\/chatteriedelareine.fr\/wp-content\/uploads\/2026\/03\/4a948121-bd4b-4181-a16c-9914f7405c7a-768x1010.jpg 768w, https:\/\/chatteriedelareine.fr\/wp-content\/uploads\/2026\/03\/4a948121-bd4b-4181-a16c-9914f7405c7a-1169x1536.jpg 1169w, https:\/\/chatteriedelareine.fr\/wp-content\/uploads\/2026\/03\/4a948121-bd4b-4181-a16c-9914f7405c7a.jpg 1558w\" sizes=\"auto, (max-width: 779px) 100vw, 779px\" \/><button\n\t\t\tclass=\"lightbox-trigger\"\n\t\t\ttype=\"button\"\n\t\t\taria-haspopup=\"dialog\"\n\t\t\taria-label=\"Agrandir\"\n\t\t\tdata-wp-init=\"callbacks.initTriggerButton\"\n\t\t\tdata-wp-on--click=\"actions.showLightbox\"\n\t\t\tdata-wp-style--right=\"state.imageButtonRight\"\n\t\t\tdata-wp-style--top=\"state.imageButtonTop\"\n\t\t>\n\t\t\t<svg xmlns=\"http:\/\/www.w3.org\/2000\/svg\" width=\"12\" height=\"12\" fill=\"none\" viewBox=\"0 0 12 12\">\n\t\t\t\t<path fill=\"#fff\" d=\"M2 0a2 2 0 0 0-2 2v2h1.5V2a.5.5 0 0 1 .5-.5h2V0H2Zm2 10.5H2a.5.5 0 0 1-.5-.5V8H0v2a2 2 0 0 0 2 2h2v-1.5ZM8 12v-1.5h2a.5.5 0 0 0 .5-.5V8H12v2a2 2 0 0 1-2 2H8Zm2-12a2 2 0 0 1 2 2v2h-1.5V2a.5.5 0 0 0-.5-.5H8V0h2Z\" \/>\n\t\t\t<\/svg>\n\t\t<\/button><\/figure>\n\n\n\n<figure data-wp-context=\"{&quot;imageId&quot;:&quot;69e0637a9b19a&quot;}\" data-wp-interactive=\"core\/image\" data-wp-key=\"69e0637a9b19a\" class=\"wp-block-image size-large wp-lightbox-container\"><img loading=\"lazy\" decoding=\"async\" width=\"709\" height=\"1024\" data-wp-class--hide=\"state.isContentHidden\" data-wp-class--show=\"state.isContentVisible\" data-wp-init=\"callbacks.setButtonStyles\" data-wp-on--click=\"actions.showLightbox\" data-wp-on--load=\"callbacks.setButtonStyles\" data-wp-on-window--resize=\"callbacks.setButtonStyles\" data-id=\"2449\" src=\"https:\/\/chatteriedelareine.fr\/wp-content\/uploads\/2026\/03\/4e86f3b0-ada8-45fc-845c-8b90f7b6cdfd-1-709x1024.jpg\" alt=\"\" class=\"wp-image-2449\" srcset=\"https:\/\/chatteriedelareine.fr\/wp-content\/uploads\/2026\/03\/4e86f3b0-ada8-45fc-845c-8b90f7b6cdfd-1-709x1024.jpg 709w, https:\/\/chatteriedelareine.fr\/wp-content\/uploads\/2026\/03\/4e86f3b0-ada8-45fc-845c-8b90f7b6cdfd-1-208x300.jpg 208w, https:\/\/chatteriedelareine.fr\/wp-content\/uploads\/2026\/03\/4e86f3b0-ada8-45fc-845c-8b90f7b6cdfd-1-768x1109.jpg 768w, https:\/\/chatteriedelareine.fr\/wp-content\/uploads\/2026\/03\/4e86f3b0-ada8-45fc-845c-8b90f7b6cdfd-1-1064x1536.jpg 1064w, https:\/\/chatteriedelareine.fr\/wp-content\/uploads\/2026\/03\/4e86f3b0-ada8-45fc-845c-8b90f7b6cdfd-1.jpg 1418w\" sizes=\"auto, (max-width: 709px) 100vw, 709px\" \/><button\n\t\t\tclass=\"lightbox-trigger\"\n\t\t\ttype=\"button\"\n\t\t\taria-haspopup=\"dialog\"\n\t\t\taria-label=\"Agrandir\"\n\t\t\tdata-wp-init=\"callbacks.initTriggerButton\"\n\t\t\tdata-wp-on--click=\"actions.showLightbox\"\n\t\t\tdata-wp-style--right=\"state.imageButtonRight\"\n\t\t\tdata-wp-style--top=\"state.imageButtonTop\"\n\t\t>\n\t\t\t<svg xmlns=\"http:\/\/www.w3.org\/2000\/svg\" width=\"12\" height=\"12\" fill=\"none\" viewBox=\"0 0 12 12\">\n\t\t\t\t<path fill=\"#fff\" d=\"M2 0a2 2 0 0 0-2 2v2h1.5V2a.5.5 0 0 1 .5-.5h2V0H2Zm2 10.5H2a.5.5 0 0 1-.5-.5V8H0v2a2 2 0 0 0 2 2h2v-1.5ZM8 12v-1.5h2a.5.5 0 0 0 .5-.5V8H12v2a2 2 0 0 1-2 2H8Zm2-12a2 2 0 0 1 2 2v2h-1.5V2a.5.5 0 0 0-.5-.5H8V0h2Z\" \/>\n\t\t\t<\/svg>\n\t\t<\/button><\/figure>\n\n\n\n<figure data-wp-context=\"{&quot;imageId&quot;:&quot;69e0637a9b617&quot;}\" data-wp-interactive=\"core\/image\" data-wp-key=\"69e0637a9b617\" class=\"wp-block-image size-large wp-lightbox-container\"><img loading=\"lazy\" decoding=\"async\" width=\"737\" height=\"1024\" data-wp-class--hide=\"state.isContentHidden\" data-wp-class--show=\"state.isContentVisible\" data-wp-init=\"callbacks.setButtonStyles\" data-wp-on--click=\"actions.showLightbox\" data-wp-on--load=\"callbacks.setButtonStyles\" data-wp-on-window--resize=\"callbacks.setButtonStyles\" data-id=\"2453\" src=\"https:\/\/chatteriedelareine.fr\/wp-content\/uploads\/2026\/03\/7cf59c05-8c47-4941-a9d7-80cf0ddc2482-737x1024.jpg\" alt=\"\" class=\"wp-image-2453\" srcset=\"https:\/\/chatteriedelareine.fr\/wp-content\/uploads\/2026\/03\/7cf59c05-8c47-4941-a9d7-80cf0ddc2482-737x1024.jpg 737w, https:\/\/chatteriedelareine.fr\/wp-content\/uploads\/2026\/03\/7cf59c05-8c47-4941-a9d7-80cf0ddc2482-216x300.jpg 216w, https:\/\/chatteriedelareine.fr\/wp-content\/uploads\/2026\/03\/7cf59c05-8c47-4941-a9d7-80cf0ddc2482-768x1067.jpg 768w, https:\/\/chatteriedelareine.fr\/wp-content\/uploads\/2026\/03\/7cf59c05-8c47-4941-a9d7-80cf0ddc2482-1106x1536.jpg 1106w, https:\/\/chatteriedelareine.fr\/wp-content\/uploads\/2026\/03\/7cf59c05-8c47-4941-a9d7-80cf0ddc2482.jpg 1474w\" sizes=\"auto, (max-width: 737px) 100vw, 737px\" \/><button\n\t\t\tclass=\"lightbox-trigger\"\n\t\t\ttype=\"button\"\n\t\t\taria-haspopup=\"dialog\"\n\t\t\taria-label=\"Agrandir\"\n\t\t\tdata-wp-init=\"callbacks.initTriggerButton\"\n\t\t\tdata-wp-on--click=\"actions.showLightbox\"\n\t\t\tdata-wp-style--right=\"state.imageButtonRight\"\n\t\t\tdata-wp-style--top=\"state.imageButtonTop\"\n\t\t>\n\t\t\t<svg xmlns=\"http:\/\/www.w3.org\/2000\/svg\" width=\"12\" height=\"12\" fill=\"none\" viewBox=\"0 0 12 12\">\n\t\t\t\t<path fill=\"#fff\" d=\"M2 0a2 2 0 0 0-2 2v2h1.5V2a.5.5 0 0 1 .5-.5h2V0H2Zm2 10.5H2a.5.5 0 0 1-.5-.5V8H0v2a2 2 0 0 0 2 2h2v-1.5ZM8 12v-1.5h2a.5.5 0 0 0 .5-.5V8H12v2a2 2 0 0 1-2 2H8Zm2-12a2 2 0 0 1 2 2v2h-1.5V2a.5.5 0 0 0-.5-.5H8V0h2Z\" \/>\n\t\t\t<\/svg>\n\t\t<\/button><\/figure>\n\n\n\n<figure data-wp-context=\"{&quot;imageId&quot;:&quot;69e0637a9ba3b&quot;}\" data-wp-interactive=\"core\/image\" data-wp-key=\"69e0637a9ba3b\" class=\"wp-block-image size-large wp-lightbox-container\"><img loading=\"lazy\" decoding=\"async\" width=\"768\" height=\"1024\" data-wp-class--hide=\"state.isContentHidden\" data-wp-class--show=\"state.isContentVisible\" data-wp-init=\"callbacks.setButtonStyles\" data-wp-on--click=\"actions.showLightbox\" data-wp-on--load=\"callbacks.setButtonStyles\" data-wp-on-window--resize=\"callbacks.setButtonStyles\" data-id=\"2452\" src=\"https:\/\/chatteriedelareine.fr\/wp-content\/uploads\/2026\/03\/7d647b5f-9a88-484c-88a5-cfcd0c803063-768x1024.jpg\" alt=\"\" class=\"wp-image-2452\" srcset=\"https:\/\/chatteriedelareine.fr\/wp-content\/uploads\/2026\/03\/7d647b5f-9a88-484c-88a5-cfcd0c803063-768x1024.jpg 768w, https:\/\/chatteriedelareine.fr\/wp-content\/uploads\/2026\/03\/7d647b5f-9a88-484c-88a5-cfcd0c803063-225x300.jpg 225w, https:\/\/chatteriedelareine.fr\/wp-content\/uploads\/2026\/03\/7d647b5f-9a88-484c-88a5-cfcd0c803063-1152x1536.jpg 1152w, https:\/\/chatteriedelareine.fr\/wp-content\/uploads\/2026\/03\/7d647b5f-9a88-484c-88a5-cfcd0c803063.jpg 1536w\" sizes=\"auto, (max-width: 768px) 100vw, 768px\" \/><button\n\t\t\tclass=\"lightbox-trigger\"\n\t\t\ttype=\"button\"\n\t\t\taria-haspopup=\"dialog\"\n\t\t\taria-label=\"Agrandir\"\n\t\t\tdata-wp-init=\"callbacks.initTriggerButton\"\n\t\t\tdata-wp-on--click=\"actions.showLightbox\"\n\t\t\tdata-wp-style--right=\"state.imageButtonRight\"\n\t\t\tdata-wp-style--top=\"state.imageButtonTop\"\n\t\t>\n\t\t\t<svg xmlns=\"http:\/\/www.w3.org\/2000\/svg\" width=\"12\" height=\"12\" fill=\"none\" viewBox=\"0 0 12 12\">\n\t\t\t\t<path fill=\"#fff\" d=\"M2 0a2 2 0 0 0-2 2v2h1.5V2a.5.5 0 0 1 .5-.5h2V0H2Zm2 10.5H2a.5.5 0 0 1-.5-.5V8H0v2a2 2 0 0 0 2 2h2v-1.5ZM8 12v-1.5h2a.5.5 0 0 0 .5-.5V8H12v2a2 2 0 0 1-2 2H8Zm2-12a2 2 0 0 1 2 2v2h-1.5V2a.5.5 0 0 0-.5-.5H8V0h2Z\" \/>\n\t\t\t<\/svg>\n\t\t<\/button><\/figure>\n\n\n\n<figure data-wp-context=\"{&quot;imageId&quot;:&quot;69e0637a9be3a&quot;}\" data-wp-interactive=\"core\/image\" data-wp-key=\"69e0637a9be3a\" class=\"wp-block-image size-large wp-lightbox-container\"><img loading=\"lazy\" decoding=\"async\" width=\"768\" height=\"1024\" data-wp-class--hide=\"state.isContentHidden\" data-wp-class--show=\"state.isContentVisible\" data-wp-init=\"callbacks.setButtonStyles\" data-wp-on--click=\"actions.showLightbox\" data-wp-on--load=\"callbacks.setButtonStyles\" data-wp-on-window--resize=\"callbacks.setButtonStyles\" data-id=\"2450\" src=\"https:\/\/chatteriedelareine.fr\/wp-content\/uploads\/2026\/03\/5375506c-83e0-4312-b48f-6a902bf4954c-768x1024.jpg\" alt=\"\" class=\"wp-image-2450\" srcset=\"https:\/\/chatteriedelareine.fr\/wp-content\/uploads\/2026\/03\/5375506c-83e0-4312-b48f-6a902bf4954c-768x1024.jpg 768w, https:\/\/chatteriedelareine.fr\/wp-content\/uploads\/2026\/03\/5375506c-83e0-4312-b48f-6a902bf4954c-225x300.jpg 225w, https:\/\/chatteriedelareine.fr\/wp-content\/uploads\/2026\/03\/5375506c-83e0-4312-b48f-6a902bf4954c-1152x1536.jpg 1152w, https:\/\/chatteriedelareine.fr\/wp-content\/uploads\/2026\/03\/5375506c-83e0-4312-b48f-6a902bf4954c.jpg 1536w\" sizes=\"auto, (max-width: 768px) 100vw, 768px\" \/><button\n\t\t\tclass=\"lightbox-trigger\"\n\t\t\ttype=\"button\"\n\t\t\taria-haspopup=\"dialog\"\n\t\t\taria-label=\"Agrandir\"\n\t\t\tdata-wp-init=\"callbacks.initTriggerButton\"\n\t\t\tdata-wp-on--click=\"actions.showLightbox\"\n\t\t\tdata-wp-style--right=\"state.imageButtonRight\"\n\t\t\tdata-wp-style--top=\"state.imageButtonTop\"\n\t\t>\n\t\t\t<svg xmlns=\"http:\/\/www.w3.org\/2000\/svg\" width=\"12\" height=\"12\" fill=\"none\" viewBox=\"0 0 12 12\">\n\t\t\t\t<path fill=\"#fff\" d=\"M2 0a2 2 0 0 0-2 2v2h1.5V2a.5.5 0 0 1 .5-.5h2V0H2Zm2 10.5H2a.5.5 0 0 1-.5-.5V8H0v2a2 2 0 0 0 2 2h2v-1.5ZM8 12v-1.5h2a.5.5 0 0 0 .5-.5V8H12v2a2 2 0 0 1-2 2H8Zm2-12a2 2 0 0 1 2 2v2h-1.5V2a.5.5 0 0 0-.5-.5H8V0h2Z\" \/>\n\t\t\t<\/svg>\n\t\t<\/button><\/figure>\n\n\n\n<figure data-wp-context=\"{&quot;imageId&quot;:&quot;69e0637a9c290&quot;}\" data-wp-interactive=\"core\/image\" data-wp-key=\"69e0637a9c290\" class=\"wp-block-image size-large wp-lightbox-container\"><img loading=\"lazy\" decoding=\"async\" width=\"950\" height=\"1024\" data-wp-class--hide=\"state.isContentHidden\" data-wp-class--show=\"state.isContentVisible\" data-wp-init=\"callbacks.setButtonStyles\" data-wp-on--click=\"actions.showLightbox\" data-wp-on--load=\"callbacks.setButtonStyles\" data-wp-on-window--resize=\"callbacks.setButtonStyles\" data-id=\"2455\" src=\"https:\/\/chatteriedelareine.fr\/wp-content\/uploads\/2026\/03\/dc237771-0655-4485-b438-e9df62aa5442-950x1024.jpg\" alt=\"\" class=\"wp-image-2455\" srcset=\"https:\/\/chatteriedelareine.fr\/wp-content\/uploads\/2026\/03\/dc237771-0655-4485-b438-e9df62aa5442-950x1024.jpg 950w, https:\/\/chatteriedelareine.fr\/wp-content\/uploads\/2026\/03\/dc237771-0655-4485-b438-e9df62aa5442-278x300.jpg 278w, https:\/\/chatteriedelareine.fr\/wp-content\/uploads\/2026\/03\/dc237771-0655-4485-b438-e9df62aa5442-768x828.jpg 768w, https:\/\/chatteriedelareine.fr\/wp-content\/uploads\/2026\/03\/dc237771-0655-4485-b438-e9df62aa5442-1425x1536.jpg 1425w, https:\/\/chatteriedelareine.fr\/wp-content\/uploads\/2026\/03\/dc237771-0655-4485-b438-e9df62aa5442.jpg 1900w\" sizes=\"auto, (max-width: 950px) 100vw, 950px\" \/><button\n\t\t\tclass=\"lightbox-trigger\"\n\t\t\ttype=\"button\"\n\t\t\taria-haspopup=\"dialog\"\n\t\t\taria-label=\"Agrandir\"\n\t\t\tdata-wp-init=\"callbacks.initTriggerButton\"\n\t\t\tdata-wp-on--click=\"actions.showLightbox\"\n\t\t\tdata-wp-style--right=\"state.imageButtonRight\"\n\t\t\tdata-wp-style--top=\"state.imageButtonTop\"\n\t\t>\n\t\t\t<svg xmlns=\"http:\/\/www.w3.org\/2000\/svg\" width=\"12\" height=\"12\" fill=\"none\" viewBox=\"0 0 12 12\">\n\t\t\t\t<path fill=\"#fff\" d=\"M2 0a2 2 0 0 0-2 2v2h1.5V2a.5.5 0 0 1 .5-.5h2V0H2Zm2 10.5H2a.5.5 0 0 1-.5-.5V8H0v2a2 2 0 0 0 2 2h2v-1.5ZM8 12v-1.5h2a.5.5 0 0 0 .5-.5V8H12v2a2 2 0 0 1-2 2H8Zm2-12a2 2 0 0 1 2 2v2h-1.5V2a.5.5 0 0 0-.5-.5H8V0h2Z\" \/>\n\t\t\t<\/svg>\n\t\t<\/button><\/figure>\n<\/figure>\n\n\n\n<p><\/p>\n","protected":false},"excerpt":{"rendered":"<p>Nous vous pr\u00e9sentons Billy.Il est n\u00e9 le 3 f\u00e9vrier 2026 du mariage entre Phili et UmmaC&rsquo;est un b\u00e9b\u00e9 chaton adorable au caract\u00e8re dynamique et joueur qui est de type scottish fold cinnamon point.Comme tous les petits issus de Phili et Umma, il est color point.Une fois qu&rsquo;il aura obtenu ses couleurs d\u00e9finitives, dans quelques mois, il devrait beaucoup ressembler \u00e0 sa maman Umma (hormis l&rsquo;aspect fold), donc relativement clair, avec donc ses extr\u00e9mit\u00e9s cinnamon, et des yeux bleus clairs. Status: Date de d\u00e9part pr\u00e9visionnelle: mi-fin avril 2026 Voici ses premi\u00e8res photos, un peu avant un mois<\/p>\n","protected":false},"author":1,"featured_media":0,"parent":0,"menu_order":0,"comment_status":"closed","ping_status":"closed","template":"","meta":{"footnotes":""},"class_list":["post-2448","page","type-page","status-publish","hentry"],"_links":{"self":[{"href":"https:\/\/chatteriedelareine.fr\/index.php\/wp-json\/wp\/v2\/pages\/2448","targetHints":{"allow":["GET"]}}],"collection":[{"href":"https:\/\/chatteriedelareine.fr\/index.php\/wp-json\/wp\/v2\/pages"}],"about":[{"href":"https:\/\/chatteriedelareine.fr\/index.php\/wp-json\/wp\/v2\/types\/page"}],"author":[{"embeddable":true,"href":"https:\/\/chatteriedelareine.fr\/index.php\/wp-json\/wp\/v2\/users\/1"}],"replies":[{"embeddable":true,"href":"https:\/\/chatteriedelareine.fr\/index.php\/wp-json\/wp\/v2\/comments?post=2448"}],"version-history":[{"count":1,"href":"https:\/\/chatteriedelareine.fr\/index.php\/wp-json\/wp\/v2\/pages\/2448\/revisions"}],"predecessor-version":[{"id":2456,"href":"https:\/\/chatteriedelareine.fr\/index.php\/wp-json\/wp\/v2\/pages\/2448\/revisions\/2456"}],"wp:attachment":[{"href":"https:\/\/chatteriedelareine.fr\/index.php\/wp-json\/wp\/v2\/media?parent=2448"}],"curies":[{"name":"wp","href":"https:\/\/api.w.org\/{rel}","templated":true}]}}