{"id":2428,"date":"2026-03-01T17:04:00","date_gmt":"2026-03-01T16:04:00","guid":{"rendered":"https:\/\/chatteriedelareine.fr\/?page_id=2428"},"modified":"2026-03-09T03:05:21","modified_gmt":"2026-03-09T02:05:21","slug":"baku","status":"publish","type":"page","link":"https:\/\/chatteriedelareine.fr\/index.php\/baku\/","title":{"rendered":"Bobby"},"content":{"rendered":"\n<p>Nous vous pr\u00e9sentons Bobby (anciennement Bruno).<br>Il est n\u00e9 le 3 f\u00e9vrier 2026 du mariage entre <a href=\"https:\/\/chatteriedelareine.fr\/index.php\/phili\/\" data-type=\"page\" data-id=\"20\">Phili <\/a>et <a href=\"https:\/\/chatteriedelareine.fr\/index.php\/umma\/\" data-type=\"page\" data-id=\"1192\">Umma<\/a><br>C&rsquo;est un b\u00e9b\u00e9 chaton adorable au caract\u00e8re d\u00e9j\u00e0 calme, tr\u00e8s calin et un peu joueur qui est de type scottish fold chocolat point.<br>Comme tous les petits issus de <a href=\"https:\/\/chatteriedelareine.fr\/index.php\/phili\/\" data-type=\"page\" data-id=\"20\">Phili <\/a>et <a href=\"https:\/\/chatteriedelareine.fr\/index.php\/umma\/\" data-type=\"page\" data-id=\"1192\">Umma<\/a>, il est color point.<br>Une fois qu&rsquo;il aura obtenu ses couleurs d\u00e9finitives, dans quelques mois, il devrait ressembler \u00e0 <a href=\"https:\/\/chatteriedelareine.fr\/index.php\/vanille-2\/\" data-type=\"page\" data-id=\"1730\">Vanille<\/a>, peut \u00eatre un peu plus clair, avec donc ses extr\u00e9mit\u00e9s chocolat, son corps cr\u00e8me, et ses yeux bleus.<br><\/p>\n\n\n\n<p><strong>Status: \nvendu<br><\/strong><\/p>\n\n\n\n<p><strong>Date de d\u00e9part pr\u00e9visionnelle: <\/strong>mi-fin avril 2026<\/p>\n\n\n\n<p><br>Voici ses premi\u00e8res photos, un peu avant un mois<\/p>\n\n\n\n<figure class=\"wp-block-gallery has-nested-images columns-default is-cropped wp-block-gallery-1 is-layout-flex wp-block-gallery-is-layout-flex\">\n<figure data-wp-context=\"{&quot;imageId&quot;:&quot;69e061a5683ae&quot;}\" data-wp-interactive=\"core\/image\" data-wp-key=\"69e061a5683ae\" class=\"wp-block-image size-large wp-lightbox-container\"><img loading=\"lazy\" decoding=\"async\" width=\"768\" height=\"1024\" data-wp-class--hide=\"state.isContentHidden\" data-wp-class--show=\"state.isContentVisible\" data-wp-init=\"callbacks.setButtonStyles\" data-wp-on--click=\"actions.showLightbox\" data-wp-on--load=\"callbacks.setButtonStyles\" data-wp-on-window--resize=\"callbacks.setButtonStyles\" data-id=\"2431\" src=\"https:\/\/chatteriedelareine.fr\/wp-content\/uploads\/2026\/03\/743751ca-7f56-44d9-ac61-879be6c1df43-768x1024.jpg\" alt=\"\" class=\"wp-image-2431\" srcset=\"https:\/\/chatteriedelareine.fr\/wp-content\/uploads\/2026\/03\/743751ca-7f56-44d9-ac61-879be6c1df43-768x1024.jpg 768w, https:\/\/chatteriedelareine.fr\/wp-content\/uploads\/2026\/03\/743751ca-7f56-44d9-ac61-879be6c1df43-225x300.jpg 225w, https:\/\/chatteriedelareine.fr\/wp-content\/uploads\/2026\/03\/743751ca-7f56-44d9-ac61-879be6c1df43-1152x1536.jpg 1152w, https:\/\/chatteriedelareine.fr\/wp-content\/uploads\/2026\/03\/743751ca-7f56-44d9-ac61-879be6c1df43.jpg 1200w\" sizes=\"auto, (max-width: 768px) 100vw, 768px\" \/><button\n\t\t\tclass=\"lightbox-trigger\"\n\t\t\ttype=\"button\"\n\t\t\taria-haspopup=\"dialog\"\n\t\t\taria-label=\"Agrandir\"\n\t\t\tdata-wp-init=\"callbacks.initTriggerButton\"\n\t\t\tdata-wp-on--click=\"actions.showLightbox\"\n\t\t\tdata-wp-style--right=\"state.imageButtonRight\"\n\t\t\tdata-wp-style--top=\"state.imageButtonTop\"\n\t\t>\n\t\t\t<svg xmlns=\"http:\/\/www.w3.org\/2000\/svg\" width=\"12\" height=\"12\" fill=\"none\" viewBox=\"0 0 12 12\">\n\t\t\t\t<path fill=\"#fff\" d=\"M2 0a2 2 0 0 0-2 2v2h1.5V2a.5.5 0 0 1 .5-.5h2V0H2Zm2 10.5H2a.5.5 0 0 1-.5-.5V8H0v2a2 2 0 0 0 2 2h2v-1.5ZM8 12v-1.5h2a.5.5 0 0 0 .5-.5V8H12v2a2 2 0 0 1-2 2H8Zm2-12a2 2 0 0 1 2 2v2h-1.5V2a.5.5 0 0 0-.5-.5H8V0h2Z\" \/>\n\t\t\t<\/svg>\n\t\t<\/button><\/figure>\n\n\n\n<figure data-wp-context=\"{&quot;imageId&quot;:&quot;69e061a56881f&quot;}\" data-wp-interactive=\"core\/image\" data-wp-key=\"69e061a56881f\" class=\"wp-block-image size-large wp-lightbox-container\"><img loading=\"lazy\" decoding=\"async\" width=\"768\" height=\"1024\" data-wp-class--hide=\"state.isContentHidden\" data-wp-class--show=\"state.isContentVisible\" data-wp-init=\"callbacks.setButtonStyles\" data-wp-on--click=\"actions.showLightbox\" data-wp-on--load=\"callbacks.setButtonStyles\" data-wp-on-window--resize=\"callbacks.setButtonStyles\" data-id=\"2432\" src=\"https:\/\/chatteriedelareine.fr\/wp-content\/uploads\/2026\/03\/5f6e6312-aa04-49a4-b8c1-6376470cab13-768x1024.jpg\" alt=\"\" class=\"wp-image-2432\" srcset=\"https:\/\/chatteriedelareine.fr\/wp-content\/uploads\/2026\/03\/5f6e6312-aa04-49a4-b8c1-6376470cab13-768x1024.jpg 768w, https:\/\/chatteriedelareine.fr\/wp-content\/uploads\/2026\/03\/5f6e6312-aa04-49a4-b8c1-6376470cab13-225x300.jpg 225w, https:\/\/chatteriedelareine.fr\/wp-content\/uploads\/2026\/03\/5f6e6312-aa04-49a4-b8c1-6376470cab13-1152x1536.jpg 1152w, https:\/\/chatteriedelareine.fr\/wp-content\/uploads\/2026\/03\/5f6e6312-aa04-49a4-b8c1-6376470cab13.jpg 1200w\" sizes=\"auto, (max-width: 768px) 100vw, 768px\" \/><button\n\t\t\tclass=\"lightbox-trigger\"\n\t\t\ttype=\"button\"\n\t\t\taria-haspopup=\"dialog\"\n\t\t\taria-label=\"Agrandir\"\n\t\t\tdata-wp-init=\"callbacks.initTriggerButton\"\n\t\t\tdata-wp-on--click=\"actions.showLightbox\"\n\t\t\tdata-wp-style--right=\"state.imageButtonRight\"\n\t\t\tdata-wp-style--top=\"state.imageButtonTop\"\n\t\t>\n\t\t\t<svg xmlns=\"http:\/\/www.w3.org\/2000\/svg\" width=\"12\" height=\"12\" fill=\"none\" viewBox=\"0 0 12 12\">\n\t\t\t\t<path fill=\"#fff\" d=\"M2 0a2 2 0 0 0-2 2v2h1.5V2a.5.5 0 0 1 .5-.5h2V0H2Zm2 10.5H2a.5.5 0 0 1-.5-.5V8H0v2a2 2 0 0 0 2 2h2v-1.5ZM8 12v-1.5h2a.5.5 0 0 0 .5-.5V8H12v2a2 2 0 0 1-2 2H8Zm2-12a2 2 0 0 1 2 2v2h-1.5V2a.5.5 0 0 0-.5-.5H8V0h2Z\" \/>\n\t\t\t<\/svg>\n\t\t<\/button><\/figure>\n\n\n\n<figure data-wp-context=\"{&quot;imageId&quot;:&quot;69e061a568c21&quot;}\" data-wp-interactive=\"core\/image\" data-wp-key=\"69e061a568c21\" class=\"wp-block-image size-large wp-lightbox-container\"><img loading=\"lazy\" decoding=\"async\" width=\"794\" height=\"1024\" data-wp-class--hide=\"state.isContentHidden\" data-wp-class--show=\"state.isContentVisible\" data-wp-init=\"callbacks.setButtonStyles\" data-wp-on--click=\"actions.showLightbox\" data-wp-on--load=\"callbacks.setButtonStyles\" data-wp-on-window--resize=\"callbacks.setButtonStyles\" data-id=\"2433\" src=\"https:\/\/chatteriedelareine.fr\/wp-content\/uploads\/2026\/03\/06d5996b-7fc7-4ba3-a6ea-941be2dad343-794x1024.jpg\" alt=\"\" class=\"wp-image-2433\" srcset=\"https:\/\/chatteriedelareine.fr\/wp-content\/uploads\/2026\/03\/06d5996b-7fc7-4ba3-a6ea-941be2dad343-794x1024.jpg 794w, https:\/\/chatteriedelareine.fr\/wp-content\/uploads\/2026\/03\/06d5996b-7fc7-4ba3-a6ea-941be2dad343-233x300.jpg 233w, https:\/\/chatteriedelareine.fr\/wp-content\/uploads\/2026\/03\/06d5996b-7fc7-4ba3-a6ea-941be2dad343-768x991.jpg 768w, https:\/\/chatteriedelareine.fr\/wp-content\/uploads\/2026\/03\/06d5996b-7fc7-4ba3-a6ea-941be2dad343-1190x1536.jpg 1190w, https:\/\/chatteriedelareine.fr\/wp-content\/uploads\/2026\/03\/06d5996b-7fc7-4ba3-a6ea-941be2dad343.jpg 1240w\" sizes=\"auto, (max-width: 794px) 100vw, 794px\" \/><button\n\t\t\tclass=\"lightbox-trigger\"\n\t\t\ttype=\"button\"\n\t\t\taria-haspopup=\"dialog\"\n\t\t\taria-label=\"Agrandir\"\n\t\t\tdata-wp-init=\"callbacks.initTriggerButton\"\n\t\t\tdata-wp-on--click=\"actions.showLightbox\"\n\t\t\tdata-wp-style--right=\"state.imageButtonRight\"\n\t\t\tdata-wp-style--top=\"state.imageButtonTop\"\n\t\t>\n\t\t\t<svg xmlns=\"http:\/\/www.w3.org\/2000\/svg\" width=\"12\" height=\"12\" fill=\"none\" viewBox=\"0 0 12 12\">\n\t\t\t\t<path fill=\"#fff\" d=\"M2 0a2 2 0 0 0-2 2v2h1.5V2a.5.5 0 0 1 .5-.5h2V0H2Zm2 10.5H2a.5.5 0 0 1-.5-.5V8H0v2a2 2 0 0 0 2 2h2v-1.5ZM8 12v-1.5h2a.5.5 0 0 0 .5-.5V8H12v2a2 2 0 0 1-2 2H8Zm2-12a2 2 0 0 1 2 2v2h-1.5V2a.5.5 0 0 0-.5-.5H8V0h2Z\" \/>\n\t\t\t<\/svg>\n\t\t<\/button><\/figure>\n\n\n\n<figure data-wp-context=\"{&quot;imageId&quot;:&quot;69e061a569018&quot;}\" data-wp-interactive=\"core\/image\" data-wp-key=\"69e061a569018\" class=\"wp-block-image size-large wp-lightbox-container\"><img loading=\"lazy\" decoding=\"async\" width=\"768\" height=\"1024\" data-wp-class--hide=\"state.isContentHidden\" data-wp-class--show=\"state.isContentVisible\" data-wp-init=\"callbacks.setButtonStyles\" data-wp-on--click=\"actions.showLightbox\" data-wp-on--load=\"callbacks.setButtonStyles\" data-wp-on-window--resize=\"callbacks.setButtonStyles\" data-id=\"2430\" src=\"https:\/\/chatteriedelareine.fr\/wp-content\/uploads\/2026\/03\/45d3c233-afb0-4668-86a8-c662046e230e-768x1024.jpg\" alt=\"\" class=\"wp-image-2430\" srcset=\"https:\/\/chatteriedelareine.fr\/wp-content\/uploads\/2026\/03\/45d3c233-afb0-4668-86a8-c662046e230e-768x1024.jpg 768w, https:\/\/chatteriedelareine.fr\/wp-content\/uploads\/2026\/03\/45d3c233-afb0-4668-86a8-c662046e230e-225x300.jpg 225w, https:\/\/chatteriedelareine.fr\/wp-content\/uploads\/2026\/03\/45d3c233-afb0-4668-86a8-c662046e230e-1152x1536.jpg 1152w, https:\/\/chatteriedelareine.fr\/wp-content\/uploads\/2026\/03\/45d3c233-afb0-4668-86a8-c662046e230e.jpg 1200w\" sizes=\"auto, (max-width: 768px) 100vw, 768px\" \/><button\n\t\t\tclass=\"lightbox-trigger\"\n\t\t\ttype=\"button\"\n\t\t\taria-haspopup=\"dialog\"\n\t\t\taria-label=\"Agrandir\"\n\t\t\tdata-wp-init=\"callbacks.initTriggerButton\"\n\t\t\tdata-wp-on--click=\"actions.showLightbox\"\n\t\t\tdata-wp-style--right=\"state.imageButtonRight\"\n\t\t\tdata-wp-style--top=\"state.imageButtonTop\"\n\t\t>\n\t\t\t<svg xmlns=\"http:\/\/www.w3.org\/2000\/svg\" width=\"12\" height=\"12\" fill=\"none\" viewBox=\"0 0 12 12\">\n\t\t\t\t<path fill=\"#fff\" d=\"M2 0a2 2 0 0 0-2 2v2h1.5V2a.5.5 0 0 1 .5-.5h2V0H2Zm2 10.5H2a.5.5 0 0 1-.5-.5V8H0v2a2 2 0 0 0 2 2h2v-1.5ZM8 12v-1.5h2a.5.5 0 0 0 .5-.5V8H12v2a2 2 0 0 1-2 2H8Zm2-12a2 2 0 0 1 2 2v2h-1.5V2a.5.5 0 0 0-.5-.5H8V0h2Z\" \/>\n\t\t\t<\/svg>\n\t\t<\/button><\/figure>\n\n\n\n<figure data-wp-context=\"{&quot;imageId&quot;:&quot;69e061a569401&quot;}\" data-wp-interactive=\"core\/image\" data-wp-key=\"69e061a569401\" class=\"wp-block-image size-large wp-lightbox-container\"><img loading=\"lazy\" decoding=\"async\" width=\"768\" height=\"1024\" data-wp-class--hide=\"state.isContentHidden\" data-wp-class--show=\"state.isContentVisible\" data-wp-init=\"callbacks.setButtonStyles\" data-wp-on--click=\"actions.showLightbox\" data-wp-on--load=\"callbacks.setButtonStyles\" data-wp-on-window--resize=\"callbacks.setButtonStyles\" data-id=\"2434\" src=\"https:\/\/chatteriedelareine.fr\/wp-content\/uploads\/2026\/03\/85f7f937-8a4f-4972-ac20-aa4df288fc2a-768x1024.jpg\" alt=\"\" class=\"wp-image-2434\" srcset=\"https:\/\/chatteriedelareine.fr\/wp-content\/uploads\/2026\/03\/85f7f937-8a4f-4972-ac20-aa4df288fc2a-768x1024.jpg 768w, https:\/\/chatteriedelareine.fr\/wp-content\/uploads\/2026\/03\/85f7f937-8a4f-4972-ac20-aa4df288fc2a-225x300.jpg 225w, https:\/\/chatteriedelareine.fr\/wp-content\/uploads\/2026\/03\/85f7f937-8a4f-4972-ac20-aa4df288fc2a-1152x1536.jpg 1152w, https:\/\/chatteriedelareine.fr\/wp-content\/uploads\/2026\/03\/85f7f937-8a4f-4972-ac20-aa4df288fc2a.jpg 1200w\" sizes=\"auto, (max-width: 768px) 100vw, 768px\" \/><button\n\t\t\tclass=\"lightbox-trigger\"\n\t\t\ttype=\"button\"\n\t\t\taria-haspopup=\"dialog\"\n\t\t\taria-label=\"Agrandir\"\n\t\t\tdata-wp-init=\"callbacks.initTriggerButton\"\n\t\t\tdata-wp-on--click=\"actions.showLightbox\"\n\t\t\tdata-wp-style--right=\"state.imageButtonRight\"\n\t\t\tdata-wp-style--top=\"state.imageButtonTop\"\n\t\t>\n\t\t\t<svg xmlns=\"http:\/\/www.w3.org\/2000\/svg\" width=\"12\" height=\"12\" fill=\"none\" viewBox=\"0 0 12 12\">\n\t\t\t\t<path fill=\"#fff\" d=\"M2 0a2 2 0 0 0-2 2v2h1.5V2a.5.5 0 0 1 .5-.5h2V0H2Zm2 10.5H2a.5.5 0 0 1-.5-.5V8H0v2a2 2 0 0 0 2 2h2v-1.5ZM8 12v-1.5h2a.5.5 0 0 0 .5-.5V8H12v2a2 2 0 0 1-2 2H8Zm2-12a2 2 0 0 1 2 2v2h-1.5V2a.5.5 0 0 0-.5-.5H8V0h2Z\" \/>\n\t\t\t<\/svg>\n\t\t<\/button><\/figure>\n\n\n\n<figure data-wp-context=\"{&quot;imageId&quot;:&quot;69e061a569818&quot;}\" data-wp-interactive=\"core\/image\" data-wp-key=\"69e061a569818\" class=\"wp-block-image size-large wp-lightbox-container\"><img loading=\"lazy\" decoding=\"async\" width=\"672\" height=\"1024\" data-wp-class--hide=\"state.isContentHidden\" data-wp-class--show=\"state.isContentVisible\" data-wp-init=\"callbacks.setButtonStyles\" data-wp-on--click=\"actions.showLightbox\" data-wp-on--load=\"callbacks.setButtonStyles\" data-wp-on-window--resize=\"callbacks.setButtonStyles\" data-id=\"2429\" src=\"https:\/\/chatteriedelareine.fr\/wp-content\/uploads\/2026\/03\/374d561d-f697-494f-946d-22482b0dd558-672x1024.jpg\" alt=\"\" class=\"wp-image-2429\" srcset=\"https:\/\/chatteriedelareine.fr\/wp-content\/uploads\/2026\/03\/374d561d-f697-494f-946d-22482b0dd558-672x1024.jpg 672w, https:\/\/chatteriedelareine.fr\/wp-content\/uploads\/2026\/03\/374d561d-f697-494f-946d-22482b0dd558-197x300.jpg 197w, https:\/\/chatteriedelareine.fr\/wp-content\/uploads\/2026\/03\/374d561d-f697-494f-946d-22482b0dd558-768x1170.jpg 768w, https:\/\/chatteriedelareine.fr\/wp-content\/uploads\/2026\/03\/374d561d-f697-494f-946d-22482b0dd558-1008x1536.jpg 1008w, https:\/\/chatteriedelareine.fr\/wp-content\/uploads\/2026\/03\/374d561d-f697-494f-946d-22482b0dd558.jpg 1050w\" sizes=\"auto, (max-width: 672px) 100vw, 672px\" \/><button\n\t\t\tclass=\"lightbox-trigger\"\n\t\t\ttype=\"button\"\n\t\t\taria-haspopup=\"dialog\"\n\t\t\taria-label=\"Agrandir\"\n\t\t\tdata-wp-init=\"callbacks.initTriggerButton\"\n\t\t\tdata-wp-on--click=\"actions.showLightbox\"\n\t\t\tdata-wp-style--right=\"state.imageButtonRight\"\n\t\t\tdata-wp-style--top=\"state.imageButtonTop\"\n\t\t>\n\t\t\t<svg xmlns=\"http:\/\/www.w3.org\/2000\/svg\" width=\"12\" height=\"12\" fill=\"none\" viewBox=\"0 0 12 12\">\n\t\t\t\t<path fill=\"#fff\" d=\"M2 0a2 2 0 0 0-2 2v2h1.5V2a.5.5 0 0 1 .5-.5h2V0H2Zm2 10.5H2a.5.5 0 0 1-.5-.5V8H0v2a2 2 0 0 0 2 2h2v-1.5ZM8 12v-1.5h2a.5.5 0 0 0 .5-.5V8H12v2a2 2 0 0 1-2 2H8Zm2-12a2 2 0 0 1 2 2v2h-1.5V2a.5.5 0 0 0-.5-.5H8V0h2Z\" \/>\n\t\t\t<\/svg>\n\t\t<\/button><\/figure>\n\n\n\n<figure data-wp-context=\"{&quot;imageId&quot;:&quot;69e061a569bfb&quot;}\" data-wp-interactive=\"core\/image\" data-wp-key=\"69e061a569bfb\" class=\"wp-block-image size-large wp-lightbox-container\"><img loading=\"lazy\" decoding=\"async\" width=\"768\" height=\"1024\" data-wp-class--hide=\"state.isContentHidden\" data-wp-class--show=\"state.isContentVisible\" data-wp-init=\"callbacks.setButtonStyles\" data-wp-on--click=\"actions.showLightbox\" data-wp-on--load=\"callbacks.setButtonStyles\" data-wp-on-window--resize=\"callbacks.setButtonStyles\" data-id=\"2435\" src=\"https:\/\/chatteriedelareine.fr\/wp-content\/uploads\/2026\/03\/a4b777e6-296f-49d2-a152-b421cfe43cde-768x1024.jpg\" alt=\"\" class=\"wp-image-2435\" srcset=\"https:\/\/chatteriedelareine.fr\/wp-content\/uploads\/2026\/03\/a4b777e6-296f-49d2-a152-b421cfe43cde-768x1024.jpg 768w, https:\/\/chatteriedelareine.fr\/wp-content\/uploads\/2026\/03\/a4b777e6-296f-49d2-a152-b421cfe43cde-225x300.jpg 225w, https:\/\/chatteriedelareine.fr\/wp-content\/uploads\/2026\/03\/a4b777e6-296f-49d2-a152-b421cfe43cde-1152x1536.jpg 1152w, https:\/\/chatteriedelareine.fr\/wp-content\/uploads\/2026\/03\/a4b777e6-296f-49d2-a152-b421cfe43cde.jpg 1200w\" sizes=\"auto, (max-width: 768px) 100vw, 768px\" \/><button\n\t\t\tclass=\"lightbox-trigger\"\n\t\t\ttype=\"button\"\n\t\t\taria-haspopup=\"dialog\"\n\t\t\taria-label=\"Agrandir\"\n\t\t\tdata-wp-init=\"callbacks.initTriggerButton\"\n\t\t\tdata-wp-on--click=\"actions.showLightbox\"\n\t\t\tdata-wp-style--right=\"state.imageButtonRight\"\n\t\t\tdata-wp-style--top=\"state.imageButtonTop\"\n\t\t>\n\t\t\t<svg xmlns=\"http:\/\/www.w3.org\/2000\/svg\" width=\"12\" height=\"12\" fill=\"none\" viewBox=\"0 0 12 12\">\n\t\t\t\t<path fill=\"#fff\" d=\"M2 0a2 2 0 0 0-2 2v2h1.5V2a.5.5 0 0 1 .5-.5h2V0H2Zm2 10.5H2a.5.5 0 0 1-.5-.5V8H0v2a2 2 0 0 0 2 2h2v-1.5ZM8 12v-1.5h2a.5.5 0 0 0 .5-.5V8H12v2a2 2 0 0 1-2 2H8Zm2-12a2 2 0 0 1 2 2v2h-1.5V2a.5.5 0 0 0-.5-.5H8V0h2Z\" \/>\n\t\t\t<\/svg>\n\t\t<\/button><\/figure>\n\n\n\n<figure data-wp-context=\"{&quot;imageId&quot;:&quot;69e061a56a013&quot;}\" data-wp-interactive=\"core\/image\" data-wp-key=\"69e061a56a013\" class=\"wp-block-image size-large wp-lightbox-container\"><img loading=\"lazy\" decoding=\"async\" width=\"855\" height=\"1024\" data-wp-class--hide=\"state.isContentHidden\" data-wp-class--show=\"state.isContentVisible\" data-wp-init=\"callbacks.setButtonStyles\" data-wp-on--click=\"actions.showLightbox\" data-wp-on--load=\"callbacks.setButtonStyles\" data-wp-on-window--resize=\"callbacks.setButtonStyles\" data-id=\"2436\" src=\"https:\/\/chatteriedelareine.fr\/wp-content\/uploads\/2026\/03\/c60b32fa-711e-4e8e-a114-3027eb2f07bf-855x1024.jpg\" alt=\"\" class=\"wp-image-2436\" srcset=\"https:\/\/chatteriedelareine.fr\/wp-content\/uploads\/2026\/03\/c60b32fa-711e-4e8e-a114-3027eb2f07bf-855x1024.jpg 855w, https:\/\/chatteriedelareine.fr\/wp-content\/uploads\/2026\/03\/c60b32fa-711e-4e8e-a114-3027eb2f07bf-251x300.jpg 251w, https:\/\/chatteriedelareine.fr\/wp-content\/uploads\/2026\/03\/c60b32fa-711e-4e8e-a114-3027eb2f07bf-768x920.jpg 768w, https:\/\/chatteriedelareine.fr\/wp-content\/uploads\/2026\/03\/c60b32fa-711e-4e8e-a114-3027eb2f07bf-1283x1536.jpg 1283w, https:\/\/chatteriedelareine.fr\/wp-content\/uploads\/2026\/03\/c60b32fa-711e-4e8e-a114-3027eb2f07bf.jpg 1336w\" sizes=\"auto, (max-width: 855px) 100vw, 855px\" \/><button\n\t\t\tclass=\"lightbox-trigger\"\n\t\t\ttype=\"button\"\n\t\t\taria-haspopup=\"dialog\"\n\t\t\taria-label=\"Agrandir\"\n\t\t\tdata-wp-init=\"callbacks.initTriggerButton\"\n\t\t\tdata-wp-on--click=\"actions.showLightbox\"\n\t\t\tdata-wp-style--right=\"state.imageButtonRight\"\n\t\t\tdata-wp-style--top=\"state.imageButtonTop\"\n\t\t>\n\t\t\t<svg xmlns=\"http:\/\/www.w3.org\/2000\/svg\" width=\"12\" height=\"12\" fill=\"none\" viewBox=\"0 0 12 12\">\n\t\t\t\t<path fill=\"#fff\" d=\"M2 0a2 2 0 0 0-2 2v2h1.5V2a.5.5 0 0 1 .5-.5h2V0H2Zm2 10.5H2a.5.5 0 0 1-.5-.5V8H0v2a2 2 0 0 0 2 2h2v-1.5ZM8 12v-1.5h2a.5.5 0 0 0 .5-.5V8H12v2a2 2 0 0 1-2 2H8Zm2-12a2 2 0 0 1 2 2v2h-1.5V2a.5.5 0 0 0-.5-.5H8V0h2Z\" \/>\n\t\t\t<\/svg>\n\t\t<\/button><\/figure>\n\n\n\n<figure data-wp-context=\"{&quot;imageId&quot;:&quot;69e061a56a3e4&quot;}\" data-wp-interactive=\"core\/image\" data-wp-key=\"69e061a56a3e4\" class=\"wp-block-image size-large wp-lightbox-container\"><img loading=\"lazy\" decoding=\"async\" width=\"768\" height=\"1024\" data-wp-class--hide=\"state.isContentHidden\" data-wp-class--show=\"state.isContentVisible\" data-wp-init=\"callbacks.setButtonStyles\" data-wp-on--click=\"actions.showLightbox\" data-wp-on--load=\"callbacks.setButtonStyles\" data-wp-on-window--resize=\"callbacks.setButtonStyles\" data-id=\"2437\" src=\"https:\/\/chatteriedelareine.fr\/wp-content\/uploads\/2026\/03\/fc61849d-497d-4fd8-8309-f97f3af5555e-768x1024.jpg\" alt=\"\" class=\"wp-image-2437\" srcset=\"https:\/\/chatteriedelareine.fr\/wp-content\/uploads\/2026\/03\/fc61849d-497d-4fd8-8309-f97f3af5555e-768x1024.jpg 768w, https:\/\/chatteriedelareine.fr\/wp-content\/uploads\/2026\/03\/fc61849d-497d-4fd8-8309-f97f3af5555e-225x300.jpg 225w, https:\/\/chatteriedelareine.fr\/wp-content\/uploads\/2026\/03\/fc61849d-497d-4fd8-8309-f97f3af5555e-1152x1536.jpg 1152w, https:\/\/chatteriedelareine.fr\/wp-content\/uploads\/2026\/03\/fc61849d-497d-4fd8-8309-f97f3af5555e.jpg 1200w\" sizes=\"auto, (max-width: 768px) 100vw, 768px\" \/><button\n\t\t\tclass=\"lightbox-trigger\"\n\t\t\ttype=\"button\"\n\t\t\taria-haspopup=\"dialog\"\n\t\t\taria-label=\"Agrandir\"\n\t\t\tdata-wp-init=\"callbacks.initTriggerButton\"\n\t\t\tdata-wp-on--click=\"actions.showLightbox\"\n\t\t\tdata-wp-style--right=\"state.imageButtonRight\"\n\t\t\tdata-wp-style--top=\"state.imageButtonTop\"\n\t\t>\n\t\t\t<svg xmlns=\"http:\/\/www.w3.org\/2000\/svg\" width=\"12\" height=\"12\" fill=\"none\" viewBox=\"0 0 12 12\">\n\t\t\t\t<path fill=\"#fff\" d=\"M2 0a2 2 0 0 0-2 2v2h1.5V2a.5.5 0 0 1 .5-.5h2V0H2Zm2 10.5H2a.5.5 0 0 1-.5-.5V8H0v2a2 2 0 0 0 2 2h2v-1.5ZM8 12v-1.5h2a.5.5 0 0 0 .5-.5V8H12v2a2 2 0 0 1-2 2H8Zm2-12a2 2 0 0 1 2 2v2h-1.5V2a.5.5 0 0 0-.5-.5H8V0h2Z\" \/>\n\t\t\t<\/svg>\n\t\t<\/button><\/figure>\n<\/figure>\n","protected":false},"excerpt":{"rendered":"<p>Nous vous pr\u00e9sentons Bobby (anciennement Bruno).Il est n\u00e9 le 3 f\u00e9vrier 2026 du mariage entre Phili et UmmaC&rsquo;est un b\u00e9b\u00e9 chaton adorable au caract\u00e8re d\u00e9j\u00e0 calme, tr\u00e8s calin et un peu joueur qui est de type scottish fold chocolat point.Comme tous les petits issus de Phili et Umma, il est color point.Une fois qu&rsquo;il aura obtenu ses couleurs d\u00e9finitives, dans quelques mois, il devrait ressembler \u00e0 Vanille, peut \u00eatre un peu plus clair, avec donc ses extr\u00e9mit\u00e9s chocolat, son corps cr\u00e8me, et ses yeux bleus. Status: Date de d\u00e9part pr\u00e9visionnelle: mi-fin avril 2026 Voici ses premi\u00e8res photos, un peu avant &hellip; <\/p>\n","protected":false},"author":1,"featured_media":0,"parent":0,"menu_order":0,"comment_status":"closed","ping_status":"closed","template":"","meta":{"footnotes":""},"class_list":["post-2428","page","type-page","status-publish","hentry"],"_links":{"self":[{"href":"https:\/\/chatteriedelareine.fr\/index.php\/wp-json\/wp\/v2\/pages\/2428","targetHints":{"allow":["GET"]}}],"collection":[{"href":"https:\/\/chatteriedelareine.fr\/index.php\/wp-json\/wp\/v2\/pages"}],"about":[{"href":"https:\/\/chatteriedelareine.fr\/index.php\/wp-json\/wp\/v2\/types\/page"}],"author":[{"embeddable":true,"href":"https:\/\/chatteriedelareine.fr\/index.php\/wp-json\/wp\/v2\/users\/1"}],"replies":[{"embeddable":true,"href":"https:\/\/chatteriedelareine.fr\/index.php\/wp-json\/wp\/v2\/comments?post=2428"}],"version-history":[{"count":5,"href":"https:\/\/chatteriedelareine.fr\/index.php\/wp-json\/wp\/v2\/pages\/2428\/revisions"}],"predecessor-version":[{"id":2461,"href":"https:\/\/chatteriedelareine.fr\/index.php\/wp-json\/wp\/v2\/pages\/2428\/revisions\/2461"}],"wp:attachment":[{"href":"https:\/\/chatteriedelareine.fr\/index.php\/wp-json\/wp\/v2\/media?parent=2428"}],"curies":[{"name":"wp","href":"https:\/\/api.w.org\/{rel}","templated":true}]}}