{"id":24,"date":"2023-03-14T00:51:22","date_gmt":"2023-03-13T23:51:22","guid":{"rendered":"http:\/\/chatteriedelareine.fr\/?page_id=24"},"modified":"2023-03-31T02:44:37","modified_gmt":"2023-03-31T00:44:37","slug":"la-genetique-des-couleurs","status":"publish","type":"page","link":"https:\/\/chatteriedelareine.fr\/index.php\/la-genetique-des-couleurs\/","title":{"rendered":"La g\u00e9n\u00e9tique des couleurs chez le chat"},"content":{"rendered":"\n<p>La couleur d&rsquo;un chat est d\u00e9termin\u00e9e par de tr\u00e8s nombreux g\u00eanes qui cr\u00e9ent ainsi un nombre de combinaisons significatives qui font de votre chat un \u00eatre unique.<\/p>\n\n\n\n<p>Pour faire simple, chacun des deux parents d&rsquo;un chat lui fournit la moiti\u00e9 de ses chromosomes (les chromosomes vont par paire) pour en faire un \u00eatre complet. Les diff\u00e9rents g\u00eanes codant pour la couleur sont ainsi transmis pour moiti\u00e9 par chacun des parents. Ces g\u00eanes \u00e9tant port\u00e9s par des chromosomes diff\u00e9rents, il n&rsquo;y a pas de corr\u00e9lation entre eux.<\/p>\n\n\n\n<p>Chaque parent fournit un all\u00e8le pour chacun des g\u00eanes influant sur la couleur.<\/p>\n\n\n\n<p>Pour un g\u00eane donn\u00e9:<\/p>\n\n\n\n<ul class=\"wp-block-list\">\n<li> Si l&rsquo;un des parents est homozygote, cela veut dire que les deux all\u00e8les de ce g\u00eane chez lui sont identiques sur les deux chromosomes concern\u00e9s, ainsi il transmettra \u00e0 tous ses descendants le m\u00eame mat\u00e9riel g\u00e9n\u00e9tique pour ce g\u00eane.<\/li>\n\n\n\n<li>S&rsquo;il est h\u00e9t\u00e9rozygote, cela veut dire que ses deux chromosomes qui portent ce g\u00eane ont des all\u00e8les avec des \u00ab\u00a0valeurs\u00a0\u00bb diff\u00e9rentes. dans ce cas, la r\u00e9partition sera al\u00e9atoire, et environ 50% des petits auront l&rsquo;un des all\u00e8les, et 50% l&rsquo;autre.<\/li>\n\n\n\n<li>ensuite, les petits obtiendront le deuxi\u00e8me all\u00e8le du g\u00eane de l&rsquo;autre parent. si les deux all\u00e8les obtenus sont identiques il sera \u00e0 son tour homozygote, ou h\u00e9t\u00e9rozygote s&rsquo;ils sont diff\u00e9rents.<\/li>\n<\/ul>\n\n\n\n<p>Cela ne fait cependant pas tout; en effet certains all\u00e8les sont dominants par rapport \u00e0 d&rsquo;autres:<\/p>\n\n\n\n<ul class=\"wp-block-list\">\n<li>Si les all\u00e8les sont identiques (homozygote), la valeur se manifestera syst\u00e9matiquement<\/li>\n\n\n\n<li>S&rsquo;ils sont diff\u00e9rents (h\u00e9t\u00e9rozygote), seul l&rsquo;all\u00e8le dominant par rapport \u00e0 l&rsquo;autre se manifestera.<\/li>\n\n\n\n<li>dans certains cas la dominance d&rsquo;un all\u00e8le sur un autre n&rsquo;est pas tr\u00e8s prononc\u00e9e, et le fait d&rsquo;avoir les deux all\u00e8les identiques engendrera une manifestation plus prononc\u00e9e de la caract\u00e9ristique, dans d&rsquo;autres cas, seul l&rsquo;all\u00e8le dominant se manifestera, occultant compl\u00e8tement l&rsquo;all\u00e8le r\u00e9cessif.<\/li>\n<\/ul>\n\n\n\n<p>Voici donc une courte synth\u00e8se des g\u00eanes codant pour la couleur des chats et la mani\u00e8re dont ils influent sur lui:<\/p>\n\n\n\n<ul class=\"wp-block-list\">\n<li>G\u00eane B: couleur principale de robe\n<ul class=\"wp-block-list\">\n<li>Valeurs possibles: B (noir dominant), b (chocolat, r\u00e9cessif sur noir mais dominant sur bl), bl (cinnamon, r\u00e9cessif)<\/li>\n\n\n\n<li>Effet: ce g\u00eane d\u00e9finit la couleur principale du chat<\/li>\n\n\n\n<li>Exemple: B\/b =&gt; noir, b\/bl =&gt; chocolat, bl\/bl =&gt; cinnamon<\/li>\n<\/ul>\n<\/li>\n\n\n\n<li>G\u00eane D: dilution de la couleur principale\n<ul class=\"wp-block-list\">\n<li>Valeurs possibles D (couleur non dilu\u00e9e, dominant), d (couleur dilu\u00e9e, r\u00e9cessif)<\/li>\n\n\n\n<li>Effet: ce g\u00eane dilue la couleur principale (s&rsquo;il est b\/b); ainsi noir devient bleu (gris), chocolat devient lilac, cinnamon devient fawn<\/li>\n<\/ul>\n<\/li>\n\n\n\n<li>G\u00eane A: pr\u00e9sence de motifs, \u00ab\u00a0tabby\u00a0\u00bb\n<ul class=\"wp-block-list\">\n<li>Valeurs possibles: A (motif, dominant), a (pas de motif, r\u00e9cessif)<\/li>\n\n\n\n<li>Effet: fait appara\u00eetre des motifs sur la robe du chat; la g\u00e9om\u00e9trie des motifs est d\u00e9finie par le g\u00eane T<\/li>\n<\/ul>\n<\/li>\n\n\n\n<li>G\u00eane T: g\u00e9om\u00e9trie des motifs\n<ul class=\"wp-block-list\">\n<li>Valeurs possibles: Ta (ticked tabby, dominant), T (spotted or mackerel (tigr\u00e9), r\u00e9cessif sur Ta mais dominant sur tb), tb (blotched tabby (marbr\u00e9), r\u00e9cessif)<\/li>\n\n\n\n<li>Effet: d\u00e9termine la forme des motifs d&rsquo;un chat tabby (ne s&rsquo;exprime pas si le g\u00eane A est a\/a)<\/li>\n<\/ul>\n<\/li>\n\n\n\n<li>G\u00eane C: type de patron de la robe\n<ul class=\"wp-block-list\">\n<li>Valeurs possibles: C (patron uni, dominant), cb (patron mink, r\u00e9cessif sur C co-dominant avec cs, et dominant sur ca), cs (patron colourpoint, r\u00e9cessif sur C, co-dominant sur cb et dominant sur ca), ca (albinos, r\u00e9cessif)<\/li>\n\n\n\n<li>Effet: ce g\u00eane d\u00e9termine le patron. techniquement toute valeur de ce g\u00eane impliquant l&rsquo;absence d&rsquo;un all\u00e8le \u00ab\u00a0C\u00a0\u00bb fait que le chat g\u00e9n\u00e9rera moins de prot\u00e9ine que ce qui est requis pour colorer int\u00e9gralement son poil, ou g\u00e9n\u00e9rera une prot\u00e9ine alt\u00e9r\u00e9e qui ne sera pas efficace au del\u00e0 d&rsquo;une certaine temp\u00e9rature. Par exemple, les chats point naissent blanc et acqui\u00e8rent progressivement leur coloration sur les extr\u00e9mit\u00e9s de leur corps une fois qu&rsquo;ils vivent \u00e0 temp\u00e9rature ambiante. les parties de poil sur les zones les plus chaudes du corps (ventre, cou, &#8230;) restent blanches, et les autres prennent des teintes all\u00e9g\u00e9es selon la distanciation des parties chaudes.<\/li>\n\n\n\n<li>Exemple: C\/- patron uni, cb\/cb ou cb\/ca sepia, cb\/cs mink, cs\/cs ou cs\/ca colourpoint, ca\/ca albinos<\/li>\n<\/ul>\n<\/li>\n\n\n\n<li>G\u00eane Wb: g\u00eane ombre\n<ul class=\"wp-block-list\">\n<li>Valeurs possibles: Wb (ombr\u00e9, dominant), wb (pas d&rsquo;att\u00e9nuation, r\u00e9cessif)<\/li>\n\n\n\n<li>Effet: repousse la partie agoutie du poil plus loin. ne se manifeste donc pas sur un chat non tabby. ce g\u00eane donne les effets, shaded, chinchilla, shell, shell golden selon la valeur du g\u00eane I (argent\u00e9) qui influt sur la nomenclature.<\/li>\n<\/ul>\n<\/li>\n\n\n\n<li>G\u00eane O: rousseur\n<ul class=\"wp-block-list\">\n<li>Valeurs possibles: O+ (chat roux, co-dominant), O (chat non roux, co-dominant)<\/li>\n\n\n\n<li>Effet: g\u00eane port\u00e9 par le chromosome X (chromosome sexuels XX pour les femelles, et XY pour les m\u00e2les). L&rsquo;all\u00e8le \u00e9tant co-dominant, les femelles qui seraient O+O sont dites torties (avec des sortes d&rsquo;\u00e9cailles rousses\/autre couleur), les m\u00e2les ne peuvent \u00eatre que roux O+Y ou pas roux OY). les femelles O+O+ sont rousses.<\/li>\n\n\n\n<li>Particularit\u00e9: ce g\u00eane prend le pas sur les g\u00eanes B et D ce qui fait qu&rsquo;un chat porteur du g\u00eane roux sera roux, quels que soient les valeurs des g\u00eanes B et D. Un chat non roux ni tortie ne peut pas transmettre ce g\u00eane.<\/li>\n<\/ul>\n<\/li>\n\n\n\n<li>G\u00eane S: bicolor\n<ul class=\"wp-block-list\">\n<li>Valeurs possibles: S (chat bicolor, co-dominant), s (chat non bicolor, co-dominant)<\/li>\n\n\n\n<li>Effet: un chat porteur du g\u00eane bicolor sera l\u00e9g\u00e8rement bicolore (avec un peu de blanc) s&rsquo;il porte un seul S\/s, et quasiment moiti\u00e9 blanc s&rsquo;il porte les g\u00eanes S\/S.<\/li>\n<\/ul>\n<\/li>\n\n\n\n<li>G\u00eane I: effet argent\u00e9\n<ul class=\"wp-block-list\">\n<li>Valeurs possibles: I (argent\u00e9, dominant), i (non argent\u00e9, r\u00e9cessif)<\/li>\n\n\n\n<li>Effet: un chat porteur du g\u00eane I verra la base de ses poils s&rsquo;agoutir et s&rsquo;\u00e9claircir fortement ce qui donne un effet argent\u00e9 \u00e0 sa robe<\/li>\n<\/ul>\n<\/li>\n\n\n\n<li>G\u00eane Dm: dilution de la couleur\n<ul class=\"wp-block-list\">\n<li>Valeurs possibles: Dm (att\u00e9nuation de la couleur si elle est d\u00e9j\u00e0 dilu\u00e9e par le g\u00eane D, dominant), dm (pas d&rsquo;att\u00e9nuation du motif, r\u00e9cessif)<\/li>\n\n\n\n<li>Effet: un chat porteur du g\u00eane Dm verra la couleur port\u00e9e par les g\u00eanes B et D s&rsquo;estomper. ainsi un chat bleu, lilac ou fawn deviendra \u00ab\u00a0caramel\u00a0\u00bb, et un chat cr\u00e8me (roux dilu\u00e9 par D) deviendra abricot.<\/li>\n<\/ul>\n<\/li>\n\n\n\n<li>G\u00eane W: chat blanc\n<ul class=\"wp-block-list\">\n<li>Valeurs possibles: W (chat blanc, dominant), w (chat non blanc, r\u00e9cessif)<\/li>\n\n\n\n<li>Effet: un chat porteur du g\u00eane W sera int\u00e9gralement blanc quelle que soient les valeurs de tous les autres g\u00eanes cit\u00e9s ci-dessus. un chat porteur W\/W verra toute sa descendance directe \u00eatre aussi int\u00e9gralement blanche. ce g\u00eane masque int\u00e9gralement toutes les autres caract\u00e9ristiques de couleur des chats.<\/li>\n<\/ul>\n<\/li>\n<\/ul>\n\n\n\n<p>Si vous souhaitez approfondir les d\u00e9tails de la g\u00e9n\u00e9tique des couleurs pour les chats, je ne peux que vous conseiller les pages suivantes:<\/p>\n\n\n\n<p><a href=\"http:\/\/www.elevage-du-chat.fr\/genetique-chat.htm\">http:\/\/www.elevage-du-chat.fr\/genetique-chat.htm<\/a><\/p>\n\n\n\n<p>ou <a href=\"http:\/\/chat.alysebrisson.net\/index.html\" data-type=\"URL\" data-id=\"http:\/\/chat.alysebrisson.net\/index.html\">les travaux de <em>Alyse BRISSON<\/em><\/a> sur la g\u00e9n\u00e9tique des couleurs<\/p>\n\n\n\n<p><\/p>\n\n\n\n<p>L&rsquo;outil de simulation qui est en cours de d\u00e9veloppement s&rsquo;appuie sur ces analyses g\u00e9n\u00e9tiques et vise \u00e0 pr\u00e9dire les couleurs, motifs et patron de robe des chats en fonction des caract\u00e9ristiques g\u00e9n\u00e9tiques connues des parents, ou de l&rsquo;aspects visuel des parents.<\/p>\n\n\n\n<p>Il est important de noter que l&rsquo;observation des parents, de toute l&rsquo;ascendance connue, mais aussi d&rsquo;autres port\u00e9es pr\u00e9c\u00e9dentes engendr\u00e9es par des chats parmettent de renseigner progressivement la carte g\u00e9n\u00e9tique de chacun des chats, ce qui am\u00e9liore ensuite les possibilit\u00e9s de pr\u00e9diction.<\/p>\n\n\n\n<p>Si vous \u00eates \u00e9leveur, ou juste curieux, je vous invite \u00e0 dresser la carte g\u00e9n\u00e9tique de vos chats pour anticiper aux mieux l&rsquo;apparence des chats futurs, ou choisir les meilleurs mariages possibles en vue d&rsquo;obtenir tel ou tel type de chaton. Le site permettra d&rsquo;enregistrer vos chats (pour ne pas avoir \u00e0 ressaisir leurs caract\u00e9ristiques \u00e0 chaque fois, et vous permettra de les enrichir au fur et \u00e0 mesure de votre exp\u00e9rience et de votre d\u00e9couverte de leur g\u00e9nome.<\/p>\n\n\n\n<p><code><link href='https:\/\/fonts.googleapis.com\/css?family=Ballet' rel='stylesheet'>\n<style>\n\th1 {\n\t\tfont-family: \"Ballet\";\n\t\tfont-size: 40px;\n\t}\n<\/style><\/code><a href=\"https:\/\/chatteriedelareine.fr\/wp-admin\/admin.php?page=edit-snippet&amp;id=30#\"><\/a><\/p>\n","protected":false},"excerpt":{"rendered":"<p>La couleur d&rsquo;un chat est d\u00e9termin\u00e9e par de tr\u00e8s nombreux g\u00eanes qui cr\u00e9ent ainsi un nombre de combinaisons significatives qui font de votre chat un \u00eatre unique. Pour faire simple, chacun des deux parents d&rsquo;un chat lui fournit la moiti\u00e9 de ses chromosomes (les chromosomes vont par paire) pour en faire un \u00eatre complet. Les diff\u00e9rents g\u00eanes codant pour la couleur sont ainsi transmis pour moiti\u00e9 par chacun des parents. Ces g\u00eanes \u00e9tant port\u00e9s par des chromosomes diff\u00e9rents, il n&rsquo;y a pas de corr\u00e9lation entre eux. Chaque parent fournit un all\u00e8le pour chacun des g\u00eanes influant sur la couleur. Pour &hellip; <\/p>\n","protected":false},"author":1,"featured_media":0,"parent":0,"menu_order":0,"comment_status":"closed","ping_status":"closed","template":"","meta":{"footnotes":""},"class_list":["post-24","page","type-page","status-publish","hentry"],"_links":{"self":[{"href":"https:\/\/chatteriedelareine.fr\/index.php\/wp-json\/wp\/v2\/pages\/24","targetHints":{"allow":["GET"]}}],"collection":[{"href":"https:\/\/chatteriedelareine.fr\/index.php\/wp-json\/wp\/v2\/pages"}],"about":[{"href":"https:\/\/chatteriedelareine.fr\/index.php\/wp-json\/wp\/v2\/types\/page"}],"author":[{"embeddable":true,"href":"https:\/\/chatteriedelareine.fr\/index.php\/wp-json\/wp\/v2\/users\/1"}],"replies":[{"embeddable":true,"href":"https:\/\/chatteriedelareine.fr\/index.php\/wp-json\/wp\/v2\/comments?post=24"}],"version-history":[{"count":4,"href":"https:\/\/chatteriedelareine.fr\/index.php\/wp-json\/wp\/v2\/pages\/24\/revisions"}],"predecessor-version":[{"id":491,"href":"https:\/\/chatteriedelareine.fr\/index.php\/wp-json\/wp\/v2\/pages\/24\/revisions\/491"}],"wp:attachment":[{"href":"https:\/\/chatteriedelareine.fr\/index.php\/wp-json\/wp\/v2\/media?parent=24"}],"curies":[{"name":"wp","href":"https:\/\/api.w.org\/{rel}","templated":true}]}}