{"id":2338,"date":"2025-08-11T16:53:18","date_gmt":"2025-08-11T14:53:18","guid":{"rendered":"https:\/\/chatteriedelareine.fr\/?page_id=2338"},"modified":"2025-09-01T11:24:13","modified_gmt":"2025-09-01T09:24:13","slug":"akela","status":"publish","type":"page","link":"https:\/\/chatteriedelareine.fr\/index.php\/akela\/","title":{"rendered":"Sir McCookie"},"content":{"rendered":"\n<p id=\"block-892eb139-38c1-40f7-88ff-e53a793d7347\">Nous vous pr\u00e9sentons Sir McCookie (anciennement Akela).<br>Il est n\u00e9 le 7 juillet 2025 du mariage entre <a href=\"https:\/\/chatteriedelareine.fr\/index.php\/phili\/\" data-type=\"page\" data-id=\"20\">Phili <\/a>et <a href=\"https:\/\/chatteriedelareine.fr\/index.php\/umma\/\" data-type=\"page\" data-id=\"1192\">Umma<\/a><br>Il est straight, chocolat tabby point.<br>C&rsquo;est un adorable chaton, calme, tr\u00e8s c\u00e2lin et aussi joueur. il a gabarit plut\u00f4t \u00e9lanc\u00e9 compar\u00e9 \u00e0 ses deux fr\u00e8res jumeaux, mais il aime bien explorer son environnement et d\u00e9couvrir les alentours.<br>Hormis l&rsquo;aspect fold, il devrait beaucoup ressembler \u00e0 son papa <a href=\"https:\/\/chatteriedelareine.fr\/index.php\/phili\/\" data-type=\"page\" data-id=\"20\">Phili<\/a>.<br>Ayant pass\u00e9 son premier mois, il commence \u00e0 prendre ses couleurs l\u00e9g\u00e8res aux extr\u00e9mit\u00e9s, sur son visage et sur sa queue et ses premi\u00e8res \u00ab\u00a0tigrures\u00a0\u00bb sont d\u00e9j\u00e0 apparues. Ses yeux bleus commencent eux aussi \u00e0 s&rsquo;exprimer et \u00e0 \u00eatre bien per\u00e7ants.<\/p>\n\n\n\n<p id=\"block-c9315665-d40c-4f01-97c5-e59846d59351\"><strong>Status: \nvendu<br><\/strong><\/p>\n\n\n\n<p id=\"block-4ca07fb1-dc43-488b-92fb-69cac3240240\"><strong>Date de d\u00e9part pr\u00e9visionnelle: <\/strong>mi-septembre 2025<\/p>\n\n\n\n<p id=\"block-8ec6bec0-a8cf-412b-bfcc-ad2d50f15e54\">Voici ses premi\u00e8res photos autour de 1 mois<\/p>\n\n\n\n<figure class=\"wp-block-gallery has-nested-images columns-default is-cropped wp-block-gallery-1 is-layout-flex wp-block-gallery-is-layout-flex\">\n<figure data-wp-context=\"{&quot;imageId&quot;:&quot;69e239a777c35&quot;}\" data-wp-interactive=\"core\/image\" data-wp-key=\"69e239a777c35\" class=\"wp-block-image size-large wp-lightbox-container\"><img loading=\"lazy\" decoding=\"async\" width=\"1024\" height=\"768\" data-wp-class--hide=\"state.isContentHidden\" data-wp-class--show=\"state.isContentVisible\" data-wp-init=\"callbacks.setButtonStyles\" data-wp-on--click=\"actions.showLightbox\" data-wp-on--load=\"callbacks.setButtonStyles\" data-wp-on-window--resize=\"callbacks.setButtonStyles\" data-id=\"2341\" src=\"https:\/\/chatteriedelareine.fr\/wp-content\/uploads\/2025\/08\/1c059066-288c-405a-a88a-70ba43f2eec7-Copie-1024x768.jpg\" alt=\"\" class=\"wp-image-2341\" srcset=\"https:\/\/chatteriedelareine.fr\/wp-content\/uploads\/2025\/08\/1c059066-288c-405a-a88a-70ba43f2eec7-Copie-1024x768.jpg 1024w, https:\/\/chatteriedelareine.fr\/wp-content\/uploads\/2025\/08\/1c059066-288c-405a-a88a-70ba43f2eec7-Copie-300x225.jpg 300w, https:\/\/chatteriedelareine.fr\/wp-content\/uploads\/2025\/08\/1c059066-288c-405a-a88a-70ba43f2eec7-Copie-768x576.jpg 768w, https:\/\/chatteriedelareine.fr\/wp-content\/uploads\/2025\/08\/1c059066-288c-405a-a88a-70ba43f2eec7-Copie-1536x1152.jpg 1536w, https:\/\/chatteriedelareine.fr\/wp-content\/uploads\/2025\/08\/1c059066-288c-405a-a88a-70ba43f2eec7-Copie-63x46.jpg 63w, https:\/\/chatteriedelareine.fr\/wp-content\/uploads\/2025\/08\/1c059066-288c-405a-a88a-70ba43f2eec7-Copie.jpg 2048w\" sizes=\"auto, (max-width: 1024px) 100vw, 1024px\" \/><button\n\t\t\tclass=\"lightbox-trigger\"\n\t\t\ttype=\"button\"\n\t\t\taria-haspopup=\"dialog\"\n\t\t\taria-label=\"Agrandir\"\n\t\t\tdata-wp-init=\"callbacks.initTriggerButton\"\n\t\t\tdata-wp-on--click=\"actions.showLightbox\"\n\t\t\tdata-wp-style--right=\"state.imageButtonRight\"\n\t\t\tdata-wp-style--top=\"state.imageButtonTop\"\n\t\t>\n\t\t\t<svg xmlns=\"http:\/\/www.w3.org\/2000\/svg\" width=\"12\" height=\"12\" fill=\"none\" viewBox=\"0 0 12 12\">\n\t\t\t\t<path fill=\"#fff\" d=\"M2 0a2 2 0 0 0-2 2v2h1.5V2a.5.5 0 0 1 .5-.5h2V0H2Zm2 10.5H2a.5.5 0 0 1-.5-.5V8H0v2a2 2 0 0 0 2 2h2v-1.5ZM8 12v-1.5h2a.5.5 0 0 0 .5-.5V8H12v2a2 2 0 0 1-2 2H8Zm2-12a2 2 0 0 1 2 2v2h-1.5V2a.5.5 0 0 0-.5-.5H8V0h2Z\" \/>\n\t\t\t<\/svg>\n\t\t<\/button><\/figure>\n\n\n\n<figure class=\"wp-block-image size-large\"><img loading=\"lazy\" decoding=\"async\" width=\"829\" height=\"1024\" data-id=\"2367\" src=\"https:\/\/chatteriedelareine.fr\/wp-content\/uploads\/2025\/08\/2f7493be-d03a-4014-ab11-22ac6b91379b-829x1024.jpg\" alt=\"\" class=\"wp-image-2367\" srcset=\"https:\/\/chatteriedelareine.fr\/wp-content\/uploads\/2025\/08\/2f7493be-d03a-4014-ab11-22ac6b91379b-829x1024.jpg 829w, https:\/\/chatteriedelareine.fr\/wp-content\/uploads\/2025\/08\/2f7493be-d03a-4014-ab11-22ac6b91379b-243x300.jpg 243w, https:\/\/chatteriedelareine.fr\/wp-content\/uploads\/2025\/08\/2f7493be-d03a-4014-ab11-22ac6b91379b-768x949.jpg 768w, https:\/\/chatteriedelareine.fr\/wp-content\/uploads\/2025\/08\/2f7493be-d03a-4014-ab11-22ac6b91379b-1243x1536.jpg 1243w, https:\/\/chatteriedelareine.fr\/wp-content\/uploads\/2025\/08\/2f7493be-d03a-4014-ab11-22ac6b91379b.jpg 1295w\" sizes=\"auto, (max-width: 829px) 100vw, 829px\" \/><\/figure>\n\n\n\n<figure data-wp-context=\"{&quot;imageId&quot;:&quot;69e239a778675&quot;}\" data-wp-interactive=\"core\/image\" data-wp-key=\"69e239a778675\" class=\"wp-block-image size-large wp-lightbox-container\"><img loading=\"lazy\" decoding=\"async\" width=\"768\" height=\"1024\" data-wp-class--hide=\"state.isContentHidden\" data-wp-class--show=\"state.isContentVisible\" data-wp-init=\"callbacks.setButtonStyles\" data-wp-on--click=\"actions.showLightbox\" data-wp-on--load=\"callbacks.setButtonStyles\" data-wp-on-window--resize=\"callbacks.setButtonStyles\" data-id=\"2344\" src=\"https:\/\/chatteriedelareine.fr\/wp-content\/uploads\/2025\/08\/6f14dc97-042e-4461-8ae4-49e6e0e7a1be-Copie-768x1024.jpg\" alt=\"\" class=\"wp-image-2344\" srcset=\"https:\/\/chatteriedelareine.fr\/wp-content\/uploads\/2025\/08\/6f14dc97-042e-4461-8ae4-49e6e0e7a1be-Copie-768x1024.jpg 768w, https:\/\/chatteriedelareine.fr\/wp-content\/uploads\/2025\/08\/6f14dc97-042e-4461-8ae4-49e6e0e7a1be-Copie-225x300.jpg 225w, https:\/\/chatteriedelareine.fr\/wp-content\/uploads\/2025\/08\/6f14dc97-042e-4461-8ae4-49e6e0e7a1be-Copie-1152x1536.jpg 1152w, https:\/\/chatteriedelareine.fr\/wp-content\/uploads\/2025\/08\/6f14dc97-042e-4461-8ae4-49e6e0e7a1be-Copie.jpg 1536w\" sizes=\"auto, (max-width: 768px) 100vw, 768px\" \/><button\n\t\t\tclass=\"lightbox-trigger\"\n\t\t\ttype=\"button\"\n\t\t\taria-haspopup=\"dialog\"\n\t\t\taria-label=\"Agrandir\"\n\t\t\tdata-wp-init=\"callbacks.initTriggerButton\"\n\t\t\tdata-wp-on--click=\"actions.showLightbox\"\n\t\t\tdata-wp-style--right=\"state.imageButtonRight\"\n\t\t\tdata-wp-style--top=\"state.imageButtonTop\"\n\t\t>\n\t\t\t<svg xmlns=\"http:\/\/www.w3.org\/2000\/svg\" width=\"12\" height=\"12\" fill=\"none\" viewBox=\"0 0 12 12\">\n\t\t\t\t<path fill=\"#fff\" d=\"M2 0a2 2 0 0 0-2 2v2h1.5V2a.5.5 0 0 1 .5-.5h2V0H2Zm2 10.5H2a.5.5 0 0 1-.5-.5V8H0v2a2 2 0 0 0 2 2h2v-1.5ZM8 12v-1.5h2a.5.5 0 0 0 .5-.5V8H12v2a2 2 0 0 1-2 2H8Zm2-12a2 2 0 0 1 2 2v2h-1.5V2a.5.5 0 0 0-.5-.5H8V0h2Z\" \/>\n\t\t\t<\/svg>\n\t\t<\/button><\/figure>\n\n\n\n<figure data-wp-context=\"{&quot;imageId&quot;:&quot;69e239a778a79&quot;}\" data-wp-interactive=\"core\/image\" data-wp-key=\"69e239a778a79\" class=\"wp-block-image size-large wp-lightbox-container\"><img loading=\"lazy\" decoding=\"async\" width=\"768\" height=\"1024\" data-wp-class--hide=\"state.isContentHidden\" data-wp-class--show=\"state.isContentVisible\" data-wp-init=\"callbacks.setButtonStyles\" data-wp-on--click=\"actions.showLightbox\" data-wp-on--load=\"callbacks.setButtonStyles\" data-wp-on-window--resize=\"callbacks.setButtonStyles\" data-id=\"2343\" src=\"https:\/\/chatteriedelareine.fr\/wp-content\/uploads\/2025\/08\/45fb9806-b7a3-443f-ae16-680aae2fa433-Copie-768x1024.jpg\" alt=\"\" class=\"wp-image-2343\" srcset=\"https:\/\/chatteriedelareine.fr\/wp-content\/uploads\/2025\/08\/45fb9806-b7a3-443f-ae16-680aae2fa433-Copie-768x1024.jpg 768w, https:\/\/chatteriedelareine.fr\/wp-content\/uploads\/2025\/08\/45fb9806-b7a3-443f-ae16-680aae2fa433-Copie-225x300.jpg 225w, https:\/\/chatteriedelareine.fr\/wp-content\/uploads\/2025\/08\/45fb9806-b7a3-443f-ae16-680aae2fa433-Copie-1152x1536.jpg 1152w, https:\/\/chatteriedelareine.fr\/wp-content\/uploads\/2025\/08\/45fb9806-b7a3-443f-ae16-680aae2fa433-Copie.jpg 1536w\" sizes=\"auto, (max-width: 768px) 100vw, 768px\" \/><button\n\t\t\tclass=\"lightbox-trigger\"\n\t\t\ttype=\"button\"\n\t\t\taria-haspopup=\"dialog\"\n\t\t\taria-label=\"Agrandir\"\n\t\t\tdata-wp-init=\"callbacks.initTriggerButton\"\n\t\t\tdata-wp-on--click=\"actions.showLightbox\"\n\t\t\tdata-wp-style--right=\"state.imageButtonRight\"\n\t\t\tdata-wp-style--top=\"state.imageButtonTop\"\n\t\t>\n\t\t\t<svg xmlns=\"http:\/\/www.w3.org\/2000\/svg\" width=\"12\" height=\"12\" fill=\"none\" viewBox=\"0 0 12 12\">\n\t\t\t\t<path fill=\"#fff\" d=\"M2 0a2 2 0 0 0-2 2v2h1.5V2a.5.5 0 0 1 .5-.5h2V0H2Zm2 10.5H2a.5.5 0 0 1-.5-.5V8H0v2a2 2 0 0 0 2 2h2v-1.5ZM8 12v-1.5h2a.5.5 0 0 0 .5-.5V8H12v2a2 2 0 0 1-2 2H8Zm2-12a2 2 0 0 1 2 2v2h-1.5V2a.5.5 0 0 0-.5-.5H8V0h2Z\" \/>\n\t\t\t<\/svg>\n\t\t<\/button><\/figure>\n\n\n\n<figure data-wp-context=\"{&quot;imageId&quot;:&quot;69e239a778ec8&quot;}\" data-wp-interactive=\"core\/image\" data-wp-key=\"69e239a778ec8\" class=\"wp-block-image size-large wp-lightbox-container\"><img loading=\"lazy\" decoding=\"async\" width=\"768\" height=\"1024\" data-wp-class--hide=\"state.isContentHidden\" data-wp-class--show=\"state.isContentVisible\" data-wp-init=\"callbacks.setButtonStyles\" data-wp-on--click=\"actions.showLightbox\" data-wp-on--load=\"callbacks.setButtonStyles\" data-wp-on-window--resize=\"callbacks.setButtonStyles\" data-id=\"2340\" src=\"https:\/\/chatteriedelareine.fr\/wp-content\/uploads\/2025\/08\/8e6039ef-4f69-4536-8c4a-fc82bc1e849d-Copie-768x1024.jpg\" alt=\"\" class=\"wp-image-2340\" srcset=\"https:\/\/chatteriedelareine.fr\/wp-content\/uploads\/2025\/08\/8e6039ef-4f69-4536-8c4a-fc82bc1e849d-Copie-768x1024.jpg 768w, https:\/\/chatteriedelareine.fr\/wp-content\/uploads\/2025\/08\/8e6039ef-4f69-4536-8c4a-fc82bc1e849d-Copie-225x300.jpg 225w, https:\/\/chatteriedelareine.fr\/wp-content\/uploads\/2025\/08\/8e6039ef-4f69-4536-8c4a-fc82bc1e849d-Copie-1152x1536.jpg 1152w, https:\/\/chatteriedelareine.fr\/wp-content\/uploads\/2025\/08\/8e6039ef-4f69-4536-8c4a-fc82bc1e849d-Copie.jpg 1536w\" sizes=\"auto, (max-width: 768px) 100vw, 768px\" \/><button\n\t\t\tclass=\"lightbox-trigger\"\n\t\t\ttype=\"button\"\n\t\t\taria-haspopup=\"dialog\"\n\t\t\taria-label=\"Agrandir\"\n\t\t\tdata-wp-init=\"callbacks.initTriggerButton\"\n\t\t\tdata-wp-on--click=\"actions.showLightbox\"\n\t\t\tdata-wp-style--right=\"state.imageButtonRight\"\n\t\t\tdata-wp-style--top=\"state.imageButtonTop\"\n\t\t>\n\t\t\t<svg xmlns=\"http:\/\/www.w3.org\/2000\/svg\" width=\"12\" height=\"12\" fill=\"none\" viewBox=\"0 0 12 12\">\n\t\t\t\t<path fill=\"#fff\" d=\"M2 0a2 2 0 0 0-2 2v2h1.5V2a.5.5 0 0 1 .5-.5h2V0H2Zm2 10.5H2a.5.5 0 0 1-.5-.5V8H0v2a2 2 0 0 0 2 2h2v-1.5ZM8 12v-1.5h2a.5.5 0 0 0 .5-.5V8H12v2a2 2 0 0 1-2 2H8Zm2-12a2 2 0 0 1 2 2v2h-1.5V2a.5.5 0 0 0-.5-.5H8V0h2Z\" \/>\n\t\t\t<\/svg>\n\t\t<\/button><\/figure>\n\n\n\n<figure data-wp-context=\"{&quot;imageId&quot;:&quot;69e239a779291&quot;}\" data-wp-interactive=\"core\/image\" data-wp-key=\"69e239a779291\" class=\"wp-block-image size-large wp-lightbox-container\"><img loading=\"lazy\" decoding=\"async\" width=\"896\" height=\"1024\" data-wp-class--hide=\"state.isContentHidden\" data-wp-class--show=\"state.isContentVisible\" data-wp-init=\"callbacks.setButtonStyles\" data-wp-on--click=\"actions.showLightbox\" data-wp-on--load=\"callbacks.setButtonStyles\" data-wp-on-window--resize=\"callbacks.setButtonStyles\" data-id=\"2339\" src=\"https:\/\/chatteriedelareine.fr\/wp-content\/uploads\/2025\/08\/9d8eb829-16e7-4422-b383-5a2e49342055-Copie-896x1024.jpg\" alt=\"\" class=\"wp-image-2339\" srcset=\"https:\/\/chatteriedelareine.fr\/wp-content\/uploads\/2025\/08\/9d8eb829-16e7-4422-b383-5a2e49342055-Copie-896x1024.jpg 896w, https:\/\/chatteriedelareine.fr\/wp-content\/uploads\/2025\/08\/9d8eb829-16e7-4422-b383-5a2e49342055-Copie-263x300.jpg 263w, https:\/\/chatteriedelareine.fr\/wp-content\/uploads\/2025\/08\/9d8eb829-16e7-4422-b383-5a2e49342055-Copie-768x878.jpg 768w, https:\/\/chatteriedelareine.fr\/wp-content\/uploads\/2025\/08\/9d8eb829-16e7-4422-b383-5a2e49342055-Copie-1344x1536.jpg 1344w, https:\/\/chatteriedelareine.fr\/wp-content\/uploads\/2025\/08\/9d8eb829-16e7-4422-b383-5a2e49342055-Copie.jpg 1792w\" sizes=\"auto, (max-width: 896px) 100vw, 896px\" \/><button\n\t\t\tclass=\"lightbox-trigger\"\n\t\t\ttype=\"button\"\n\t\t\taria-haspopup=\"dialog\"\n\t\t\taria-label=\"Agrandir\"\n\t\t\tdata-wp-init=\"callbacks.initTriggerButton\"\n\t\t\tdata-wp-on--click=\"actions.showLightbox\"\n\t\t\tdata-wp-style--right=\"state.imageButtonRight\"\n\t\t\tdata-wp-style--top=\"state.imageButtonTop\"\n\t\t>\n\t\t\t<svg xmlns=\"http:\/\/www.w3.org\/2000\/svg\" width=\"12\" height=\"12\" fill=\"none\" viewBox=\"0 0 12 12\">\n\t\t\t\t<path fill=\"#fff\" d=\"M2 0a2 2 0 0 0-2 2v2h1.5V2a.5.5 0 0 1 .5-.5h2V0H2Zm2 10.5H2a.5.5 0 0 1-.5-.5V8H0v2a2 2 0 0 0 2 2h2v-1.5ZM8 12v-1.5h2a.5.5 0 0 0 .5-.5V8H12v2a2 2 0 0 1-2 2H8Zm2-12a2 2 0 0 1 2 2v2h-1.5V2a.5.5 0 0 0-.5-.5H8V0h2Z\" \/>\n\t\t\t<\/svg>\n\t\t<\/button><\/figure>\n<\/figure>\n","protected":false},"excerpt":{"rendered":"<p>Nous vous pr\u00e9sentons Sir McCookie (anciennement Akela).Il est n\u00e9 le 7 juillet 2025 du mariage entre Phili et UmmaIl est straight, chocolat tabby point.C&rsquo;est un adorable chaton, calme, tr\u00e8s c\u00e2lin et aussi joueur. il a gabarit plut\u00f4t \u00e9lanc\u00e9 compar\u00e9 \u00e0 ses deux fr\u00e8res jumeaux, mais il aime bien explorer son environnement et d\u00e9couvrir les alentours.Hormis l&rsquo;aspect fold, il devrait beaucoup ressembler \u00e0 son papa Phili.Ayant pass\u00e9 son premier mois, il commence \u00e0 prendre ses couleurs l\u00e9g\u00e8res aux extr\u00e9mit\u00e9s, sur son visage et sur sa queue et ses premi\u00e8res \u00ab\u00a0tigrures\u00a0\u00bb sont d\u00e9j\u00e0 apparues. Ses yeux bleus commencent eux aussi \u00e0 s&rsquo;exprimer &hellip; <\/p>\n","protected":false},"author":1,"featured_media":0,"parent":0,"menu_order":0,"comment_status":"closed","ping_status":"closed","template":"","meta":{"footnotes":""},"class_list":["post-2338","page","type-page","status-publish","hentry"],"_links":{"self":[{"href":"https:\/\/chatteriedelareine.fr\/index.php\/wp-json\/wp\/v2\/pages\/2338","targetHints":{"allow":["GET"]}}],"collection":[{"href":"https:\/\/chatteriedelareine.fr\/index.php\/wp-json\/wp\/v2\/pages"}],"about":[{"href":"https:\/\/chatteriedelareine.fr\/index.php\/wp-json\/wp\/v2\/types\/page"}],"author":[{"embeddable":true,"href":"https:\/\/chatteriedelareine.fr\/index.php\/wp-json\/wp\/v2\/users\/1"}],"replies":[{"embeddable":true,"href":"https:\/\/chatteriedelareine.fr\/index.php\/wp-json\/wp\/v2\/comments?post=2338"}],"version-history":[{"count":3,"href":"https:\/\/chatteriedelareine.fr\/index.php\/wp-json\/wp\/v2\/pages\/2338\/revisions"}],"predecessor-version":[{"id":2389,"href":"https:\/\/chatteriedelareine.fr\/index.php\/wp-json\/wp\/v2\/pages\/2338\/revisions\/2389"}],"wp:attachment":[{"href":"https:\/\/chatteriedelareine.fr\/index.php\/wp-json\/wp\/v2\/media?parent=2338"}],"curies":[{"name":"wp","href":"https:\/\/api.w.org\/{rel}","templated":true}]}}