{"id":2330,"date":"2025-08-11T16:47:34","date_gmt":"2025-08-11T14:47:34","guid":{"rendered":"https:\/\/chatteriedelareine.fr\/?page_id=2330"},"modified":"2025-08-17T17:14:12","modified_gmt":"2025-08-17T15:14:12","slug":"afila","status":"publish","type":"page","link":"https:\/\/chatteriedelareine.fr\/index.php\/afila\/","title":{"rendered":"AIKO"},"content":{"rendered":"\n<p id=\"block-892eb139-38c1-40f7-88ff-e53a793d7347\">Nous vous pr\u00e9sentons Aiko (pr\u00e9c\u00e9demment Afina).<br>Elle est n\u00e9e le 7 juillet 2025 du mariage entre Phili et Umma et c&rsquo;est la seule femelle et la seule fold de sa port\u00e9e: Elle est fold chocolat point.<br>C&rsquo;est une adorable chatte, tr\u00e8s douce et joueuse.<br>De part sa couleur, elle devrait tr\u00e8s fortement ressembler \u00e0 s&rsquo;y m\u00e9prendre, \u00e0 sa s\u0153ur ain\u00e9e <a href=\"https:\/\/chatteriedelareine.fr\/index.php\/vanille-2\/\" data-type=\"page\" data-id=\"1730\">Vanille <\/a>, n\u00e9e l&rsquo;ann\u00e9e derni\u00e8re, lorsqu&rsquo;elle aura pris ses couleurs d\u00e9finitives.<br><br>Ayant pass\u00e9 son premier mois, elle commence \u00e0 nettement foncer aux extr\u00e9mit\u00e9s, sur son visage et sur sa queue; ses jolis yeux bleus commencent aussi \u00e0 prendre leur couleur d\u00e9finitive.<br><\/p>\n\n\n\n<p id=\"block-c9315665-d40c-4f01-97c5-e59846d59351\"><strong>Status: \nvendu<br>vendu<br><\/strong><\/p>\n\n\n\n<p id=\"block-4ca07fb1-dc43-488b-92fb-69cac3240240\"><strong>Date de d\u00e9part pr\u00e9visionnelle: <\/strong>mi-septembre 2025<\/p>\n\n\n\n<p id=\"block-8ec6bec0-a8cf-412b-bfcc-ad2d50f15e54\">Voici ses premi\u00e8res photos autour de 1 mois<\/p>\n\n\n\n<figure class=\"wp-block-gallery has-nested-images columns-default is-cropped wp-block-gallery-1 is-layout-flex wp-block-gallery-is-layout-flex\">\n<figure data-wp-context=\"{&quot;imageId&quot;:&quot;69e2396506d98&quot;}\" data-wp-interactive=\"core\/image\" data-wp-key=\"69e2396506d98\" class=\"wp-block-image size-large wp-lightbox-container\"><img loading=\"lazy\" decoding=\"async\" width=\"768\" height=\"1024\" data-wp-class--hide=\"state.isContentHidden\" data-wp-class--show=\"state.isContentVisible\" data-wp-init=\"callbacks.setButtonStyles\" data-wp-on--click=\"actions.showLightbox\" data-wp-on--load=\"callbacks.setButtonStyles\" data-wp-on-window--resize=\"callbacks.setButtonStyles\" data-id=\"2333\" src=\"https:\/\/chatteriedelareine.fr\/wp-content\/uploads\/2025\/08\/36c1e677-4a65-442b-8c13-14bab380aa02-768x1024.jpg\" alt=\"\" class=\"wp-image-2333\" srcset=\"https:\/\/chatteriedelareine.fr\/wp-content\/uploads\/2025\/08\/36c1e677-4a65-442b-8c13-14bab380aa02-768x1024.jpg 768w, https:\/\/chatteriedelareine.fr\/wp-content\/uploads\/2025\/08\/36c1e677-4a65-442b-8c13-14bab380aa02-225x300.jpg 225w, https:\/\/chatteriedelareine.fr\/wp-content\/uploads\/2025\/08\/36c1e677-4a65-442b-8c13-14bab380aa02-1152x1536.jpg 1152w, https:\/\/chatteriedelareine.fr\/wp-content\/uploads\/2025\/08\/36c1e677-4a65-442b-8c13-14bab380aa02.jpg 1536w\" sizes=\"auto, (max-width: 768px) 100vw, 768px\" \/><button\n\t\t\tclass=\"lightbox-trigger\"\n\t\t\ttype=\"button\"\n\t\t\taria-haspopup=\"dialog\"\n\t\t\taria-label=\"Agrandir\"\n\t\t\tdata-wp-init=\"callbacks.initTriggerButton\"\n\t\t\tdata-wp-on--click=\"actions.showLightbox\"\n\t\t\tdata-wp-style--right=\"state.imageButtonRight\"\n\t\t\tdata-wp-style--top=\"state.imageButtonTop\"\n\t\t>\n\t\t\t<svg xmlns=\"http:\/\/www.w3.org\/2000\/svg\" width=\"12\" height=\"12\" fill=\"none\" viewBox=\"0 0 12 12\">\n\t\t\t\t<path fill=\"#fff\" d=\"M2 0a2 2 0 0 0-2 2v2h1.5V2a.5.5 0 0 1 .5-.5h2V0H2Zm2 10.5H2a.5.5 0 0 1-.5-.5V8H0v2a2 2 0 0 0 2 2h2v-1.5ZM8 12v-1.5h2a.5.5 0 0 0 .5-.5V8H12v2a2 2 0 0 1-2 2H8Zm2-12a2 2 0 0 1 2 2v2h-1.5V2a.5.5 0 0 0-.5-.5H8V0h2Z\" \/>\n\t\t\t<\/svg>\n\t\t<\/button><\/figure>\n\n\n\n<figure data-wp-context=\"{&quot;imageId&quot;:&quot;69e2396507205&quot;}\" data-wp-interactive=\"core\/image\" data-wp-key=\"69e2396507205\" class=\"wp-block-image size-large wp-lightbox-container\"><img loading=\"lazy\" decoding=\"async\" width=\"729\" height=\"1024\" data-wp-class--hide=\"state.isContentHidden\" data-wp-class--show=\"state.isContentVisible\" data-wp-init=\"callbacks.setButtonStyles\" data-wp-on--click=\"actions.showLightbox\" data-wp-on--load=\"callbacks.setButtonStyles\" data-wp-on-window--resize=\"callbacks.setButtonStyles\" data-id=\"2365\" src=\"https:\/\/chatteriedelareine.fr\/wp-content\/uploads\/2025\/08\/88d50f39-b89b-4406-866f-c311e51cada0-729x1024.jpg\" alt=\"\" class=\"wp-image-2365\" srcset=\"https:\/\/chatteriedelareine.fr\/wp-content\/uploads\/2025\/08\/88d50f39-b89b-4406-866f-c311e51cada0-729x1024.jpg 729w, https:\/\/chatteriedelareine.fr\/wp-content\/uploads\/2025\/08\/88d50f39-b89b-4406-866f-c311e51cada0-214x300.jpg 214w, https:\/\/chatteriedelareine.fr\/wp-content\/uploads\/2025\/08\/88d50f39-b89b-4406-866f-c311e51cada0-768x1079.jpg 768w, https:\/\/chatteriedelareine.fr\/wp-content\/uploads\/2025\/08\/88d50f39-b89b-4406-866f-c311e51cada0-1094x1536.jpg 1094w, https:\/\/chatteriedelareine.fr\/wp-content\/uploads\/2025\/08\/88d50f39-b89b-4406-866f-c311e51cada0.jpg 1458w\" sizes=\"auto, (max-width: 729px) 100vw, 729px\" \/><button\n\t\t\tclass=\"lightbox-trigger\"\n\t\t\ttype=\"button\"\n\t\t\taria-haspopup=\"dialog\"\n\t\t\taria-label=\"Agrandir\"\n\t\t\tdata-wp-init=\"callbacks.initTriggerButton\"\n\t\t\tdata-wp-on--click=\"actions.showLightbox\"\n\t\t\tdata-wp-style--right=\"state.imageButtonRight\"\n\t\t\tdata-wp-style--top=\"state.imageButtonTop\"\n\t\t>\n\t\t\t<svg xmlns=\"http:\/\/www.w3.org\/2000\/svg\" width=\"12\" height=\"12\" fill=\"none\" viewBox=\"0 0 12 12\">\n\t\t\t\t<path fill=\"#fff\" d=\"M2 0a2 2 0 0 0-2 2v2h1.5V2a.5.5 0 0 1 .5-.5h2V0H2Zm2 10.5H2a.5.5 0 0 1-.5-.5V8H0v2a2 2 0 0 0 2 2h2v-1.5ZM8 12v-1.5h2a.5.5 0 0 0 .5-.5V8H12v2a2 2 0 0 1-2 2H8Zm2-12a2 2 0 0 1 2 2v2h-1.5V2a.5.5 0 0 0-.5-.5H8V0h2Z\" \/>\n\t\t\t<\/svg>\n\t\t<\/button><\/figure>\n\n\n\n<figure data-wp-context=\"{&quot;imageId&quot;:&quot;69e23965075fd&quot;}\" data-wp-interactive=\"core\/image\" data-wp-key=\"69e23965075fd\" class=\"wp-block-image size-large wp-lightbox-container\"><img loading=\"lazy\" decoding=\"async\" width=\"768\" height=\"1024\" data-wp-class--hide=\"state.isContentHidden\" data-wp-class--show=\"state.isContentVisible\" data-wp-init=\"callbacks.setButtonStyles\" data-wp-on--click=\"actions.showLightbox\" data-wp-on--load=\"callbacks.setButtonStyles\" data-wp-on-window--resize=\"callbacks.setButtonStyles\" data-id=\"2331\" src=\"https:\/\/chatteriedelareine.fr\/wp-content\/uploads\/2025\/08\/2efaf8aa-a13d-4d97-a3c9-e53a71547867-768x1024.jpg\" alt=\"\" class=\"wp-image-2331\" srcset=\"https:\/\/chatteriedelareine.fr\/wp-content\/uploads\/2025\/08\/2efaf8aa-a13d-4d97-a3c9-e53a71547867-768x1024.jpg 768w, https:\/\/chatteriedelareine.fr\/wp-content\/uploads\/2025\/08\/2efaf8aa-a13d-4d97-a3c9-e53a71547867-225x300.jpg 225w, https:\/\/chatteriedelareine.fr\/wp-content\/uploads\/2025\/08\/2efaf8aa-a13d-4d97-a3c9-e53a71547867-1152x1536.jpg 1152w, https:\/\/chatteriedelareine.fr\/wp-content\/uploads\/2025\/08\/2efaf8aa-a13d-4d97-a3c9-e53a71547867.jpg 1536w\" sizes=\"auto, (max-width: 768px) 100vw, 768px\" \/><button\n\t\t\tclass=\"lightbox-trigger\"\n\t\t\ttype=\"button\"\n\t\t\taria-haspopup=\"dialog\"\n\t\t\taria-label=\"Agrandir\"\n\t\t\tdata-wp-init=\"callbacks.initTriggerButton\"\n\t\t\tdata-wp-on--click=\"actions.showLightbox\"\n\t\t\tdata-wp-style--right=\"state.imageButtonRight\"\n\t\t\tdata-wp-style--top=\"state.imageButtonTop\"\n\t\t>\n\t\t\t<svg xmlns=\"http:\/\/www.w3.org\/2000\/svg\" width=\"12\" height=\"12\" fill=\"none\" viewBox=\"0 0 12 12\">\n\t\t\t\t<path fill=\"#fff\" d=\"M2 0a2 2 0 0 0-2 2v2h1.5V2a.5.5 0 0 1 .5-.5h2V0H2Zm2 10.5H2a.5.5 0 0 1-.5-.5V8H0v2a2 2 0 0 0 2 2h2v-1.5ZM8 12v-1.5h2a.5.5 0 0 0 .5-.5V8H12v2a2 2 0 0 1-2 2H8Zm2-12a2 2 0 0 1 2 2v2h-1.5V2a.5.5 0 0 0-.5-.5H8V0h2Z\" \/>\n\t\t\t<\/svg>\n\t\t<\/button><\/figure>\n\n\n\n<figure data-wp-context=\"{&quot;imageId&quot;:&quot;69e2396507a02&quot;}\" data-wp-interactive=\"core\/image\" data-wp-key=\"69e2396507a02\" class=\"wp-block-image size-large wp-lightbox-container\"><img loading=\"lazy\" decoding=\"async\" width=\"614\" height=\"1024\" data-wp-class--hide=\"state.isContentHidden\" data-wp-class--show=\"state.isContentVisible\" data-wp-init=\"callbacks.setButtonStyles\" data-wp-on--click=\"actions.showLightbox\" data-wp-on--load=\"callbacks.setButtonStyles\" data-wp-on-window--resize=\"callbacks.setButtonStyles\" data-id=\"2336\" src=\"https:\/\/chatteriedelareine.fr\/wp-content\/uploads\/2025\/08\/5f16b045-2d8b-4634-888d-22cfa78f94cf-614x1024.jpg\" alt=\"\" class=\"wp-image-2336\" srcset=\"https:\/\/chatteriedelareine.fr\/wp-content\/uploads\/2025\/08\/5f16b045-2d8b-4634-888d-22cfa78f94cf-614x1024.jpg 614w, https:\/\/chatteriedelareine.fr\/wp-content\/uploads\/2025\/08\/5f16b045-2d8b-4634-888d-22cfa78f94cf-180x300.jpg 180w, https:\/\/chatteriedelareine.fr\/wp-content\/uploads\/2025\/08\/5f16b045-2d8b-4634-888d-22cfa78f94cf-768x1281.jpg 768w, https:\/\/chatteriedelareine.fr\/wp-content\/uploads\/2025\/08\/5f16b045-2d8b-4634-888d-22cfa78f94cf-921x1536.jpg 921w, https:\/\/chatteriedelareine.fr\/wp-content\/uploads\/2025\/08\/5f16b045-2d8b-4634-888d-22cfa78f94cf.jpg 1228w\" sizes=\"auto, (max-width: 614px) 100vw, 614px\" \/><button\n\t\t\tclass=\"lightbox-trigger\"\n\t\t\ttype=\"button\"\n\t\t\taria-haspopup=\"dialog\"\n\t\t\taria-label=\"Agrandir\"\n\t\t\tdata-wp-init=\"callbacks.initTriggerButton\"\n\t\t\tdata-wp-on--click=\"actions.showLightbox\"\n\t\t\tdata-wp-style--right=\"state.imageButtonRight\"\n\t\t\tdata-wp-style--top=\"state.imageButtonTop\"\n\t\t>\n\t\t\t<svg xmlns=\"http:\/\/www.w3.org\/2000\/svg\" width=\"12\" height=\"12\" fill=\"none\" viewBox=\"0 0 12 12\">\n\t\t\t\t<path fill=\"#fff\" d=\"M2 0a2 2 0 0 0-2 2v2h1.5V2a.5.5 0 0 1 .5-.5h2V0H2Zm2 10.5H2a.5.5 0 0 1-.5-.5V8H0v2a2 2 0 0 0 2 2h2v-1.5ZM8 12v-1.5h2a.5.5 0 0 0 .5-.5V8H12v2a2 2 0 0 1-2 2H8Zm2-12a2 2 0 0 1 2 2v2h-1.5V2a.5.5 0 0 0-.5-.5H8V0h2Z\" \/>\n\t\t\t<\/svg>\n\t\t<\/button><\/figure>\n\n\n\n<figure data-wp-context=\"{&quot;imageId&quot;:&quot;69e2396507de7&quot;}\" data-wp-interactive=\"core\/image\" data-wp-key=\"69e2396507de7\" class=\"wp-block-image size-large wp-lightbox-container\"><img loading=\"lazy\" decoding=\"async\" width=\"768\" height=\"1024\" data-wp-class--hide=\"state.isContentHidden\" data-wp-class--show=\"state.isContentVisible\" data-wp-init=\"callbacks.setButtonStyles\" data-wp-on--click=\"actions.showLightbox\" data-wp-on--load=\"callbacks.setButtonStyles\" data-wp-on-window--resize=\"callbacks.setButtonStyles\" data-id=\"2332\" src=\"https:\/\/chatteriedelareine.fr\/wp-content\/uploads\/2025\/08\/546073ba-dcbe-4e15-8b4b-6370d1dd988b-768x1024.jpg\" alt=\"\" class=\"wp-image-2332\" srcset=\"https:\/\/chatteriedelareine.fr\/wp-content\/uploads\/2025\/08\/546073ba-dcbe-4e15-8b4b-6370d1dd988b-768x1024.jpg 768w, https:\/\/chatteriedelareine.fr\/wp-content\/uploads\/2025\/08\/546073ba-dcbe-4e15-8b4b-6370d1dd988b-225x300.jpg 225w, https:\/\/chatteriedelareine.fr\/wp-content\/uploads\/2025\/08\/546073ba-dcbe-4e15-8b4b-6370d1dd988b-1152x1536.jpg 1152w, https:\/\/chatteriedelareine.fr\/wp-content\/uploads\/2025\/08\/546073ba-dcbe-4e15-8b4b-6370d1dd988b.jpg 1536w\" sizes=\"auto, (max-width: 768px) 100vw, 768px\" \/><button\n\t\t\tclass=\"lightbox-trigger\"\n\t\t\ttype=\"button\"\n\t\t\taria-haspopup=\"dialog\"\n\t\t\taria-label=\"Agrandir\"\n\t\t\tdata-wp-init=\"callbacks.initTriggerButton\"\n\t\t\tdata-wp-on--click=\"actions.showLightbox\"\n\t\t\tdata-wp-style--right=\"state.imageButtonRight\"\n\t\t\tdata-wp-style--top=\"state.imageButtonTop\"\n\t\t>\n\t\t\t<svg xmlns=\"http:\/\/www.w3.org\/2000\/svg\" width=\"12\" height=\"12\" fill=\"none\" viewBox=\"0 0 12 12\">\n\t\t\t\t<path fill=\"#fff\" d=\"M2 0a2 2 0 0 0-2 2v2h1.5V2a.5.5 0 0 1 .5-.5h2V0H2Zm2 10.5H2a.5.5 0 0 1-.5-.5V8H0v2a2 2 0 0 0 2 2h2v-1.5ZM8 12v-1.5h2a.5.5 0 0 0 .5-.5V8H12v2a2 2 0 0 1-2 2H8Zm2-12a2 2 0 0 1 2 2v2h-1.5V2a.5.5 0 0 0-.5-.5H8V0h2Z\" \/>\n\t\t\t<\/svg>\n\t\t<\/button><\/figure>\n\n\n\n<figure data-wp-context=\"{&quot;imageId&quot;:&quot;69e23965081bf&quot;}\" data-wp-interactive=\"core\/image\" data-wp-key=\"69e23965081bf\" class=\"wp-block-image size-large wp-lightbox-container\"><img loading=\"lazy\" decoding=\"async\" width=\"1024\" height=\"768\" data-wp-class--hide=\"state.isContentHidden\" data-wp-class--show=\"state.isContentVisible\" data-wp-init=\"callbacks.setButtonStyles\" data-wp-on--click=\"actions.showLightbox\" data-wp-on--load=\"callbacks.setButtonStyles\" data-wp-on-window--resize=\"callbacks.setButtonStyles\" data-id=\"2335\" src=\"https:\/\/chatteriedelareine.fr\/wp-content\/uploads\/2025\/08\/c420986f-785e-4854-919b-3b71e0b56281-1024x768.jpg\" alt=\"\" class=\"wp-image-2335\" srcset=\"https:\/\/chatteriedelareine.fr\/wp-content\/uploads\/2025\/08\/c420986f-785e-4854-919b-3b71e0b56281-1024x768.jpg 1024w, https:\/\/chatteriedelareine.fr\/wp-content\/uploads\/2025\/08\/c420986f-785e-4854-919b-3b71e0b56281-300x225.jpg 300w, https:\/\/chatteriedelareine.fr\/wp-content\/uploads\/2025\/08\/c420986f-785e-4854-919b-3b71e0b56281-768x576.jpg 768w, https:\/\/chatteriedelareine.fr\/wp-content\/uploads\/2025\/08\/c420986f-785e-4854-919b-3b71e0b56281-1536x1152.jpg 1536w, https:\/\/chatteriedelareine.fr\/wp-content\/uploads\/2025\/08\/c420986f-785e-4854-919b-3b71e0b56281-63x46.jpg 63w, https:\/\/chatteriedelareine.fr\/wp-content\/uploads\/2025\/08\/c420986f-785e-4854-919b-3b71e0b56281.jpg 2048w\" sizes=\"auto, (max-width: 1024px) 100vw, 1024px\" \/><button\n\t\t\tclass=\"lightbox-trigger\"\n\t\t\ttype=\"button\"\n\t\t\taria-haspopup=\"dialog\"\n\t\t\taria-label=\"Agrandir\"\n\t\t\tdata-wp-init=\"callbacks.initTriggerButton\"\n\t\t\tdata-wp-on--click=\"actions.showLightbox\"\n\t\t\tdata-wp-style--right=\"state.imageButtonRight\"\n\t\t\tdata-wp-style--top=\"state.imageButtonTop\"\n\t\t>\n\t\t\t<svg xmlns=\"http:\/\/www.w3.org\/2000\/svg\" width=\"12\" height=\"12\" fill=\"none\" viewBox=\"0 0 12 12\">\n\t\t\t\t<path fill=\"#fff\" d=\"M2 0a2 2 0 0 0-2 2v2h1.5V2a.5.5 0 0 1 .5-.5h2V0H2Zm2 10.5H2a.5.5 0 0 1-.5-.5V8H0v2a2 2 0 0 0 2 2h2v-1.5ZM8 12v-1.5h2a.5.5 0 0 0 .5-.5V8H12v2a2 2 0 0 1-2 2H8Zm2-12a2 2 0 0 1 2 2v2h-1.5V2a.5.5 0 0 0-.5-.5H8V0h2Z\" \/>\n\t\t\t<\/svg>\n\t\t<\/button><\/figure>\n<\/figure>\n","protected":false},"excerpt":{"rendered":"<p>Nous vous pr\u00e9sentons Aiko (pr\u00e9c\u00e9demment Afina).Elle est n\u00e9e le 7 juillet 2025 du mariage entre Phili et Umma et c&rsquo;est la seule femelle et la seule fold de sa port\u00e9e: Elle est fold chocolat point.C&rsquo;est une adorable chatte, tr\u00e8s douce et joueuse.De part sa couleur, elle devrait tr\u00e8s fortement ressembler \u00e0 s&rsquo;y m\u00e9prendre, \u00e0 sa s\u0153ur ain\u00e9e Vanille , n\u00e9e l&rsquo;ann\u00e9e derni\u00e8re, lorsqu&rsquo;elle aura pris ses couleurs d\u00e9finitives. Ayant pass\u00e9 son premier mois, elle commence \u00e0 nettement foncer aux extr\u00e9mit\u00e9s, sur son visage et sur sa queue; ses jolis yeux bleus commencent aussi \u00e0 prendre leur couleur d\u00e9finitive. Status: Date &hellip; <\/p>\n","protected":false},"author":1,"featured_media":0,"parent":0,"menu_order":0,"comment_status":"closed","ping_status":"closed","template":"","meta":{"footnotes":""},"class_list":["post-2330","page","type-page","status-publish","hentry"],"_links":{"self":[{"href":"https:\/\/chatteriedelareine.fr\/index.php\/wp-json\/wp\/v2\/pages\/2330","targetHints":{"allow":["GET"]}}],"collection":[{"href":"https:\/\/chatteriedelareine.fr\/index.php\/wp-json\/wp\/v2\/pages"}],"about":[{"href":"https:\/\/chatteriedelareine.fr\/index.php\/wp-json\/wp\/v2\/types\/page"}],"author":[{"embeddable":true,"href":"https:\/\/chatteriedelareine.fr\/index.php\/wp-json\/wp\/v2\/users\/1"}],"replies":[{"embeddable":true,"href":"https:\/\/chatteriedelareine.fr\/index.php\/wp-json\/wp\/v2\/comments?post=2330"}],"version-history":[{"count":4,"href":"https:\/\/chatteriedelareine.fr\/index.php\/wp-json\/wp\/v2\/pages\/2330\/revisions"}],"predecessor-version":[{"id":2375,"href":"https:\/\/chatteriedelareine.fr\/index.php\/wp-json\/wp\/v2\/pages\/2330\/revisions\/2375"}],"wp:attachment":[{"href":"https:\/\/chatteriedelareine.fr\/index.php\/wp-json\/wp\/v2\/media?parent=2330"}],"curies":[{"name":"wp","href":"https:\/\/api.w.org\/{rel}","templated":true}]}}