{"id":2310,"date":"2025-08-11T16:24:40","date_gmt":"2025-08-11T14:24:40","guid":{"rendered":"https:\/\/chatteriedelareine.fr\/?page_id=2310"},"modified":"2025-08-17T17:13:37","modified_gmt":"2025-08-17T15:13:37","slug":"athos","status":"publish","type":"page","link":"https:\/\/chatteriedelareine.fr\/index.php\/athos\/","title":{"rendered":"Naxos"},"content":{"rendered":"\n<p id=\"block-892eb139-38c1-40f7-88ff-e53a793d7347\">Nous vous pr\u00e9sentons Naxos (pr\u00e9c\u00e9demment Athos).<br>Il est n\u00e9 le 7 juillet 2025 du mariage entre Phili et Umma<br>Il est straight cinamon point , et peut-\u00eatre tabby (tigr\u00e9).<br>C&rsquo;est un adorable chaton, tr\u00e8s c\u00e2lin et joueur, d&rsquo;un bon gabarit et qui devrait fortement ressembler \u00e0 sa maman lorsqu&rsquo;il aura pris toutes ses couleurs.<br>S&rsquo;il d\u00e9veloppe aussi un aspect tigr\u00e9, il tirera ce point de son papa Phili, mais c&rsquo;est encore tr\u00e8s difficile \u00e0 distinguer apr\u00e8s seulement un mois.<br>Ayant pass\u00e9 son premier mois, il commence \u00e0 prendre ses couleurs l\u00e9g\u00e8res aux extr\u00e9mit\u00e9s et sur sa queue et ses jolis yeux bleus commencent \u00e0 prendre leur couleur d\u00e9finitive.<br>Il ressemble tr\u00e8s fortement \u00e0 son jumeaux Aramis qui est comme lui straight cinamon point, Aramis \u00e9tant un peu plus \u00e9lanc\u00e9 et avec les yeux d&rsquo;un bleu l\u00e9g\u00e8rement plus fonc\u00e9<\/p>\n\n\n\n<p id=\"block-c9315665-d40c-4f01-97c5-e59846d59351\"><strong>Status: \nvendu<br><\/strong><\/p>\n\n\n\n<p id=\"block-4ca07fb1-dc43-488b-92fb-69cac3240240\"><strong>Date de d\u00e9part pr\u00e9visionnelle: <\/strong>mi-septembre 2025<\/p>\n\n\n\n<p id=\"block-8ec6bec0-a8cf-412b-bfcc-ad2d50f15e54\">Voici ses premi\u00e8res photos autour de 1 mois<\/p>\n\n\n\n<figure class=\"wp-block-gallery has-nested-images columns-default is-cropped wp-block-gallery-1 is-layout-flex wp-block-gallery-is-layout-flex\">\n<figure data-wp-context=\"{&quot;imageId&quot;:&quot;69e36eb519719&quot;}\" data-wp-interactive=\"core\/image\" data-wp-key=\"69e36eb519719\" class=\"wp-block-image size-large wp-lightbox-container\"><img loading=\"lazy\" decoding=\"async\" width=\"943\" height=\"1024\" data-wp-class--hide=\"state.isContentHidden\" data-wp-class--show=\"state.isContentVisible\" data-wp-init=\"callbacks.setButtonStyles\" data-wp-on--click=\"actions.showLightbox\" data-wp-on--load=\"callbacks.setButtonStyles\" data-wp-on-window--resize=\"callbacks.setButtonStyles\" data-id=\"2350\" src=\"https:\/\/chatteriedelareine.fr\/wp-content\/uploads\/2025\/08\/7b8a836c-5b58-417d-a42f-87f26f16e540-943x1024.jpg\" alt=\"\" class=\"wp-image-2350\" srcset=\"https:\/\/chatteriedelareine.fr\/wp-content\/uploads\/2025\/08\/7b8a836c-5b58-417d-a42f-87f26f16e540-943x1024.jpg 943w, https:\/\/chatteriedelareine.fr\/wp-content\/uploads\/2025\/08\/7b8a836c-5b58-417d-a42f-87f26f16e540-276x300.jpg 276w, https:\/\/chatteriedelareine.fr\/wp-content\/uploads\/2025\/08\/7b8a836c-5b58-417d-a42f-87f26f16e540-768x834.jpg 768w, https:\/\/chatteriedelareine.fr\/wp-content\/uploads\/2025\/08\/7b8a836c-5b58-417d-a42f-87f26f16e540-1415x1536.jpg 1415w, https:\/\/chatteriedelareine.fr\/wp-content\/uploads\/2025\/08\/7b8a836c-5b58-417d-a42f-87f26f16e540.jpg 1886w\" sizes=\"auto, (max-width: 943px) 100vw, 943px\" \/><button\n\t\t\tclass=\"lightbox-trigger\"\n\t\t\ttype=\"button\"\n\t\t\taria-haspopup=\"dialog\"\n\t\t\taria-label=\"Agrandir\"\n\t\t\tdata-wp-init=\"callbacks.initTriggerButton\"\n\t\t\tdata-wp-on--click=\"actions.showLightbox\"\n\t\t\tdata-wp-style--right=\"state.imageButtonRight\"\n\t\t\tdata-wp-style--top=\"state.imageButtonTop\"\n\t\t>\n\t\t\t<svg xmlns=\"http:\/\/www.w3.org\/2000\/svg\" width=\"12\" height=\"12\" fill=\"none\" viewBox=\"0 0 12 12\">\n\t\t\t\t<path fill=\"#fff\" d=\"M2 0a2 2 0 0 0-2 2v2h1.5V2a.5.5 0 0 1 .5-.5h2V0H2Zm2 10.5H2a.5.5 0 0 1-.5-.5V8H0v2a2 2 0 0 0 2 2h2v-1.5ZM8 12v-1.5h2a.5.5 0 0 0 .5-.5V8H12v2a2 2 0 0 1-2 2H8Zm2-12a2 2 0 0 1 2 2v2h-1.5V2a.5.5 0 0 0-.5-.5H8V0h2Z\" \/>\n\t\t\t<\/svg>\n\t\t<\/button><\/figure>\n\n\n\n<figure data-wp-context=\"{&quot;imageId&quot;:&quot;69e36eb519ced&quot;}\" data-wp-interactive=\"core\/image\" data-wp-key=\"69e36eb519ced\" class=\"wp-block-image size-large wp-lightbox-container\"><img loading=\"lazy\" decoding=\"async\" width=\"768\" height=\"1024\" data-wp-class--hide=\"state.isContentHidden\" data-wp-class--show=\"state.isContentVisible\" data-wp-init=\"callbacks.setButtonStyles\" data-wp-on--click=\"actions.showLightbox\" data-wp-on--load=\"callbacks.setButtonStyles\" data-wp-on-window--resize=\"callbacks.setButtonStyles\" data-id=\"2313\" src=\"https:\/\/chatteriedelareine.fr\/wp-content\/uploads\/2025\/08\/0f1fa4ce-6d50-46d2-8776-a244ceb573f2-768x1024.jpg\" alt=\"\" class=\"wp-image-2313\" srcset=\"https:\/\/chatteriedelareine.fr\/wp-content\/uploads\/2025\/08\/0f1fa4ce-6d50-46d2-8776-a244ceb573f2-768x1024.jpg 768w, https:\/\/chatteriedelareine.fr\/wp-content\/uploads\/2025\/08\/0f1fa4ce-6d50-46d2-8776-a244ceb573f2-225x300.jpg 225w, https:\/\/chatteriedelareine.fr\/wp-content\/uploads\/2025\/08\/0f1fa4ce-6d50-46d2-8776-a244ceb573f2-1152x1536.jpg 1152w, https:\/\/chatteriedelareine.fr\/wp-content\/uploads\/2025\/08\/0f1fa4ce-6d50-46d2-8776-a244ceb573f2.jpg 1536w\" sizes=\"auto, (max-width: 768px) 100vw, 768px\" \/><button\n\t\t\tclass=\"lightbox-trigger\"\n\t\t\ttype=\"button\"\n\t\t\taria-haspopup=\"dialog\"\n\t\t\taria-label=\"Agrandir\"\n\t\t\tdata-wp-init=\"callbacks.initTriggerButton\"\n\t\t\tdata-wp-on--click=\"actions.showLightbox\"\n\t\t\tdata-wp-style--right=\"state.imageButtonRight\"\n\t\t\tdata-wp-style--top=\"state.imageButtonTop\"\n\t\t>\n\t\t\t<svg xmlns=\"http:\/\/www.w3.org\/2000\/svg\" width=\"12\" height=\"12\" fill=\"none\" viewBox=\"0 0 12 12\">\n\t\t\t\t<path fill=\"#fff\" d=\"M2 0a2 2 0 0 0-2 2v2h1.5V2a.5.5 0 0 1 .5-.5h2V0H2Zm2 10.5H2a.5.5 0 0 1-.5-.5V8H0v2a2 2 0 0 0 2 2h2v-1.5ZM8 12v-1.5h2a.5.5 0 0 0 .5-.5V8H12v2a2 2 0 0 1-2 2H8Zm2-12a2 2 0 0 1 2 2v2h-1.5V2a.5.5 0 0 0-.5-.5H8V0h2Z\" \/>\n\t\t\t<\/svg>\n\t\t<\/button><\/figure>\n\n\n\n<figure data-wp-context=\"{&quot;imageId&quot;:&quot;69e36eb51a20b&quot;}\" data-wp-interactive=\"core\/image\" data-wp-key=\"69e36eb51a20b\" class=\"wp-block-image size-large wp-lightbox-container\"><img loading=\"lazy\" decoding=\"async\" width=\"915\" height=\"1024\" data-wp-class--hide=\"state.isContentHidden\" data-wp-class--show=\"state.isContentVisible\" data-wp-init=\"callbacks.setButtonStyles\" data-wp-on--click=\"actions.showLightbox\" data-wp-on--load=\"callbacks.setButtonStyles\" data-wp-on-window--resize=\"callbacks.setButtonStyles\" data-id=\"2351\" src=\"https:\/\/chatteriedelareine.fr\/wp-content\/uploads\/2025\/08\/d1e52ba0-cc27-4b9c-be09-58fc43b4a819-915x1024.jpg\" alt=\"\" class=\"wp-image-2351\" srcset=\"https:\/\/chatteriedelareine.fr\/wp-content\/uploads\/2025\/08\/d1e52ba0-cc27-4b9c-be09-58fc43b4a819-915x1024.jpg 915w, https:\/\/chatteriedelareine.fr\/wp-content\/uploads\/2025\/08\/d1e52ba0-cc27-4b9c-be09-58fc43b4a819-268x300.jpg 268w, https:\/\/chatteriedelareine.fr\/wp-content\/uploads\/2025\/08\/d1e52ba0-cc27-4b9c-be09-58fc43b4a819-768x859.jpg 768w, https:\/\/chatteriedelareine.fr\/wp-content\/uploads\/2025\/08\/d1e52ba0-cc27-4b9c-be09-58fc43b4a819-1373x1536.jpg 1373w, https:\/\/chatteriedelareine.fr\/wp-content\/uploads\/2025\/08\/d1e52ba0-cc27-4b9c-be09-58fc43b4a819.jpg 1830w\" sizes=\"auto, (max-width: 915px) 100vw, 915px\" \/><button\n\t\t\tclass=\"lightbox-trigger\"\n\t\t\ttype=\"button\"\n\t\t\taria-haspopup=\"dialog\"\n\t\t\taria-label=\"Agrandir\"\n\t\t\tdata-wp-init=\"callbacks.initTriggerButton\"\n\t\t\tdata-wp-on--click=\"actions.showLightbox\"\n\t\t\tdata-wp-style--right=\"state.imageButtonRight\"\n\t\t\tdata-wp-style--top=\"state.imageButtonTop\"\n\t\t>\n\t\t\t<svg xmlns=\"http:\/\/www.w3.org\/2000\/svg\" width=\"12\" height=\"12\" fill=\"none\" viewBox=\"0 0 12 12\">\n\t\t\t\t<path fill=\"#fff\" d=\"M2 0a2 2 0 0 0-2 2v2h1.5V2a.5.5 0 0 1 .5-.5h2V0H2Zm2 10.5H2a.5.5 0 0 1-.5-.5V8H0v2a2 2 0 0 0 2 2h2v-1.5ZM8 12v-1.5h2a.5.5 0 0 0 .5-.5V8H12v2a2 2 0 0 1-2 2H8Zm2-12a2 2 0 0 1 2 2v2h-1.5V2a.5.5 0 0 0-.5-.5H8V0h2Z\" \/>\n\t\t\t<\/svg>\n\t\t<\/button><\/figure>\n\n\n\n<figure data-wp-context=\"{&quot;imageId&quot;:&quot;69e36eb51a70a&quot;}\" data-wp-interactive=\"core\/image\" data-wp-key=\"69e36eb51a70a\" class=\"wp-block-image size-large wp-lightbox-container\"><img loading=\"lazy\" decoding=\"async\" width=\"768\" height=\"1024\" data-wp-class--hide=\"state.isContentHidden\" data-wp-class--show=\"state.isContentVisible\" data-wp-init=\"callbacks.setButtonStyles\" data-wp-on--click=\"actions.showLightbox\" data-wp-on--load=\"callbacks.setButtonStyles\" data-wp-on-window--resize=\"callbacks.setButtonStyles\" data-id=\"2314\" src=\"https:\/\/chatteriedelareine.fr\/wp-content\/uploads\/2025\/08\/6c37d551-7271-4241-b977-91b627933b58-768x1024.jpg\" alt=\"\" class=\"wp-image-2314\" srcset=\"https:\/\/chatteriedelareine.fr\/wp-content\/uploads\/2025\/08\/6c37d551-7271-4241-b977-91b627933b58-768x1024.jpg 768w, https:\/\/chatteriedelareine.fr\/wp-content\/uploads\/2025\/08\/6c37d551-7271-4241-b977-91b627933b58-225x300.jpg 225w, https:\/\/chatteriedelareine.fr\/wp-content\/uploads\/2025\/08\/6c37d551-7271-4241-b977-91b627933b58-1152x1536.jpg 1152w, https:\/\/chatteriedelareine.fr\/wp-content\/uploads\/2025\/08\/6c37d551-7271-4241-b977-91b627933b58.jpg 1536w\" sizes=\"auto, (max-width: 768px) 100vw, 768px\" \/><button\n\t\t\tclass=\"lightbox-trigger\"\n\t\t\ttype=\"button\"\n\t\t\taria-haspopup=\"dialog\"\n\t\t\taria-label=\"Agrandir\"\n\t\t\tdata-wp-init=\"callbacks.initTriggerButton\"\n\t\t\tdata-wp-on--click=\"actions.showLightbox\"\n\t\t\tdata-wp-style--right=\"state.imageButtonRight\"\n\t\t\tdata-wp-style--top=\"state.imageButtonTop\"\n\t\t>\n\t\t\t<svg xmlns=\"http:\/\/www.w3.org\/2000\/svg\" width=\"12\" height=\"12\" fill=\"none\" viewBox=\"0 0 12 12\">\n\t\t\t\t<path fill=\"#fff\" d=\"M2 0a2 2 0 0 0-2 2v2h1.5V2a.5.5 0 0 1 .5-.5h2V0H2Zm2 10.5H2a.5.5 0 0 1-.5-.5V8H0v2a2 2 0 0 0 2 2h2v-1.5ZM8 12v-1.5h2a.5.5 0 0 0 .5-.5V8H12v2a2 2 0 0 1-2 2H8Zm2-12a2 2 0 0 1 2 2v2h-1.5V2a.5.5 0 0 0-.5-.5H8V0h2Z\" \/>\n\t\t\t<\/svg>\n\t\t<\/button><\/figure>\n\n\n\n<figure data-wp-context=\"{&quot;imageId&quot;:&quot;69e36eb51ab9d&quot;}\" data-wp-interactive=\"core\/image\" data-wp-key=\"69e36eb51ab9d\" class=\"wp-block-image size-large wp-lightbox-container\"><img loading=\"lazy\" decoding=\"async\" width=\"768\" height=\"1024\" data-wp-class--hide=\"state.isContentHidden\" data-wp-class--show=\"state.isContentVisible\" data-wp-init=\"callbacks.setButtonStyles\" data-wp-on--click=\"actions.showLightbox\" data-wp-on--load=\"callbacks.setButtonStyles\" data-wp-on-window--resize=\"callbacks.setButtonStyles\" data-id=\"2316\" src=\"https:\/\/chatteriedelareine.fr\/wp-content\/uploads\/2025\/08\/98ea9052-23f3-49df-bda4-c30404ba9be0-1-768x1024.jpg\" alt=\"\" class=\"wp-image-2316\" srcset=\"https:\/\/chatteriedelareine.fr\/wp-content\/uploads\/2025\/08\/98ea9052-23f3-49df-bda4-c30404ba9be0-1-768x1024.jpg 768w, https:\/\/chatteriedelareine.fr\/wp-content\/uploads\/2025\/08\/98ea9052-23f3-49df-bda4-c30404ba9be0-1-225x300.jpg 225w, https:\/\/chatteriedelareine.fr\/wp-content\/uploads\/2025\/08\/98ea9052-23f3-49df-bda4-c30404ba9be0-1-1152x1536.jpg 1152w, https:\/\/chatteriedelareine.fr\/wp-content\/uploads\/2025\/08\/98ea9052-23f3-49df-bda4-c30404ba9be0-1.jpg 1536w\" sizes=\"auto, (max-width: 768px) 100vw, 768px\" \/><button\n\t\t\tclass=\"lightbox-trigger\"\n\t\t\ttype=\"button\"\n\t\t\taria-haspopup=\"dialog\"\n\t\t\taria-label=\"Agrandir\"\n\t\t\tdata-wp-init=\"callbacks.initTriggerButton\"\n\t\t\tdata-wp-on--click=\"actions.showLightbox\"\n\t\t\tdata-wp-style--right=\"state.imageButtonRight\"\n\t\t\tdata-wp-style--top=\"state.imageButtonTop\"\n\t\t>\n\t\t\t<svg xmlns=\"http:\/\/www.w3.org\/2000\/svg\" width=\"12\" height=\"12\" fill=\"none\" viewBox=\"0 0 12 12\">\n\t\t\t\t<path fill=\"#fff\" d=\"M2 0a2 2 0 0 0-2 2v2h1.5V2a.5.5 0 0 1 .5-.5h2V0H2Zm2 10.5H2a.5.5 0 0 1-.5-.5V8H0v2a2 2 0 0 0 2 2h2v-1.5ZM8 12v-1.5h2a.5.5 0 0 0 .5-.5V8H12v2a2 2 0 0 1-2 2H8Zm2-12a2 2 0 0 1 2 2v2h-1.5V2a.5.5 0 0 0-.5-.5H8V0h2Z\" \/>\n\t\t\t<\/svg>\n\t\t<\/button><\/figure>\n\n\n\n<figure data-wp-context=\"{&quot;imageId&quot;:&quot;69e36eb51b02b&quot;}\" data-wp-interactive=\"core\/image\" data-wp-key=\"69e36eb51b02b\" class=\"wp-block-image size-large wp-lightbox-container\"><img loading=\"lazy\" decoding=\"async\" width=\"768\" height=\"1024\" data-wp-class--hide=\"state.isContentHidden\" data-wp-class--show=\"state.isContentVisible\" data-wp-init=\"callbacks.setButtonStyles\" data-wp-on--click=\"actions.showLightbox\" data-wp-on--load=\"callbacks.setButtonStyles\" data-wp-on-window--resize=\"callbacks.setButtonStyles\" data-id=\"2315\" src=\"https:\/\/chatteriedelareine.fr\/wp-content\/uploads\/2025\/08\/dccfdb6f-246f-4844-83d1-fc995b6ee6e2-768x1024.jpg\" alt=\"\" class=\"wp-image-2315\" srcset=\"https:\/\/chatteriedelareine.fr\/wp-content\/uploads\/2025\/08\/dccfdb6f-246f-4844-83d1-fc995b6ee6e2-768x1024.jpg 768w, https:\/\/chatteriedelareine.fr\/wp-content\/uploads\/2025\/08\/dccfdb6f-246f-4844-83d1-fc995b6ee6e2-225x300.jpg 225w, https:\/\/chatteriedelareine.fr\/wp-content\/uploads\/2025\/08\/dccfdb6f-246f-4844-83d1-fc995b6ee6e2-1152x1536.jpg 1152w, https:\/\/chatteriedelareine.fr\/wp-content\/uploads\/2025\/08\/dccfdb6f-246f-4844-83d1-fc995b6ee6e2.jpg 1536w\" sizes=\"auto, (max-width: 768px) 100vw, 768px\" \/><button\n\t\t\tclass=\"lightbox-trigger\"\n\t\t\ttype=\"button\"\n\t\t\taria-haspopup=\"dialog\"\n\t\t\taria-label=\"Agrandir\"\n\t\t\tdata-wp-init=\"callbacks.initTriggerButton\"\n\t\t\tdata-wp-on--click=\"actions.showLightbox\"\n\t\t\tdata-wp-style--right=\"state.imageButtonRight\"\n\t\t\tdata-wp-style--top=\"state.imageButtonTop\"\n\t\t>\n\t\t\t<svg xmlns=\"http:\/\/www.w3.org\/2000\/svg\" width=\"12\" height=\"12\" fill=\"none\" viewBox=\"0 0 12 12\">\n\t\t\t\t<path fill=\"#fff\" d=\"M2 0a2 2 0 0 0-2 2v2h1.5V2a.5.5 0 0 1 .5-.5h2V0H2Zm2 10.5H2a.5.5 0 0 1-.5-.5V8H0v2a2 2 0 0 0 2 2h2v-1.5ZM8 12v-1.5h2a.5.5 0 0 0 .5-.5V8H12v2a2 2 0 0 1-2 2H8Zm2-12a2 2 0 0 1 2 2v2h-1.5V2a.5.5 0 0 0-.5-.5H8V0h2Z\" \/>\n\t\t\t<\/svg>\n\t\t<\/button><\/figure>\n<\/figure>\n","protected":false},"excerpt":{"rendered":"<p>Nous vous pr\u00e9sentons Naxos (pr\u00e9c\u00e9demment Athos).Il est n\u00e9 le 7 juillet 2025 du mariage entre Phili et UmmaIl est straight cinamon point , et peut-\u00eatre tabby (tigr\u00e9).C&rsquo;est un adorable chaton, tr\u00e8s c\u00e2lin et joueur, d&rsquo;un bon gabarit et qui devrait fortement ressembler \u00e0 sa maman lorsqu&rsquo;il aura pris toutes ses couleurs.S&rsquo;il d\u00e9veloppe aussi un aspect tigr\u00e9, il tirera ce point de son papa Phili, mais c&rsquo;est encore tr\u00e8s difficile \u00e0 distinguer apr\u00e8s seulement un mois.Ayant pass\u00e9 son premier mois, il commence \u00e0 prendre ses couleurs l\u00e9g\u00e8res aux extr\u00e9mit\u00e9s et sur sa queue et ses jolis yeux bleus commencent \u00e0 prendre &hellip; <\/p>\n","protected":false},"author":1,"featured_media":0,"parent":0,"menu_order":0,"comment_status":"closed","ping_status":"closed","template":"","meta":{"footnotes":""},"class_list":["post-2310","page","type-page","status-publish","hentry"],"_links":{"self":[{"href":"https:\/\/chatteriedelareine.fr\/index.php\/wp-json\/wp\/v2\/pages\/2310","targetHints":{"allow":["GET"]}}],"collection":[{"href":"https:\/\/chatteriedelareine.fr\/index.php\/wp-json\/wp\/v2\/pages"}],"about":[{"href":"https:\/\/chatteriedelareine.fr\/index.php\/wp-json\/wp\/v2\/types\/page"}],"author":[{"embeddable":true,"href":"https:\/\/chatteriedelareine.fr\/index.php\/wp-json\/wp\/v2\/users\/1"}],"replies":[{"embeddable":true,"href":"https:\/\/chatteriedelareine.fr\/index.php\/wp-json\/wp\/v2\/comments?post=2310"}],"version-history":[{"count":5,"href":"https:\/\/chatteriedelareine.fr\/index.php\/wp-json\/wp\/v2\/pages\/2310\/revisions"}],"predecessor-version":[{"id":2374,"href":"https:\/\/chatteriedelareine.fr\/index.php\/wp-json\/wp\/v2\/pages\/2310\/revisions\/2374"}],"wp:attachment":[{"href":"https:\/\/chatteriedelareine.fr\/index.php\/wp-json\/wp\/v2\/media?parent=2310"}],"curies":[{"name":"wp","href":"https:\/\/api.w.org\/{rel}","templated":true}]}}