{"id":2166,"date":"2025-05-18T16:50:35","date_gmt":"2025-05-18T14:50:35","guid":{"rendered":"https:\/\/chatteriedelareine.fr\/?page_id=2166"},"modified":"2025-06-12T14:36:07","modified_gmt":"2025-06-12T12:36:07","slug":"ariel","status":"publish","type":"page","link":"https:\/\/chatteriedelareine.fr\/index.php\/ariel\/","title":{"rendered":"Aladin"},"content":{"rendered":"\n<p>Nous vous pr\u00e9sentons Aladin (pr\u00e9c\u00e9demment Ariel).<br>Il est n\u00e9 le 10 avril 2025 du mariage entre Phili et Tocca<br>C&rsquo;est un chaton adorable au caract\u00e8re calme et joueur qui est de type highland straight black silver mackerel tabby (tigr\u00e9 noir \u00e0 poils longs).<br>C&rsquo;est un des plus calmes de cette grande fratrie, et il a d\u00e9j\u00e0 un poil tr\u00e8s soyeux et agr\u00e9able \u00e0 caresser.<br>il ressemble beaucoup \u00e0 sa grande s\u0153ur <a href=\"https:\/\/chatteriedelareine.fr\/index.php\/uranus\/\" data-type=\"page\" data-id=\"1284\">Coyote<\/a> d&rsquo;une port\u00e9e pr\u00e9c\u00e9dente, et vous pouvez d\u00e9j\u00e0 vous faire une id\u00e9e de ce \u00e0 quoi il pourra ressembler en consultant ses photos)<br>Il vient tout juste de passer son premier mois, et \u00e9tant silver highland, il devrait un nettement s&rsquo;\u00e9claircir une fois que son poil se sera plus allong\u00e9<\/p>\n\n\n\n<p><strong>Status: \nvendu<br><\/strong><\/p>\n\n\n\n<p><strong>Date de d\u00e9part pr\u00e9visionnelle: <\/strong>mi-fin juin 2025<\/p>\n\n\n\n<p><br>Voici ses premi\u00e8res photos de b\u00e9b\u00e9 jusqu\u2019\u00e0 environ un mois<\/p>\n\n\n\n<figure class=\"wp-block-gallery has-nested-images columns-default is-cropped wp-block-gallery-1 is-layout-flex wp-block-gallery-is-layout-flex\">\n<figure data-wp-context=\"{&quot;imageId&quot;:&quot;69e239b8c2505&quot;}\" data-wp-interactive=\"core\/image\" data-wp-key=\"69e239b8c2505\" class=\"wp-block-image size-large wp-lightbox-container\"><img loading=\"lazy\" decoding=\"async\" width=\"768\" height=\"1024\" data-wp-class--hide=\"state.isContentHidden\" data-wp-class--show=\"state.isContentVisible\" data-wp-init=\"callbacks.setButtonStyles\" data-wp-on--click=\"actions.showLightbox\" data-wp-on--load=\"callbacks.setButtonStyles\" data-wp-on-window--resize=\"callbacks.setButtonStyles\" data-id=\"2170\" src=\"https:\/\/chatteriedelareine.fr\/wp-content\/uploads\/2025\/05\/049eb039-780c-4d37-bafc-8d818a17189b-768x1024.jpg\" alt=\"\" class=\"wp-image-2170\" srcset=\"https:\/\/chatteriedelareine.fr\/wp-content\/uploads\/2025\/05\/049eb039-780c-4d37-bafc-8d818a17189b-768x1024.jpg 768w, https:\/\/chatteriedelareine.fr\/wp-content\/uploads\/2025\/05\/049eb039-780c-4d37-bafc-8d818a17189b-225x300.jpg 225w, https:\/\/chatteriedelareine.fr\/wp-content\/uploads\/2025\/05\/049eb039-780c-4d37-bafc-8d818a17189b-1152x1536.jpg 1152w, https:\/\/chatteriedelareine.fr\/wp-content\/uploads\/2025\/05\/049eb039-780c-4d37-bafc-8d818a17189b.jpg 1200w\" sizes=\"auto, (max-width: 768px) 100vw, 768px\" \/><button\n\t\t\tclass=\"lightbox-trigger\"\n\t\t\ttype=\"button\"\n\t\t\taria-haspopup=\"dialog\"\n\t\t\taria-label=\"Agrandir\"\n\t\t\tdata-wp-init=\"callbacks.initTriggerButton\"\n\t\t\tdata-wp-on--click=\"actions.showLightbox\"\n\t\t\tdata-wp-style--right=\"state.imageButtonRight\"\n\t\t\tdata-wp-style--top=\"state.imageButtonTop\"\n\t\t>\n\t\t\t<svg xmlns=\"http:\/\/www.w3.org\/2000\/svg\" width=\"12\" height=\"12\" fill=\"none\" viewBox=\"0 0 12 12\">\n\t\t\t\t<path fill=\"#fff\" d=\"M2 0a2 2 0 0 0-2 2v2h1.5V2a.5.5 0 0 1 .5-.5h2V0H2Zm2 10.5H2a.5.5 0 0 1-.5-.5V8H0v2a2 2 0 0 0 2 2h2v-1.5ZM8 12v-1.5h2a.5.5 0 0 0 .5-.5V8H12v2a2 2 0 0 1-2 2H8Zm2-12a2 2 0 0 1 2 2v2h-1.5V2a.5.5 0 0 0-.5-.5H8V0h2Z\" \/>\n\t\t\t<\/svg>\n\t\t<\/button><\/figure>\n\n\n\n<figure data-wp-context=\"{&quot;imageId&quot;:&quot;69e239b8c2a2f&quot;}\" data-wp-interactive=\"core\/image\" data-wp-key=\"69e239b8c2a2f\" class=\"wp-block-image size-large wp-lightbox-container\"><img loading=\"lazy\" decoding=\"async\" width=\"768\" height=\"1024\" data-wp-class--hide=\"state.isContentHidden\" data-wp-class--show=\"state.isContentVisible\" data-wp-init=\"callbacks.setButtonStyles\" data-wp-on--click=\"actions.showLightbox\" data-wp-on--load=\"callbacks.setButtonStyles\" data-wp-on-window--resize=\"callbacks.setButtonStyles\" data-id=\"2167\" src=\"https:\/\/chatteriedelareine.fr\/wp-content\/uploads\/2025\/05\/3fc20a8e-6e62-4419-99c1-7cdb96e27d82-768x1024.jpg\" alt=\"\" class=\"wp-image-2167\" srcset=\"https:\/\/chatteriedelareine.fr\/wp-content\/uploads\/2025\/05\/3fc20a8e-6e62-4419-99c1-7cdb96e27d82-768x1024.jpg 768w, https:\/\/chatteriedelareine.fr\/wp-content\/uploads\/2025\/05\/3fc20a8e-6e62-4419-99c1-7cdb96e27d82-225x300.jpg 225w, https:\/\/chatteriedelareine.fr\/wp-content\/uploads\/2025\/05\/3fc20a8e-6e62-4419-99c1-7cdb96e27d82-1152x1536.jpg 1152w, https:\/\/chatteriedelareine.fr\/wp-content\/uploads\/2025\/05\/3fc20a8e-6e62-4419-99c1-7cdb96e27d82.jpg 1200w\" sizes=\"auto, (max-width: 768px) 100vw, 768px\" \/><button\n\t\t\tclass=\"lightbox-trigger\"\n\t\t\ttype=\"button\"\n\t\t\taria-haspopup=\"dialog\"\n\t\t\taria-label=\"Agrandir\"\n\t\t\tdata-wp-init=\"callbacks.initTriggerButton\"\n\t\t\tdata-wp-on--click=\"actions.showLightbox\"\n\t\t\tdata-wp-style--right=\"state.imageButtonRight\"\n\t\t\tdata-wp-style--top=\"state.imageButtonTop\"\n\t\t>\n\t\t\t<svg xmlns=\"http:\/\/www.w3.org\/2000\/svg\" width=\"12\" height=\"12\" fill=\"none\" viewBox=\"0 0 12 12\">\n\t\t\t\t<path fill=\"#fff\" d=\"M2 0a2 2 0 0 0-2 2v2h1.5V2a.5.5 0 0 1 .5-.5h2V0H2Zm2 10.5H2a.5.5 0 0 1-.5-.5V8H0v2a2 2 0 0 0 2 2h2v-1.5ZM8 12v-1.5h2a.5.5 0 0 0 .5-.5V8H12v2a2 2 0 0 1-2 2H8Zm2-12a2 2 0 0 1 2 2v2h-1.5V2a.5.5 0 0 0-.5-.5H8V0h2Z\" \/>\n\t\t\t<\/svg>\n\t\t<\/button><\/figure>\n\n\n\n<figure data-wp-context=\"{&quot;imageId&quot;:&quot;69e239b8c2ec4&quot;}\" data-wp-interactive=\"core\/image\" data-wp-key=\"69e239b8c2ec4\" class=\"wp-block-image size-large wp-lightbox-container\"><img loading=\"lazy\" decoding=\"async\" width=\"768\" height=\"1024\" data-wp-class--hide=\"state.isContentHidden\" data-wp-class--show=\"state.isContentVisible\" data-wp-init=\"callbacks.setButtonStyles\" data-wp-on--click=\"actions.showLightbox\" data-wp-on--load=\"callbacks.setButtonStyles\" data-wp-on-window--resize=\"callbacks.setButtonStyles\" data-id=\"2183\" src=\"https:\/\/chatteriedelareine.fr\/wp-content\/uploads\/2025\/05\/IMG_2475-2-768x1024.jpg\" alt=\"\" class=\"wp-image-2183\" srcset=\"https:\/\/chatteriedelareine.fr\/wp-content\/uploads\/2025\/05\/IMG_2475-2-768x1024.jpg 768w, https:\/\/chatteriedelareine.fr\/wp-content\/uploads\/2025\/05\/IMG_2475-2-225x300.jpg 225w, https:\/\/chatteriedelareine.fr\/wp-content\/uploads\/2025\/05\/IMG_2475-2-1152x1536.jpg 1152w, https:\/\/chatteriedelareine.fr\/wp-content\/uploads\/2025\/05\/IMG_2475-2-1536x2048.jpg 1536w, https:\/\/chatteriedelareine.fr\/wp-content\/uploads\/2025\/05\/IMG_2475-2-scaled.jpg 1920w\" sizes=\"auto, (max-width: 768px) 100vw, 768px\" \/><button\n\t\t\tclass=\"lightbox-trigger\"\n\t\t\ttype=\"button\"\n\t\t\taria-haspopup=\"dialog\"\n\t\t\taria-label=\"Agrandir\"\n\t\t\tdata-wp-init=\"callbacks.initTriggerButton\"\n\t\t\tdata-wp-on--click=\"actions.showLightbox\"\n\t\t\tdata-wp-style--right=\"state.imageButtonRight\"\n\t\t\tdata-wp-style--top=\"state.imageButtonTop\"\n\t\t>\n\t\t\t<svg xmlns=\"http:\/\/www.w3.org\/2000\/svg\" width=\"12\" height=\"12\" fill=\"none\" viewBox=\"0 0 12 12\">\n\t\t\t\t<path fill=\"#fff\" d=\"M2 0a2 2 0 0 0-2 2v2h1.5V2a.5.5 0 0 1 .5-.5h2V0H2Zm2 10.5H2a.5.5 0 0 1-.5-.5V8H0v2a2 2 0 0 0 2 2h2v-1.5ZM8 12v-1.5h2a.5.5 0 0 0 .5-.5V8H12v2a2 2 0 0 1-2 2H8Zm2-12a2 2 0 0 1 2 2v2h-1.5V2a.5.5 0 0 0-.5-.5H8V0h2Z\" \/>\n\t\t\t<\/svg>\n\t\t<\/button><\/figure>\n\n\n\n<figure data-wp-context=\"{&quot;imageId&quot;:&quot;69e239b8c334b&quot;}\" data-wp-interactive=\"core\/image\" data-wp-key=\"69e239b8c334b\" class=\"wp-block-image size-large wp-lightbox-container\"><img loading=\"lazy\" decoding=\"async\" width=\"768\" height=\"1024\" data-wp-class--hide=\"state.isContentHidden\" data-wp-class--show=\"state.isContentVisible\" data-wp-init=\"callbacks.setButtonStyles\" data-wp-on--click=\"actions.showLightbox\" data-wp-on--load=\"callbacks.setButtonStyles\" data-wp-on-window--resize=\"callbacks.setButtonStyles\" data-id=\"2180\" src=\"https:\/\/chatteriedelareine.fr\/wp-content\/uploads\/2025\/05\/dadce018-71e0-4cac-8d5f-052ef9b7d2b4-1-768x1024.jpg\" alt=\"\" class=\"wp-image-2180\" srcset=\"https:\/\/chatteriedelareine.fr\/wp-content\/uploads\/2025\/05\/dadce018-71e0-4cac-8d5f-052ef9b7d2b4-1-768x1024.jpg 768w, https:\/\/chatteriedelareine.fr\/wp-content\/uploads\/2025\/05\/dadce018-71e0-4cac-8d5f-052ef9b7d2b4-1-225x300.jpg 225w, https:\/\/chatteriedelareine.fr\/wp-content\/uploads\/2025\/05\/dadce018-71e0-4cac-8d5f-052ef9b7d2b4-1-1152x1536.jpg 1152w, https:\/\/chatteriedelareine.fr\/wp-content\/uploads\/2025\/05\/dadce018-71e0-4cac-8d5f-052ef9b7d2b4-1.jpg 1200w\" sizes=\"auto, (max-width: 768px) 100vw, 768px\" \/><button\n\t\t\tclass=\"lightbox-trigger\"\n\t\t\ttype=\"button\"\n\t\t\taria-haspopup=\"dialog\"\n\t\t\taria-label=\"Agrandir\"\n\t\t\tdata-wp-init=\"callbacks.initTriggerButton\"\n\t\t\tdata-wp-on--click=\"actions.showLightbox\"\n\t\t\tdata-wp-style--right=\"state.imageButtonRight\"\n\t\t\tdata-wp-style--top=\"state.imageButtonTop\"\n\t\t>\n\t\t\t<svg xmlns=\"http:\/\/www.w3.org\/2000\/svg\" width=\"12\" height=\"12\" fill=\"none\" viewBox=\"0 0 12 12\">\n\t\t\t\t<path fill=\"#fff\" d=\"M2 0a2 2 0 0 0-2 2v2h1.5V2a.5.5 0 0 1 .5-.5h2V0H2Zm2 10.5H2a.5.5 0 0 1-.5-.5V8H0v2a2 2 0 0 0 2 2h2v-1.5ZM8 12v-1.5h2a.5.5 0 0 0 .5-.5V8H12v2a2 2 0 0 1-2 2H8Zm2-12a2 2 0 0 1 2 2v2h-1.5V2a.5.5 0 0 0-.5-.5H8V0h2Z\" \/>\n\t\t\t<\/svg>\n\t\t<\/button><\/figure>\n\n\n\n<figure data-wp-context=\"{&quot;imageId&quot;:&quot;69e239b8c37de&quot;}\" data-wp-interactive=\"core\/image\" data-wp-key=\"69e239b8c37de\" class=\"wp-block-image size-large wp-lightbox-container\"><img loading=\"lazy\" decoding=\"async\" width=\"768\" height=\"1024\" data-wp-class--hide=\"state.isContentHidden\" data-wp-class--show=\"state.isContentVisible\" data-wp-init=\"callbacks.setButtonStyles\" data-wp-on--click=\"actions.showLightbox\" data-wp-on--load=\"callbacks.setButtonStyles\" data-wp-on-window--resize=\"callbacks.setButtonStyles\" data-id=\"2181\" src=\"https:\/\/chatteriedelareine.fr\/wp-content\/uploads\/2025\/05\/IMG_9695-768x1024.jpg\" alt=\"\" class=\"wp-image-2181\" srcset=\"https:\/\/chatteriedelareine.fr\/wp-content\/uploads\/2025\/05\/IMG_9695-768x1024.jpg 768w, https:\/\/chatteriedelareine.fr\/wp-content\/uploads\/2025\/05\/IMG_9695-225x300.jpg 225w, https:\/\/chatteriedelareine.fr\/wp-content\/uploads\/2025\/05\/IMG_9695-1152x1536.jpg 1152w, https:\/\/chatteriedelareine.fr\/wp-content\/uploads\/2025\/05\/IMG_9695-1536x2048.jpg 1536w, https:\/\/chatteriedelareine.fr\/wp-content\/uploads\/2025\/05\/IMG_9695-scaled.jpg 1920w\" sizes=\"auto, (max-width: 768px) 100vw, 768px\" \/><button\n\t\t\tclass=\"lightbox-trigger\"\n\t\t\ttype=\"button\"\n\t\t\taria-haspopup=\"dialog\"\n\t\t\taria-label=\"Agrandir\"\n\t\t\tdata-wp-init=\"callbacks.initTriggerButton\"\n\t\t\tdata-wp-on--click=\"actions.showLightbox\"\n\t\t\tdata-wp-style--right=\"state.imageButtonRight\"\n\t\t\tdata-wp-style--top=\"state.imageButtonTop\"\n\t\t>\n\t\t\t<svg xmlns=\"http:\/\/www.w3.org\/2000\/svg\" width=\"12\" height=\"12\" fill=\"none\" viewBox=\"0 0 12 12\">\n\t\t\t\t<path fill=\"#fff\" d=\"M2 0a2 2 0 0 0-2 2v2h1.5V2a.5.5 0 0 1 .5-.5h2V0H2Zm2 10.5H2a.5.5 0 0 1-.5-.5V8H0v2a2 2 0 0 0 2 2h2v-1.5ZM8 12v-1.5h2a.5.5 0 0 0 .5-.5V8H12v2a2 2 0 0 1-2 2H8Zm2-12a2 2 0 0 1 2 2v2h-1.5V2a.5.5 0 0 0-.5-.5H8V0h2Z\" \/>\n\t\t\t<\/svg>\n\t\t<\/button><\/figure>\n\n\n\n<figure data-wp-context=\"{&quot;imageId&quot;:&quot;69e239b8c3c6d&quot;}\" data-wp-interactive=\"core\/image\" data-wp-key=\"69e239b8c3c6d\" class=\"wp-block-image size-large wp-lightbox-container\"><img loading=\"lazy\" decoding=\"async\" width=\"768\" height=\"1024\" data-wp-class--hide=\"state.isContentHidden\" data-wp-class--show=\"state.isContentVisible\" data-wp-init=\"callbacks.setButtonStyles\" data-wp-on--click=\"actions.showLightbox\" data-wp-on--load=\"callbacks.setButtonStyles\" data-wp-on-window--resize=\"callbacks.setButtonStyles\" data-id=\"2177\" src=\"https:\/\/chatteriedelareine.fr\/wp-content\/uploads\/2025\/05\/IMG_2422-768x1024.jpg\" alt=\"\" class=\"wp-image-2177\" srcset=\"https:\/\/chatteriedelareine.fr\/wp-content\/uploads\/2025\/05\/IMG_2422-768x1024.jpg 768w, https:\/\/chatteriedelareine.fr\/wp-content\/uploads\/2025\/05\/IMG_2422-225x300.jpg 225w, https:\/\/chatteriedelareine.fr\/wp-content\/uploads\/2025\/05\/IMG_2422-1152x1536.jpg 1152w, https:\/\/chatteriedelareine.fr\/wp-content\/uploads\/2025\/05\/IMG_2422-1536x2048.jpg 1536w, https:\/\/chatteriedelareine.fr\/wp-content\/uploads\/2025\/05\/IMG_2422-scaled.jpg 1920w\" sizes=\"auto, (max-width: 768px) 100vw, 768px\" \/><button\n\t\t\tclass=\"lightbox-trigger\"\n\t\t\ttype=\"button\"\n\t\t\taria-haspopup=\"dialog\"\n\t\t\taria-label=\"Agrandir\"\n\t\t\tdata-wp-init=\"callbacks.initTriggerButton\"\n\t\t\tdata-wp-on--click=\"actions.showLightbox\"\n\t\t\tdata-wp-style--right=\"state.imageButtonRight\"\n\t\t\tdata-wp-style--top=\"state.imageButtonTop\"\n\t\t>\n\t\t\t<svg xmlns=\"http:\/\/www.w3.org\/2000\/svg\" width=\"12\" height=\"12\" fill=\"none\" viewBox=\"0 0 12 12\">\n\t\t\t\t<path fill=\"#fff\" d=\"M2 0a2 2 0 0 0-2 2v2h1.5V2a.5.5 0 0 1 .5-.5h2V0H2Zm2 10.5H2a.5.5 0 0 1-.5-.5V8H0v2a2 2 0 0 0 2 2h2v-1.5ZM8 12v-1.5h2a.5.5 0 0 0 .5-.5V8H12v2a2 2 0 0 1-2 2H8Zm2-12a2 2 0 0 1 2 2v2h-1.5V2a.5.5 0 0 0-.5-.5H8V0h2Z\" \/>\n\t\t\t<\/svg>\n\t\t<\/button><\/figure>\n\n\n\n<figure data-wp-context=\"{&quot;imageId&quot;:&quot;69e239b8c41fd&quot;}\" data-wp-interactive=\"core\/image\" data-wp-key=\"69e239b8c41fd\" class=\"wp-block-image size-large wp-lightbox-container\"><img loading=\"lazy\" decoding=\"async\" width=\"717\" height=\"1024\" data-wp-class--hide=\"state.isContentHidden\" data-wp-class--show=\"state.isContentVisible\" data-wp-init=\"callbacks.setButtonStyles\" data-wp-on--click=\"actions.showLightbox\" data-wp-on--load=\"callbacks.setButtonStyles\" data-wp-on-window--resize=\"callbacks.setButtonStyles\" data-id=\"2171\" src=\"https:\/\/chatteriedelareine.fr\/wp-content\/uploads\/2025\/05\/4303830b-6697-40b0-a931-bebfd86d0a91-1-717x1024.jpg\" alt=\"\" class=\"wp-image-2171\" srcset=\"https:\/\/chatteriedelareine.fr\/wp-content\/uploads\/2025\/05\/4303830b-6697-40b0-a931-bebfd86d0a91-1-717x1024.jpg 717w, https:\/\/chatteriedelareine.fr\/wp-content\/uploads\/2025\/05\/4303830b-6697-40b0-a931-bebfd86d0a91-1-210x300.jpg 210w, https:\/\/chatteriedelareine.fr\/wp-content\/uploads\/2025\/05\/4303830b-6697-40b0-a931-bebfd86d0a91-1-768x1097.jpg 768w, https:\/\/chatteriedelareine.fr\/wp-content\/uploads\/2025\/05\/4303830b-6697-40b0-a931-bebfd86d0a91-1-1075x1536.jpg 1075w, https:\/\/chatteriedelareine.fr\/wp-content\/uploads\/2025\/05\/4303830b-6697-40b0-a931-bebfd86d0a91-1.jpg 1120w\" sizes=\"auto, (max-width: 717px) 100vw, 717px\" \/><button\n\t\t\tclass=\"lightbox-trigger\"\n\t\t\ttype=\"button\"\n\t\t\taria-haspopup=\"dialog\"\n\t\t\taria-label=\"Agrandir\"\n\t\t\tdata-wp-init=\"callbacks.initTriggerButton\"\n\t\t\tdata-wp-on--click=\"actions.showLightbox\"\n\t\t\tdata-wp-style--right=\"state.imageButtonRight\"\n\t\t\tdata-wp-style--top=\"state.imageButtonTop\"\n\t\t>\n\t\t\t<svg xmlns=\"http:\/\/www.w3.org\/2000\/svg\" width=\"12\" height=\"12\" fill=\"none\" viewBox=\"0 0 12 12\">\n\t\t\t\t<path fill=\"#fff\" d=\"M2 0a2 2 0 0 0-2 2v2h1.5V2a.5.5 0 0 1 .5-.5h2V0H2Zm2 10.5H2a.5.5 0 0 1-.5-.5V8H0v2a2 2 0 0 0 2 2h2v-1.5ZM8 12v-1.5h2a.5.5 0 0 0 .5-.5V8H12v2a2 2 0 0 1-2 2H8Zm2-12a2 2 0 0 1 2 2v2h-1.5V2a.5.5 0 0 0-.5-.5H8V0h2Z\" \/>\n\t\t\t<\/svg>\n\t\t<\/button><\/figure>\n\n\n\n<figure data-wp-context=\"{&quot;imageId&quot;:&quot;69e239b8c46d1&quot;}\" data-wp-interactive=\"core\/image\" data-wp-key=\"69e239b8c46d1\" class=\"wp-block-image size-large wp-lightbox-container\"><img loading=\"lazy\" decoding=\"async\" width=\"768\" height=\"1024\" data-wp-class--hide=\"state.isContentHidden\" data-wp-class--show=\"state.isContentVisible\" data-wp-init=\"callbacks.setButtonStyles\" data-wp-on--click=\"actions.showLightbox\" data-wp-on--load=\"callbacks.setButtonStyles\" data-wp-on-window--resize=\"callbacks.setButtonStyles\" data-id=\"2169\" src=\"https:\/\/chatteriedelareine.fr\/wp-content\/uploads\/2025\/05\/b5d3d831-d213-4193-b117-4c95c2dfdf0e-768x1024.jpg\" alt=\"\" class=\"wp-image-2169\" srcset=\"https:\/\/chatteriedelareine.fr\/wp-content\/uploads\/2025\/05\/b5d3d831-d213-4193-b117-4c95c2dfdf0e-768x1024.jpg 768w, https:\/\/chatteriedelareine.fr\/wp-content\/uploads\/2025\/05\/b5d3d831-d213-4193-b117-4c95c2dfdf0e-225x300.jpg 225w, https:\/\/chatteriedelareine.fr\/wp-content\/uploads\/2025\/05\/b5d3d831-d213-4193-b117-4c95c2dfdf0e-1152x1536.jpg 1152w, https:\/\/chatteriedelareine.fr\/wp-content\/uploads\/2025\/05\/b5d3d831-d213-4193-b117-4c95c2dfdf0e.jpg 1200w\" sizes=\"auto, (max-width: 768px) 100vw, 768px\" \/><button\n\t\t\tclass=\"lightbox-trigger\"\n\t\t\ttype=\"button\"\n\t\t\taria-haspopup=\"dialog\"\n\t\t\taria-label=\"Agrandir\"\n\t\t\tdata-wp-init=\"callbacks.initTriggerButton\"\n\t\t\tdata-wp-on--click=\"actions.showLightbox\"\n\t\t\tdata-wp-style--right=\"state.imageButtonRight\"\n\t\t\tdata-wp-style--top=\"state.imageButtonTop\"\n\t\t>\n\t\t\t<svg xmlns=\"http:\/\/www.w3.org\/2000\/svg\" width=\"12\" height=\"12\" fill=\"none\" viewBox=\"0 0 12 12\">\n\t\t\t\t<path fill=\"#fff\" d=\"M2 0a2 2 0 0 0-2 2v2h1.5V2a.5.5 0 0 1 .5-.5h2V0H2Zm2 10.5H2a.5.5 0 0 1-.5-.5V8H0v2a2 2 0 0 0 2 2h2v-1.5ZM8 12v-1.5h2a.5.5 0 0 0 .5-.5V8H12v2a2 2 0 0 1-2 2H8Zm2-12a2 2 0 0 1 2 2v2h-1.5V2a.5.5 0 0 0-.5-.5H8V0h2Z\" \/>\n\t\t\t<\/svg>\n\t\t<\/button><\/figure>\n\n\n\n<figure data-wp-context=\"{&quot;imageId&quot;:&quot;69e239b8c4c30&quot;}\" data-wp-interactive=\"core\/image\" data-wp-key=\"69e239b8c4c30\" class=\"wp-block-image size-large wp-lightbox-container\"><img loading=\"lazy\" decoding=\"async\" width=\"768\" height=\"1024\" data-wp-class--hide=\"state.isContentHidden\" data-wp-class--show=\"state.isContentVisible\" data-wp-init=\"callbacks.setButtonStyles\" data-wp-on--click=\"actions.showLightbox\" data-wp-on--load=\"callbacks.setButtonStyles\" data-wp-on-window--resize=\"callbacks.setButtonStyles\" data-id=\"2176\" src=\"https:\/\/chatteriedelareine.fr\/wp-content\/uploads\/2025\/05\/IMG_9735-1-768x1024.jpg\" alt=\"\" class=\"wp-image-2176\" srcset=\"https:\/\/chatteriedelareine.fr\/wp-content\/uploads\/2025\/05\/IMG_9735-1-768x1024.jpg 768w, https:\/\/chatteriedelareine.fr\/wp-content\/uploads\/2025\/05\/IMG_9735-1-225x300.jpg 225w, https:\/\/chatteriedelareine.fr\/wp-content\/uploads\/2025\/05\/IMG_9735-1-1152x1536.jpg 1152w, https:\/\/chatteriedelareine.fr\/wp-content\/uploads\/2025\/05\/IMG_9735-1-1536x2048.jpg 1536w, https:\/\/chatteriedelareine.fr\/wp-content\/uploads\/2025\/05\/IMG_9735-1-scaled.jpg 1920w\" sizes=\"auto, (max-width: 768px) 100vw, 768px\" \/><button\n\t\t\tclass=\"lightbox-trigger\"\n\t\t\ttype=\"button\"\n\t\t\taria-haspopup=\"dialog\"\n\t\t\taria-label=\"Agrandir\"\n\t\t\tdata-wp-init=\"callbacks.initTriggerButton\"\n\t\t\tdata-wp-on--click=\"actions.showLightbox\"\n\t\t\tdata-wp-style--right=\"state.imageButtonRight\"\n\t\t\tdata-wp-style--top=\"state.imageButtonTop\"\n\t\t>\n\t\t\t<svg xmlns=\"http:\/\/www.w3.org\/2000\/svg\" width=\"12\" height=\"12\" fill=\"none\" viewBox=\"0 0 12 12\">\n\t\t\t\t<path fill=\"#fff\" d=\"M2 0a2 2 0 0 0-2 2v2h1.5V2a.5.5 0 0 1 .5-.5h2V0H2Zm2 10.5H2a.5.5 0 0 1-.5-.5V8H0v2a2 2 0 0 0 2 2h2v-1.5ZM8 12v-1.5h2a.5.5 0 0 0 .5-.5V8H12v2a2 2 0 0 1-2 2H8Zm2-12a2 2 0 0 1 2 2v2h-1.5V2a.5.5 0 0 0-.5-.5H8V0h2Z\" \/>\n\t\t\t<\/svg>\n\t\t<\/button><\/figure>\n<\/figure>\n","protected":false},"excerpt":{"rendered":"<p>Nous vous pr\u00e9sentons Aladin (pr\u00e9c\u00e9demment Ariel).Il est n\u00e9 le 10 avril 2025 du mariage entre Phili et ToccaC&rsquo;est un chaton adorable au caract\u00e8re calme et joueur qui est de type highland straight black silver mackerel tabby (tigr\u00e9 noir \u00e0 poils longs).C&rsquo;est un des plus calmes de cette grande fratrie, et il a d\u00e9j\u00e0 un poil tr\u00e8s soyeux et agr\u00e9able \u00e0 caresser.il ressemble beaucoup \u00e0 sa grande s\u0153ur Coyote d&rsquo;une port\u00e9e pr\u00e9c\u00e9dente, et vous pouvez d\u00e9j\u00e0 vous faire une id\u00e9e de ce \u00e0 quoi il pourra ressembler en consultant ses photos)Il vient tout juste de passer son premier mois, et \u00e9tant &hellip; <\/p>\n","protected":false},"author":1,"featured_media":0,"parent":0,"menu_order":0,"comment_status":"closed","ping_status":"closed","template":"","meta":{"footnotes":""},"class_list":["post-2166","page","type-page","status-publish","hentry"],"_links":{"self":[{"href":"https:\/\/chatteriedelareine.fr\/index.php\/wp-json\/wp\/v2\/pages\/2166","targetHints":{"allow":["GET"]}}],"collection":[{"href":"https:\/\/chatteriedelareine.fr\/index.php\/wp-json\/wp\/v2\/pages"}],"about":[{"href":"https:\/\/chatteriedelareine.fr\/index.php\/wp-json\/wp\/v2\/types\/page"}],"author":[{"embeddable":true,"href":"https:\/\/chatteriedelareine.fr\/index.php\/wp-json\/wp\/v2\/users\/1"}],"replies":[{"embeddable":true,"href":"https:\/\/chatteriedelareine.fr\/index.php\/wp-json\/wp\/v2\/comments?post=2166"}],"version-history":[{"count":5,"href":"https:\/\/chatteriedelareine.fr\/index.php\/wp-json\/wp\/v2\/pages\/2166\/revisions"}],"predecessor-version":[{"id":2266,"href":"https:\/\/chatteriedelareine.fr\/index.php\/wp-json\/wp\/v2\/pages\/2166\/revisions\/2266"}],"wp:attachment":[{"href":"https:\/\/chatteriedelareine.fr\/index.php\/wp-json\/wp\/v2\/media?parent=2166"}],"curies":[{"name":"wp","href":"https:\/\/api.w.org\/{rel}","templated":true}]}}