{"id":2106,"date":"2025-04-13T15:15:28","date_gmt":"2025-04-13T13:15:28","guid":{"rendered":"https:\/\/chatteriedelareine.fr\/?page_id=2106"},"modified":"2025-08-09T15:40:55","modified_gmt":"2025-08-09T13:40:55","slug":"alice","status":"publish","type":"page","link":"https:\/\/chatteriedelareine.fr\/index.php\/alice\/","title":{"rendered":"Alice"},"content":{"rendered":"\n<p id=\"block-796ec1fb-b29a-4408-a02e-2ff5f135f0c5\">Nous vous pr\u00e9sentons Alice:<br>Elle est n\u00e9e le 8 mars 2025 du mariage entre Phili et Th\u00e9odora<br>Elle est fold, et c&rsquo;est surtout notre premier chaton solid chocolate. Statitiquement c&rsquo;\u00e9tait une combinaison possible entre Phili et Th\u00e9odora, mais la probabilit\u00e9 est relativement faible.<br>Il est adorable et a pris les g\u00eanes de Phili et de Th\u00e9odora, mais au vu de sa couleur il est plus difficile de dire qu&rsquo;elle ressemble \u00e0 l&rsquo;un ou l&rsquo;autre m\u00eame si ses traits se rapprochent plus de ceux de Phili que de Th\u00e9odora. <br>Elle est \u00e0 la fois tr\u00e8s caline et curieuse.<br>Elle vient tout juste de passer son 1er mois et commence \u00e0 devenir plus int\u00e9ress\u00e9e par la d\u00e9couverte du monde.<\/p>\n\n\n\n<p id=\"block-74c43a0a-5188-4ea0-a12b-06f6da42f899\"><strong>Status: \nvendu<br><\/strong><\/p>\n\n\n\n<p id=\"block-a2106bd6-c465-4108-9255-7014d0c4581a\"><strong>Date de d\u00e9part pr\u00e9visionnelle: <\/strong>mi-mai 2025<\/p>\n\n\n\n<p id=\"block-81097142-faaf-4135-8c3a-e39c6eab6fb6\">Voici ses premi\u00e8res photos un peu avant 1 mois<br>et puis quelques photos plus r\u00e9centes, autour de 5 mois en visite \u00e0 la chatterie. Ses yeux dor\u00e9s ont fait leur apparition et elle ressemble \u00e0 une fi\u00e8re panth\u00e8re couleur chocolat fonc\u00e9.<\/p>\n\n\n\n<figure class=\"wp-block-gallery has-nested-images columns-default is-cropped wp-block-gallery-1 is-layout-flex wp-block-gallery-is-layout-flex\">\n<figure class=\"wp-block-image size-large\"><img loading=\"lazy\" decoding=\"async\" width=\"768\" height=\"1024\" data-id=\"2305\" src=\"https:\/\/chatteriedelareine.fr\/wp-content\/uploads\/2025\/08\/504c0911-8bb3-4397-bd78-fad47604737a-768x1024.jpg\" alt=\"\" class=\"wp-image-2305\" srcset=\"https:\/\/chatteriedelareine.fr\/wp-content\/uploads\/2025\/08\/504c0911-8bb3-4397-bd78-fad47604737a-768x1024.jpg 768w, https:\/\/chatteriedelareine.fr\/wp-content\/uploads\/2025\/08\/504c0911-8bb3-4397-bd78-fad47604737a-225x300.jpg 225w, https:\/\/chatteriedelareine.fr\/wp-content\/uploads\/2025\/08\/504c0911-8bb3-4397-bd78-fad47604737a-1152x1536.jpg 1152w, https:\/\/chatteriedelareine.fr\/wp-content\/uploads\/2025\/08\/504c0911-8bb3-4397-bd78-fad47604737a.jpg 1200w\" sizes=\"auto, (max-width: 768px) 100vw, 768px\" \/><\/figure>\n\n\n\n<figure class=\"wp-block-image size-large\"><img loading=\"lazy\" decoding=\"async\" width=\"1009\" height=\"1024\" data-id=\"2307\" src=\"https:\/\/chatteriedelareine.fr\/wp-content\/uploads\/2025\/08\/ee786b9e-2f6e-4bf4-bc2e-f73e4f39c1b5-1009x1024.jpg\" alt=\"\" class=\"wp-image-2307\" srcset=\"https:\/\/chatteriedelareine.fr\/wp-content\/uploads\/2025\/08\/ee786b9e-2f6e-4bf4-bc2e-f73e4f39c1b5-1009x1024.jpg 1009w, https:\/\/chatteriedelareine.fr\/wp-content\/uploads\/2025\/08\/ee786b9e-2f6e-4bf4-bc2e-f73e4f39c1b5-296x300.jpg 296w, https:\/\/chatteriedelareine.fr\/wp-content\/uploads\/2025\/08\/ee786b9e-2f6e-4bf4-bc2e-f73e4f39c1b5-768x780.jpg 768w, https:\/\/chatteriedelareine.fr\/wp-content\/uploads\/2025\/08\/ee786b9e-2f6e-4bf4-bc2e-f73e4f39c1b5-1513x1536.jpg 1513w, https:\/\/chatteriedelareine.fr\/wp-content\/uploads\/2025\/08\/ee786b9e-2f6e-4bf4-bc2e-f73e4f39c1b5-60x60.jpg 60w, https:\/\/chatteriedelareine.fr\/wp-content\/uploads\/2025\/08\/ee786b9e-2f6e-4bf4-bc2e-f73e4f39c1b5.jpg 1576w\" sizes=\"auto, (max-width: 1009px) 100vw, 1009px\" \/><\/figure>\n\n\n\n<figure data-wp-context=\"{&quot;imageId&quot;:&quot;69e260e208c88&quot;}\" data-wp-interactive=\"core\/image\" data-wp-key=\"69e260e208c88\" class=\"wp-block-image size-large wp-lightbox-container\"><img loading=\"lazy\" decoding=\"async\" width=\"768\" height=\"1024\" data-wp-class--hide=\"state.isContentHidden\" data-wp-class--show=\"state.isContentVisible\" data-wp-init=\"callbacks.setButtonStyles\" data-wp-on--click=\"actions.showLightbox\" data-wp-on--load=\"callbacks.setButtonStyles\" data-wp-on-window--resize=\"callbacks.setButtonStyles\" data-id=\"2121\" src=\"https:\/\/chatteriedelareine.fr\/wp-content\/uploads\/2025\/04\/253de805-d357-4ea0-a5fb-9292f84f98a1-1-768x1024.jpg\" alt=\"\" class=\"wp-image-2121\" srcset=\"https:\/\/chatteriedelareine.fr\/wp-content\/uploads\/2025\/04\/253de805-d357-4ea0-a5fb-9292f84f98a1-1-768x1024.jpg 768w, https:\/\/chatteriedelareine.fr\/wp-content\/uploads\/2025\/04\/253de805-d357-4ea0-a5fb-9292f84f98a1-1-225x300.jpg 225w, https:\/\/chatteriedelareine.fr\/wp-content\/uploads\/2025\/04\/253de805-d357-4ea0-a5fb-9292f84f98a1-1-1152x1536.jpg 1152w, https:\/\/chatteriedelareine.fr\/wp-content\/uploads\/2025\/04\/253de805-d357-4ea0-a5fb-9292f84f98a1-1.jpg 1200w\" sizes=\"auto, (max-width: 768px) 100vw, 768px\" \/><button\n\t\t\tclass=\"lightbox-trigger\"\n\t\t\ttype=\"button\"\n\t\t\taria-haspopup=\"dialog\"\n\t\t\taria-label=\"Agrandir\"\n\t\t\tdata-wp-init=\"callbacks.initTriggerButton\"\n\t\t\tdata-wp-on--click=\"actions.showLightbox\"\n\t\t\tdata-wp-style--right=\"state.imageButtonRight\"\n\t\t\tdata-wp-style--top=\"state.imageButtonTop\"\n\t\t>\n\t\t\t<svg xmlns=\"http:\/\/www.w3.org\/2000\/svg\" width=\"12\" height=\"12\" fill=\"none\" viewBox=\"0 0 12 12\">\n\t\t\t\t<path fill=\"#fff\" d=\"M2 0a2 2 0 0 0-2 2v2h1.5V2a.5.5 0 0 1 .5-.5h2V0H2Zm2 10.5H2a.5.5 0 0 1-.5-.5V8H0v2a2 2 0 0 0 2 2h2v-1.5ZM8 12v-1.5h2a.5.5 0 0 0 .5-.5V8H12v2a2 2 0 0 1-2 2H8Zm2-12a2 2 0 0 1 2 2v2h-1.5V2a.5.5 0 0 0-.5-.5H8V0h2Z\" \/>\n\t\t\t<\/svg>\n\t\t<\/button><\/figure>\n\n\n\n<figure data-wp-context=\"{&quot;imageId&quot;:&quot;69e260e2092b7&quot;}\" data-wp-interactive=\"core\/image\" data-wp-key=\"69e260e2092b7\" class=\"wp-block-image size-large wp-lightbox-container\"><img loading=\"lazy\" decoding=\"async\" width=\"768\" height=\"1024\" data-wp-class--hide=\"state.isContentHidden\" data-wp-class--show=\"state.isContentVisible\" data-wp-init=\"callbacks.setButtonStyles\" data-wp-on--click=\"actions.showLightbox\" data-wp-on--load=\"callbacks.setButtonStyles\" data-wp-on-window--resize=\"callbacks.setButtonStyles\" data-id=\"2120\" src=\"https:\/\/chatteriedelareine.fr\/wp-content\/uploads\/2025\/04\/IMG_8487-1-768x1024.jpg\" alt=\"\" class=\"wp-image-2120\" srcset=\"https:\/\/chatteriedelareine.fr\/wp-content\/uploads\/2025\/04\/IMG_8487-1-768x1024.jpg 768w, https:\/\/chatteriedelareine.fr\/wp-content\/uploads\/2025\/04\/IMG_8487-1-225x300.jpg 225w, https:\/\/chatteriedelareine.fr\/wp-content\/uploads\/2025\/04\/IMG_8487-1-1152x1536.jpg 1152w, https:\/\/chatteriedelareine.fr\/wp-content\/uploads\/2025\/04\/IMG_8487-1-1536x2048.jpg 1536w, https:\/\/chatteriedelareine.fr\/wp-content\/uploads\/2025\/04\/IMG_8487-1-scaled.jpg 1920w\" sizes=\"auto, (max-width: 768px) 100vw, 768px\" \/><button\n\t\t\tclass=\"lightbox-trigger\"\n\t\t\ttype=\"button\"\n\t\t\taria-haspopup=\"dialog\"\n\t\t\taria-label=\"Agrandir\"\n\t\t\tdata-wp-init=\"callbacks.initTriggerButton\"\n\t\t\tdata-wp-on--click=\"actions.showLightbox\"\n\t\t\tdata-wp-style--right=\"state.imageButtonRight\"\n\t\t\tdata-wp-style--top=\"state.imageButtonTop\"\n\t\t>\n\t\t\t<svg xmlns=\"http:\/\/www.w3.org\/2000\/svg\" width=\"12\" height=\"12\" fill=\"none\" viewBox=\"0 0 12 12\">\n\t\t\t\t<path fill=\"#fff\" d=\"M2 0a2 2 0 0 0-2 2v2h1.5V2a.5.5 0 0 1 .5-.5h2V0H2Zm2 10.5H2a.5.5 0 0 1-.5-.5V8H0v2a2 2 0 0 0 2 2h2v-1.5ZM8 12v-1.5h2a.5.5 0 0 0 .5-.5V8H12v2a2 2 0 0 1-2 2H8Zm2-12a2 2 0 0 1 2 2v2h-1.5V2a.5.5 0 0 0-.5-.5H8V0h2Z\" \/>\n\t\t\t<\/svg>\n\t\t<\/button><\/figure>\n\n\n\n<figure data-wp-context=\"{&quot;imageId&quot;:&quot;69e260e2098c1&quot;}\" data-wp-interactive=\"core\/image\" data-wp-key=\"69e260e2098c1\" class=\"wp-block-image size-large wp-lightbox-container\"><img loading=\"lazy\" decoding=\"async\" width=\"708\" height=\"1024\" data-wp-class--hide=\"state.isContentHidden\" data-wp-class--show=\"state.isContentVisible\" data-wp-init=\"callbacks.setButtonStyles\" data-wp-on--click=\"actions.showLightbox\" data-wp-on--load=\"callbacks.setButtonStyles\" data-wp-on-window--resize=\"callbacks.setButtonStyles\" data-id=\"2109\" src=\"https:\/\/chatteriedelareine.fr\/wp-content\/uploads\/2025\/04\/71957b7c-3c34-4513-9a0b-42e768acbce3-708x1024.jpg\" alt=\"\" class=\"wp-image-2109\" srcset=\"https:\/\/chatteriedelareine.fr\/wp-content\/uploads\/2025\/04\/71957b7c-3c34-4513-9a0b-42e768acbce3-708x1024.jpg 708w, https:\/\/chatteriedelareine.fr\/wp-content\/uploads\/2025\/04\/71957b7c-3c34-4513-9a0b-42e768acbce3-207x300.jpg 207w, https:\/\/chatteriedelareine.fr\/wp-content\/uploads\/2025\/04\/71957b7c-3c34-4513-9a0b-42e768acbce3-768x1111.jpg 768w, https:\/\/chatteriedelareine.fr\/wp-content\/uploads\/2025\/04\/71957b7c-3c34-4513-9a0b-42e768acbce3-1062x1536.jpg 1062w, https:\/\/chatteriedelareine.fr\/wp-content\/uploads\/2025\/04\/71957b7c-3c34-4513-9a0b-42e768acbce3.jpg 1106w\" sizes=\"auto, (max-width: 708px) 100vw, 708px\" \/><button\n\t\t\tclass=\"lightbox-trigger\"\n\t\t\ttype=\"button\"\n\t\t\taria-haspopup=\"dialog\"\n\t\t\taria-label=\"Agrandir\"\n\t\t\tdata-wp-init=\"callbacks.initTriggerButton\"\n\t\t\tdata-wp-on--click=\"actions.showLightbox\"\n\t\t\tdata-wp-style--right=\"state.imageButtonRight\"\n\t\t\tdata-wp-style--top=\"state.imageButtonTop\"\n\t\t>\n\t\t\t<svg xmlns=\"http:\/\/www.w3.org\/2000\/svg\" width=\"12\" height=\"12\" fill=\"none\" viewBox=\"0 0 12 12\">\n\t\t\t\t<path fill=\"#fff\" d=\"M2 0a2 2 0 0 0-2 2v2h1.5V2a.5.5 0 0 1 .5-.5h2V0H2Zm2 10.5H2a.5.5 0 0 1-.5-.5V8H0v2a2 2 0 0 0 2 2h2v-1.5ZM8 12v-1.5h2a.5.5 0 0 0 .5-.5V8H12v2a2 2 0 0 1-2 2H8Zm2-12a2 2 0 0 1 2 2v2h-1.5V2a.5.5 0 0 0-.5-.5H8V0h2Z\" \/>\n\t\t\t<\/svg>\n\t\t<\/button><\/figure>\n\n\n\n<figure data-wp-context=\"{&quot;imageId&quot;:&quot;69e260e209d77&quot;}\" data-wp-interactive=\"core\/image\" data-wp-key=\"69e260e209d77\" class=\"wp-block-image size-large wp-lightbox-container\"><img loading=\"lazy\" decoding=\"async\" width=\"768\" height=\"1024\" data-wp-class--hide=\"state.isContentHidden\" data-wp-class--show=\"state.isContentVisible\" data-wp-init=\"callbacks.setButtonStyles\" data-wp-on--click=\"actions.showLightbox\" data-wp-on--load=\"callbacks.setButtonStyles\" data-wp-on-window--resize=\"callbacks.setButtonStyles\" data-id=\"2110\" src=\"https:\/\/chatteriedelareine.fr\/wp-content\/uploads\/2025\/04\/9bcf761d-70a1-4f05-b304-3e4984295387-768x1024.jpg\" alt=\"\" class=\"wp-image-2110\" srcset=\"https:\/\/chatteriedelareine.fr\/wp-content\/uploads\/2025\/04\/9bcf761d-70a1-4f05-b304-3e4984295387-768x1024.jpg 768w, https:\/\/chatteriedelareine.fr\/wp-content\/uploads\/2025\/04\/9bcf761d-70a1-4f05-b304-3e4984295387-225x300.jpg 225w, https:\/\/chatteriedelareine.fr\/wp-content\/uploads\/2025\/04\/9bcf761d-70a1-4f05-b304-3e4984295387-1152x1536.jpg 1152w, https:\/\/chatteriedelareine.fr\/wp-content\/uploads\/2025\/04\/9bcf761d-70a1-4f05-b304-3e4984295387.jpg 1200w\" sizes=\"auto, (max-width: 768px) 100vw, 768px\" \/><button\n\t\t\tclass=\"lightbox-trigger\"\n\t\t\ttype=\"button\"\n\t\t\taria-haspopup=\"dialog\"\n\t\t\taria-label=\"Agrandir\"\n\t\t\tdata-wp-init=\"callbacks.initTriggerButton\"\n\t\t\tdata-wp-on--click=\"actions.showLightbox\"\n\t\t\tdata-wp-style--right=\"state.imageButtonRight\"\n\t\t\tdata-wp-style--top=\"state.imageButtonTop\"\n\t\t>\n\t\t\t<svg xmlns=\"http:\/\/www.w3.org\/2000\/svg\" width=\"12\" height=\"12\" fill=\"none\" viewBox=\"0 0 12 12\">\n\t\t\t\t<path fill=\"#fff\" d=\"M2 0a2 2 0 0 0-2 2v2h1.5V2a.5.5 0 0 1 .5-.5h2V0H2Zm2 10.5H2a.5.5 0 0 1-.5-.5V8H0v2a2 2 0 0 0 2 2h2v-1.5ZM8 12v-1.5h2a.5.5 0 0 0 .5-.5V8H12v2a2 2 0 0 1-2 2H8Zm2-12a2 2 0 0 1 2 2v2h-1.5V2a.5.5 0 0 0-.5-.5H8V0h2Z\" \/>\n\t\t\t<\/svg>\n\t\t<\/button><\/figure>\n\n\n\n<figure data-wp-context=\"{&quot;imageId&quot;:&quot;69e260e20a37a&quot;}\" data-wp-interactive=\"core\/image\" data-wp-key=\"69e260e20a37a\" class=\"wp-block-image size-large wp-lightbox-container\"><img loading=\"lazy\" decoding=\"async\" width=\"768\" height=\"1024\" data-wp-class--hide=\"state.isContentHidden\" data-wp-class--show=\"state.isContentVisible\" data-wp-init=\"callbacks.setButtonStyles\" data-wp-on--click=\"actions.showLightbox\" data-wp-on--load=\"callbacks.setButtonStyles\" data-wp-on-window--resize=\"callbacks.setButtonStyles\" data-id=\"2111\" src=\"https:\/\/chatteriedelareine.fr\/wp-content\/uploads\/2025\/04\/35d39dec-b785-42ec-9023-04769a8d7a07-768x1024.jpg\" alt=\"\" class=\"wp-image-2111\" srcset=\"https:\/\/chatteriedelareine.fr\/wp-content\/uploads\/2025\/04\/35d39dec-b785-42ec-9023-04769a8d7a07-768x1024.jpg 768w, https:\/\/chatteriedelareine.fr\/wp-content\/uploads\/2025\/04\/35d39dec-b785-42ec-9023-04769a8d7a07-225x300.jpg 225w, https:\/\/chatteriedelareine.fr\/wp-content\/uploads\/2025\/04\/35d39dec-b785-42ec-9023-04769a8d7a07-1152x1536.jpg 1152w, https:\/\/chatteriedelareine.fr\/wp-content\/uploads\/2025\/04\/35d39dec-b785-42ec-9023-04769a8d7a07.jpg 1200w\" sizes=\"auto, (max-width: 768px) 100vw, 768px\" \/><button\n\t\t\tclass=\"lightbox-trigger\"\n\t\t\ttype=\"button\"\n\t\t\taria-haspopup=\"dialog\"\n\t\t\taria-label=\"Agrandir\"\n\t\t\tdata-wp-init=\"callbacks.initTriggerButton\"\n\t\t\tdata-wp-on--click=\"actions.showLightbox\"\n\t\t\tdata-wp-style--right=\"state.imageButtonRight\"\n\t\t\tdata-wp-style--top=\"state.imageButtonTop\"\n\t\t>\n\t\t\t<svg xmlns=\"http:\/\/www.w3.org\/2000\/svg\" width=\"12\" height=\"12\" fill=\"none\" viewBox=\"0 0 12 12\">\n\t\t\t\t<path fill=\"#fff\" d=\"M2 0a2 2 0 0 0-2 2v2h1.5V2a.5.5 0 0 1 .5-.5h2V0H2Zm2 10.5H2a.5.5 0 0 1-.5-.5V8H0v2a2 2 0 0 0 2 2h2v-1.5ZM8 12v-1.5h2a.5.5 0 0 0 .5-.5V8H12v2a2 2 0 0 1-2 2H8Zm2-12a2 2 0 0 1 2 2v2h-1.5V2a.5.5 0 0 0-.5-.5H8V0h2Z\" \/>\n\t\t\t<\/svg>\n\t\t<\/button><\/figure>\n\n\n\n<figure data-wp-context=\"{&quot;imageId&quot;:&quot;69e260e20a8c7&quot;}\" data-wp-interactive=\"core\/image\" data-wp-key=\"69e260e20a8c7\" class=\"wp-block-image size-large wp-lightbox-container\"><img loading=\"lazy\" decoding=\"async\" width=\"895\" height=\"1024\" data-wp-class--hide=\"state.isContentHidden\" data-wp-class--show=\"state.isContentVisible\" data-wp-init=\"callbacks.setButtonStyles\" data-wp-on--click=\"actions.showLightbox\" data-wp-on--load=\"callbacks.setButtonStyles\" data-wp-on-window--resize=\"callbacks.setButtonStyles\" data-id=\"2108\" src=\"https:\/\/chatteriedelareine.fr\/wp-content\/uploads\/2025\/04\/75fcdd7a-161b-405e-af00-7c1b5b5e3fb3-895x1024.jpg\" alt=\"\" class=\"wp-image-2108\" srcset=\"https:\/\/chatteriedelareine.fr\/wp-content\/uploads\/2025\/04\/75fcdd7a-161b-405e-af00-7c1b5b5e3fb3-895x1024.jpg 895w, https:\/\/chatteriedelareine.fr\/wp-content\/uploads\/2025\/04\/75fcdd7a-161b-405e-af00-7c1b5b5e3fb3-262x300.jpg 262w, https:\/\/chatteriedelareine.fr\/wp-content\/uploads\/2025\/04\/75fcdd7a-161b-405e-af00-7c1b5b5e3fb3-768x879.jpg 768w, https:\/\/chatteriedelareine.fr\/wp-content\/uploads\/2025\/04\/75fcdd7a-161b-405e-af00-7c1b5b5e3fb3-1342x1536.jpg 1342w, https:\/\/chatteriedelareine.fr\/wp-content\/uploads\/2025\/04\/75fcdd7a-161b-405e-af00-7c1b5b5e3fb3.jpg 1398w\" sizes=\"auto, (max-width: 895px) 100vw, 895px\" \/><button\n\t\t\tclass=\"lightbox-trigger\"\n\t\t\ttype=\"button\"\n\t\t\taria-haspopup=\"dialog\"\n\t\t\taria-label=\"Agrandir\"\n\t\t\tdata-wp-init=\"callbacks.initTriggerButton\"\n\t\t\tdata-wp-on--click=\"actions.showLightbox\"\n\t\t\tdata-wp-style--right=\"state.imageButtonRight\"\n\t\t\tdata-wp-style--top=\"state.imageButtonTop\"\n\t\t>\n\t\t\t<svg xmlns=\"http:\/\/www.w3.org\/2000\/svg\" width=\"12\" height=\"12\" fill=\"none\" viewBox=\"0 0 12 12\">\n\t\t\t\t<path fill=\"#fff\" d=\"M2 0a2 2 0 0 0-2 2v2h1.5V2a.5.5 0 0 1 .5-.5h2V0H2Zm2 10.5H2a.5.5 0 0 1-.5-.5V8H0v2a2 2 0 0 0 2 2h2v-1.5ZM8 12v-1.5h2a.5.5 0 0 0 .5-.5V8H12v2a2 2 0 0 1-2 2H8Zm2-12a2 2 0 0 1 2 2v2h-1.5V2a.5.5 0 0 0-.5-.5H8V0h2Z\" \/>\n\t\t\t<\/svg>\n\t\t<\/button><\/figure>\n\n\n\n<figure data-wp-context=\"{&quot;imageId&quot;:&quot;69e260e20ad72&quot;}\" data-wp-interactive=\"core\/image\" data-wp-key=\"69e260e20ad72\" class=\"wp-block-image size-large wp-lightbox-container\"><img loading=\"lazy\" decoding=\"async\" width=\"768\" height=\"1024\" data-wp-class--hide=\"state.isContentHidden\" data-wp-class--show=\"state.isContentVisible\" data-wp-init=\"callbacks.setButtonStyles\" data-wp-on--click=\"actions.showLightbox\" data-wp-on--load=\"callbacks.setButtonStyles\" data-wp-on-window--resize=\"callbacks.setButtonStyles\" data-id=\"2119\" src=\"https:\/\/chatteriedelareine.fr\/wp-content\/uploads\/2025\/04\/IMG_8467-1-768x1024.jpg\" alt=\"\" class=\"wp-image-2119\" srcset=\"https:\/\/chatteriedelareine.fr\/wp-content\/uploads\/2025\/04\/IMG_8467-1-768x1024.jpg 768w, https:\/\/chatteriedelareine.fr\/wp-content\/uploads\/2025\/04\/IMG_8467-1-225x300.jpg 225w, https:\/\/chatteriedelareine.fr\/wp-content\/uploads\/2025\/04\/IMG_8467-1-1152x1536.jpg 1152w, https:\/\/chatteriedelareine.fr\/wp-content\/uploads\/2025\/04\/IMG_8467-1-1536x2048.jpg 1536w, https:\/\/chatteriedelareine.fr\/wp-content\/uploads\/2025\/04\/IMG_8467-1-scaled.jpg 1920w\" sizes=\"auto, (max-width: 768px) 100vw, 768px\" \/><button\n\t\t\tclass=\"lightbox-trigger\"\n\t\t\ttype=\"button\"\n\t\t\taria-haspopup=\"dialog\"\n\t\t\taria-label=\"Agrandir\"\n\t\t\tdata-wp-init=\"callbacks.initTriggerButton\"\n\t\t\tdata-wp-on--click=\"actions.showLightbox\"\n\t\t\tdata-wp-style--right=\"state.imageButtonRight\"\n\t\t\tdata-wp-style--top=\"state.imageButtonTop\"\n\t\t>\n\t\t\t<svg xmlns=\"http:\/\/www.w3.org\/2000\/svg\" width=\"12\" height=\"12\" fill=\"none\" viewBox=\"0 0 12 12\">\n\t\t\t\t<path fill=\"#fff\" d=\"M2 0a2 2 0 0 0-2 2v2h1.5V2a.5.5 0 0 1 .5-.5h2V0H2Zm2 10.5H2a.5.5 0 0 1-.5-.5V8H0v2a2 2 0 0 0 2 2h2v-1.5ZM8 12v-1.5h2a.5.5 0 0 0 .5-.5V8H12v2a2 2 0 0 1-2 2H8Zm2-12a2 2 0 0 1 2 2v2h-1.5V2a.5.5 0 0 0-.5-.5H8V0h2Z\" \/>\n\t\t\t<\/svg>\n\t\t<\/button><\/figure>\n\n\n\n<figure data-wp-context=\"{&quot;imageId&quot;:&quot;69e260e20b35e&quot;}\" data-wp-interactive=\"core\/image\" data-wp-key=\"69e260e20b35e\" class=\"wp-block-image size-large wp-lightbox-container\"><img loading=\"lazy\" decoding=\"async\" width=\"768\" height=\"1024\" data-wp-class--hide=\"state.isContentHidden\" data-wp-class--show=\"state.isContentVisible\" data-wp-init=\"callbacks.setButtonStyles\" data-wp-on--click=\"actions.showLightbox\" data-wp-on--load=\"callbacks.setButtonStyles\" data-wp-on-window--resize=\"callbacks.setButtonStyles\" data-id=\"2124\" src=\"https:\/\/chatteriedelareine.fr\/wp-content\/uploads\/2025\/04\/IMG_8199-1-768x1024.jpg\" alt=\"\" class=\"wp-image-2124\" srcset=\"https:\/\/chatteriedelareine.fr\/wp-content\/uploads\/2025\/04\/IMG_8199-1-768x1024.jpg 768w, https:\/\/chatteriedelareine.fr\/wp-content\/uploads\/2025\/04\/IMG_8199-1-225x300.jpg 225w, https:\/\/chatteriedelareine.fr\/wp-content\/uploads\/2025\/04\/IMG_8199-1-1152x1536.jpg 1152w, https:\/\/chatteriedelareine.fr\/wp-content\/uploads\/2025\/04\/IMG_8199-1-1536x2048.jpg 1536w, https:\/\/chatteriedelareine.fr\/wp-content\/uploads\/2025\/04\/IMG_8199-1-scaled.jpg 1920w\" sizes=\"auto, (max-width: 768px) 100vw, 768px\" \/><button\n\t\t\tclass=\"lightbox-trigger\"\n\t\t\ttype=\"button\"\n\t\t\taria-haspopup=\"dialog\"\n\t\t\taria-label=\"Agrandir\"\n\t\t\tdata-wp-init=\"callbacks.initTriggerButton\"\n\t\t\tdata-wp-on--click=\"actions.showLightbox\"\n\t\t\tdata-wp-style--right=\"state.imageButtonRight\"\n\t\t\tdata-wp-style--top=\"state.imageButtonTop\"\n\t\t>\n\t\t\t<svg xmlns=\"http:\/\/www.w3.org\/2000\/svg\" width=\"12\" height=\"12\" fill=\"none\" viewBox=\"0 0 12 12\">\n\t\t\t\t<path fill=\"#fff\" d=\"M2 0a2 2 0 0 0-2 2v2h1.5V2a.5.5 0 0 1 .5-.5h2V0H2Zm2 10.5H2a.5.5 0 0 1-.5-.5V8H0v2a2 2 0 0 0 2 2h2v-1.5ZM8 12v-1.5h2a.5.5 0 0 0 .5-.5V8H12v2a2 2 0 0 1-2 2H8Zm2-12a2 2 0 0 1 2 2v2h-1.5V2a.5.5 0 0 0-.5-.5H8V0h2Z\" \/>\n\t\t\t<\/svg>\n\t\t<\/button><\/figure>\n\n\n\n<figure data-wp-context=\"{&quot;imageId&quot;:&quot;69e260e20b88a&quot;}\" data-wp-interactive=\"core\/image\" data-wp-key=\"69e260e20b88a\" class=\"wp-block-image size-large wp-lightbox-container\"><img loading=\"lazy\" decoding=\"async\" width=\"768\" height=\"1024\" data-wp-class--hide=\"state.isContentHidden\" data-wp-class--show=\"state.isContentVisible\" data-wp-init=\"callbacks.setButtonStyles\" data-wp-on--click=\"actions.showLightbox\" data-wp-on--load=\"callbacks.setButtonStyles\" data-wp-on-window--resize=\"callbacks.setButtonStyles\" data-id=\"2125\" src=\"https:\/\/chatteriedelareine.fr\/wp-content\/uploads\/2025\/04\/IMG_8240-1-768x1024.jpg\" alt=\"\" class=\"wp-image-2125\" srcset=\"https:\/\/chatteriedelareine.fr\/wp-content\/uploads\/2025\/04\/IMG_8240-1-768x1024.jpg 768w, https:\/\/chatteriedelareine.fr\/wp-content\/uploads\/2025\/04\/IMG_8240-1-225x300.jpg 225w, https:\/\/chatteriedelareine.fr\/wp-content\/uploads\/2025\/04\/IMG_8240-1-1152x1536.jpg 1152w, https:\/\/chatteriedelareine.fr\/wp-content\/uploads\/2025\/04\/IMG_8240-1-1536x2048.jpg 1536w, https:\/\/chatteriedelareine.fr\/wp-content\/uploads\/2025\/04\/IMG_8240-1-scaled.jpg 1920w\" sizes=\"auto, (max-width: 768px) 100vw, 768px\" \/><button\n\t\t\tclass=\"lightbox-trigger\"\n\t\t\ttype=\"button\"\n\t\t\taria-haspopup=\"dialog\"\n\t\t\taria-label=\"Agrandir\"\n\t\t\tdata-wp-init=\"callbacks.initTriggerButton\"\n\t\t\tdata-wp-on--click=\"actions.showLightbox\"\n\t\t\tdata-wp-style--right=\"state.imageButtonRight\"\n\t\t\tdata-wp-style--top=\"state.imageButtonTop\"\n\t\t>\n\t\t\t<svg xmlns=\"http:\/\/www.w3.org\/2000\/svg\" width=\"12\" height=\"12\" fill=\"none\" viewBox=\"0 0 12 12\">\n\t\t\t\t<path fill=\"#fff\" d=\"M2 0a2 2 0 0 0-2 2v2h1.5V2a.5.5 0 0 1 .5-.5h2V0H2Zm2 10.5H2a.5.5 0 0 1-.5-.5V8H0v2a2 2 0 0 0 2 2h2v-1.5ZM8 12v-1.5h2a.5.5 0 0 0 .5-.5V8H12v2a2 2 0 0 1-2 2H8Zm2-12a2 2 0 0 1 2 2v2h-1.5V2a.5.5 0 0 0-.5-.5H8V0h2Z\" \/>\n\t\t\t<\/svg>\n\t\t<\/button><\/figure>\n<\/figure>\n\n\n\n<p><\/p>\n","protected":false},"excerpt":{"rendered":"<p>Nous vous pr\u00e9sentons Alice:Elle est n\u00e9e le 8 mars 2025 du mariage entre Phili et Th\u00e9odoraElle est fold, et c&rsquo;est surtout notre premier chaton solid chocolate. Statitiquement c&rsquo;\u00e9tait une combinaison possible entre Phili et Th\u00e9odora, mais la probabilit\u00e9 est relativement faible.Il est adorable et a pris les g\u00eanes de Phili et de Th\u00e9odora, mais au vu de sa couleur il est plus difficile de dire qu&rsquo;elle ressemble \u00e0 l&rsquo;un ou l&rsquo;autre m\u00eame si ses traits se rapprochent plus de ceux de Phili que de Th\u00e9odora. Elle est \u00e0 la fois tr\u00e8s caline et curieuse.Elle vient tout juste de passer son &hellip; <\/p>\n","protected":false},"author":1,"featured_media":0,"parent":0,"menu_order":0,"comment_status":"closed","ping_status":"closed","template":"","meta":{"footnotes":""},"class_list":["post-2106","page","type-page","status-publish","hentry"],"_links":{"self":[{"href":"https:\/\/chatteriedelareine.fr\/index.php\/wp-json\/wp\/v2\/pages\/2106","targetHints":{"allow":["GET"]}}],"collection":[{"href":"https:\/\/chatteriedelareine.fr\/index.php\/wp-json\/wp\/v2\/pages"}],"about":[{"href":"https:\/\/chatteriedelareine.fr\/index.php\/wp-json\/wp\/v2\/types\/page"}],"author":[{"embeddable":true,"href":"https:\/\/chatteriedelareine.fr\/index.php\/wp-json\/wp\/v2\/users\/1"}],"replies":[{"embeddable":true,"href":"https:\/\/chatteriedelareine.fr\/index.php\/wp-json\/wp\/v2\/comments?post=2106"}],"version-history":[{"count":2,"href":"https:\/\/chatteriedelareine.fr\/index.php\/wp-json\/wp\/v2\/pages\/2106\/revisions"}],"predecessor-version":[{"id":2308,"href":"https:\/\/chatteriedelareine.fr\/index.php\/wp-json\/wp\/v2\/pages\/2106\/revisions\/2308"}],"wp:attachment":[{"href":"https:\/\/chatteriedelareine.fr\/index.php\/wp-json\/wp\/v2\/media?parent=2106"}],"curies":[{"name":"wp","href":"https:\/\/api.w.org\/{rel}","templated":true}]}}