{"id":2085,"date":"2025-04-13T14:54:53","date_gmt":"2025-04-13T12:54:53","guid":{"rendered":"https:\/\/chatteriedelareine.fr\/?page_id=2085"},"modified":"2025-04-13T14:54:53","modified_gmt":"2025-04-13T12:54:53","slug":"ariana","status":"publish","type":"page","link":"https:\/\/chatteriedelareine.fr\/index.php\/ariana\/","title":{"rendered":"Ariana"},"content":{"rendered":"\n<p id=\"block-796ec1fb-b29a-4408-a02e-2ff5f135f0c5\">Nous vous pr\u00e9sentons Ariana:<br>Elle est n\u00e9e le 8 mars 2025 du mariage entre Phili et Th\u00e9odora<br>Elle est fold, blue blotched tabby (marbr\u00e9e).<br>Elle est adorable et tr\u00e8s caline, et est \u00e0 l&rsquo;image de sa maman Th\u00e9odora si ce n&rsquo;est l&rsquo;aspect fold qui lui vient de son p\u00e8re Phili.<br>Elle vient tout juste de passer son 1er mois et affirme d\u00e9j\u00e0 son petit caract\u00e8re aventureux et intr\u00e9pide tout en adorant passer du temps dans les mains et recevoir des caresses.<\/p>\n\n\n\n<p id=\"block-74c43a0a-5188-4ea0-a12b-06f6da42f899\"><strong>Status: \nvendu<br><\/strong><\/p>\n\n\n\n<p id=\"block-a2106bd6-c465-4108-9255-7014d0c4581a\"><strong>Date de d\u00e9part pr\u00e9visionnelle: <\/strong>mi-mai 2025<\/p>\n\n\n\n<p id=\"block-81097142-faaf-4135-8c3a-e39c6eab6fb6\">Voici ses premi\u00e8res photos autour de 1 mois<\/p>\n\n\n\n<figure class=\"wp-block-gallery has-nested-images columns-default is-cropped wp-block-gallery-1 is-layout-flex wp-block-gallery-is-layout-flex\">\n<figure data-wp-context=\"{&quot;imageId&quot;:&quot;69f2be22c827e&quot;}\" data-wp-interactive=\"core\/image\" data-wp-key=\"69f2be22c827e\" class=\"wp-block-image size-large wp-lightbox-container\"><img loading=\"lazy\" decoding=\"async\" width=\"768\" height=\"1024\" data-wp-class--hide=\"state.isContentHidden\" data-wp-class--show=\"state.isContentVisible\" data-wp-init=\"callbacks.setButtonStyles\" data-wp-on--click=\"actions.showLightbox\" data-wp-on--load=\"callbacks.setButtonStyles\" data-wp-on-window--resize=\"callbacks.setButtonStyles\" data-id=\"2090\" src=\"https:\/\/chatteriedelareine.fr\/wp-content\/uploads\/2025\/04\/2f55120d-8d14-4af2-8708-6a8b53a1a943-768x1024.jpg\" alt=\"\" class=\"wp-image-2090\" srcset=\"https:\/\/chatteriedelareine.fr\/wp-content\/uploads\/2025\/04\/2f55120d-8d14-4af2-8708-6a8b53a1a943-768x1024.jpg 768w, https:\/\/chatteriedelareine.fr\/wp-content\/uploads\/2025\/04\/2f55120d-8d14-4af2-8708-6a8b53a1a943-225x300.jpg 225w, https:\/\/chatteriedelareine.fr\/wp-content\/uploads\/2025\/04\/2f55120d-8d14-4af2-8708-6a8b53a1a943-1152x1536.jpg 1152w, https:\/\/chatteriedelareine.fr\/wp-content\/uploads\/2025\/04\/2f55120d-8d14-4af2-8708-6a8b53a1a943.jpg 1200w\" sizes=\"auto, (max-width: 768px) 100vw, 768px\" \/><button\n\t\t\tclass=\"lightbox-trigger\"\n\t\t\ttype=\"button\"\n\t\t\taria-haspopup=\"dialog\"\n\t\t\taria-label=\"Agrandir\"\n\t\t\tdata-wp-init=\"callbacks.initTriggerButton\"\n\t\t\tdata-wp-on--click=\"actions.showLightbox\"\n\t\t\tdata-wp-style--right=\"state.imageButtonRight\"\n\t\t\tdata-wp-style--top=\"state.imageButtonTop\"\n\t\t>\n\t\t\t<svg xmlns=\"http:\/\/www.w3.org\/2000\/svg\" width=\"12\" height=\"12\" fill=\"none\" viewBox=\"0 0 12 12\">\n\t\t\t\t<path fill=\"#fff\" d=\"M2 0a2 2 0 0 0-2 2v2h1.5V2a.5.5 0 0 1 .5-.5h2V0H2Zm2 10.5H2a.5.5 0 0 1-.5-.5V8H0v2a2 2 0 0 0 2 2h2v-1.5ZM8 12v-1.5h2a.5.5 0 0 0 .5-.5V8H12v2a2 2 0 0 1-2 2H8Zm2-12a2 2 0 0 1 2 2v2h-1.5V2a.5.5 0 0 0-.5-.5H8V0h2Z\" \/>\n\t\t\t<\/svg>\n\t\t<\/button><\/figure>\n\n\n\n<figure data-wp-context=\"{&quot;imageId&quot;:&quot;69f2be22c8745&quot;}\" data-wp-interactive=\"core\/image\" data-wp-key=\"69f2be22c8745\" class=\"wp-block-image size-large wp-lightbox-container\"><img loading=\"lazy\" decoding=\"async\" width=\"768\" height=\"1024\" data-wp-class--hide=\"state.isContentHidden\" data-wp-class--show=\"state.isContentVisible\" data-wp-init=\"callbacks.setButtonStyles\" data-wp-on--click=\"actions.showLightbox\" data-wp-on--load=\"callbacks.setButtonStyles\" data-wp-on-window--resize=\"callbacks.setButtonStyles\" data-id=\"2086\" src=\"https:\/\/chatteriedelareine.fr\/wp-content\/uploads\/2025\/04\/4dc69384-1c22-4ecd-8288-cee1b982ff6e-768x1024.jpg\" alt=\"\" class=\"wp-image-2086\" srcset=\"https:\/\/chatteriedelareine.fr\/wp-content\/uploads\/2025\/04\/4dc69384-1c22-4ecd-8288-cee1b982ff6e-768x1024.jpg 768w, https:\/\/chatteriedelareine.fr\/wp-content\/uploads\/2025\/04\/4dc69384-1c22-4ecd-8288-cee1b982ff6e-225x300.jpg 225w, https:\/\/chatteriedelareine.fr\/wp-content\/uploads\/2025\/04\/4dc69384-1c22-4ecd-8288-cee1b982ff6e-1152x1536.jpg 1152w, https:\/\/chatteriedelareine.fr\/wp-content\/uploads\/2025\/04\/4dc69384-1c22-4ecd-8288-cee1b982ff6e.jpg 1200w\" sizes=\"auto, (max-width: 768px) 100vw, 768px\" \/><button\n\t\t\tclass=\"lightbox-trigger\"\n\t\t\ttype=\"button\"\n\t\t\taria-haspopup=\"dialog\"\n\t\t\taria-label=\"Agrandir\"\n\t\t\tdata-wp-init=\"callbacks.initTriggerButton\"\n\t\t\tdata-wp-on--click=\"actions.showLightbox\"\n\t\t\tdata-wp-style--right=\"state.imageButtonRight\"\n\t\t\tdata-wp-style--top=\"state.imageButtonTop\"\n\t\t>\n\t\t\t<svg xmlns=\"http:\/\/www.w3.org\/2000\/svg\" width=\"12\" height=\"12\" fill=\"none\" viewBox=\"0 0 12 12\">\n\t\t\t\t<path fill=\"#fff\" d=\"M2 0a2 2 0 0 0-2 2v2h1.5V2a.5.5 0 0 1 .5-.5h2V0H2Zm2 10.5H2a.5.5 0 0 1-.5-.5V8H0v2a2 2 0 0 0 2 2h2v-1.5ZM8 12v-1.5h2a.5.5 0 0 0 .5-.5V8H12v2a2 2 0 0 1-2 2H8Zm2-12a2 2 0 0 1 2 2v2h-1.5V2a.5.5 0 0 0-.5-.5H8V0h2Z\" \/>\n\t\t\t<\/svg>\n\t\t<\/button><\/figure>\n\n\n\n<figure data-wp-context=\"{&quot;imageId&quot;:&quot;69f2be22c8be9&quot;}\" data-wp-interactive=\"core\/image\" data-wp-key=\"69f2be22c8be9\" class=\"wp-block-image size-large wp-lightbox-container\"><img loading=\"lazy\" decoding=\"async\" width=\"768\" height=\"1024\" data-wp-class--hide=\"state.isContentHidden\" data-wp-class--show=\"state.isContentVisible\" data-wp-init=\"callbacks.setButtonStyles\" data-wp-on--click=\"actions.showLightbox\" data-wp-on--load=\"callbacks.setButtonStyles\" data-wp-on-window--resize=\"callbacks.setButtonStyles\" data-id=\"2088\" src=\"https:\/\/chatteriedelareine.fr\/wp-content\/uploads\/2025\/04\/76c21329-b32d-4e01-83b5-1524c8b716ca-768x1024.jpg\" alt=\"\" class=\"wp-image-2088\" srcset=\"https:\/\/chatteriedelareine.fr\/wp-content\/uploads\/2025\/04\/76c21329-b32d-4e01-83b5-1524c8b716ca-768x1024.jpg 768w, https:\/\/chatteriedelareine.fr\/wp-content\/uploads\/2025\/04\/76c21329-b32d-4e01-83b5-1524c8b716ca-225x300.jpg 225w, https:\/\/chatteriedelareine.fr\/wp-content\/uploads\/2025\/04\/76c21329-b32d-4e01-83b5-1524c8b716ca-1152x1536.jpg 1152w, https:\/\/chatteriedelareine.fr\/wp-content\/uploads\/2025\/04\/76c21329-b32d-4e01-83b5-1524c8b716ca.jpg 1200w\" sizes=\"auto, (max-width: 768px) 100vw, 768px\" \/><button\n\t\t\tclass=\"lightbox-trigger\"\n\t\t\ttype=\"button\"\n\t\t\taria-haspopup=\"dialog\"\n\t\t\taria-label=\"Agrandir\"\n\t\t\tdata-wp-init=\"callbacks.initTriggerButton\"\n\t\t\tdata-wp-on--click=\"actions.showLightbox\"\n\t\t\tdata-wp-style--right=\"state.imageButtonRight\"\n\t\t\tdata-wp-style--top=\"state.imageButtonTop\"\n\t\t>\n\t\t\t<svg xmlns=\"http:\/\/www.w3.org\/2000\/svg\" width=\"12\" height=\"12\" fill=\"none\" viewBox=\"0 0 12 12\">\n\t\t\t\t<path fill=\"#fff\" d=\"M2 0a2 2 0 0 0-2 2v2h1.5V2a.5.5 0 0 1 .5-.5h2V0H2Zm2 10.5H2a.5.5 0 0 1-.5-.5V8H0v2a2 2 0 0 0 2 2h2v-1.5ZM8 12v-1.5h2a.5.5 0 0 0 .5-.5V8H12v2a2 2 0 0 1-2 2H8Zm2-12a2 2 0 0 1 2 2v2h-1.5V2a.5.5 0 0 0-.5-.5H8V0h2Z\" \/>\n\t\t\t<\/svg>\n\t\t<\/button><\/figure>\n\n\n\n<figure data-wp-context=\"{&quot;imageId&quot;:&quot;69f2be22c902c&quot;}\" data-wp-interactive=\"core\/image\" data-wp-key=\"69f2be22c902c\" class=\"wp-block-image size-large wp-lightbox-container\"><img loading=\"lazy\" decoding=\"async\" width=\"768\" height=\"1024\" data-wp-class--hide=\"state.isContentHidden\" data-wp-class--show=\"state.isContentVisible\" data-wp-init=\"callbacks.setButtonStyles\" data-wp-on--click=\"actions.showLightbox\" data-wp-on--load=\"callbacks.setButtonStyles\" data-wp-on-window--resize=\"callbacks.setButtonStyles\" data-id=\"2087\" src=\"https:\/\/chatteriedelareine.fr\/wp-content\/uploads\/2025\/04\/c49d6fe7-707d-4b33-9f31-695c1f9309fb-768x1024.jpg\" alt=\"\" class=\"wp-image-2087\" srcset=\"https:\/\/chatteriedelareine.fr\/wp-content\/uploads\/2025\/04\/c49d6fe7-707d-4b33-9f31-695c1f9309fb-768x1024.jpg 768w, https:\/\/chatteriedelareine.fr\/wp-content\/uploads\/2025\/04\/c49d6fe7-707d-4b33-9f31-695c1f9309fb-225x300.jpg 225w, https:\/\/chatteriedelareine.fr\/wp-content\/uploads\/2025\/04\/c49d6fe7-707d-4b33-9f31-695c1f9309fb-1152x1536.jpg 1152w, https:\/\/chatteriedelareine.fr\/wp-content\/uploads\/2025\/04\/c49d6fe7-707d-4b33-9f31-695c1f9309fb.jpg 1200w\" sizes=\"auto, (max-width: 768px) 100vw, 768px\" \/><button\n\t\t\tclass=\"lightbox-trigger\"\n\t\t\ttype=\"button\"\n\t\t\taria-haspopup=\"dialog\"\n\t\t\taria-label=\"Agrandir\"\n\t\t\tdata-wp-init=\"callbacks.initTriggerButton\"\n\t\t\tdata-wp-on--click=\"actions.showLightbox\"\n\t\t\tdata-wp-style--right=\"state.imageButtonRight\"\n\t\t\tdata-wp-style--top=\"state.imageButtonTop\"\n\t\t>\n\t\t\t<svg xmlns=\"http:\/\/www.w3.org\/2000\/svg\" width=\"12\" height=\"12\" fill=\"none\" viewBox=\"0 0 12 12\">\n\t\t\t\t<path fill=\"#fff\" d=\"M2 0a2 2 0 0 0-2 2v2h1.5V2a.5.5 0 0 1 .5-.5h2V0H2Zm2 10.5H2a.5.5 0 0 1-.5-.5V8H0v2a2 2 0 0 0 2 2h2v-1.5ZM8 12v-1.5h2a.5.5 0 0 0 .5-.5V8H12v2a2 2 0 0 1-2 2H8Zm2-12a2 2 0 0 1 2 2v2h-1.5V2a.5.5 0 0 0-.5-.5H8V0h2Z\" \/>\n\t\t\t<\/svg>\n\t\t<\/button><\/figure>\n\n\n\n<figure data-wp-context=\"{&quot;imageId&quot;:&quot;69f2be22c947f&quot;}\" data-wp-interactive=\"core\/image\" data-wp-key=\"69f2be22c947f\" class=\"wp-block-image size-large wp-lightbox-container\"><img loading=\"lazy\" decoding=\"async\" width=\"768\" height=\"1024\" data-wp-class--hide=\"state.isContentHidden\" data-wp-class--show=\"state.isContentVisible\" data-wp-init=\"callbacks.setButtonStyles\" data-wp-on--click=\"actions.showLightbox\" data-wp-on--load=\"callbacks.setButtonStyles\" data-wp-on-window--resize=\"callbacks.setButtonStyles\" data-id=\"2089\" src=\"https:\/\/chatteriedelareine.fr\/wp-content\/uploads\/2025\/04\/c0506a15-c57c-44c0-b1b8-b7f37326e9c2-768x1024.jpg\" alt=\"\" class=\"wp-image-2089\" srcset=\"https:\/\/chatteriedelareine.fr\/wp-content\/uploads\/2025\/04\/c0506a15-c57c-44c0-b1b8-b7f37326e9c2-768x1024.jpg 768w, https:\/\/chatteriedelareine.fr\/wp-content\/uploads\/2025\/04\/c0506a15-c57c-44c0-b1b8-b7f37326e9c2-225x300.jpg 225w, https:\/\/chatteriedelareine.fr\/wp-content\/uploads\/2025\/04\/c0506a15-c57c-44c0-b1b8-b7f37326e9c2-1152x1536.jpg 1152w, https:\/\/chatteriedelareine.fr\/wp-content\/uploads\/2025\/04\/c0506a15-c57c-44c0-b1b8-b7f37326e9c2.jpg 1200w\" sizes=\"auto, (max-width: 768px) 100vw, 768px\" \/><button\n\t\t\tclass=\"lightbox-trigger\"\n\t\t\ttype=\"button\"\n\t\t\taria-haspopup=\"dialog\"\n\t\t\taria-label=\"Agrandir\"\n\t\t\tdata-wp-init=\"callbacks.initTriggerButton\"\n\t\t\tdata-wp-on--click=\"actions.showLightbox\"\n\t\t\tdata-wp-style--right=\"state.imageButtonRight\"\n\t\t\tdata-wp-style--top=\"state.imageButtonTop\"\n\t\t>\n\t\t\t<svg xmlns=\"http:\/\/www.w3.org\/2000\/svg\" width=\"12\" height=\"12\" fill=\"none\" viewBox=\"0 0 12 12\">\n\t\t\t\t<path fill=\"#fff\" d=\"M2 0a2 2 0 0 0-2 2v2h1.5V2a.5.5 0 0 1 .5-.5h2V0H2Zm2 10.5H2a.5.5 0 0 1-.5-.5V8H0v2a2 2 0 0 0 2 2h2v-1.5ZM8 12v-1.5h2a.5.5 0 0 0 .5-.5V8H12v2a2 2 0 0 1-2 2H8Zm2-12a2 2 0 0 1 2 2v2h-1.5V2a.5.5 0 0 0-.5-.5H8V0h2Z\" \/>\n\t\t\t<\/svg>\n\t\t<\/button><\/figure>\n\n\n\n<figure data-wp-context=\"{&quot;imageId&quot;:&quot;69f2be22c9959&quot;}\" data-wp-interactive=\"core\/image\" data-wp-key=\"69f2be22c9959\" class=\"wp-block-image size-large wp-lightbox-container\"><img loading=\"lazy\" decoding=\"async\" width=\"768\" height=\"1024\" data-wp-class--hide=\"state.isContentHidden\" data-wp-class--show=\"state.isContentVisible\" data-wp-init=\"callbacks.setButtonStyles\" data-wp-on--click=\"actions.showLightbox\" data-wp-on--load=\"callbacks.setButtonStyles\" data-wp-on-window--resize=\"callbacks.setButtonStyles\" data-id=\"2091\" src=\"https:\/\/chatteriedelareine.fr\/wp-content\/uploads\/2025\/04\/f854e5ab-9c15-43fe-8353-52ae768953f6-768x1024.jpg\" alt=\"\" class=\"wp-image-2091\" srcset=\"https:\/\/chatteriedelareine.fr\/wp-content\/uploads\/2025\/04\/f854e5ab-9c15-43fe-8353-52ae768953f6-768x1024.jpg 768w, https:\/\/chatteriedelareine.fr\/wp-content\/uploads\/2025\/04\/f854e5ab-9c15-43fe-8353-52ae768953f6-225x300.jpg 225w, https:\/\/chatteriedelareine.fr\/wp-content\/uploads\/2025\/04\/f854e5ab-9c15-43fe-8353-52ae768953f6-1152x1536.jpg 1152w, https:\/\/chatteriedelareine.fr\/wp-content\/uploads\/2025\/04\/f854e5ab-9c15-43fe-8353-52ae768953f6.jpg 1200w\" sizes=\"auto, (max-width: 768px) 100vw, 768px\" \/><button\n\t\t\tclass=\"lightbox-trigger\"\n\t\t\ttype=\"button\"\n\t\t\taria-haspopup=\"dialog\"\n\t\t\taria-label=\"Agrandir\"\n\t\t\tdata-wp-init=\"callbacks.initTriggerButton\"\n\t\t\tdata-wp-on--click=\"actions.showLightbox\"\n\t\t\tdata-wp-style--right=\"state.imageButtonRight\"\n\t\t\tdata-wp-style--top=\"state.imageButtonTop\"\n\t\t>\n\t\t\t<svg xmlns=\"http:\/\/www.w3.org\/2000\/svg\" width=\"12\" height=\"12\" fill=\"none\" viewBox=\"0 0 12 12\">\n\t\t\t\t<path fill=\"#fff\" d=\"M2 0a2 2 0 0 0-2 2v2h1.5V2a.5.5 0 0 1 .5-.5h2V0H2Zm2 10.5H2a.5.5 0 0 1-.5-.5V8H0v2a2 2 0 0 0 2 2h2v-1.5ZM8 12v-1.5h2a.5.5 0 0 0 .5-.5V8H12v2a2 2 0 0 1-2 2H8Zm2-12a2 2 0 0 1 2 2v2h-1.5V2a.5.5 0 0 0-.5-.5H8V0h2Z\" \/>\n\t\t\t<\/svg>\n\t\t<\/button><\/figure>\n<\/figure>\n","protected":false},"excerpt":{"rendered":"<p>Nous vous pr\u00e9sentons Ariana:Elle est n\u00e9e le 8 mars 2025 du mariage entre Phili et Th\u00e9odoraElle est fold, blue blotched tabby (marbr\u00e9e).Elle est adorable et tr\u00e8s caline, et est \u00e0 l&rsquo;image de sa maman Th\u00e9odora si ce n&rsquo;est l&rsquo;aspect fold qui lui vient de son p\u00e8re Phili.Elle vient tout juste de passer son 1er mois et affirme d\u00e9j\u00e0 son petit caract\u00e8re aventureux et intr\u00e9pide tout en adorant passer du temps dans les mains et recevoir des caresses. Status: Date de d\u00e9part pr\u00e9visionnelle: mi-mai 2025 Voici ses premi\u00e8res photos autour de 1 mois<\/p>\n","protected":false},"author":1,"featured_media":0,"parent":0,"menu_order":0,"comment_status":"closed","ping_status":"closed","template":"","meta":{"footnotes":""},"class_list":["post-2085","page","type-page","status-publish","hentry"],"_links":{"self":[{"href":"https:\/\/chatteriedelareine.fr\/index.php\/wp-json\/wp\/v2\/pages\/2085","targetHints":{"allow":["GET"]}}],"collection":[{"href":"https:\/\/chatteriedelareine.fr\/index.php\/wp-json\/wp\/v2\/pages"}],"about":[{"href":"https:\/\/chatteriedelareine.fr\/index.php\/wp-json\/wp\/v2\/types\/page"}],"author":[{"embeddable":true,"href":"https:\/\/chatteriedelareine.fr\/index.php\/wp-json\/wp\/v2\/users\/1"}],"replies":[{"embeddable":true,"href":"https:\/\/chatteriedelareine.fr\/index.php\/wp-json\/wp\/v2\/comments?post=2085"}],"version-history":[{"count":1,"href":"https:\/\/chatteriedelareine.fr\/index.php\/wp-json\/wp\/v2\/pages\/2085\/revisions"}],"predecessor-version":[{"id":2092,"href":"https:\/\/chatteriedelareine.fr\/index.php\/wp-json\/wp\/v2\/pages\/2085\/revisions\/2092"}],"wp:attachment":[{"href":"https:\/\/chatteriedelareine.fr\/index.php\/wp-json\/wp\/v2\/media?parent=2085"}],"curies":[{"name":"wp","href":"https:\/\/api.w.org\/{rel}","templated":true}]}}