{"id":1983,"date":"2025-02-05T21:38:08","date_gmt":"2025-02-05T20:38:08","guid":{"rendered":"https:\/\/chatteriedelareine.fr\/?page_id=1983"},"modified":"2025-02-27T18:47:26","modified_gmt":"2025-02-27T17:47:26","slug":"amelie","status":"publish","type":"page","link":"https:\/\/chatteriedelareine.fr\/index.php\/amelie\/","title":{"rendered":"Yuki"},"content":{"rendered":"\n<p>Nous vous pr\u00e9sentons Yuki (pr\u00e9c\u00e9demment Am\u00e9lie).<br>Elle est n\u00e9e le 4 janvier 2025 du mariage entre Phili et Umma<br>Elle est \u00e0 priori lilac point, et fait partie de notre deuxi\u00e8me port\u00e9e color point et c&rsquo;est surtout la seule fold de sa fratrie.<br>Elle est tr\u00e8s caline et joueuse et ressemble \u00e0 la fois \u00e0 sa maman (point non tigr\u00e9e et son papa gr\u00e2ce \u00e0 ses oreilles fold. Gr\u00e2ce \u00e0 son aspect fold, c&rsquo;est la plus facile \u00e0 identifier parmi ses fr\u00e8res et soeurs.<br>Elle vient tout juste de passer son 1er mois et ses couleurs se manifestent plus tout en restant relativement claires.<\/p>\n\n\n\n<p><strong>Status: \nvendu<br>vendu<br><\/strong><\/p>\n\n\n\n<p><strong>Date de d\u00e9part pr\u00e9visionnelle: <\/strong>mi-mars 2025<\/p>\n\n\n\n<p><br>Voici ses premi\u00e8re photos<\/p>\n\n\n\n<figure class=\"wp-block-gallery has-nested-images columns-default is-cropped wp-block-gallery-1 is-layout-flex wp-block-gallery-is-layout-flex\">\n<figure data-wp-context=\"{&quot;imageId&quot;:&quot;69f2580912058&quot;}\" data-wp-interactive=\"core\/image\" data-wp-key=\"69f2580912058\" class=\"wp-block-image size-large wp-lightbox-container\"><img loading=\"lazy\" decoding=\"async\" width=\"768\" height=\"1024\" data-wp-class--hide=\"state.isContentHidden\" data-wp-class--show=\"state.isContentVisible\" data-wp-init=\"callbacks.setButtonStyles\" data-wp-on--click=\"actions.showLightbox\" data-wp-on--load=\"callbacks.setButtonStyles\" data-wp-on-window--resize=\"callbacks.setButtonStyles\" data-id=\"1991\" src=\"https:\/\/chatteriedelareine.fr\/wp-content\/uploads\/2025\/02\/891f634d-7e8a-421f-ac9b-037727cbb2ec-768x1024.jpg\" alt=\"\" class=\"wp-image-1991\" srcset=\"https:\/\/chatteriedelareine.fr\/wp-content\/uploads\/2025\/02\/891f634d-7e8a-421f-ac9b-037727cbb2ec-768x1024.jpg 768w, https:\/\/chatteriedelareine.fr\/wp-content\/uploads\/2025\/02\/891f634d-7e8a-421f-ac9b-037727cbb2ec-225x300.jpg 225w, https:\/\/chatteriedelareine.fr\/wp-content\/uploads\/2025\/02\/891f634d-7e8a-421f-ac9b-037727cbb2ec-1152x1536.jpg 1152w, https:\/\/chatteriedelareine.fr\/wp-content\/uploads\/2025\/02\/891f634d-7e8a-421f-ac9b-037727cbb2ec.jpg 1200w\" sizes=\"auto, (max-width: 768px) 100vw, 768px\" \/><button\n\t\t\tclass=\"lightbox-trigger\"\n\t\t\ttype=\"button\"\n\t\t\taria-haspopup=\"dialog\"\n\t\t\taria-label=\"Agrandir\"\n\t\t\tdata-wp-init=\"callbacks.initTriggerButton\"\n\t\t\tdata-wp-on--click=\"actions.showLightbox\"\n\t\t\tdata-wp-style--right=\"state.imageButtonRight\"\n\t\t\tdata-wp-style--top=\"state.imageButtonTop\"\n\t\t>\n\t\t\t<svg xmlns=\"http:\/\/www.w3.org\/2000\/svg\" width=\"12\" height=\"12\" fill=\"none\" viewBox=\"0 0 12 12\">\n\t\t\t\t<path fill=\"#fff\" d=\"M2 0a2 2 0 0 0-2 2v2h1.5V2a.5.5 0 0 1 .5-.5h2V0H2Zm2 10.5H2a.5.5 0 0 1-.5-.5V8H0v2a2 2 0 0 0 2 2h2v-1.5ZM8 12v-1.5h2a.5.5 0 0 0 .5-.5V8H12v2a2 2 0 0 1-2 2H8Zm2-12a2 2 0 0 1 2 2v2h-1.5V2a.5.5 0 0 0-.5-.5H8V0h2Z\" \/>\n\t\t\t<\/svg>\n\t\t<\/button><\/figure>\n\n\n\n<figure data-wp-context=\"{&quot;imageId&quot;:&quot;69f2580912e44&quot;}\" data-wp-interactive=\"core\/image\" data-wp-key=\"69f2580912e44\" class=\"wp-block-image size-large wp-lightbox-container\"><img loading=\"lazy\" decoding=\"async\" width=\"768\" height=\"1024\" data-wp-class--hide=\"state.isContentHidden\" data-wp-class--show=\"state.isContentVisible\" data-wp-init=\"callbacks.setButtonStyles\" data-wp-on--click=\"actions.showLightbox\" data-wp-on--load=\"callbacks.setButtonStyles\" data-wp-on-window--resize=\"callbacks.setButtonStyles\" data-id=\"1993\" src=\"https:\/\/chatteriedelareine.fr\/wp-content\/uploads\/2025\/02\/a9692ece-f01d-4005-a159-3703fa98c1c6-768x1024.jpg\" alt=\"\" class=\"wp-image-1993\" srcset=\"https:\/\/chatteriedelareine.fr\/wp-content\/uploads\/2025\/02\/a9692ece-f01d-4005-a159-3703fa98c1c6-768x1024.jpg 768w, https:\/\/chatteriedelareine.fr\/wp-content\/uploads\/2025\/02\/a9692ece-f01d-4005-a159-3703fa98c1c6-225x300.jpg 225w, https:\/\/chatteriedelareine.fr\/wp-content\/uploads\/2025\/02\/a9692ece-f01d-4005-a159-3703fa98c1c6-1152x1536.jpg 1152w, https:\/\/chatteriedelareine.fr\/wp-content\/uploads\/2025\/02\/a9692ece-f01d-4005-a159-3703fa98c1c6.jpg 1536w\" sizes=\"auto, (max-width: 768px) 100vw, 768px\" \/><button\n\t\t\tclass=\"lightbox-trigger\"\n\t\t\ttype=\"button\"\n\t\t\taria-haspopup=\"dialog\"\n\t\t\taria-label=\"Agrandir\"\n\t\t\tdata-wp-init=\"callbacks.initTriggerButton\"\n\t\t\tdata-wp-on--click=\"actions.showLightbox\"\n\t\t\tdata-wp-style--right=\"state.imageButtonRight\"\n\t\t\tdata-wp-style--top=\"state.imageButtonTop\"\n\t\t>\n\t\t\t<svg xmlns=\"http:\/\/www.w3.org\/2000\/svg\" width=\"12\" height=\"12\" fill=\"none\" viewBox=\"0 0 12 12\">\n\t\t\t\t<path fill=\"#fff\" d=\"M2 0a2 2 0 0 0-2 2v2h1.5V2a.5.5 0 0 1 .5-.5h2V0H2Zm2 10.5H2a.5.5 0 0 1-.5-.5V8H0v2a2 2 0 0 0 2 2h2v-1.5ZM8 12v-1.5h2a.5.5 0 0 0 .5-.5V8H12v2a2 2 0 0 1-2 2H8Zm2-12a2 2 0 0 1 2 2v2h-1.5V2a.5.5 0 0 0-.5-.5H8V0h2Z\" \/>\n\t\t\t<\/svg>\n\t\t<\/button><\/figure>\n\n\n\n<figure data-wp-context=\"{&quot;imageId&quot;:&quot;69f258091350b&quot;}\" data-wp-interactive=\"core\/image\" data-wp-key=\"69f258091350b\" class=\"wp-block-image size-large wp-lightbox-container\"><img loading=\"lazy\" decoding=\"async\" width=\"768\" height=\"1024\" data-wp-class--hide=\"state.isContentHidden\" data-wp-class--show=\"state.isContentVisible\" data-wp-init=\"callbacks.setButtonStyles\" data-wp-on--click=\"actions.showLightbox\" data-wp-on--load=\"callbacks.setButtonStyles\" data-wp-on-window--resize=\"callbacks.setButtonStyles\" data-id=\"1997\" src=\"https:\/\/chatteriedelareine.fr\/wp-content\/uploads\/2025\/02\/fa84119e-a147-46e5-a50b-45566db7f285-768x1024.jpg\" alt=\"\" class=\"wp-image-1997\" srcset=\"https:\/\/chatteriedelareine.fr\/wp-content\/uploads\/2025\/02\/fa84119e-a147-46e5-a50b-45566db7f285-768x1024.jpg 768w, https:\/\/chatteriedelareine.fr\/wp-content\/uploads\/2025\/02\/fa84119e-a147-46e5-a50b-45566db7f285-225x300.jpg 225w, https:\/\/chatteriedelareine.fr\/wp-content\/uploads\/2025\/02\/fa84119e-a147-46e5-a50b-45566db7f285-1152x1536.jpg 1152w, https:\/\/chatteriedelareine.fr\/wp-content\/uploads\/2025\/02\/fa84119e-a147-46e5-a50b-45566db7f285.jpg 1200w\" sizes=\"auto, (max-width: 768px) 100vw, 768px\" \/><button\n\t\t\tclass=\"lightbox-trigger\"\n\t\t\ttype=\"button\"\n\t\t\taria-haspopup=\"dialog\"\n\t\t\taria-label=\"Agrandir\"\n\t\t\tdata-wp-init=\"callbacks.initTriggerButton\"\n\t\t\tdata-wp-on--click=\"actions.showLightbox\"\n\t\t\tdata-wp-style--right=\"state.imageButtonRight\"\n\t\t\tdata-wp-style--top=\"state.imageButtonTop\"\n\t\t>\n\t\t\t<svg xmlns=\"http:\/\/www.w3.org\/2000\/svg\" width=\"12\" height=\"12\" fill=\"none\" viewBox=\"0 0 12 12\">\n\t\t\t\t<path fill=\"#fff\" d=\"M2 0a2 2 0 0 0-2 2v2h1.5V2a.5.5 0 0 1 .5-.5h2V0H2Zm2 10.5H2a.5.5 0 0 1-.5-.5V8H0v2a2 2 0 0 0 2 2h2v-1.5ZM8 12v-1.5h2a.5.5 0 0 0 .5-.5V8H12v2a2 2 0 0 1-2 2H8Zm2-12a2 2 0 0 1 2 2v2h-1.5V2a.5.5 0 0 0-.5-.5H8V0h2Z\" \/>\n\t\t\t<\/svg>\n\t\t<\/button><\/figure>\n\n\n\n<figure data-wp-context=\"{&quot;imageId&quot;:&quot;69f2580913a8c&quot;}\" data-wp-interactive=\"core\/image\" data-wp-key=\"69f2580913a8c\" class=\"wp-block-image size-large wp-lightbox-container\"><img loading=\"lazy\" decoding=\"async\" width=\"768\" height=\"1024\" data-wp-class--hide=\"state.isContentHidden\" data-wp-class--show=\"state.isContentVisible\" data-wp-init=\"callbacks.setButtonStyles\" data-wp-on--click=\"actions.showLightbox\" data-wp-on--load=\"callbacks.setButtonStyles\" data-wp-on-window--resize=\"callbacks.setButtonStyles\" data-id=\"1995\" src=\"https:\/\/chatteriedelareine.fr\/wp-content\/uploads\/2025\/02\/1569275c-dd62-4691-a4b8-eb9389f20cdf-768x1024.jpg\" alt=\"\" class=\"wp-image-1995\" srcset=\"https:\/\/chatteriedelareine.fr\/wp-content\/uploads\/2025\/02\/1569275c-dd62-4691-a4b8-eb9389f20cdf-768x1024.jpg 768w, https:\/\/chatteriedelareine.fr\/wp-content\/uploads\/2025\/02\/1569275c-dd62-4691-a4b8-eb9389f20cdf-225x300.jpg 225w, https:\/\/chatteriedelareine.fr\/wp-content\/uploads\/2025\/02\/1569275c-dd62-4691-a4b8-eb9389f20cdf-1152x1536.jpg 1152w, https:\/\/chatteriedelareine.fr\/wp-content\/uploads\/2025\/02\/1569275c-dd62-4691-a4b8-eb9389f20cdf.jpg 1200w\" sizes=\"auto, (max-width: 768px) 100vw, 768px\" \/><button\n\t\t\tclass=\"lightbox-trigger\"\n\t\t\ttype=\"button\"\n\t\t\taria-haspopup=\"dialog\"\n\t\t\taria-label=\"Agrandir\"\n\t\t\tdata-wp-init=\"callbacks.initTriggerButton\"\n\t\t\tdata-wp-on--click=\"actions.showLightbox\"\n\t\t\tdata-wp-style--right=\"state.imageButtonRight\"\n\t\t\tdata-wp-style--top=\"state.imageButtonTop\"\n\t\t>\n\t\t\t<svg xmlns=\"http:\/\/www.w3.org\/2000\/svg\" width=\"12\" height=\"12\" fill=\"none\" viewBox=\"0 0 12 12\">\n\t\t\t\t<path fill=\"#fff\" d=\"M2 0a2 2 0 0 0-2 2v2h1.5V2a.5.5 0 0 1 .5-.5h2V0H2Zm2 10.5H2a.5.5 0 0 1-.5-.5V8H0v2a2 2 0 0 0 2 2h2v-1.5ZM8 12v-1.5h2a.5.5 0 0 0 .5-.5V8H12v2a2 2 0 0 1-2 2H8Zm2-12a2 2 0 0 1 2 2v2h-1.5V2a.5.5 0 0 0-.5-.5H8V0h2Z\" \/>\n\t\t\t<\/svg>\n\t\t<\/button><\/figure>\n\n\n\n<figure data-wp-context=\"{&quot;imageId&quot;:&quot;69f258091444f&quot;}\" data-wp-interactive=\"core\/image\" data-wp-key=\"69f258091444f\" class=\"wp-block-image size-large wp-lightbox-container\"><img loading=\"lazy\" decoding=\"async\" width=\"819\" height=\"1024\" data-wp-class--hide=\"state.isContentHidden\" data-wp-class--show=\"state.isContentVisible\" data-wp-init=\"callbacks.setButtonStyles\" data-wp-on--click=\"actions.showLightbox\" data-wp-on--load=\"callbacks.setButtonStyles\" data-wp-on-window--resize=\"callbacks.setButtonStyles\" data-id=\"1992\" src=\"https:\/\/chatteriedelareine.fr\/wp-content\/uploads\/2025\/02\/5f0f5ce0-9578-42a9-938f-a42c5108566e-819x1024.jpg\" alt=\"\" class=\"wp-image-1992\" srcset=\"https:\/\/chatteriedelareine.fr\/wp-content\/uploads\/2025\/02\/5f0f5ce0-9578-42a9-938f-a42c5108566e-819x1024.jpg 819w, https:\/\/chatteriedelareine.fr\/wp-content\/uploads\/2025\/02\/5f0f5ce0-9578-42a9-938f-a42c5108566e-240x300.jpg 240w, https:\/\/chatteriedelareine.fr\/wp-content\/uploads\/2025\/02\/5f0f5ce0-9578-42a9-938f-a42c5108566e-768x960.jpg 768w, https:\/\/chatteriedelareine.fr\/wp-content\/uploads\/2025\/02\/5f0f5ce0-9578-42a9-938f-a42c5108566e-1229x1536.jpg 1229w, https:\/\/chatteriedelareine.fr\/wp-content\/uploads\/2025\/02\/5f0f5ce0-9578-42a9-938f-a42c5108566e.jpg 1638w\" sizes=\"auto, (max-width: 819px) 100vw, 819px\" \/><button\n\t\t\tclass=\"lightbox-trigger\"\n\t\t\ttype=\"button\"\n\t\t\taria-haspopup=\"dialog\"\n\t\t\taria-label=\"Agrandir\"\n\t\t\tdata-wp-init=\"callbacks.initTriggerButton\"\n\t\t\tdata-wp-on--click=\"actions.showLightbox\"\n\t\t\tdata-wp-style--right=\"state.imageButtonRight\"\n\t\t\tdata-wp-style--top=\"state.imageButtonTop\"\n\t\t>\n\t\t\t<svg xmlns=\"http:\/\/www.w3.org\/2000\/svg\" width=\"12\" height=\"12\" fill=\"none\" viewBox=\"0 0 12 12\">\n\t\t\t\t<path fill=\"#fff\" d=\"M2 0a2 2 0 0 0-2 2v2h1.5V2a.5.5 0 0 1 .5-.5h2V0H2Zm2 10.5H2a.5.5 0 0 1-.5-.5V8H0v2a2 2 0 0 0 2 2h2v-1.5ZM8 12v-1.5h2a.5.5 0 0 0 .5-.5V8H12v2a2 2 0 0 1-2 2H8Zm2-12a2 2 0 0 1 2 2v2h-1.5V2a.5.5 0 0 0-.5-.5H8V0h2Z\" \/>\n\t\t\t<\/svg>\n\t\t<\/button><\/figure>\n\n\n\n<figure data-wp-context=\"{&quot;imageId&quot;:&quot;69f2580914b1c&quot;}\" data-wp-interactive=\"core\/image\" data-wp-key=\"69f2580914b1c\" class=\"wp-block-image size-large wp-lightbox-container\"><img loading=\"lazy\" decoding=\"async\" width=\"768\" height=\"1024\" data-wp-class--hide=\"state.isContentHidden\" data-wp-class--show=\"state.isContentVisible\" data-wp-init=\"callbacks.setButtonStyles\" data-wp-on--click=\"actions.showLightbox\" data-wp-on--load=\"callbacks.setButtonStyles\" data-wp-on-window--resize=\"callbacks.setButtonStyles\" data-id=\"1998\" src=\"https:\/\/chatteriedelareine.fr\/wp-content\/uploads\/2025\/02\/e9fddf37-ebdd-4c62-88db-97636c21d698-768x1024.jpg\" alt=\"\" class=\"wp-image-1998\" srcset=\"https:\/\/chatteriedelareine.fr\/wp-content\/uploads\/2025\/02\/e9fddf37-ebdd-4c62-88db-97636c21d698-768x1024.jpg 768w, https:\/\/chatteriedelareine.fr\/wp-content\/uploads\/2025\/02\/e9fddf37-ebdd-4c62-88db-97636c21d698-225x300.jpg 225w, https:\/\/chatteriedelareine.fr\/wp-content\/uploads\/2025\/02\/e9fddf37-ebdd-4c62-88db-97636c21d698-1152x1536.jpg 1152w, https:\/\/chatteriedelareine.fr\/wp-content\/uploads\/2025\/02\/e9fddf37-ebdd-4c62-88db-97636c21d698.jpg 1536w\" sizes=\"auto, (max-width: 768px) 100vw, 768px\" \/><button\n\t\t\tclass=\"lightbox-trigger\"\n\t\t\ttype=\"button\"\n\t\t\taria-haspopup=\"dialog\"\n\t\t\taria-label=\"Agrandir\"\n\t\t\tdata-wp-init=\"callbacks.initTriggerButton\"\n\t\t\tdata-wp-on--click=\"actions.showLightbox\"\n\t\t\tdata-wp-style--right=\"state.imageButtonRight\"\n\t\t\tdata-wp-style--top=\"state.imageButtonTop\"\n\t\t>\n\t\t\t<svg xmlns=\"http:\/\/www.w3.org\/2000\/svg\" width=\"12\" height=\"12\" fill=\"none\" viewBox=\"0 0 12 12\">\n\t\t\t\t<path fill=\"#fff\" d=\"M2 0a2 2 0 0 0-2 2v2h1.5V2a.5.5 0 0 1 .5-.5h2V0H2Zm2 10.5H2a.5.5 0 0 1-.5-.5V8H0v2a2 2 0 0 0 2 2h2v-1.5ZM8 12v-1.5h2a.5.5 0 0 0 .5-.5V8H12v2a2 2 0 0 1-2 2H8Zm2-12a2 2 0 0 1 2 2v2h-1.5V2a.5.5 0 0 0-.5-.5H8V0h2Z\" \/>\n\t\t\t<\/svg>\n\t\t<\/button><\/figure>\n\n\n\n<figure data-wp-context=\"{&quot;imageId&quot;:&quot;69f25809152fa&quot;}\" data-wp-interactive=\"core\/image\" data-wp-key=\"69f25809152fa\" class=\"wp-block-image size-large wp-lightbox-container\"><img loading=\"lazy\" decoding=\"async\" width=\"768\" height=\"1024\" data-wp-class--hide=\"state.isContentHidden\" data-wp-class--show=\"state.isContentVisible\" data-wp-init=\"callbacks.setButtonStyles\" data-wp-on--click=\"actions.showLightbox\" data-wp-on--load=\"callbacks.setButtonStyles\" data-wp-on-window--resize=\"callbacks.setButtonStyles\" data-id=\"1990\" src=\"https:\/\/chatteriedelareine.fr\/wp-content\/uploads\/2025\/02\/6e26d564-77fb-475d-8abb-1031e3ea1b33-768x1024.jpg\" alt=\"\" class=\"wp-image-1990\" srcset=\"https:\/\/chatteriedelareine.fr\/wp-content\/uploads\/2025\/02\/6e26d564-77fb-475d-8abb-1031e3ea1b33-768x1024.jpg 768w, https:\/\/chatteriedelareine.fr\/wp-content\/uploads\/2025\/02\/6e26d564-77fb-475d-8abb-1031e3ea1b33-225x300.jpg 225w, https:\/\/chatteriedelareine.fr\/wp-content\/uploads\/2025\/02\/6e26d564-77fb-475d-8abb-1031e3ea1b33-1152x1536.jpg 1152w, https:\/\/chatteriedelareine.fr\/wp-content\/uploads\/2025\/02\/6e26d564-77fb-475d-8abb-1031e3ea1b33.jpg 1200w\" sizes=\"auto, (max-width: 768px) 100vw, 768px\" \/><button\n\t\t\tclass=\"lightbox-trigger\"\n\t\t\ttype=\"button\"\n\t\t\taria-haspopup=\"dialog\"\n\t\t\taria-label=\"Agrandir\"\n\t\t\tdata-wp-init=\"callbacks.initTriggerButton\"\n\t\t\tdata-wp-on--click=\"actions.showLightbox\"\n\t\t\tdata-wp-style--right=\"state.imageButtonRight\"\n\t\t\tdata-wp-style--top=\"state.imageButtonTop\"\n\t\t>\n\t\t\t<svg xmlns=\"http:\/\/www.w3.org\/2000\/svg\" width=\"12\" height=\"12\" fill=\"none\" viewBox=\"0 0 12 12\">\n\t\t\t\t<path fill=\"#fff\" d=\"M2 0a2 2 0 0 0-2 2v2h1.5V2a.5.5 0 0 1 .5-.5h2V0H2Zm2 10.5H2a.5.5 0 0 1-.5-.5V8H0v2a2 2 0 0 0 2 2h2v-1.5ZM8 12v-1.5h2a.5.5 0 0 0 .5-.5V8H12v2a2 2 0 0 1-2 2H8Zm2-12a2 2 0 0 1 2 2v2h-1.5V2a.5.5 0 0 0-.5-.5H8V0h2Z\" \/>\n\t\t\t<\/svg>\n\t\t<\/button><\/figure>\n\n\n\n<figure data-wp-context=\"{&quot;imageId&quot;:&quot;69f25809158ac&quot;}\" data-wp-interactive=\"core\/image\" data-wp-key=\"69f25809158ac\" class=\"wp-block-image size-large wp-lightbox-container\"><img loading=\"lazy\" decoding=\"async\" width=\"768\" height=\"1024\" data-wp-class--hide=\"state.isContentHidden\" data-wp-class--show=\"state.isContentVisible\" data-wp-init=\"callbacks.setButtonStyles\" data-wp-on--click=\"actions.showLightbox\" data-wp-on--load=\"callbacks.setButtonStyles\" data-wp-on-window--resize=\"callbacks.setButtonStyles\" data-id=\"1989\" src=\"https:\/\/chatteriedelareine.fr\/wp-content\/uploads\/2025\/02\/3ea82331-1ec6-4ef2-a325-4fe7dd82e2e5-768x1024.jpg\" alt=\"\" class=\"wp-image-1989\" srcset=\"https:\/\/chatteriedelareine.fr\/wp-content\/uploads\/2025\/02\/3ea82331-1ec6-4ef2-a325-4fe7dd82e2e5-768x1024.jpg 768w, https:\/\/chatteriedelareine.fr\/wp-content\/uploads\/2025\/02\/3ea82331-1ec6-4ef2-a325-4fe7dd82e2e5-225x300.jpg 225w, https:\/\/chatteriedelareine.fr\/wp-content\/uploads\/2025\/02\/3ea82331-1ec6-4ef2-a325-4fe7dd82e2e5-1152x1536.jpg 1152w, https:\/\/chatteriedelareine.fr\/wp-content\/uploads\/2025\/02\/3ea82331-1ec6-4ef2-a325-4fe7dd82e2e5.jpg 1200w\" sizes=\"auto, (max-width: 768px) 100vw, 768px\" \/><button\n\t\t\tclass=\"lightbox-trigger\"\n\t\t\ttype=\"button\"\n\t\t\taria-haspopup=\"dialog\"\n\t\t\taria-label=\"Agrandir\"\n\t\t\tdata-wp-init=\"callbacks.initTriggerButton\"\n\t\t\tdata-wp-on--click=\"actions.showLightbox\"\n\t\t\tdata-wp-style--right=\"state.imageButtonRight\"\n\t\t\tdata-wp-style--top=\"state.imageButtonTop\"\n\t\t>\n\t\t\t<svg xmlns=\"http:\/\/www.w3.org\/2000\/svg\" width=\"12\" height=\"12\" fill=\"none\" viewBox=\"0 0 12 12\">\n\t\t\t\t<path fill=\"#fff\" d=\"M2 0a2 2 0 0 0-2 2v2h1.5V2a.5.5 0 0 1 .5-.5h2V0H2Zm2 10.5H2a.5.5 0 0 1-.5-.5V8H0v2a2 2 0 0 0 2 2h2v-1.5ZM8 12v-1.5h2a.5.5 0 0 0 .5-.5V8H12v2a2 2 0 0 1-2 2H8Zm2-12a2 2 0 0 1 2 2v2h-1.5V2a.5.5 0 0 0-.5-.5H8V0h2Z\" \/>\n\t\t\t<\/svg>\n\t\t<\/button><\/figure>\n<\/figure>\n","protected":false},"excerpt":{"rendered":"<p>Nous vous pr\u00e9sentons Yuki (pr\u00e9c\u00e9demment Am\u00e9lie).Elle est n\u00e9e le 4 janvier 2025 du mariage entre Phili et UmmaElle est \u00e0 priori lilac point, et fait partie de notre deuxi\u00e8me port\u00e9e color point et c&rsquo;est surtout la seule fold de sa fratrie.Elle est tr\u00e8s caline et joueuse et ressemble \u00e0 la fois \u00e0 sa maman (point non tigr\u00e9e et son papa gr\u00e2ce \u00e0 ses oreilles fold. Gr\u00e2ce \u00e0 son aspect fold, c&rsquo;est la plus facile \u00e0 identifier parmi ses fr\u00e8res et soeurs.Elle vient tout juste de passer son 1er mois et ses couleurs se manifestent plus tout en restant relativement claires. &hellip; <\/p>\n","protected":false},"author":1,"featured_media":0,"parent":0,"menu_order":0,"comment_status":"closed","ping_status":"closed","template":"","meta":{"footnotes":""},"class_list":["post-1983","page","type-page","status-publish","hentry"],"_links":{"self":[{"href":"https:\/\/chatteriedelareine.fr\/index.php\/wp-json\/wp\/v2\/pages\/1983","targetHints":{"allow":["GET"]}}],"collection":[{"href":"https:\/\/chatteriedelareine.fr\/index.php\/wp-json\/wp\/v2\/pages"}],"about":[{"href":"https:\/\/chatteriedelareine.fr\/index.php\/wp-json\/wp\/v2\/types\/page"}],"author":[{"embeddable":true,"href":"https:\/\/chatteriedelareine.fr\/index.php\/wp-json\/wp\/v2\/users\/1"}],"replies":[{"embeddable":true,"href":"https:\/\/chatteriedelareine.fr\/index.php\/wp-json\/wp\/v2\/comments?post=1983"}],"version-history":[{"count":5,"href":"https:\/\/chatteriedelareine.fr\/index.php\/wp-json\/wp\/v2\/pages\/1983\/revisions"}],"predecessor-version":[{"id":2034,"href":"https:\/\/chatteriedelareine.fr\/index.php\/wp-json\/wp\/v2\/pages\/1983\/revisions\/2034"}],"wp:attachment":[{"href":"https:\/\/chatteriedelareine.fr\/index.php\/wp-json\/wp\/v2\/media?parent=1983"}],"curies":[{"name":"wp","href":"https:\/\/api.w.org\/{rel}","templated":true}]}}