{"id":1730,"date":"2024-08-10T18:36:59","date_gmt":"2024-08-10T16:36:59","guid":{"rendered":"https:\/\/chatteriedelareine.fr\/?page_id=1730"},"modified":"2025-08-12T20:05:50","modified_gmt":"2025-08-12T18:05:50","slug":"vanille-2","status":"publish","type":"page","link":"https:\/\/chatteriedelareine.fr\/index.php\/vanille-2\/","title":{"rendered":"Vanille"},"content":{"rendered":"\n<p id=\"block-892eb139-38c1-40f7-88ff-e53a793d7347\">Nous vous pr\u00e9sentons Vanille.<br>Elle est n\u00e9e le 9 juillet 2024 du mariage entre Phili et Umma<br>Elle est fold, et fait partie de notre premi\u00e8re port\u00e9e color point.<br>Elle est adorable et ressemble \u00e0 la fois \u00e0 sa maman (point non tabby) et son papa (chocolat point).<br>C&rsquo;est la seule femelle et la seule fold de sa fratrie, mais elle n&rsquo;est pas en reste quand il s&rsquo;agit de jouer et d&rsquo;escalader: Elle se font sans mal avec ses fr\u00e8res et est tout aussi dynamique qu&rsquo;eux.<\/p>\n\n\n\n<p id=\"block-c9315665-d40c-4f01-97c5-e59846d59351\"><strong>Status: \nvendu<br><\/strong><\/p>\n\n\n\n<p id=\"block-4ca07fb1-dc43-488b-92fb-69cac3240240\"><strong>Date de d\u00e9part pr\u00e9visionnelle: <\/strong>mi-fin septembre<\/p>\n\n\n\n<p id=\"block-8ec6bec0-a8cf-412b-bfcc-ad2d50f15e54\">Voici ses photos:<br>sur les premi\u00e8res elle a autour de 1 mois, et 4 mois sur les derni\u00e8res.<br>Elle grandit, et sa couleur chocolat point commence \u00e0 plus s&rsquo;affirmer et se d\u00e9ployer.<br>Sur les 2 derni\u00e8res photos (celles qui apparaissent finalement en premier), elle vient tout juste de passer son premier anniversaire et a donc 1 an.<\/p>\n\n\n\n<figure class=\"wp-block-gallery has-nested-images columns-default is-cropped wp-block-gallery-1 is-layout-flex wp-block-gallery-is-layout-flex\">\n<figure data-wp-context=\"{&quot;imageId&quot;:&quot;69e239a887552&quot;}\" data-wp-interactive=\"core\/image\" data-wp-key=\"69e239a887552\" class=\"wp-block-image size-large wp-lightbox-container\"><img loading=\"lazy\" decoding=\"async\" width=\"702\" height=\"1024\" data-wp-class--hide=\"state.isContentHidden\" data-wp-class--show=\"state.isContentVisible\" data-wp-init=\"callbacks.setButtonStyles\" data-wp-on--click=\"actions.showLightbox\" data-wp-on--load=\"callbacks.setButtonStyles\" data-wp-on-window--resize=\"callbacks.setButtonStyles\" data-id=\"2302\" src=\"https:\/\/chatteriedelareine.fr\/wp-content\/uploads\/2025\/08\/7eaa050c-91d2-4772-abfa-679492e6737f-1-702x1024.jpg\" alt=\"\" class=\"wp-image-2302\" srcset=\"https:\/\/chatteriedelareine.fr\/wp-content\/uploads\/2025\/08\/7eaa050c-91d2-4772-abfa-679492e6737f-1-702x1024.jpg 702w, https:\/\/chatteriedelareine.fr\/wp-content\/uploads\/2025\/08\/7eaa050c-91d2-4772-abfa-679492e6737f-1-206x300.jpg 206w, https:\/\/chatteriedelareine.fr\/wp-content\/uploads\/2025\/08\/7eaa050c-91d2-4772-abfa-679492e6737f-1-768x1121.jpg 768w, https:\/\/chatteriedelareine.fr\/wp-content\/uploads\/2025\/08\/7eaa050c-91d2-4772-abfa-679492e6737f-1.jpg 856w\" sizes=\"auto, (max-width: 702px) 100vw, 702px\" \/><button\n\t\t\tclass=\"lightbox-trigger\"\n\t\t\ttype=\"button\"\n\t\t\taria-haspopup=\"dialog\"\n\t\t\taria-label=\"Agrandir\"\n\t\t\tdata-wp-init=\"callbacks.initTriggerButton\"\n\t\t\tdata-wp-on--click=\"actions.showLightbox\"\n\t\t\tdata-wp-style--right=\"state.imageButtonRight\"\n\t\t\tdata-wp-style--top=\"state.imageButtonTop\"\n\t\t>\n\t\t\t<svg xmlns=\"http:\/\/www.w3.org\/2000\/svg\" width=\"12\" height=\"12\" fill=\"none\" viewBox=\"0 0 12 12\">\n\t\t\t\t<path fill=\"#fff\" d=\"M2 0a2 2 0 0 0-2 2v2h1.5V2a.5.5 0 0 1 .5-.5h2V0H2Zm2 10.5H2a.5.5 0 0 1-.5-.5V8H0v2a2 2 0 0 0 2 2h2v-1.5ZM8 12v-1.5h2a.5.5 0 0 0 .5-.5V8H12v2a2 2 0 0 1-2 2H8Zm2-12a2 2 0 0 1 2 2v2h-1.5V2a.5.5 0 0 0-.5-.5H8V0h2Z\" \/>\n\t\t\t<\/svg>\n\t\t<\/button><\/figure>\n\n\n\n<figure data-wp-context=\"{&quot;imageId&quot;:&quot;69e239a887c73&quot;}\" data-wp-interactive=\"core\/image\" data-wp-key=\"69e239a887c73\" class=\"wp-block-image size-large wp-lightbox-container\"><img loading=\"lazy\" decoding=\"async\" width=\"462\" height=\"1024\" data-wp-class--hide=\"state.isContentHidden\" data-wp-class--show=\"state.isContentVisible\" data-wp-init=\"callbacks.setButtonStyles\" data-wp-on--click=\"actions.showLightbox\" data-wp-on--load=\"callbacks.setButtonStyles\" data-wp-on-window--resize=\"callbacks.setButtonStyles\" data-id=\"2301\" src=\"https:\/\/chatteriedelareine.fr\/wp-content\/uploads\/2025\/08\/676af0c7-0185-49b4-b19c-371c3a00c5e4-1-462x1024.jpg\" alt=\"\" class=\"wp-image-2301\" srcset=\"https:\/\/chatteriedelareine.fr\/wp-content\/uploads\/2025\/08\/676af0c7-0185-49b4-b19c-371c3a00c5e4-1-462x1024.jpg 462w, https:\/\/chatteriedelareine.fr\/wp-content\/uploads\/2025\/08\/676af0c7-0185-49b4-b19c-371c3a00c5e4-1-135x300.jpg 135w, https:\/\/chatteriedelareine.fr\/wp-content\/uploads\/2025\/08\/676af0c7-0185-49b4-b19c-371c3a00c5e4-1-693x1536.jpg 693w, https:\/\/chatteriedelareine.fr\/wp-content\/uploads\/2025\/08\/676af0c7-0185-49b4-b19c-371c3a00c5e4-1.jpg 722w\" sizes=\"auto, (max-width: 462px) 100vw, 462px\" \/><button\n\t\t\tclass=\"lightbox-trigger\"\n\t\t\ttype=\"button\"\n\t\t\taria-haspopup=\"dialog\"\n\t\t\taria-label=\"Agrandir\"\n\t\t\tdata-wp-init=\"callbacks.initTriggerButton\"\n\t\t\tdata-wp-on--click=\"actions.showLightbox\"\n\t\t\tdata-wp-style--right=\"state.imageButtonRight\"\n\t\t\tdata-wp-style--top=\"state.imageButtonTop\"\n\t\t>\n\t\t\t<svg xmlns=\"http:\/\/www.w3.org\/2000\/svg\" width=\"12\" height=\"12\" fill=\"none\" viewBox=\"0 0 12 12\">\n\t\t\t\t<path fill=\"#fff\" d=\"M2 0a2 2 0 0 0-2 2v2h1.5V2a.5.5 0 0 1 .5-.5h2V0H2Zm2 10.5H2a.5.5 0 0 1-.5-.5V8H0v2a2 2 0 0 0 2 2h2v-1.5ZM8 12v-1.5h2a.5.5 0 0 0 .5-.5V8H12v2a2 2 0 0 1-2 2H8Zm2-12a2 2 0 0 1 2 2v2h-1.5V2a.5.5 0 0 0-.5-.5H8V0h2Z\" \/>\n\t\t\t<\/svg>\n\t\t<\/button><\/figure>\n\n\n\n<figure class=\"wp-block-image size-large\"><a href=\"https:\/\/chatteriedelareine.fr\/wp-content\/uploads\/2024\/11\/IMG_07231.jpg\"><img loading=\"lazy\" decoding=\"async\" width=\"768\" height=\"1024\" data-id=\"1896\" src=\"https:\/\/chatteriedelareine.fr\/wp-content\/uploads\/2024\/11\/IMG_07231.jpg\" alt=\"\" class=\"wp-image-1896\" srcset=\"https:\/\/chatteriedelareine.fr\/wp-content\/uploads\/2024\/11\/IMG_07231.jpg 768w, https:\/\/chatteriedelareine.fr\/wp-content\/uploads\/2024\/11\/IMG_07231-225x300.jpg 225w\" sizes=\"auto, (max-width: 768px) 100vw, 768px\" \/><\/a><\/figure>\n\n\n\n<figure class=\"wp-block-image size-large\"><a href=\"https:\/\/chatteriedelareine.fr\/wp-content\/uploads\/2024\/11\/IMG_07271.jpg\"><img loading=\"lazy\" decoding=\"async\" width=\"997\" height=\"1024\" data-id=\"1897\" src=\"https:\/\/chatteriedelareine.fr\/wp-content\/uploads\/2024\/11\/IMG_07271-997x1024.jpg\" alt=\"\" class=\"wp-image-1897\" srcset=\"https:\/\/chatteriedelareine.fr\/wp-content\/uploads\/2024\/11\/IMG_07271-997x1024.jpg 997w, https:\/\/chatteriedelareine.fr\/wp-content\/uploads\/2024\/11\/IMG_07271-292x300.jpg 292w, https:\/\/chatteriedelareine.fr\/wp-content\/uploads\/2024\/11\/IMG_07271-768x789.jpg 768w, https:\/\/chatteriedelareine.fr\/wp-content\/uploads\/2024\/11\/IMG_07271.jpg 1246w\" sizes=\"auto, (max-width: 997px) 100vw, 997px\" \/><\/a><\/figure>\n\n\n\n<figure data-wp-context=\"{&quot;imageId&quot;:&quot;69e239a88889b&quot;}\" data-wp-interactive=\"core\/image\" data-wp-key=\"69e239a88889b\" class=\"wp-block-image size-large wp-lightbox-container\"><img loading=\"lazy\" decoding=\"async\" width=\"768\" height=\"1024\" data-wp-class--hide=\"state.isContentHidden\" data-wp-class--show=\"state.isContentVisible\" data-wp-init=\"callbacks.setButtonStyles\" data-wp-on--click=\"actions.showLightbox\" data-wp-on--load=\"callbacks.setButtonStyles\" data-wp-on-window--resize=\"callbacks.setButtonStyles\" data-id=\"1804\" src=\"https:\/\/chatteriedelareine.fr\/wp-content\/uploads\/2024\/08\/IMG_7598-1-768x1024.jpg\" alt=\"\" class=\"wp-image-1804\" srcset=\"https:\/\/chatteriedelareine.fr\/wp-content\/uploads\/2024\/08\/IMG_7598-1-768x1024.jpg 768w, https:\/\/chatteriedelareine.fr\/wp-content\/uploads\/2024\/08\/IMG_7598-1-225x300.jpg 225w, https:\/\/chatteriedelareine.fr\/wp-content\/uploads\/2024\/08\/IMG_7598-1-1152x1536.jpg 1152w, https:\/\/chatteriedelareine.fr\/wp-content\/uploads\/2024\/08\/IMG_7598-1-1536x2048.jpg 1536w, https:\/\/chatteriedelareine.fr\/wp-content\/uploads\/2024\/08\/IMG_7598-1-scaled.jpg 1920w\" sizes=\"auto, (max-width: 768px) 100vw, 768px\" \/><button\n\t\t\tclass=\"lightbox-trigger\"\n\t\t\ttype=\"button\"\n\t\t\taria-haspopup=\"dialog\"\n\t\t\taria-label=\"Agrandir\"\n\t\t\tdata-wp-init=\"callbacks.initTriggerButton\"\n\t\t\tdata-wp-on--click=\"actions.showLightbox\"\n\t\t\tdata-wp-style--right=\"state.imageButtonRight\"\n\t\t\tdata-wp-style--top=\"state.imageButtonTop\"\n\t\t>\n\t\t\t<svg xmlns=\"http:\/\/www.w3.org\/2000\/svg\" width=\"12\" height=\"12\" fill=\"none\" viewBox=\"0 0 12 12\">\n\t\t\t\t<path fill=\"#fff\" d=\"M2 0a2 2 0 0 0-2 2v2h1.5V2a.5.5 0 0 1 .5-.5h2V0H2Zm2 10.5H2a.5.5 0 0 1-.5-.5V8H0v2a2 2 0 0 0 2 2h2v-1.5ZM8 12v-1.5h2a.5.5 0 0 0 .5-.5V8H12v2a2 2 0 0 1-2 2H8Zm2-12a2 2 0 0 1 2 2v2h-1.5V2a.5.5 0 0 0-.5-.5H8V0h2Z\" \/>\n\t\t\t<\/svg>\n\t\t<\/button><\/figure>\n\n\n\n<figure data-wp-context=\"{&quot;imageId&quot;:&quot;69e239a888dbf&quot;}\" data-wp-interactive=\"core\/image\" data-wp-key=\"69e239a888dbf\" class=\"wp-block-image size-large wp-lightbox-container\"><img loading=\"lazy\" decoding=\"async\" width=\"768\" height=\"1024\" data-wp-class--hide=\"state.isContentHidden\" data-wp-class--show=\"state.isContentVisible\" data-wp-init=\"callbacks.setButtonStyles\" data-wp-on--click=\"actions.showLightbox\" data-wp-on--load=\"callbacks.setButtonStyles\" data-wp-on-window--resize=\"callbacks.setButtonStyles\" data-id=\"1807\" src=\"https:\/\/chatteriedelareine.fr\/wp-content\/uploads\/2024\/08\/IMG_7621-768x1024.jpg\" alt=\"\" class=\"wp-image-1807\" srcset=\"https:\/\/chatteriedelareine.fr\/wp-content\/uploads\/2024\/08\/IMG_7621-768x1024.jpg 768w, https:\/\/chatteriedelareine.fr\/wp-content\/uploads\/2024\/08\/IMG_7621-225x300.jpg 225w, https:\/\/chatteriedelareine.fr\/wp-content\/uploads\/2024\/08\/IMG_7621-1152x1536.jpg 1152w, https:\/\/chatteriedelareine.fr\/wp-content\/uploads\/2024\/08\/IMG_7621-1536x2048.jpg 1536w, https:\/\/chatteriedelareine.fr\/wp-content\/uploads\/2024\/08\/IMG_7621-scaled.jpg 1920w\" sizes=\"auto, (max-width: 768px) 100vw, 768px\" \/><button\n\t\t\tclass=\"lightbox-trigger\"\n\t\t\ttype=\"button\"\n\t\t\taria-haspopup=\"dialog\"\n\t\t\taria-label=\"Agrandir\"\n\t\t\tdata-wp-init=\"callbacks.initTriggerButton\"\n\t\t\tdata-wp-on--click=\"actions.showLightbox\"\n\t\t\tdata-wp-style--right=\"state.imageButtonRight\"\n\t\t\tdata-wp-style--top=\"state.imageButtonTop\"\n\t\t>\n\t\t\t<svg xmlns=\"http:\/\/www.w3.org\/2000\/svg\" width=\"12\" height=\"12\" fill=\"none\" viewBox=\"0 0 12 12\">\n\t\t\t\t<path fill=\"#fff\" d=\"M2 0a2 2 0 0 0-2 2v2h1.5V2a.5.5 0 0 1 .5-.5h2V0H2Zm2 10.5H2a.5.5 0 0 1-.5-.5V8H0v2a2 2 0 0 0 2 2h2v-1.5ZM8 12v-1.5h2a.5.5 0 0 0 .5-.5V8H12v2a2 2 0 0 1-2 2H8Zm2-12a2 2 0 0 1 2 2v2h-1.5V2a.5.5 0 0 0-.5-.5H8V0h2Z\" \/>\n\t\t\t<\/svg>\n\t\t<\/button><\/figure>\n\n\n\n<figure data-wp-context=\"{&quot;imageId&quot;:&quot;69e239a889281&quot;}\" data-wp-interactive=\"core\/image\" data-wp-key=\"69e239a889281\" class=\"wp-block-image size-large wp-lightbox-container\"><img loading=\"lazy\" decoding=\"async\" width=\"768\" height=\"1024\" data-wp-class--hide=\"state.isContentHidden\" data-wp-class--show=\"state.isContentVisible\" data-wp-init=\"callbacks.setButtonStyles\" data-wp-on--click=\"actions.showLightbox\" data-wp-on--load=\"callbacks.setButtonStyles\" data-wp-on-window--resize=\"callbacks.setButtonStyles\" data-id=\"1805\" src=\"https:\/\/chatteriedelareine.fr\/wp-content\/uploads\/2024\/08\/IMG_7610-768x1024.jpg\" alt=\"\" class=\"wp-image-1805\" srcset=\"https:\/\/chatteriedelareine.fr\/wp-content\/uploads\/2024\/08\/IMG_7610-768x1024.jpg 768w, https:\/\/chatteriedelareine.fr\/wp-content\/uploads\/2024\/08\/IMG_7610-225x300.jpg 225w, https:\/\/chatteriedelareine.fr\/wp-content\/uploads\/2024\/08\/IMG_7610-1152x1536.jpg 1152w, https:\/\/chatteriedelareine.fr\/wp-content\/uploads\/2024\/08\/IMG_7610-1536x2048.jpg 1536w, https:\/\/chatteriedelareine.fr\/wp-content\/uploads\/2024\/08\/IMG_7610-scaled.jpg 1920w\" sizes=\"auto, (max-width: 768px) 100vw, 768px\" \/><button\n\t\t\tclass=\"lightbox-trigger\"\n\t\t\ttype=\"button\"\n\t\t\taria-haspopup=\"dialog\"\n\t\t\taria-label=\"Agrandir\"\n\t\t\tdata-wp-init=\"callbacks.initTriggerButton\"\n\t\t\tdata-wp-on--click=\"actions.showLightbox\"\n\t\t\tdata-wp-style--right=\"state.imageButtonRight\"\n\t\t\tdata-wp-style--top=\"state.imageButtonTop\"\n\t\t>\n\t\t\t<svg xmlns=\"http:\/\/www.w3.org\/2000\/svg\" width=\"12\" height=\"12\" fill=\"none\" viewBox=\"0 0 12 12\">\n\t\t\t\t<path fill=\"#fff\" d=\"M2 0a2 2 0 0 0-2 2v2h1.5V2a.5.5 0 0 1 .5-.5h2V0H2Zm2 10.5H2a.5.5 0 0 1-.5-.5V8H0v2a2 2 0 0 0 2 2h2v-1.5ZM8 12v-1.5h2a.5.5 0 0 0 .5-.5V8H12v2a2 2 0 0 1-2 2H8Zm2-12a2 2 0 0 1 2 2v2h-1.5V2a.5.5 0 0 0-.5-.5H8V0h2Z\" \/>\n\t\t\t<\/svg>\n\t\t<\/button><\/figure>\n\n\n\n<figure data-wp-context=\"{&quot;imageId&quot;:&quot;69e239a88971a&quot;}\" data-wp-interactive=\"core\/image\" data-wp-key=\"69e239a88971a\" class=\"wp-block-image size-large wp-lightbox-container\"><img loading=\"lazy\" decoding=\"async\" width=\"768\" height=\"1024\" data-wp-class--hide=\"state.isContentHidden\" data-wp-class--show=\"state.isContentVisible\" data-wp-init=\"callbacks.setButtonStyles\" data-wp-on--click=\"actions.showLightbox\" data-wp-on--load=\"callbacks.setButtonStyles\" data-wp-on-window--resize=\"callbacks.setButtonStyles\" data-id=\"1806\" src=\"https:\/\/chatteriedelareine.fr\/wp-content\/uploads\/2024\/08\/IMG_7620-768x1024.jpg\" alt=\"\" class=\"wp-image-1806\" srcset=\"https:\/\/chatteriedelareine.fr\/wp-content\/uploads\/2024\/08\/IMG_7620-768x1024.jpg 768w, https:\/\/chatteriedelareine.fr\/wp-content\/uploads\/2024\/08\/IMG_7620-225x300.jpg 225w, https:\/\/chatteriedelareine.fr\/wp-content\/uploads\/2024\/08\/IMG_7620-1152x1536.jpg 1152w, https:\/\/chatteriedelareine.fr\/wp-content\/uploads\/2024\/08\/IMG_7620-1536x2048.jpg 1536w, https:\/\/chatteriedelareine.fr\/wp-content\/uploads\/2024\/08\/IMG_7620-scaled.jpg 1920w\" sizes=\"auto, (max-width: 768px) 100vw, 768px\" \/><button\n\t\t\tclass=\"lightbox-trigger\"\n\t\t\ttype=\"button\"\n\t\t\taria-haspopup=\"dialog\"\n\t\t\taria-label=\"Agrandir\"\n\t\t\tdata-wp-init=\"callbacks.initTriggerButton\"\n\t\t\tdata-wp-on--click=\"actions.showLightbox\"\n\t\t\tdata-wp-style--right=\"state.imageButtonRight\"\n\t\t\tdata-wp-style--top=\"state.imageButtonTop\"\n\t\t>\n\t\t\t<svg xmlns=\"http:\/\/www.w3.org\/2000\/svg\" width=\"12\" height=\"12\" fill=\"none\" viewBox=\"0 0 12 12\">\n\t\t\t\t<path fill=\"#fff\" d=\"M2 0a2 2 0 0 0-2 2v2h1.5V2a.5.5 0 0 1 .5-.5h2V0H2Zm2 10.5H2a.5.5 0 0 1-.5-.5V8H0v2a2 2 0 0 0 2 2h2v-1.5ZM8 12v-1.5h2a.5.5 0 0 0 .5-.5V8H12v2a2 2 0 0 1-2 2H8Zm2-12a2 2 0 0 1 2 2v2h-1.5V2a.5.5 0 0 0-.5-.5H8V0h2Z\" \/>\n\t\t\t<\/svg>\n\t\t<\/button><\/figure>\n\n\n\n<figure data-wp-context=\"{&quot;imageId&quot;:&quot;69e239a889b7c&quot;}\" data-wp-interactive=\"core\/image\" data-wp-key=\"69e239a889b7c\" class=\"wp-block-image size-large wp-lightbox-container\"><img loading=\"lazy\" decoding=\"async\" width=\"768\" height=\"1024\" data-wp-class--hide=\"state.isContentHidden\" data-wp-class--show=\"state.isContentVisible\" data-wp-init=\"callbacks.setButtonStyles\" data-wp-on--click=\"actions.showLightbox\" data-wp-on--load=\"callbacks.setButtonStyles\" data-wp-on-window--resize=\"callbacks.setButtonStyles\" data-id=\"1733\" src=\"https:\/\/chatteriedelareine.fr\/wp-content\/uploads\/2024\/08\/d28f3761-8d2f-40d7-998e-f34ecff8c16c-768x1024.jpg\" alt=\"\" class=\"wp-image-1733\" srcset=\"https:\/\/chatteriedelareine.fr\/wp-content\/uploads\/2024\/08\/d28f3761-8d2f-40d7-998e-f34ecff8c16c-768x1024.jpg 768w, https:\/\/chatteriedelareine.fr\/wp-content\/uploads\/2024\/08\/d28f3761-8d2f-40d7-998e-f34ecff8c16c-225x300.jpg 225w, https:\/\/chatteriedelareine.fr\/wp-content\/uploads\/2024\/08\/d28f3761-8d2f-40d7-998e-f34ecff8c16c-1152x1536.jpg 1152w, https:\/\/chatteriedelareine.fr\/wp-content\/uploads\/2024\/08\/d28f3761-8d2f-40d7-998e-f34ecff8c16c.jpg 1200w\" sizes=\"auto, (max-width: 768px) 100vw, 768px\" \/><button\n\t\t\tclass=\"lightbox-trigger\"\n\t\t\ttype=\"button\"\n\t\t\taria-haspopup=\"dialog\"\n\t\t\taria-label=\"Agrandir\"\n\t\t\tdata-wp-init=\"callbacks.initTriggerButton\"\n\t\t\tdata-wp-on--click=\"actions.showLightbox\"\n\t\t\tdata-wp-style--right=\"state.imageButtonRight\"\n\t\t\tdata-wp-style--top=\"state.imageButtonTop\"\n\t\t>\n\t\t\t<svg xmlns=\"http:\/\/www.w3.org\/2000\/svg\" width=\"12\" height=\"12\" fill=\"none\" viewBox=\"0 0 12 12\">\n\t\t\t\t<path fill=\"#fff\" d=\"M2 0a2 2 0 0 0-2 2v2h1.5V2a.5.5 0 0 1 .5-.5h2V0H2Zm2 10.5H2a.5.5 0 0 1-.5-.5V8H0v2a2 2 0 0 0 2 2h2v-1.5ZM8 12v-1.5h2a.5.5 0 0 0 .5-.5V8H12v2a2 2 0 0 1-2 2H8Zm2-12a2 2 0 0 1 2 2v2h-1.5V2a.5.5 0 0 0-.5-.5H8V0h2Z\" \/>\n\t\t\t<\/svg>\n\t\t<\/button><\/figure>\n\n\n\n<figure data-wp-context=\"{&quot;imageId&quot;:&quot;69e239a889fd0&quot;}\" data-wp-interactive=\"core\/image\" data-wp-key=\"69e239a889fd0\" class=\"wp-block-image size-large wp-lightbox-container\"><img loading=\"lazy\" decoding=\"async\" width=\"768\" height=\"1024\" data-wp-class--hide=\"state.isContentHidden\" data-wp-class--show=\"state.isContentVisible\" data-wp-init=\"callbacks.setButtonStyles\" data-wp-on--click=\"actions.showLightbox\" data-wp-on--load=\"callbacks.setButtonStyles\" data-wp-on-window--resize=\"callbacks.setButtonStyles\" data-id=\"1731\" src=\"https:\/\/chatteriedelareine.fr\/wp-content\/uploads\/2024\/08\/a87b2a68-8c98-43d5-9e49-7e953eb84815-768x1024.jpg\" alt=\"\" class=\"wp-image-1731\" srcset=\"https:\/\/chatteriedelareine.fr\/wp-content\/uploads\/2024\/08\/a87b2a68-8c98-43d5-9e49-7e953eb84815-768x1024.jpg 768w, https:\/\/chatteriedelareine.fr\/wp-content\/uploads\/2024\/08\/a87b2a68-8c98-43d5-9e49-7e953eb84815-225x300.jpg 225w, https:\/\/chatteriedelareine.fr\/wp-content\/uploads\/2024\/08\/a87b2a68-8c98-43d5-9e49-7e953eb84815-1152x1536.jpg 1152w, https:\/\/chatteriedelareine.fr\/wp-content\/uploads\/2024\/08\/a87b2a68-8c98-43d5-9e49-7e953eb84815.jpg 1200w\" sizes=\"auto, (max-width: 768px) 100vw, 768px\" \/><button\n\t\t\tclass=\"lightbox-trigger\"\n\t\t\ttype=\"button\"\n\t\t\taria-haspopup=\"dialog\"\n\t\t\taria-label=\"Agrandir\"\n\t\t\tdata-wp-init=\"callbacks.initTriggerButton\"\n\t\t\tdata-wp-on--click=\"actions.showLightbox\"\n\t\t\tdata-wp-style--right=\"state.imageButtonRight\"\n\t\t\tdata-wp-style--top=\"state.imageButtonTop\"\n\t\t>\n\t\t\t<svg xmlns=\"http:\/\/www.w3.org\/2000\/svg\" width=\"12\" height=\"12\" fill=\"none\" viewBox=\"0 0 12 12\">\n\t\t\t\t<path fill=\"#fff\" d=\"M2 0a2 2 0 0 0-2 2v2h1.5V2a.5.5 0 0 1 .5-.5h2V0H2Zm2 10.5H2a.5.5 0 0 1-.5-.5V8H0v2a2 2 0 0 0 2 2h2v-1.5ZM8 12v-1.5h2a.5.5 0 0 0 .5-.5V8H12v2a2 2 0 0 1-2 2H8Zm2-12a2 2 0 0 1 2 2v2h-1.5V2a.5.5 0 0 0-.5-.5H8V0h2Z\" \/>\n\t\t\t<\/svg>\n\t\t<\/button><\/figure>\n\n\n\n<figure data-wp-context=\"{&quot;imageId&quot;:&quot;69e239a88a4c4&quot;}\" data-wp-interactive=\"core\/image\" data-wp-key=\"69e239a88a4c4\" class=\"wp-block-image size-large wp-lightbox-container\"><img loading=\"lazy\" decoding=\"async\" width=\"768\" height=\"1024\" data-wp-class--hide=\"state.isContentHidden\" data-wp-class--show=\"state.isContentVisible\" data-wp-init=\"callbacks.setButtonStyles\" data-wp-on--click=\"actions.showLightbox\" data-wp-on--load=\"callbacks.setButtonStyles\" data-wp-on-window--resize=\"callbacks.setButtonStyles\" data-id=\"1732\" src=\"https:\/\/chatteriedelareine.fr\/wp-content\/uploads\/2024\/08\/ae732cc5-1cc9-453b-809f-755f6b8a22e7-768x1024.jpg\" alt=\"\" class=\"wp-image-1732\" srcset=\"https:\/\/chatteriedelareine.fr\/wp-content\/uploads\/2024\/08\/ae732cc5-1cc9-453b-809f-755f6b8a22e7-768x1024.jpg 768w, https:\/\/chatteriedelareine.fr\/wp-content\/uploads\/2024\/08\/ae732cc5-1cc9-453b-809f-755f6b8a22e7-225x300.jpg 225w, https:\/\/chatteriedelareine.fr\/wp-content\/uploads\/2024\/08\/ae732cc5-1cc9-453b-809f-755f6b8a22e7-1152x1536.jpg 1152w, https:\/\/chatteriedelareine.fr\/wp-content\/uploads\/2024\/08\/ae732cc5-1cc9-453b-809f-755f6b8a22e7.jpg 1200w\" sizes=\"auto, (max-width: 768px) 100vw, 768px\" \/><button\n\t\t\tclass=\"lightbox-trigger\"\n\t\t\ttype=\"button\"\n\t\t\taria-haspopup=\"dialog\"\n\t\t\taria-label=\"Agrandir\"\n\t\t\tdata-wp-init=\"callbacks.initTriggerButton\"\n\t\t\tdata-wp-on--click=\"actions.showLightbox\"\n\t\t\tdata-wp-style--right=\"state.imageButtonRight\"\n\t\t\tdata-wp-style--top=\"state.imageButtonTop\"\n\t\t>\n\t\t\t<svg xmlns=\"http:\/\/www.w3.org\/2000\/svg\" width=\"12\" height=\"12\" fill=\"none\" viewBox=\"0 0 12 12\">\n\t\t\t\t<path fill=\"#fff\" d=\"M2 0a2 2 0 0 0-2 2v2h1.5V2a.5.5 0 0 1 .5-.5h2V0H2Zm2 10.5H2a.5.5 0 0 1-.5-.5V8H0v2a2 2 0 0 0 2 2h2v-1.5ZM8 12v-1.5h2a.5.5 0 0 0 .5-.5V8H12v2a2 2 0 0 1-2 2H8Zm2-12a2 2 0 0 1 2 2v2h-1.5V2a.5.5 0 0 0-.5-.5H8V0h2Z\" \/>\n\t\t\t<\/svg>\n\t\t<\/button><\/figure>\n\n\n\n<figure data-wp-context=\"{&quot;imageId&quot;:&quot;69e239a88adef&quot;}\" data-wp-interactive=\"core\/image\" data-wp-key=\"69e239a88adef\" class=\"wp-block-image size-large wp-lightbox-container\"><img loading=\"lazy\" decoding=\"async\" width=\"768\" height=\"1024\" data-wp-class--hide=\"state.isContentHidden\" data-wp-class--show=\"state.isContentVisible\" data-wp-init=\"callbacks.setButtonStyles\" data-wp-on--click=\"actions.showLightbox\" data-wp-on--load=\"callbacks.setButtonStyles\" data-wp-on-window--resize=\"callbacks.setButtonStyles\" data-id=\"1734\" src=\"https:\/\/chatteriedelareine.fr\/wp-content\/uploads\/2024\/08\/9b8334bd-2f2b-4e40-a543-418b801379c4-768x1024.jpg\" alt=\"\" class=\"wp-image-1734\" srcset=\"https:\/\/chatteriedelareine.fr\/wp-content\/uploads\/2024\/08\/9b8334bd-2f2b-4e40-a543-418b801379c4-768x1024.jpg 768w, https:\/\/chatteriedelareine.fr\/wp-content\/uploads\/2024\/08\/9b8334bd-2f2b-4e40-a543-418b801379c4-225x300.jpg 225w, https:\/\/chatteriedelareine.fr\/wp-content\/uploads\/2024\/08\/9b8334bd-2f2b-4e40-a543-418b801379c4-1152x1536.jpg 1152w, https:\/\/chatteriedelareine.fr\/wp-content\/uploads\/2024\/08\/9b8334bd-2f2b-4e40-a543-418b801379c4.jpg 1200w\" sizes=\"auto, (max-width: 768px) 100vw, 768px\" \/><button\n\t\t\tclass=\"lightbox-trigger\"\n\t\t\ttype=\"button\"\n\t\t\taria-haspopup=\"dialog\"\n\t\t\taria-label=\"Agrandir\"\n\t\t\tdata-wp-init=\"callbacks.initTriggerButton\"\n\t\t\tdata-wp-on--click=\"actions.showLightbox\"\n\t\t\tdata-wp-style--right=\"state.imageButtonRight\"\n\t\t\tdata-wp-style--top=\"state.imageButtonTop\"\n\t\t>\n\t\t\t<svg xmlns=\"http:\/\/www.w3.org\/2000\/svg\" width=\"12\" height=\"12\" fill=\"none\" viewBox=\"0 0 12 12\">\n\t\t\t\t<path fill=\"#fff\" d=\"M2 0a2 2 0 0 0-2 2v2h1.5V2a.5.5 0 0 1 .5-.5h2V0H2Zm2 10.5H2a.5.5 0 0 1-.5-.5V8H0v2a2 2 0 0 0 2 2h2v-1.5ZM8 12v-1.5h2a.5.5 0 0 0 .5-.5V8H12v2a2 2 0 0 1-2 2H8Zm2-12a2 2 0 0 1 2 2v2h-1.5V2a.5.5 0 0 0-.5-.5H8V0h2Z\" \/>\n\t\t\t<\/svg>\n\t\t<\/button><\/figure>\n\n\n\n<figure data-wp-context=\"{&quot;imageId&quot;:&quot;69e239a88b231&quot;}\" data-wp-interactive=\"core\/image\" data-wp-key=\"69e239a88b231\" class=\"wp-block-image size-large wp-lightbox-container\"><img loading=\"lazy\" decoding=\"async\" width=\"768\" height=\"1024\" data-wp-class--hide=\"state.isContentHidden\" data-wp-class--show=\"state.isContentVisible\" data-wp-init=\"callbacks.setButtonStyles\" data-wp-on--click=\"actions.showLightbox\" data-wp-on--load=\"callbacks.setButtonStyles\" data-wp-on-window--resize=\"callbacks.setButtonStyles\" data-id=\"1735\" src=\"https:\/\/chatteriedelareine.fr\/wp-content\/uploads\/2024\/08\/4d3f1e9e-8eb7-4475-9619-ac64604de6e6-768x1024.jpg\" alt=\"\" class=\"wp-image-1735\" srcset=\"https:\/\/chatteriedelareine.fr\/wp-content\/uploads\/2024\/08\/4d3f1e9e-8eb7-4475-9619-ac64604de6e6-768x1024.jpg 768w, https:\/\/chatteriedelareine.fr\/wp-content\/uploads\/2024\/08\/4d3f1e9e-8eb7-4475-9619-ac64604de6e6-225x300.jpg 225w, https:\/\/chatteriedelareine.fr\/wp-content\/uploads\/2024\/08\/4d3f1e9e-8eb7-4475-9619-ac64604de6e6-1152x1536.jpg 1152w, https:\/\/chatteriedelareine.fr\/wp-content\/uploads\/2024\/08\/4d3f1e9e-8eb7-4475-9619-ac64604de6e6.jpg 1200w\" sizes=\"auto, (max-width: 768px) 100vw, 768px\" \/><button\n\t\t\tclass=\"lightbox-trigger\"\n\t\t\ttype=\"button\"\n\t\t\taria-haspopup=\"dialog\"\n\t\t\taria-label=\"Agrandir\"\n\t\t\tdata-wp-init=\"callbacks.initTriggerButton\"\n\t\t\tdata-wp-on--click=\"actions.showLightbox\"\n\t\t\tdata-wp-style--right=\"state.imageButtonRight\"\n\t\t\tdata-wp-style--top=\"state.imageButtonTop\"\n\t\t>\n\t\t\t<svg xmlns=\"http:\/\/www.w3.org\/2000\/svg\" width=\"12\" height=\"12\" fill=\"none\" viewBox=\"0 0 12 12\">\n\t\t\t\t<path fill=\"#fff\" d=\"M2 0a2 2 0 0 0-2 2v2h1.5V2a.5.5 0 0 1 .5-.5h2V0H2Zm2 10.5H2a.5.5 0 0 1-.5-.5V8H0v2a2 2 0 0 0 2 2h2v-1.5ZM8 12v-1.5h2a.5.5 0 0 0 .5-.5V8H12v2a2 2 0 0 1-2 2H8Zm2-12a2 2 0 0 1 2 2v2h-1.5V2a.5.5 0 0 0-.5-.5H8V0h2Z\" \/>\n\t\t\t<\/svg>\n\t\t<\/button><\/figure>\n<\/figure>\n","protected":false},"excerpt":{"rendered":"<p>Nous vous pr\u00e9sentons Vanille.Elle est n\u00e9e le 9 juillet 2024 du mariage entre Phili et UmmaElle est fold, et fait partie de notre premi\u00e8re port\u00e9e color point.Elle est adorable et ressemble \u00e0 la fois \u00e0 sa maman (point non tabby) et son papa (chocolat point).C&rsquo;est la seule femelle et la seule fold de sa fratrie, mais elle n&rsquo;est pas en reste quand il s&rsquo;agit de jouer et d&rsquo;escalader: Elle se font sans mal avec ses fr\u00e8res et est tout aussi dynamique qu&rsquo;eux. Status: Date de d\u00e9part pr\u00e9visionnelle: mi-fin septembre Voici ses photos:sur les premi\u00e8res elle a autour de 1 mois, &hellip; <\/p>\n","protected":false},"author":1,"featured_media":0,"parent":0,"menu_order":0,"comment_status":"closed","ping_status":"closed","template":"","meta":{"footnotes":""},"class_list":["post-1730","page","type-page","status-publish","hentry"],"_links":{"self":[{"href":"https:\/\/chatteriedelareine.fr\/index.php\/wp-json\/wp\/v2\/pages\/1730","targetHints":{"allow":["GET"]}}],"collection":[{"href":"https:\/\/chatteriedelareine.fr\/index.php\/wp-json\/wp\/v2\/pages"}],"about":[{"href":"https:\/\/chatteriedelareine.fr\/index.php\/wp-json\/wp\/v2\/types\/page"}],"author":[{"embeddable":true,"href":"https:\/\/chatteriedelareine.fr\/index.php\/wp-json\/wp\/v2\/users\/1"}],"replies":[{"embeddable":true,"href":"https:\/\/chatteriedelareine.fr\/index.php\/wp-json\/wp\/v2\/comments?post=1730"}],"version-history":[{"count":5,"href":"https:\/\/chatteriedelareine.fr\/index.php\/wp-json\/wp\/v2\/pages\/1730\/revisions"}],"predecessor-version":[{"id":2369,"href":"https:\/\/chatteriedelareine.fr\/index.php\/wp-json\/wp\/v2\/pages\/1730\/revisions\/2369"}],"wp:attachment":[{"href":"https:\/\/chatteriedelareine.fr\/index.php\/wp-json\/wp\/v2\/media?parent=1730"}],"curies":[{"name":"wp","href":"https:\/\/api.w.org\/{rel}","templated":true}]}}