{"id":17,"date":"2023-03-14T00:51:22","date_gmt":"2023-03-13T23:51:22","guid":{"rendered":"http:\/\/chatteriedelareine.fr\/?page_id=17"},"modified":"2025-03-27T19:58:42","modified_gmt":"2025-03-27T18:58:42","slug":"nos-engagements","status":"publish","type":"page","link":"https:\/\/chatteriedelareine.fr\/index.php\/nos-engagements\/","title":{"rendered":"Nos engagements et conditions de vente"},"content":{"rendered":"\n<p>Comme pr\u00e9cis\u00e9 sur le site, nous sommes une petite chatterie familiale. Nous souhaitons maintenir cette petite taille pour pouvoir \u00e9lever nos chats et chatons avec amour et tendresse.<\/p>\n\n\n\n<p>Les chats vivent \u00e0 l&rsquo;ann\u00e9e avec nous dans notre maison, ils partagent notre quotidien, nous les c\u00e2linons et jouons avec eux. Ils sont habitu\u00e9s aux mains humaines, \u00e0 celles des enfants et sont donc bien sociabilis\u00e9s.<\/p>\n\n\n\n<p>Ils ne connaissent ni la cage ni l&rsquo;enfermement, et c&rsquo;est un point important pour nous. Ils disposent d&rsquo;espace pour s&rsquo;\u00e9panouir, et peuvent sortir dans notre jardin lorsqu&rsquo;ils sont assez grand. La partie ext\u00e9rieure ne concerne donc que les chats adultes.<\/p>\n\n\n\n<p>Nos chatons sont de type scottish straight ou fold: ils ne sont pas loof.<\/p>\n\n\n\n<p>En effet, nos deux femelles, Th\u00e9odora et Tocca sont bien loof, mais pas notre m\u00e2le Phili.<\/p>\n\n\n\n<p>Phili est un chat de type scottish fold et il a pass\u00e9 avec succ\u00e8s tous les tests m\u00e9dicaux et g\u00e9n\u00e9tiques lui permettant d&rsquo;\u00eatre apte \u00e0 reproduire de beaux chatons de type scottish (test Fold\/PKD\/groupe sanguin\/identit\u00e9 g\u00e9n\u00e9tique, FIV, FeLV, bonne sant\u00e9, bonne flexibilit\u00e9 de la queue et des membres, &#8230;). L&rsquo;apparence des chatons de nos deux premi\u00e8res port\u00e9es n&rsquo;ont fait ressortir aucun chaton en dehors du standard scottish straight ou fold ce qui confirme d&rsquo;une certaine mani\u00e8re la conformit\u00e9 des deux parents.<\/p>\n\n\n\n<p><\/p>\n\n\n\n<h2 class=\"wp-block-heading\">Conditions de vente<\/h2>\n\n\n\n<p>L&rsquo;achat d&rsquo;un chaton passe par un contrat de r\u00e9servation (visible plus bas sur cette page). Les chatons sont mis disponibles \u00e0 la r\u00e9servation autour de 1 mois et les acqu\u00e9reurs potentiels peuvent choisir les chatons disponibles. <\/p>\n\n\n\n<p>Lorsqu&rsquo;une personne s&rsquo;int\u00e9resse \u00e0 un chaton disponible, nous pouvons mettre une option de quelques jours le temps que la personne confirme son int\u00e9r\u00eat pour le chaton, que le contrat soit \u00e9tabli et les fonds re\u00e7us. Un chaton sous option n&rsquo;est pas disponible temporairement. Ensuite soit il redevient disponible, soit r\u00e9serv\u00e9.<\/p>\n\n\n\n<p>Un chaton sera consid\u00e9r\u00e9 comme r\u00e9serv\u00e9 une fois le contrat de r\u00e9servation sign\u00e9 et l&rsquo;acompte re\u00e7u sur notre compte. une fois r\u00e9serv\u00e9 un chaton n&rsquo;est plus disponible.<\/p>\n\n\n\n<p>Le prix de vente est fix\u00e9 lors de la r\u00e9servation pour tous les chatons. Le prix s&rsquo;\u00e9tablit g\u00e9n\u00e9ralement \u00e0 1100\u20ac pour les chatons color point, et 1000\u20ac pour tous les autres chatons.<\/p>\n\n\n\n<p>L&rsquo;acompte qui correspond \u00e0 50% du prix de l&rsquo;animal vous permet de garantir que le chaton que vous avez choisi vous est r\u00e9serv\u00e9 exclusivement et nous interdit de le vendre \u00e0 quelque autre personne. Il emp\u00eache toute r\u00e9tractation de notre part. En cas de d\u00e9sistement de votre part, cet acompte sera cependant perdu. Cela permet de nous assurer que l&rsquo;engagement des acheteurs est s\u00e9rieux, et cela permet aussi d&rsquo;\u00e9viter de bloquer un chaton inutilement en emp\u00eachant d&rsquo;autres acheteurs de se montrer int\u00e9ress\u00e9s par celui-ci.<\/p>\n\n\n\n<p>La transaction portant sur un \u00eatre vivant, en cas de d\u00e9c\u00e8s ou d&rsquo;une maladie grave de l&rsquo;animal entre la r\u00e9servation et la remise en main propre, celle-ci peut \u00eatre annul\u00e9e. Dans le cas de la survenance d&rsquo;un tel \u00e9v\u00e8nement, nous vous pr\u00e9viendrions dans les meilleurs et vous disposeriez alors de plusieurs options:<\/p>\n\n\n\n<ul class=\"wp-block-list\">\n<li>Demander le remboursement de votre acompte<\/li>\n\n\n\n<li>Choisir un autre chaton potentiellement disponible sur la m\u00eame port\u00e9e ou sur une autre port\u00e9e, auquel cas la r\u00e9servation serait imm\u00e9diate, et nous ferions un avenant au contrat pour qu&rsquo;il concerne le nouveau chaton.<\/li>\n\n\n\n<li>Si aucun autre chaton n&rsquo;est disponible sur cette port\u00e9e ou une autre, nous rembourserions l&rsquo;acompte sans d\u00e9lai. Nous ne souhaitons pas conserver des acomptes ou prendre des r\u00e9servations sur des animaux pas encore n\u00e9s.<\/li>\n<\/ul>\n\n\n\n<p>Conform\u00e9ment \u00e0 la loi, il sera demand\u00e9 aux acheteurs de remplir, signer et nous retourner le certificat d&rsquo;engagement et de connaissance au moins 7 jours avant la remise du chaton. Sans ce document le chaton ne vous sera pas remis.<\/p>\n\n\n\n<p>Les chatons qui sont vendus selon les conditions suivantes:<\/p>\n\n\n\n<ul class=\"wp-block-list\">\n<li>Le contrat de cession d\u00e9finitif qui sera sign\u00e9 par l\u2019Acheteur et le Vendeur le jour de la remise en main propre.<\/li>\n\n\n\n<li>Un certificat de bonne sant\u00e9 datant de moins de 10 jours.<\/li>\n\n\n\n<li>Une copie des tests Fold\/PKD (DNA) et FIV-FELv des parents ou de leurs parents.<\/li>\n\n\n\n<li>Un Carnet de sant\u00e9 \/ passeport + primo vaccination + identification par transpondeur)<\/li>\n\n\n\n<li>Traitement contre les parasites internes.<\/li>\n\n\n\n<li>Un contrat d&rsquo;assurance Sant\u00e9Vet de 90 jours couvrant le chaton lorsqu&rsquo;il quitte la chatterie et sans engagement de votre part. Ce contrat couvre les maladies et \u00e9v\u00e8nements accidentels \u00e0 hauteur de 50% sans franchise et dans la limite de 1000\u20ac pour les accidents et 150\u20ac pour les maladies.<\/li>\n\n\n\n<li>Un Kit de sortie (\u00e9chantillons de croquettes et 3 sachets de nourriture pour favoriser la transition alimentaire et \u00e9viter les d\u00e9sordres intestinaux, ainsi qu&rsquo;un petit jouet qu&rsquo;il affectionne).<\/li>\n<\/ul>\n\n\n\n<p>Nos chatons n&rsquo;\u00e9tant pas loof, ils ne disposeront pas de pedigree. Ne disposant que de 3 reproducteurs dont un seul m\u00e2le, nous ne r\u00e9alisons pas non plus de test de filiation puisqu&rsquo;il n&rsquo;y a aucun doute sur leur provenance. <\/p>\n\n\n\n<p><\/p>\n\n\n\n<h2 class=\"wp-block-heading\">Rendez-vous pour livraison du chaton<\/h2>\n\n\n\n<p>Une fois le chaton disponible, nous vous informons au plus t\u00f4t de sa disponibilit\u00e9 potentielle, et vous proposons plusieurs options ou cr\u00e9neaux pour la remise en main propre (au minimum 3 dates en semaine et 2 dates sur 2 weekend diff\u00e9rents) qui peut s&rsquo;effectuer partout en Ile de France ou \u00e0 l&rsquo;adresse de la chatterie selon le souhait du Vendeur.<\/p>\n\n\n\n<p>En dehors de tout cas de force majeur, notamment pand\u00e9mie et autres interdictions de d\u00e9placement temporaire, l&rsquo;acheteur et le vendeur disposent d&rsquo;un d\u00e9lai d&rsquo;un mois pour convenir d&rsquo;un rendez-vous pour la remise en main propre du chaton.<\/p>\n\n\n\n<p>Au del\u00e0 de ce d\u00e9lai, et si malgr\u00e9 plusieurs propositions de cr\u00e9neaux, aucune date ne pouvait \u00eatre trouv\u00e9e, ou si le vendeur ne r\u00e9pondait \u00e0 aucune sollicitation, le prix de vente serait major\u00e9 des frais d&rsquo;entretien suppl\u00e9mentaire du chaton (seconde vaccination, vermifuge, nourriture) courants au del\u00e0 d&rsquo;un mois apr\u00e8s sa disponibilit\u00e9 et ce jusqu&rsquo;\u00e0 2 mois apr\u00e8s sa disponibilit\u00e9. <\/p>\n\n\n\n<p>Si au del\u00e0 de 2 mois aucun accord ou date de rendez-vous n&rsquo;avait pu \u00eatre d\u00e9fini, la transaction serait annul\u00e9e et le chaton de pr\u00e8s de 5 mois serait alors remis en vente. Dans ce cas exceptionnel, l&rsquo;acompte serait conserv\u00e9 pour compenser les frais suppl\u00e9mentaires lien \u00e0 l&rsquo;entretien du chaton ainsi que la d\u00e9cote sur la vente d&rsquo;un chaton plus \u00e2g\u00e9.<\/p>\n\n\n\n<p>L&rsquo;objectif de cette clause est d&rsquo;\u00e9viter qu&rsquo;un vendeur initialement int\u00e9ress\u00e9 se d\u00e9sint\u00e9resse de l&rsquo;animal au bout de quelques semaines et le bloque en l&#8217;emp\u00eachant ainsi de trouver un foyer aimant d\u00e8s son plus jeune \u00e2ge.<\/p>\n\n\n\n<p><\/p>\n\n\n\n<h2 class=\"wp-block-heading\">Options<\/h2>\n\n\n\n<p>Sur votre demande, nous pouvons r\u00e9aliser des services optionnels.<\/p>\n\n\n\n<p>Si vous souhaitez voyager rapidement avec votre animal, notamment \u00e0 l&rsquo;international, le vaccin contre la rage est obligatoire. Il n&rsquo;est cependant consid\u00e9r\u00e9 comme valide que 21 jours apr\u00e8s l&rsquo;injection. Dans le cas ou vous auriez besoin d&rsquo;un vaccin initial contre la rage, merci de nous en faire la demande. Cette option est factur\u00e9e 80\u20ac (frais v\u00e9t\u00e9rinaires pour ce vaccin). Ce vaccin sera alors directement pr\u00e9sent sur le passeport de l&rsquo;animal et vous pourriez gagner les quelques jours requis.<\/p>\n\n\n\n<p>Si vous souhaitez une livraison en dehors de l&rsquo;Ile de France, merci de nous contacter au pr\u00e9alable. Selon nos disponibilit\u00e9s, et la distance demand\u00e9e, nous pouvons livrer un peu plus loin. Le tarif d\u00e9pendra de la distance et de notre capacit\u00e9 \u00e0 nous organiser pour une telle livraison. Ceci n&rsquo;\u00e9quivaut en rien \u00e0 un engagement pour une livraison lointaine; nous pr\u00e9cisons m\u00eame que nous ne livrerons en aucun cas au del\u00e0 de 200-300 km car le tarif A\/R serait r\u00e9dhibitoire comparativement au prix de l&rsquo;animal, et n\u00e9cessiterait de bloquer une journ\u00e9e compl\u00e8te de notre c\u00f4t\u00e9.<\/p>\n\n\n\n<p><\/p>\n\n\n\n<h2 class=\"wp-block-heading\">Exemplaire d&rsquo;un contrat de r\u00e9servation<\/h2>\n\n\n\n<div data-wp-interactive=\"core\/file\" class=\"wp-block-file\"><object data-wp-bind--hidden=\"!state.hasPdfPreview\" hidden class=\"wp-block-file__embed\" data=\"https:\/\/chatteriedelareine.fr\/wp-content\/uploads\/2023\/05\/contrat_de_reservation_vierge.pdf\" type=\"application\/pdf\" style=\"width:100%;height:600px\" aria-label=\"Contenu embarqu\u00e9 contrat_de_reservation_vierge.\"><\/object><a id=\"wp-block-file--media-0655c484-947b-403c-8b61-c6205d2670f9\" href=\"https:\/\/chatteriedelareine.fr\/wp-content\/uploads\/2023\/05\/contrat_de_reservation_vierge.pdf\">contrat_de_reservation_vierge<\/a><a href=\"https:\/\/chatteriedelareine.fr\/wp-content\/uploads\/2023\/05\/contrat_de_reservation_vierge.pdf\" class=\"wp-block-file__button wp-element-button\" download aria-describedby=\"wp-block-file--media-0655c484-947b-403c-8b61-c6205d2670f9\">T\u00e9l\u00e9charger<\/a><\/div>\n","protected":false},"excerpt":{"rendered":"<p>Comme pr\u00e9cis\u00e9 sur le site, nous sommes une petite chatterie familiale. Nous souhaitons maintenir cette petite taille pour pouvoir \u00e9lever nos chats et chatons avec amour et tendresse. Les chats vivent \u00e0 l&rsquo;ann\u00e9e avec nous dans notre maison, ils partagent notre quotidien, nous les c\u00e2linons et jouons avec eux. Ils sont habitu\u00e9s aux mains humaines, \u00e0 celles des enfants et sont donc bien sociabilis\u00e9s. Ils ne connaissent ni la cage ni l&rsquo;enfermement, et c&rsquo;est un point important pour nous. Ils disposent d&rsquo;espace pour s&rsquo;\u00e9panouir, et peuvent sortir dans notre jardin lorsqu&rsquo;ils sont assez grand. La partie ext\u00e9rieure ne concerne donc &hellip; <\/p>\n","protected":false},"author":1,"featured_media":0,"parent":0,"menu_order":0,"comment_status":"closed","ping_status":"closed","template":"","meta":{"footnotes":""},"class_list":["post-17","page","type-page","status-publish","hentry"],"_links":{"self":[{"href":"https:\/\/chatteriedelareine.fr\/index.php\/wp-json\/wp\/v2\/pages\/17","targetHints":{"allow":["GET"]}}],"collection":[{"href":"https:\/\/chatteriedelareine.fr\/index.php\/wp-json\/wp\/v2\/pages"}],"about":[{"href":"https:\/\/chatteriedelareine.fr\/index.php\/wp-json\/wp\/v2\/types\/page"}],"author":[{"embeddable":true,"href":"https:\/\/chatteriedelareine.fr\/index.php\/wp-json\/wp\/v2\/users\/1"}],"replies":[{"embeddable":true,"href":"https:\/\/chatteriedelareine.fr\/index.php\/wp-json\/wp\/v2\/comments?post=17"}],"version-history":[{"count":4,"href":"https:\/\/chatteriedelareine.fr\/index.php\/wp-json\/wp\/v2\/pages\/17\/revisions"}],"predecessor-version":[{"id":2056,"href":"https:\/\/chatteriedelareine.fr\/index.php\/wp-json\/wp\/v2\/pages\/17\/revisions\/2056"}],"wp:attachment":[{"href":"https:\/\/chatteriedelareine.fr\/index.php\/wp-json\/wp\/v2\/media?parent=17"}],"curies":[{"name":"wp","href":"https:\/\/api.w.org\/{rel}","templated":true}]}}