{"id":16,"date":"2023-03-14T00:51:22","date_gmt":"2023-03-13T23:51:22","guid":{"rendered":"http:\/\/chatteriedelareine.fr\/?page_id=16"},"modified":"2023-05-02T13:30:50","modified_gmt":"2023-05-02T11:30:50","slug":"notre-chatterie","status":"publish","type":"page","link":"https:\/\/chatteriedelareine.fr\/index.php\/notre-chatterie\/","title":{"rendered":"Notre chatterie"},"content":{"rendered":"\n<p>Bienvenue \u00e0 la chatterie de la Reine, \u00e9levage familial situ\u00e9 en Ile-de France, en bordure de Bourg-la-Reine, \u00e0 environ 5 km au sud de Pairs.<\/p>\n\n\n\n<p>Passionn\u00e9s de beaux chats, nous \u00e9levons avec passion, respect et amour des chats de type Scottish et Highland, fold et non fold.<\/p>\n\n\n\n<p>Nous attachons une importance toute particuli\u00e8re \u00e0 la beaut\u00e9 (t\u00eate bien ronde, yeux bien ronds, petites oreilles, fold ou non fold, beau pelage dense&#8230;), au bien-\u00eatre de nos chats mais \u00e9galement \u00e0 leur bonne sant\u00e9 et \u00e0 la socialisation de nos chatons.<\/p>\n\n\n\n<p>Ils vivent avec nous en permanence et sont donc habitu\u00e9s \u00e0 fr\u00e9quenter des humains, \u00e0 \u00e9voluer librement en maison ou appartement et ne connaissent pas la captivit\u00e9 et les cages des chenils, refuges ou autres chatteries de plus grande \u00e9chelle.<\/p>\n\n\n\n<p><\/p>\n\n\n<div class=\"wp-block-image\">\n<figure class=\"aligncenter size-full is-resized\"><img loading=\"lazy\" decoding=\"async\" src=\"https:\/\/chatteriedelareine.fr\/wp-content\/uploads\/2023\/03\/9106aeb5-a3a8-40b7-89e9-1ff25d2ea2ce-edited.jpg\" alt=\"\" class=\"wp-image-305\" width=\"391\" height=\"484\"\/><\/figure>\n<\/div>\n\n\n<p>Vous avez toujours r\u00eav\u00e9 de poss\u00e9der un chat doux, agr\u00e9able, affectueux, gentil, calme et zen ? <\/p>\n\n\n\n<p>Le Scottish ou le Highland sont faits pour vous. Ils r\u00e9pondent \u00e0 tous ces crit\u00e8res avec en plus la petite touche et l&rsquo;apparence particuli\u00e8re de ces chats aux museaux courts et aux grands yeux \u00e9tonn\u00e9s.<\/p>\n\n\n\n<p><\/p>\n\n\n\n<p>La passion de l&rsquo;\u00e9levage nous a toujours habit\u00e9s et nous venons de le concr\u00e9tiser en ouvrant notre chatterie pour permettre \u00e0 d&rsquo;autres familles de profiter du bonheur et de la douceur que peuvent apporter un chat dans une famille. <\/p>\n\n\n\n<p>L&rsquo;\u00e9levage est une vocation qui demande un engagement permanent, une disponibilit\u00e9 \u00e0 toute \u00e9preuve, pas de vacances, ni de weekend ou de jours f\u00e9ri\u00e9s, mais qui sont largement compens\u00e9s par le bonheur et l&rsquo;\u00e9motion que nous apportent nos petits compagnons quadrip\u00e8des velus, lorsque nous les voyons grandir, apprendre, se d\u00e9velopper, rencontrer leurs futurs ma\u00eetres et regarder leurs visages s&rsquo;illuminer lors de cette premi\u00e8re rencontre &#8230;<\/p>\n\n\n\n<p>Le bonheur apport\u00e9 par un chat ne s&rsquo;arr\u00eate cependant pas \u00e0 la rencontre initiale, mais doit se poursuivre tout au long de la vie du chat. Pour ce faire nous attachons une attention tr\u00e8s particuli\u00e8re \u00e0 ne proposer que des chatons en pleine sant\u00e9, sociabilis\u00e9s, habitu\u00e9s aux hommes et en pleine confiance pour qu&rsquo;ils puissent \u00eatre heureux et vous combler de joie pour les 15 ann\u00e9es \u00e0 venir,  voire un peu plus &#8230;<\/p>\n\n\n\n<p><\/p>\n\n\n\n<p>Le choix d&rsquo;\u00e9lever des scottish\/highland a \u00e9t\u00e9 une \u00e9vidence pour nous. Ces chats repr\u00e9sentent pour nous le chat de famille id\u00e9al et le plus adapt\u00e9 \u00e0 nos vies citadines: gentil, doux, facile \u00e0 vivre, affectueux sans \u00eatre envahissant, pas destructeur, calme. Nous adorons ses rondeurs, son museau tr\u00e8s typique, ses grands yeux curieux et sa bonne humeur toujours pr\u00e9sente. Le chat parfait.<\/p>\n\n\n\n<p>Nous sommes impatients de pouvoir vous rencontrer pour vous faire d\u00e9couvrir ce petit monde, et vous compter parmi nos visiteurs et futurs heureux propri\u00e9taires d&rsquo;adorables petits chats typ\u00e9s Scottish.<\/p>\n\n\n\n<p><code><link href='https:\/\/fonts.googleapis.com\/css?family=Ballet' rel='stylesheet'>\n<style>\n\th1 {\n\t\tfont-family: \"Ballet\";\n\t\tfont-size: 40px;\n\t}\n<\/style><\/code><a href=\"https:\/\/chatteriedelareine.fr\/wp-admin\/admin.php?page=edit-snippet&amp;id=30#\"><\/a><\/p>\n","protected":false},"excerpt":{"rendered":"<p>Bienvenue \u00e0 la chatterie de la Reine, \u00e9levage familial situ\u00e9 en Ile-de France, en bordure de Bourg-la-Reine, \u00e0 environ 5 km au sud de Pairs. Passionn\u00e9s de beaux chats, nous \u00e9levons avec passion, respect et amour des chats de type Scottish et Highland, fold et non fold. Nous attachons une importance toute particuli\u00e8re \u00e0 la beaut\u00e9 (t\u00eate bien ronde, yeux bien ronds, petites oreilles, fold ou non fold, beau pelage dense&#8230;), au bien-\u00eatre de nos chats mais \u00e9galement \u00e0 leur bonne sant\u00e9 et \u00e0 la socialisation de nos chatons. Ils vivent avec nous en permanence et sont donc habitu\u00e9s \u00e0 &hellip; <\/p>\n","protected":false},"author":1,"featured_media":0,"parent":0,"menu_order":0,"comment_status":"closed","ping_status":"closed","template":"","meta":{"footnotes":""},"class_list":["post-16","page","type-page","status-publish","hentry"],"_links":{"self":[{"href":"https:\/\/chatteriedelareine.fr\/index.php\/wp-json\/wp\/v2\/pages\/16","targetHints":{"allow":["GET"]}}],"collection":[{"href":"https:\/\/chatteriedelareine.fr\/index.php\/wp-json\/wp\/v2\/pages"}],"about":[{"href":"https:\/\/chatteriedelareine.fr\/index.php\/wp-json\/wp\/v2\/types\/page"}],"author":[{"embeddable":true,"href":"https:\/\/chatteriedelareine.fr\/index.php\/wp-json\/wp\/v2\/users\/1"}],"replies":[{"embeddable":true,"href":"https:\/\/chatteriedelareine.fr\/index.php\/wp-json\/wp\/v2\/comments?post=16"}],"version-history":[{"count":4,"href":"https:\/\/chatteriedelareine.fr\/index.php\/wp-json\/wp\/v2\/pages\/16\/revisions"}],"predecessor-version":[{"id":863,"href":"https:\/\/chatteriedelareine.fr\/index.php\/wp-json\/wp\/v2\/pages\/16\/revisions\/863"}],"wp:attachment":[{"href":"https:\/\/chatteriedelareine.fr\/index.php\/wp-json\/wp\/v2\/media?parent=16"}],"curies":[{"name":"wp","href":"https:\/\/api.w.org\/{rel}","templated":true}]}}