{"id":1329,"date":"2023-12-11T02:02:26","date_gmt":"2023-12-11T01:02:26","guid":{"rendered":"https:\/\/chatteriedelareine.fr\/?page_id=1329"},"modified":"2023-12-11T02:07:59","modified_gmt":"2023-12-11T01:07:59","slug":"reglement-de-la-pension","status":"publish","type":"page","link":"https:\/\/chatteriedelareine.fr\/index.php\/reglement-de-la-pension\/","title":{"rendered":"R\u00e8glement de la pension"},"content":{"rendered":"\n<p>Avant que votre chat ne puisse s\u00e9journer \u00e0 la chatterie de la reine et y passer un s\u00e9jour exceptionnel et inoubliable, il vous faudra signer ces r\u00e8gles de vie.<br>Les chats \u00e9tant amen\u00e9s \u00e0 vivre en collectivit\u00e9, ces r\u00e8gles s&rsquo;appliquent \u00e0 tous et permettent de faire de leur s\u00e9curit\u00e9 notre priorit\u00e9.<\/p>\n\n\n\n<p><strong>1. La sant\u00e9&nbsp;&nbsp;<\/strong><\/p>\n\n\n\n<p>Pour\u00a0<strong>s\u00e9journer \u00e0 la chatterie de la reine <\/strong>et conform\u00e9ment \u00e0 la\u00a0<strong>Direction des Services V\u00e9t\u00e9rinaires<\/strong>, tous les chats doivent \u00eatre\u00a0<strong>identifi\u00e9s\u00a0par tatouage ou puce \u00e9lectronique\u00a0et \u00eatre\u00a0\u00e0 jour des vaccins\u00a0suivants\u00a0: <\/strong><\/p>\n\n\n\n<ul class=\"wp-block-list\">\n<li><strong>Coryza<\/strong><\/li>\n\n\n\n<li><strong>Leucose<\/strong><\/li>\n\n\n\n<li><strong>Typhus<\/strong><br>(primo vaccination + rappel de moins d\u2019un an et plus de 15 jours avant l\u2019entr\u00e9e en pension).\u00a0<\/li>\n\n\n\n<li>Les animaux \u00e9trangers doivent \u00e9galement \u00eatre vaccin\u00e9s contre la Rage.<\/li>\n<\/ul>\n\n\n\n<p>En plus des vaccins, les \u00e9l\u00e9ments m\u00e9dicaux ci-dessous sont requis:<\/p>\n\n\n\n<ul class=\"wp-block-list\">\n<li><strong>St\u00e9rilisation<\/strong>: Les chats m\u00e2les et femelles de plus de 6 mois doivent \u00eatre respectivement st\u00e9rilis\u00e9es pour les femelles, et castr\u00e9s pour les m\u00e2les.<\/li>\n\n\n\n<li><strong>Traitement antiparasitaire<\/strong>: Votre animal doit \u00eatre\u00a0trait\u00e9 contre les parasites internes et externes. Une preuve d&rsquo;achat pourra \u00eatre envoy\u00e9e par mail avant l&rsquo;arriv\u00e9e dans la pension ou report\u00e9e sur le carnet de sant\u00e9 ou passeport.<\/li>\n\n\n\n<li><strong>Test n\u00e9gatif FiV et FeLV<\/strong>: Avant d&rsquo;\u00eatre admis dans la pension, tous les chats doivent fournir un test n\u00e9gatif FiV \/ FeLV de moins de 15 jours.<\/li>\n<\/ul>\n\n\n\n<p><em>Si la pr\u00e9sence de parasites est constat\u00e9e pendant le s\u00e9jour, un traitement lui sera administr\u00e9 et factur\u00e9 selon les<\/em> <a href=\"https:\/\/www.lemoustachepensionparis.fr\/les-tarifs\"><em><strong>tarifs<\/strong><\/em><\/a><em>\u00a0en vigueur.<\/em><\/p>\n\n\n\n<p>Nous souhaitons imp\u00e9rativement \u00eatre inform\u00e9s avant le s\u00e9jour de tout probl\u00e8me de sant\u00e9, de comportement, et \u00e9ventuellement de traitement\u00a0v\u00e9t\u00e9rinaire.<br>Si un traitement m\u00e9dical est requis, vous devrez nous fournir une ordonnance v\u00e9t\u00e9rinaire et fournir les m\u00e9dicaments en quantit\u00e9 suffisante pour toute la dur\u00e9e du s\u00e9jour.<br>Tout traitement sera factur\u00e9 2\u20ac par acte m\u00e9dical ou application.<br>Nous ne sommes pas un service v\u00e9t\u00e9rinaire et ne pouvons accepter que les traitements \u00ab\u00a0simples (cachet, application de cr\u00e8me ou de gel, &#8230;) ; nous ne r\u00e9alisons pas d&rsquo;injections ou autres op\u00e9rations plus complexes.<br><br>Par ailleurs, nous nous r\u00e9servons le droit de refuser un chat s\u2019il est agressif, en mauvaise sant\u00e9 ou susceptible d\u2019\u00eatre contagieux pour les autres pensionnaires.\u00a0<\/p>\n\n\n\n<p>La pension de la chatterie de la reine\u00a0se r\u00e9serve le droit de refuser un animal\u00a0qui ne remplit pas les obligations sanitaires, administratives ou comportementales (agressif ou dangereux). Dans ce cas l\u2019acompte ne sera pas rembours\u00e9.\u00a0<\/p>\n\n\n\n<p><strong>2. L&rsquo;alimentation&nbsp;<\/strong><\/p>\n\n\n\n<p>Nous\u00a0proposons des\u00a0croquettes qui sont disponibles \u00e0 volont\u00e9 pour l&rsquo;ensemble des chats que ce soit dans les espaces de jeux communs ou dans les zones de repos individuelles, ainsi que de la nourriture humide fournie dans les zones privatives deux fois par jour \u00e0 heures fixes (matin et soir).<br>Notre accueil \u00e9tant collectif, nous ne pratiquons pas de diff\u00e9renciation alimentaire pour les chats, en dehors des traitements m\u00e9dicaux.<br>Afin de limiter les risques de carences li\u00e9s \u00e0 la prise r\u00e9p\u00e9t\u00e9e d&rsquo;un seul type de nourriture ou en provenance d&rsquo;un seul fournisseur, nous nous fournissons aupr\u00e8s de 3 fournisseurs diff\u00e9rents qui sont Royal Canin, Cosma, et Ultima; nous alternons ainsi la distribution aupr\u00e8s des chats afin qu&rsquo;ils ne manquent de rien et ne souffrent d&rsquo;aucune carence.<br><br>Nous vous pr\u00e9cisions que nous ne pourrons pas \u00eatre tenus pour responsables des \u00e9ventuels d\u00e9sordres intestinaux ou gastriques qui pourraient survenir lors du changement d&rsquo;alimentation entre votre domicile, et notre pension.<\/p>\n\n\n\n<p><strong>3. Les urgences&nbsp;<\/strong><\/p>\n\n\n\n<p>En cas de maladie ou accident survenu \u00e0 votre votre chat, il sera conduit imm\u00e9diatement chez le v\u00e9t\u00e9rinaire r\u00e9f\u00e9rent de la pension\u00a0: clinique v\u00e9t\u00e9rinaire des jardins , 1 rue des jardins, 94240 l&rsquo;Hay-les-Roses .<br><strong>Les\u00a0soins v\u00e9t\u00e9rinaires seront \u00e0 votre enti\u00e8re charge<\/strong>; vous vous engagez \u00e0 les payer et serez redevables des frais de d\u00e9placement (15\u20ac couvrant le\u00a0trajet A\/R + le temps de visite). Si vous souhaitez que votre chat voit votre v\u00e9t\u00e9rinaire r\u00e9f\u00e9rent (uniquement sur les communes voisines Cachan, Bagneux, Bourg-la-reine, l&rsquo;Hay-les-roses, Antony, Sceaux, Fresnes) le d\u00e9placement sera factur\u00e9 \u00e0 25\u20ac<\/p>\n\n\n\n<p><strong>4. Les blessures et infections li\u00e9es \u00e0 la collectivit\u00e9\u00a0<\/strong><\/p>\n\n\n\n<p>La chatterie de la reine\u00a0d\u00e9cline toute responsabilit\u00e9 en cas de d\u00e9c\u00e8s de l\u2019animal sans lien direct avec le fonctionnement de la pension. <em>Le propri\u00e9taire est conscient du fait que son animal vit avec d\u2019autres animaux\u00a0et qu\u2019il n\u2019est pas \u00e0 l\u2019abri d\u2019un incident.<\/em>\u00a0<\/p>\n\n\n\n<p>Notre responsabilit\u00e9 sera d\u00e9gag\u00e9e lors de tout accident de nature impr\u00e9visible\u00a0(crise cardiaque, probl\u00e8me li\u00e9 \u00e0 la vieillesse, torsion, \u00e9pid\u00e9mie, blessure, perte de poids etc.) ou si l\u2019agressivit\u00e9 de l\u2019animal emp\u00eache de lui prodiguer les soins dont il a besoin.<br><br>En cas de d\u00e9c\u00e8s de l\u2019animal confi\u00e9, il sera pratiqu\u00e9 une autopsie qui d\u00e9terminera les causes du d\u00e9c\u00e8s. Un compte-rendu sera \u00e9tabli par le v\u00e9t\u00e9rinaire et une attestation sera d\u00e9livr\u00e9e. Le corps sera incin\u00e9r\u00e9. Tout ceci devra \u00eatre r\u00e9gl\u00e9 par le propri\u00e9taire. Si vous vous opposez \u00e0 une autopsie, merci de nous le faire savoir lors de la r\u00e9servation.\u00a0<\/p>\n\n\n\n<p>Le\u00a0nettoyage des locaux\u00a0\u00e9tant\u00a0quotidien\u00a0et les\u00a0espaces d\u00e9sinfect\u00e9s\u00a0avant chaque arriv\u00e9e, la pension n\u2019est pas responsable des \u00e9pid\u00e9mies ou ecz\u00e9mas qui pourraient survenir pendant\u00a0et apr\u00e8s le s\u00e9jour.<br>En effet certaines maladies peuvent \u00eatre pr\u00e9sentes dans l\u2019organisme du chat sans se manifester pendant une tr\u00e8s longue p\u00e9riode \u2013 on parle alors de \u00ab porteur sain\u00bb \u2013 et un \u00e9v\u00e9nement stressant (transport, changement des habitudes\u2026) peut d\u00e9clencher l\u2019apparition de sympt\u00f4mes. C\u2019est le cas, entre autres, de la PIF (P\u00e9ritonite Infectieuse F\u00e9line), de la teigne et certaines formes chroniques de coryzas, insuffisance r\u00e9nale et H\u00e9patite.<br>Les exigences vaccinales, les traitements vermifuges et antiparasitaires, ainsi que les tests m\u00e9dicaux demand\u00e9s \u00e0 l&rsquo;ensemble des pensionnaires avant leur arriv\u00e9e nous permettent cependant de limiter au maximum les risques m\u00e9dicaux li\u00e9s \u00e0 la vie en collectivit\u00e9.<br>Malgr\u00e9 tout le risque 0 n&rsquo;existe pas et certaines maladies ont des d\u00e9lais d&rsquo;incubation long ce qui rend certaines pr\u00e9cautions inefficaces.<\/p>\n\n\n\n<p>De m\u00eame,\u00a0la pension de la chatterie de la reine ne pourra \u00eatre tenue responsable :<\/p>\n\n\n\n<ul class=\"wp-block-list\">\n<li>D\u2019une blessure caus\u00e9e par la circulation du chat sur les plates-formes de jeux<\/li>\n\n\n\n<li>D\u2019une blessure caus\u00e9e par un autre chat d\u00e8s lors que le propri\u00e9taire a accept\u00e9 le principe de la pension collective.<\/li>\n<\/ul>\n\n\n\n<p>Les propri\u00e9taires de chats reconnus de valeur ou de concours sont tenus d\u2019\u00eatre assur\u00e9s personnellement.<\/p>\n\n\n\n<p>L\u2019animal\u00a0ne pourra \u00eatre confi\u00e9 \u00e0 une tierce personne que sous autorisation pr\u00e9alable du propri\u00e9taire lors de la r\u00e9servation ; une pi\u00e8ce d\u2019identit\u00e9 sera alors exig\u00e9e de cette tierce personne \u00e0 la restitution de l&rsquo;animal.<\/p>\n\n\n\n<p>Conform\u00e9ment \u00e0 l\u2019article 453.511-11 et 521-2 du Code P\u00e9nal, tout animal non repris de la pension 7 jours apr\u00e8s la date pr\u00e9vue et sans manifestation de son propri\u00e9taire,\u00a0sera consid\u00e9r\u00e9 comme abandonn\u00e9. La pension de la chatterie de la reine prendra les dispositions n\u00e9cessaires (SPA, Association\u2026) sans aucun recours possible.<br>Dans cette situation, une plainte\u00a0sera syst\u00e9matiquement d\u00e9pos\u00e9e \u00e0 l\u2019encontre du client, pour abandon d\u2019animal -Art 521-1 du code p\u00e9nal. Le solde du s\u00e9jour reste enti\u00e8rement d\u00fb. Des poursuites seront donc engag\u00e9es contre le propri\u00e9taire, la pension pourra disposer librement de l\u2019animal et mettre en recouvrement tous les frais inh\u00e9rents \u00e0 cette situation.\u00a0<\/p>\n\n\n\n<p><strong>5. Arriv\u00e9e et d\u00e9part&nbsp;<\/strong><\/p>\n\n\n\n<p><strong>Les arriv\u00e9es et d\u00e9parts des chats se font exclusivement sur RDV<\/strong>.<br>Toute journ\u00e9e commenc\u00e9e est due, quelle que soit l\u2019heure d\u2019admission ou de reprise de votre animal.\u00a0En cas d\u2019arriv\u00e9e retard\u00e9e ou de d\u00e9part anticip\u00e9, le montant initial reste enti\u00e8rement d\u00fb.\u00a0<\/p>\n\n\n\n<p><br><strong>6. Les r\u00e9servations<\/strong><\/p>\n\n\n\n<p>La\u00a0<a href=\"https:\/\/www.lemoustachepensionparis.fr\/formulaire-de-contact\">r\u00e9servation<\/a>\u00a0n\u2019est valid\u00e9e qu\u2019apr\u00e8s accord de la pension,\u00a0signature\u00a0du\u00a0<a href=\"https:\/\/www.lemoustachepensionparis.fr\/formulaire-de-contact\">contrat de r\u00e9servation<\/a>\u00a0qui vaut acceptation du pr\u00e9sent\u00a0r\u00e8glement\u00a0et versement d\u2019un acompte de 30%.\u00a0Le solde total du s\u00e9jour est \u00e0 r\u00e9gler le jour de l\u2019arriv\u00e9e du chat.<br>Les frais suppl\u00e9mentaires impr\u00e9vus durant le s\u00e9jour seront factur\u00e9s le jour de la sortie du chat.<\/p>\n\n\n\n<p><strong><u>En cas d\u2019annulation<\/u><\/strong>&nbsp; + de 30 jours avant la date pr\u00e9vue, un remboursement du montant de l\u2019acompte vers\u00e9 sera d\u00e9livr\u00e9.&nbsp;<\/p>\n\n\n\n<p>\u00c0 \u2013 de 30 jours, aucun remboursement ne sera accept\u00e9. (sauf en cas de d\u00e9c\u00e8s de l\u2019animal justifi\u00e9 par un certificat v\u00e9t\u00e9rinaire).&nbsp;<\/p>\n\n\n\n<p>En cas d\u2019arriv\u00e9e retard\u00e9e ou de d\u00e9part anticip\u00e9, le montant initial reste enti\u00e8rement d\u00fb.<\/p>\n\n\n\n<p>Si vous souhaitez\u00a0prolonger le s\u00e9jour de votre chat, veuillez nous en informer au plus t\u00f4t.<br>Nous mettrons tout en \u0153uvre pour satisfaire votre demande,\u00a0mais nous ne pouvons garantir de pouvoir le garder.<\/p>\n\n\n\n<p><br>\u00a0Autorisez vous la publication de photos de votre chat sur les r\u00e9seaux sociaux de la chatterie de la reine ? instagram, facebook, ou notre site\u00a0: date et signature \u00ab\u00a0oui j&rsquo;accepte\u00a0\u00bb<\/p>\n\n\n\n<p><br>\u00a0D\u2019un point de vue juridique,\u00a0le propri\u00e9taire qui doit \u00eatre assur\u00e9 en responsabilit\u00e9 civile pour son animal, reste responsable de tous les dommages \u00e9ventuels caus\u00e9s par ce dernier pendant son s\u00e9jour en pension, sauf faute grave reconnue imputable au responsable de la pension. La mise en pension n\u2019a pas pour effet un transfert pur et simple de responsabilit\u00e9.<\/p>\n\n\n\n<p>Toute\u00a0<a href=\"https:\/\/www.lemoustachepensionparis.fr\/formulaire-de-contact\">r\u00e9servation<\/a>\u00a0vaut acceptation sans r\u00e9serve de l\u2019ensemble des conditions indiqu\u00e9es ci-dessus<\/p>\n\n\n\n<p>Soyez sur que nous nous engageons \u00e0 offrir \u00e0 votre chat le s\u00e9jour le plus agr\u00e9able possible, dans la s\u00e9curit\u00e9, le respect et la bienveillance.<\/p>\n","protected":false},"excerpt":{"rendered":"<p>Avant que votre chat ne puisse s\u00e9journer \u00e0 la chatterie de la reine et y passer un s\u00e9jour exceptionnel et inoubliable, il vous faudra signer ces r\u00e8gles de vie.Les chats \u00e9tant amen\u00e9s \u00e0 vivre en collectivit\u00e9, ces r\u00e8gles s&rsquo;appliquent \u00e0 tous et permettent de faire de leur s\u00e9curit\u00e9 notre priorit\u00e9. 1. La sant\u00e9&nbsp;&nbsp; Pour\u00a0s\u00e9journer \u00e0 la chatterie de la reine et conform\u00e9ment \u00e0 la\u00a0Direction des Services V\u00e9t\u00e9rinaires, tous les chats doivent \u00eatre\u00a0identifi\u00e9s\u00a0par tatouage ou puce \u00e9lectronique\u00a0et \u00eatre\u00a0\u00e0 jour des vaccins\u00a0suivants\u00a0: En plus des vaccins, les \u00e9l\u00e9ments m\u00e9dicaux ci-dessous sont requis: Si la pr\u00e9sence de parasites est constat\u00e9e pendant le s\u00e9jour, &hellip; <\/p>\n","protected":false},"author":1,"featured_media":0,"parent":0,"menu_order":0,"comment_status":"closed","ping_status":"closed","template":"","meta":{"footnotes":""},"class_list":["post-1329","page","type-page","status-publish","hentry"],"_links":{"self":[{"href":"https:\/\/chatteriedelareine.fr\/index.php\/wp-json\/wp\/v2\/pages\/1329","targetHints":{"allow":["GET"]}}],"collection":[{"href":"https:\/\/chatteriedelareine.fr\/index.php\/wp-json\/wp\/v2\/pages"}],"about":[{"href":"https:\/\/chatteriedelareine.fr\/index.php\/wp-json\/wp\/v2\/types\/page"}],"author":[{"embeddable":true,"href":"https:\/\/chatteriedelareine.fr\/index.php\/wp-json\/wp\/v2\/users\/1"}],"replies":[{"embeddable":true,"href":"https:\/\/chatteriedelareine.fr\/index.php\/wp-json\/wp\/v2\/comments?post=1329"}],"version-history":[{"count":5,"href":"https:\/\/chatteriedelareine.fr\/index.php\/wp-json\/wp\/v2\/pages\/1329\/revisions"}],"predecessor-version":[{"id":1336,"href":"https:\/\/chatteriedelareine.fr\/index.php\/wp-json\/wp\/v2\/pages\/1329\/revisions\/1336"}],"wp:attachment":[{"href":"https:\/\/chatteriedelareine.fr\/index.php\/wp-json\/wp\/v2\/media?parent=1329"}],"curies":[{"name":"wp","href":"https:\/\/api.w.org\/{rel}","templated":true}]}}