{"id":1322,"date":"2023-12-11T01:08:45","date_gmt":"2023-12-11T00:08:45","guid":{"rendered":"https:\/\/chatteriedelareine.fr\/?page_id=1322"},"modified":"2023-12-11T01:13:10","modified_gmt":"2023-12-11T00:13:10","slug":"conditions-dadmission-a-la-pension","status":"publish","type":"page","link":"https:\/\/chatteriedelareine.fr\/index.php\/conditions-dadmission-a-la-pension\/","title":{"rendered":"Conditions d&rsquo;admission \u00e0 la pension"},"content":{"rendered":"\n<p>Les arriv\u00e9es et d\u00e9parts se font uniquement sur rendez-vous. Nous habitons l\u00e0, donc nous sommes relativement disponibles pour vous proposer des horaires adapt\u00e9s \u00e0 vos contraintes dans la limite du raisonnable.<\/p>\n\n\n\n<h3 class=\"wp-block-heading\">Pr\u00e9-requis m\u00e9dicaux<\/h3>\n\n\n\n<p>Lors de la r\u00e9servation, vous devrez nous pr\u00e9senter une copie des carnet de sant\u00e9 ou passeport de l&rsquo;animal afin de nous assurer que:<\/p>\n\n\n\n<ul class=\"wp-block-list\">\n<li>L&rsquo;animal est bien identifi\u00e9<\/li>\n\n\n\n<li>Il dispose bien d&rsquo;un passeport et\/ou d&rsquo;un carnet de sant\u00e9<\/li>\n\n\n\n<li>Ses vaccins sont bien \u00e0 jour (typhus, coryza, leucose)<\/li>\n\n\n\n<li>Il a bien \u00e9t\u00e9 d\u00e9parasit\u00e9 et vermifug\u00e9 au plus tard 10 jours avant son arriv\u00e9e \u00e0 la pension<\/li>\n\n\n\n<li>Les chats de plus de 6 mois devront \u00eatre respectivement castr\u00e9s pour les m\u00e2les et st\u00e9rilis\u00e9es pour les femelles.<\/li>\n\n\n\n<li>S&rsquo;il dispose de traitements sp\u00e9cifiques \u00e0 lui administrer, il nous faudra les ordonnances et les modalit\u00e9s op\u00e9ratoires. Nous pouvons g\u00e9rer les traitements m\u00e9dicaux simples moyennant suppl\u00e9ment, mais ne prenons pas en charge les traitements m\u00e9dicaux plus lourds n\u00e9cessitant des injections, ou des contr\u00f4les r\u00e9guliers de diab\u00e8tes par exemple.<\/li>\n<\/ul>\n\n\n\n<p>Lors de la premi\u00e8re rencontre, nous devrons nous assurer que le ou les chats ne sont pas agressifs afin que nous puissions les manipuler, nous occuper d&rsquo;eux, mais aussi qu&rsquo;ils ne repr\u00e9sentent pas un danger pour les autres pensionnaires.<\/p>\n\n\n\n<p>Il vous faudra par ailleurs lire et prendre connaissance du r\u00e8glement sanitaire et des conditions d&rsquo;admission et de vie \u00e0 la pension, puis les signer pour confirmer votre engagement et votre acceptation de ces r\u00e8gles.<\/p>\n\n\n\n<h3 class=\"wp-block-heading\">A l&rsquo;arriv\u00e9e<\/h3>\n\n\n\n<p>Lors de votre arriv\u00e9e, vous devrez amener:<\/p>\n\n\n\n<ul class=\"wp-block-list\">\n<li>Le ou les pensionnaires que nous devrons garder \ud83d\ude42<\/li>\n\n\n\n<li>Le livret de sant\u00e9 (carnet de sant\u00e9 ou passeport) affichant les vaccins \u00e0 jours.<\/li>\n\n\n\n<li>Le r\u00e9sultat d&rsquo;un test FiV et FeLV n\u00e9gatif de moins de 15 jours.<\/li>\n\n\n\n<li>Les \u00e9ventuelles ordonnances en cas de traitement. Dans le cas d&rsquo;un traitement m\u00e9dical, vous devrez nous fournir les m\u00e9dicaments en quantit\u00e9 suffisante pour toute la dur\u00e9e du s\u00e9jour.<\/li>\n\n\n\n<li>Laisser sa caisse de transport afin qu&rsquo;il ne soit pas encore plus stress\u00e9 si nous devions l&rsquo;amener chez le v\u00e9t\u00e9rinaire par exemple.<\/li>\n\n\n\n<li>Nous retourner le r\u00e8glement d&rsquo;admission et de vie \u00e0 la pension sign\u00e9 (ou le signer sur place)<\/li>\n<\/ul>\n\n\n\n<p>Lorsque vous d\u00e9poserez votre ou vos animaux, s&rsquo;il y a d&rsquo;autres pensionnaires, vous ne pourrez pas accompagner votre chat dans sa chambre afin de ne pas perturber les autres pensionnaires. Nous vous enverrons cependant des photos de son installation, ainsi que de son s\u00e9jour dans notre pension pour vous montrer comment il s&rsquo;acclimate, joue et interagit avec les autres pensionnaires.<\/p>\n","protected":false},"excerpt":{"rendered":"<p>Les arriv\u00e9es et d\u00e9parts se font uniquement sur rendez-vous. Nous habitons l\u00e0, donc nous sommes relativement disponibles pour vous proposer des horaires adapt\u00e9s \u00e0 vos contraintes dans la limite du raisonnable. Pr\u00e9-requis m\u00e9dicaux Lors de la r\u00e9servation, vous devrez nous pr\u00e9senter une copie des carnet de sant\u00e9 ou passeport de l&rsquo;animal afin de nous assurer que: Lors de la premi\u00e8re rencontre, nous devrons nous assurer que le ou les chats ne sont pas agressifs afin que nous puissions les manipuler, nous occuper d&rsquo;eux, mais aussi qu&rsquo;ils ne repr\u00e9sentent pas un danger pour les autres pensionnaires. Il vous faudra par ailleurs &hellip; <\/p>\n","protected":false},"author":1,"featured_media":0,"parent":0,"menu_order":0,"comment_status":"closed","ping_status":"closed","template":"","meta":{"footnotes":""},"class_list":["post-1322","page","type-page","status-publish","hentry"],"_links":{"self":[{"href":"https:\/\/chatteriedelareine.fr\/index.php\/wp-json\/wp\/v2\/pages\/1322","targetHints":{"allow":["GET"]}}],"collection":[{"href":"https:\/\/chatteriedelareine.fr\/index.php\/wp-json\/wp\/v2\/pages"}],"about":[{"href":"https:\/\/chatteriedelareine.fr\/index.php\/wp-json\/wp\/v2\/types\/page"}],"author":[{"embeddable":true,"href":"https:\/\/chatteriedelareine.fr\/index.php\/wp-json\/wp\/v2\/users\/1"}],"replies":[{"embeddable":true,"href":"https:\/\/chatteriedelareine.fr\/index.php\/wp-json\/wp\/v2\/comments?post=1322"}],"version-history":[{"count":2,"href":"https:\/\/chatteriedelareine.fr\/index.php\/wp-json\/wp\/v2\/pages\/1322\/revisions"}],"predecessor-version":[{"id":1328,"href":"https:\/\/chatteriedelareine.fr\/index.php\/wp-json\/wp\/v2\/pages\/1322\/revisions\/1328"}],"wp:attachment":[{"href":"https:\/\/chatteriedelareine.fr\/index.php\/wp-json\/wp\/v2\/media?parent=1322"}],"curies":[{"name":"wp","href":"https:\/\/api.w.org\/{rel}","templated":true}]}}