{"id":1318,"date":"2023-12-11T00:46:52","date_gmt":"2023-12-10T23:46:52","guid":{"rendered":"https:\/\/chatteriedelareine.fr\/?page_id=1318"},"modified":"2024-12-28T16:07:53","modified_gmt":"2024-12-28T15:07:53","slug":"les-tarifs-de-la-pension","status":"publish","type":"page","link":"https:\/\/chatteriedelareine.fr\/index.php\/les-tarifs-de-la-pension\/","title":{"rendered":"Les tarifs de la pension"},"content":{"rendered":"\n<p>Nous gardons vos ou votre chat pendant vos vacances ou absences.<br><strong><mark style=\"background-color:rgba(0, 0, 0, 0)\" class=\"has-inline-color has-vivid-cyan-blue-color\">Le tarif \u00e0 la journ\u00e9e (incluant la nuit) est de 23\u20ac. Pour les mois de juillet et d&rsquo;aout et les f\u00eates de fin d&rsquo;ann\u00e9e, le tarif journalier est de 25\u20ac.<\/mark><\/strong><br>A partir de 2 animaux le tarif \u00e0 la journ\u00e9e est de 20\u20ac \/ chat ; (22\u20ac sur juillet et aout ou lors des f\u00eates de fin d&rsquo;ann\u00e9e).<br>Pour les s\u00e9jours de plus de 15 jours, une r\u00e9duction de 10% sera appliqu\u00e9e.<br>Pour les tr\u00e8s jeunes chats (en dessous de 6 mois), un tarif suppl\u00e9mentaire pourra \u00eatre demand\u00e9 car ils demandent plus d&rsquo;attention et peuvent difficilement \u00eatre m\u00e9lang\u00e9s avec des chats adolescents ou adultes. Cette extension d\u00e9pendra de l&rsquo;la diff\u00e9rence d&rsquo;age qu&rsquo;ils ont par rapport au 6 mois.<br>Nous pr\u00e9cisons que nous ne prenons pas de chatons qui ont moins de 3 moins, en dehors de ceux qui seraient issus de notre propre chatterie (et qui ont d\u00e9j\u00e0 une affinit\u00e9 avec leurs parents et nos chats)<br><br>Pour r\u00e9server, il vous suffit de nous contacter par mail \u00e0 cette adresse:<br>contact@chatteriedelareine.fr<\/p>\n\n\n\n<p>Vous nous pr\u00e9ciserez ainsi les dates pour lesquelles vous souhaitez r\u00e9server et nous pr\u00e9senterez votre ou vos compagnons qui seront nos futurs pensionnaires.<\/p>\n\n\n\n<p>Nous pouvons administrer les traitements m\u00e9dicaux simples mais uniquement avec une ordonnance. Pour chaque application d&rsquo;un traitement, un montant de 2\u20ac sera alors factur\u00e9. Les \u00e9l\u00e9ments requis pour l&rsquo;application d&rsquo;un traitement sont:<\/p>\n\n\n\n<ul class=\"wp-block-list\">\n<li>Nature du traitement simple (cachet, cr\u00e8me, gel). Pas de traitement complexe ou n\u00e9cessitant des injections, des contr\u00f4les fr\u00e9quents de glucose ou autre &#8230;<\/li>\n\n\n\n<li>Existence d&rsquo;une ordonnance<\/li>\n\n\n\n<li>Traitement fourni par le propri\u00e9taire en quantit\u00e9 suffisante pour l&rsquo;ensemble du s\u00e9jour<\/li>\n<\/ul>\n\n\n\n<p>En cas d&rsquo;accident ou d&rsquo;urgence m\u00e9dicale, nous emm\u00e8nerons votre chat chez notre v\u00e9t\u00e9rinaire sanitaire r\u00e9f\u00e9rent \u00e0 savoir la clinique v\u00e9t\u00e9rinaire des jardins qui se trouve \u00e0 l&rsquo;Hay-les-roses. Toute intervention v\u00e9t\u00e9rinaire reste enti\u00e8rement \u00e0 la charge du propri\u00e9taire. Les actes m\u00e9dicaux ainsi r\u00e9alis\u00e9s seront accompagn\u00e9s d&rsquo;une facture \u00e9mise par le v\u00e9t\u00e9rinaire que le propri\u00e9taire devra r\u00e9gler dans les meilleurs d\u00e9lais, ou au plus tard lors de la r\u00e9cup\u00e9ration de l&rsquo;animal.<br>Il vous faudra par ailleurs nous r\u00e9gler les frais suppl\u00e9mentaires de d\u00e9placement et d&rsquo;accompagnement du chat pendant l&rsquo;intervention qui s&rsquo;\u00e9l\u00e8vent \u00e0 15\u20ac .<br>Si vous souhaitez que votre chat soit trait\u00e9 par votre v\u00e9t\u00e9rinaire r\u00e9f\u00e9rent, nous pouvons l&rsquo;accompagner dans la mesure o\u00f9 le v\u00e9t\u00e9rinaire se situe dans l&rsquo;une des communes voisines \u00e0 savoir Cachan, Bourg-la-reine, l&rsquo;Hay-les-roses, Antony, Sceaux, Bagneux; dans ce cas les frais de d\u00e9placement seront de 25\u20ac.<\/p>\n\n\n\n<p>Les pages li\u00e9es \u00e0 la pension sont en cours d&rsquo;\u00e9volution. Nous int\u00e9grerons rapidement un calendrier en ligne pr\u00e9sentant le niveau de disponibilit\u00e9 de la pension, et un formulaire de pr\u00e9-r\u00e9servation pour les utilisateurs et les pensionnaires d\u00e9j\u00e0 enregistr\u00e9s<\/p>\n","protected":false},"excerpt":{"rendered":"<p>Nous gardons vos ou votre chat pendant vos vacances ou absences.Le tarif \u00e0 la journ\u00e9e (incluant la nuit) est de 23\u20ac. Pour les mois de juillet et d&rsquo;aout et les f\u00eates de fin d&rsquo;ann\u00e9e, le tarif journalier est de 25\u20ac.A partir de 2 animaux le tarif \u00e0 la journ\u00e9e est de 20\u20ac \/ chat ; (22\u20ac sur juillet et aout ou lors des f\u00eates de fin d&rsquo;ann\u00e9e).Pour les s\u00e9jours de plus de 15 jours, une r\u00e9duction de 10% sera appliqu\u00e9e.Pour les tr\u00e8s jeunes chats (en dessous de 6 mois), un tarif suppl\u00e9mentaire pourra \u00eatre demand\u00e9 car ils demandent plus d&rsquo;attention &hellip; <\/p>\n","protected":false},"author":1,"featured_media":0,"parent":0,"menu_order":0,"comment_status":"closed","ping_status":"closed","template":"","meta":{"footnotes":""},"class_list":["post-1318","page","type-page","status-publish","hentry"],"_links":{"self":[{"href":"https:\/\/chatteriedelareine.fr\/index.php\/wp-json\/wp\/v2\/pages\/1318","targetHints":{"allow":["GET"]}}],"collection":[{"href":"https:\/\/chatteriedelareine.fr\/index.php\/wp-json\/wp\/v2\/pages"}],"about":[{"href":"https:\/\/chatteriedelareine.fr\/index.php\/wp-json\/wp\/v2\/types\/page"}],"author":[{"embeddable":true,"href":"https:\/\/chatteriedelareine.fr\/index.php\/wp-json\/wp\/v2\/users\/1"}],"replies":[{"embeddable":true,"href":"https:\/\/chatteriedelareine.fr\/index.php\/wp-json\/wp\/v2\/comments?post=1318"}],"version-history":[{"count":4,"href":"https:\/\/chatteriedelareine.fr\/index.php\/wp-json\/wp\/v2\/pages\/1318\/revisions"}],"predecessor-version":[{"id":1935,"href":"https:\/\/chatteriedelareine.fr\/index.php\/wp-json\/wp\/v2\/pages\/1318\/revisions\/1935"}],"wp:attachment":[{"href":"https:\/\/chatteriedelareine.fr\/index.php\/wp-json\/wp\/v2\/media?parent=1318"}],"curies":[{"name":"wp","href":"https:\/\/api.w.org\/{rel}","templated":true}]}}