{"id":1284,"date":"2023-12-03T00:27:43","date_gmt":"2023-12-02T23:27:43","guid":{"rendered":"https:\/\/chatteriedelareine.fr\/?page_id=1284"},"modified":"2024-04-20T14:54:55","modified_gmt":"2024-04-20T12:54:55","slug":"uranus","status":"publish","type":"page","link":"https:\/\/chatteriedelareine.fr\/index.php\/uranus\/","title":{"rendered":"Coyote"},"content":{"rendered":"\n<p>Bonjour,<\/p>\n\n\n\n<p>Nous vous pr\u00e9sentons Coyote (nous avons renomm\u00e9 Uranus), femelle, et seul chaton n\u00e9e le 30 octobre 2023 du mariage entre Phili et Tocca.<\/p>\n\n\n\n<p>Elle est de type highland fold, et sa robe est black silver mackerel tabby. Son poil d\u00e9j\u00e0 tr\u00e8s soyeux et tr\u00e8s agr\u00e9able \u00e0 toucher et caresser. c&rsquo;est la seule n\u00e9e de cet union et elle est particuli\u00e8rement choy\u00e9e par sa maman et les autres chats de la maison.<\/p>\n\n\n\n<h2 class=\"wp-block-heading\">Status: \nVendu<br><\/h2>\n\n\n\n<h2 class=\"wp-block-heading\">Date de d\u00e9part pr\u00e9visionnelle: 10 &#8211; 15 janvier 2024<\/h2>\n\n\n\n<p>Voici quelques-unes de ses premi\u00e8res photos<\/p>\n\n\n\n<figure class=\"wp-block-gallery has-nested-images columns-default is-cropped wp-block-gallery-1 is-layout-flex wp-block-gallery-is-layout-flex\">\n<figure class=\"wp-block-image size-large\"><img loading=\"lazy\" decoding=\"async\" width=\"768\" height=\"1024\" data-id=\"1445\" src=\"https:\/\/chatteriedelareine.fr\/wp-content\/uploads\/2024\/01\/266e613e-5056-4a3f-915b-8c83e3968841-768x1024.jpg\" alt=\"\" class=\"wp-image-1445\" srcset=\"https:\/\/chatteriedelareine.fr\/wp-content\/uploads\/2024\/01\/266e613e-5056-4a3f-915b-8c83e3968841-768x1024.jpg 768w, https:\/\/chatteriedelareine.fr\/wp-content\/uploads\/2024\/01\/266e613e-5056-4a3f-915b-8c83e3968841-225x300.jpg 225w, https:\/\/chatteriedelareine.fr\/wp-content\/uploads\/2024\/01\/266e613e-5056-4a3f-915b-8c83e3968841-1152x1536.jpg 1152w, https:\/\/chatteriedelareine.fr\/wp-content\/uploads\/2024\/01\/266e613e-5056-4a3f-915b-8c83e3968841.jpg 1200w\" sizes=\"auto, (max-width: 768px) 100vw, 768px\" \/><\/figure>\n\n\n\n<figure class=\"wp-block-image size-large\"><img loading=\"lazy\" decoding=\"async\" width=\"768\" height=\"1024\" data-id=\"1447\" src=\"https:\/\/chatteriedelareine.fr\/wp-content\/uploads\/2024\/01\/3171a9fa-e35b-423f-a95f-30e11648ef03-768x1024.jpg\" alt=\"\" class=\"wp-image-1447\" srcset=\"https:\/\/chatteriedelareine.fr\/wp-content\/uploads\/2024\/01\/3171a9fa-e35b-423f-a95f-30e11648ef03-768x1024.jpg 768w, https:\/\/chatteriedelareine.fr\/wp-content\/uploads\/2024\/01\/3171a9fa-e35b-423f-a95f-30e11648ef03-225x300.jpg 225w, https:\/\/chatteriedelareine.fr\/wp-content\/uploads\/2024\/01\/3171a9fa-e35b-423f-a95f-30e11648ef03-1152x1536.jpg 1152w, https:\/\/chatteriedelareine.fr\/wp-content\/uploads\/2024\/01\/3171a9fa-e35b-423f-a95f-30e11648ef03.jpg 1200w\" sizes=\"auto, (max-width: 768px) 100vw, 768px\" \/><\/figure>\n\n\n\n<figure class=\"wp-block-image size-large\"><img loading=\"lazy\" decoding=\"async\" width=\"768\" height=\"1024\" data-id=\"1449\" src=\"https:\/\/chatteriedelareine.fr\/wp-content\/uploads\/2024\/01\/7e193530-de46-4655-b201-95a2634a211e-768x1024.jpg\" alt=\"\" class=\"wp-image-1449\" srcset=\"https:\/\/chatteriedelareine.fr\/wp-content\/uploads\/2024\/01\/7e193530-de46-4655-b201-95a2634a211e-768x1024.jpg 768w, https:\/\/chatteriedelareine.fr\/wp-content\/uploads\/2024\/01\/7e193530-de46-4655-b201-95a2634a211e-225x300.jpg 225w, https:\/\/chatteriedelareine.fr\/wp-content\/uploads\/2024\/01\/7e193530-de46-4655-b201-95a2634a211e-1152x1536.jpg 1152w, https:\/\/chatteriedelareine.fr\/wp-content\/uploads\/2024\/01\/7e193530-de46-4655-b201-95a2634a211e.jpg 1200w\" sizes=\"auto, (max-width: 768px) 100vw, 768px\" \/><\/figure>\n\n\n\n<figure class=\"wp-block-image size-large\"><img loading=\"lazy\" decoding=\"async\" width=\"768\" height=\"1024\" data-id=\"1446\" src=\"https:\/\/chatteriedelareine.fr\/wp-content\/uploads\/2024\/01\/1f667aee-a9f1-4747-bda8-ff4bddf692ae-768x1024.jpg\" alt=\"\" class=\"wp-image-1446\" srcset=\"https:\/\/chatteriedelareine.fr\/wp-content\/uploads\/2024\/01\/1f667aee-a9f1-4747-bda8-ff4bddf692ae-768x1024.jpg 768w, https:\/\/chatteriedelareine.fr\/wp-content\/uploads\/2024\/01\/1f667aee-a9f1-4747-bda8-ff4bddf692ae-225x300.jpg 225w, https:\/\/chatteriedelareine.fr\/wp-content\/uploads\/2024\/01\/1f667aee-a9f1-4747-bda8-ff4bddf692ae-1152x1536.jpg 1152w, https:\/\/chatteriedelareine.fr\/wp-content\/uploads\/2024\/01\/1f667aee-a9f1-4747-bda8-ff4bddf692ae.jpg 1200w\" sizes=\"auto, (max-width: 768px) 100vw, 768px\" \/><\/figure>\n\n\n\n<figure class=\"wp-block-image size-large\"><img loading=\"lazy\" decoding=\"async\" width=\"768\" height=\"1024\" data-id=\"1277\" src=\"https:\/\/chatteriedelareine.fr\/wp-content\/uploads\/2023\/12\/21ac1cfd-f9e0-4ab9-b4e4-44d0362c457a.jpg\" alt=\"\" class=\"wp-image-1277\" srcset=\"https:\/\/chatteriedelareine.fr\/wp-content\/uploads\/2023\/12\/21ac1cfd-f9e0-4ab9-b4e4-44d0362c457a.jpg 768w, https:\/\/chatteriedelareine.fr\/wp-content\/uploads\/2023\/12\/21ac1cfd-f9e0-4ab9-b4e4-44d0362c457a-225x300.jpg 225w\" sizes=\"auto, (max-width: 768px) 100vw, 768px\" \/><\/figure>\n\n\n\n<figure class=\"wp-block-image size-large\"><img loading=\"lazy\" decoding=\"async\" width=\"768\" height=\"1024\" data-id=\"1278\" src=\"https:\/\/chatteriedelareine.fr\/wp-content\/uploads\/2023\/12\/8e054408-acf1-4a7a-b7b0-98c785529d0b.jpg\" alt=\"\" class=\"wp-image-1278\" srcset=\"https:\/\/chatteriedelareine.fr\/wp-content\/uploads\/2023\/12\/8e054408-acf1-4a7a-b7b0-98c785529d0b.jpg 768w, https:\/\/chatteriedelareine.fr\/wp-content\/uploads\/2023\/12\/8e054408-acf1-4a7a-b7b0-98c785529d0b-225x300.jpg 225w\" sizes=\"auto, (max-width: 768px) 100vw, 768px\" \/><\/figure>\n\n\n\n<figure class=\"wp-block-image size-large\"><img loading=\"lazy\" decoding=\"async\" width=\"768\" height=\"1024\" data-id=\"1279\" src=\"https:\/\/chatteriedelareine.fr\/wp-content\/uploads\/2023\/12\/12083551-65c1-4d81-ae42-073c03115762.jpg\" alt=\"\" class=\"wp-image-1279\" srcset=\"https:\/\/chatteriedelareine.fr\/wp-content\/uploads\/2023\/12\/12083551-65c1-4d81-ae42-073c03115762.jpg 768w, https:\/\/chatteriedelareine.fr\/wp-content\/uploads\/2023\/12\/12083551-65c1-4d81-ae42-073c03115762-225x300.jpg 225w\" sizes=\"auto, (max-width: 768px) 100vw, 768px\" \/><\/figure>\n\n\n\n<figure class=\"wp-block-image size-large\"><img loading=\"lazy\" decoding=\"async\" width=\"768\" height=\"1024\" data-id=\"1280\" src=\"https:\/\/chatteriedelareine.fr\/wp-content\/uploads\/2023\/12\/7252a99e-7b8d-4668-a18f-d00ad79789ab.jpg\" alt=\"\" class=\"wp-image-1280\" srcset=\"https:\/\/chatteriedelareine.fr\/wp-content\/uploads\/2023\/12\/7252a99e-7b8d-4668-a18f-d00ad79789ab.jpg 768w, https:\/\/chatteriedelareine.fr\/wp-content\/uploads\/2023\/12\/7252a99e-7b8d-4668-a18f-d00ad79789ab-225x300.jpg 225w\" sizes=\"auto, (max-width: 768px) 100vw, 768px\" \/><\/figure>\n\n\n\n<figure class=\"wp-block-image size-large\"><img loading=\"lazy\" decoding=\"async\" width=\"768\" height=\"1024\" data-id=\"1281\" src=\"https:\/\/chatteriedelareine.fr\/wp-content\/uploads\/2023\/12\/89cdb99a-5e24-4c91-85b9-822645b54f8c.jpg\" alt=\"\" class=\"wp-image-1281\" srcset=\"https:\/\/chatteriedelareine.fr\/wp-content\/uploads\/2023\/12\/89cdb99a-5e24-4c91-85b9-822645b54f8c.jpg 768w, https:\/\/chatteriedelareine.fr\/wp-content\/uploads\/2023\/12\/89cdb99a-5e24-4c91-85b9-822645b54f8c-225x300.jpg 225w\" sizes=\"auto, (max-width: 768px) 100vw, 768px\" \/><\/figure>\n<\/figure>\n","protected":false},"excerpt":{"rendered":"<p>Bonjour, Nous vous pr\u00e9sentons Coyote (nous avons renomm\u00e9 Uranus), femelle, et seul chaton n\u00e9e le 30 octobre 2023 du mariage entre Phili et Tocca. Elle est de type highland fold, et sa robe est black silver mackerel tabby. Son poil d\u00e9j\u00e0 tr\u00e8s soyeux et tr\u00e8s agr\u00e9able \u00e0 toucher et caresser. c&rsquo;est la seule n\u00e9e de cet union et elle est particuli\u00e8rement choy\u00e9e par sa maman et les autres chats de la maison. Status: Date de d\u00e9part pr\u00e9visionnelle: 10 &#8211; 15 janvier 2024 Voici quelques-unes de ses premi\u00e8res photos<\/p>\n","protected":false},"author":1,"featured_media":0,"parent":0,"menu_order":0,"comment_status":"closed","ping_status":"closed","template":"","meta":{"footnotes":""},"class_list":["post-1284","page","type-page","status-publish","hentry"],"_links":{"self":[{"href":"https:\/\/chatteriedelareine.fr\/index.php\/wp-json\/wp\/v2\/pages\/1284","targetHints":{"allow":["GET"]}}],"collection":[{"href":"https:\/\/chatteriedelareine.fr\/index.php\/wp-json\/wp\/v2\/pages"}],"about":[{"href":"https:\/\/chatteriedelareine.fr\/index.php\/wp-json\/wp\/v2\/types\/page"}],"author":[{"embeddable":true,"href":"https:\/\/chatteriedelareine.fr\/index.php\/wp-json\/wp\/v2\/users\/1"}],"replies":[{"embeddable":true,"href":"https:\/\/chatteriedelareine.fr\/index.php\/wp-json\/wp\/v2\/comments?post=1284"}],"version-history":[{"count":5,"href":"https:\/\/chatteriedelareine.fr\/index.php\/wp-json\/wp\/v2\/pages\/1284\/revisions"}],"predecessor-version":[{"id":1507,"href":"https:\/\/chatteriedelareine.fr\/index.php\/wp-json\/wp\/v2\/pages\/1284\/revisions\/1507"}],"wp:attachment":[{"href":"https:\/\/chatteriedelareine.fr\/index.php\/wp-json\/wp\/v2\/media?parent=1284"}],"curies":[{"name":"wp","href":"https:\/\/api.w.org\/{rel}","templated":true}]}}