{"id":1056,"date":"2023-05-23T23:02:26","date_gmt":"2023-05-23T21:02:26","guid":{"rendered":"https:\/\/chatteriedelareine.fr\/?page_id=1056"},"modified":"2024-04-25T22:45:32","modified_gmt":"2024-04-25T20:45:32","slug":"uston","status":"publish","type":"page","link":"https:\/\/chatteriedelareine.fr\/index.php\/uston\/","title":{"rendered":"Uston"},"content":{"rendered":"\n<p>Bonjour, <\/p>\n\n\n\n<p>Nous vous pr\u00e9sentons Uston, n\u00e9 le 24 avril 2023 du mariage entre Phili et Tocca.<\/p>\n\n\n\n<p>Il est fold, et sa robe est Blue silver ticked tabby.<\/p>\n\n\n\n<p>C&rsquo;est le plus clair de la port\u00e9e, mais aussi le plus explorateur.<\/p>\n\n\n\n<h2 class=\"wp-block-heading\">Status: \nvendu<br><\/h2>\n\n\n\n<h2 class=\"wp-block-heading\">Date de d\u00e9part pr\u00e9visionnelle: \u00e0 partir de 15 juillet<\/h2>\n\n\n\n<p>Voici quelques-unes de ses premi\u00e8res photos, et une petite mise \u00e0 jour pour son premier anniversaire. Il ressemble beaucoup \u00e0 son papa.<\/p>\n\n\n\n<figure class=\"wp-block-gallery has-nested-images columns-default is-cropped wp-block-gallery-1 is-layout-flex wp-block-gallery-is-layout-flex\">\n<figure class=\"wp-block-image size-large\"><a href=\"https:\/\/chatteriedelareine.fr\/wp-content\/uploads\/2023\/05\/d90e108d-a9a0-4039-86e4-946cbf9b7aea-1.jpg\"><img loading=\"lazy\" decoding=\"async\" width=\"768\" height=\"1024\" data-id=\"1057\" src=\"https:\/\/chatteriedelareine.fr\/wp-content\/uploads\/2023\/05\/d90e108d-a9a0-4039-86e4-946cbf9b7aea-1.jpg\" alt=\"\" class=\"wp-image-1057\" srcset=\"https:\/\/chatteriedelareine.fr\/wp-content\/uploads\/2023\/05\/d90e108d-a9a0-4039-86e4-946cbf9b7aea-1.jpg 768w, https:\/\/chatteriedelareine.fr\/wp-content\/uploads\/2023\/05\/d90e108d-a9a0-4039-86e4-946cbf9b7aea-1-225x300.jpg 225w\" sizes=\"auto, (max-width: 768px) 100vw, 768px\" \/><\/a><\/figure>\n\n\n\n<figure class=\"wp-block-image size-large\"><a href=\"https:\/\/chatteriedelareine.fr\/wp-content\/uploads\/2023\/05\/IMG_3558-scaled.jpg\"><img loading=\"lazy\" decoding=\"async\" width=\"768\" height=\"1024\" data-id=\"1061\" src=\"https:\/\/chatteriedelareine.fr\/wp-content\/uploads\/2023\/05\/IMG_3558-768x1024.jpg\" alt=\"\" class=\"wp-image-1061\" srcset=\"https:\/\/chatteriedelareine.fr\/wp-content\/uploads\/2023\/05\/IMG_3558-768x1024.jpg 768w, https:\/\/chatteriedelareine.fr\/wp-content\/uploads\/2023\/05\/IMG_3558-225x300.jpg 225w, https:\/\/chatteriedelareine.fr\/wp-content\/uploads\/2023\/05\/IMG_3558-1152x1536.jpg 1152w, https:\/\/chatteriedelareine.fr\/wp-content\/uploads\/2023\/05\/IMG_3558-1536x2048.jpg 1536w, https:\/\/chatteriedelareine.fr\/wp-content\/uploads\/2023\/05\/IMG_3558-scaled.jpg 1920w\" sizes=\"auto, (max-width: 768px) 100vw, 768px\" \/><\/a><\/figure>\n\n\n\n<figure class=\"wp-block-image size-large\"><a href=\"https:\/\/chatteriedelareine.fr\/wp-content\/uploads\/2023\/05\/IMG_3560-scaled.jpg\"><img loading=\"lazy\" decoding=\"async\" width=\"768\" height=\"1024\" data-id=\"1060\" src=\"https:\/\/chatteriedelareine.fr\/wp-content\/uploads\/2023\/05\/IMG_3560-768x1024.jpg\" alt=\"\" class=\"wp-image-1060\" srcset=\"https:\/\/chatteriedelareine.fr\/wp-content\/uploads\/2023\/05\/IMG_3560-768x1024.jpg 768w, https:\/\/chatteriedelareine.fr\/wp-content\/uploads\/2023\/05\/IMG_3560-225x300.jpg 225w, https:\/\/chatteriedelareine.fr\/wp-content\/uploads\/2023\/05\/IMG_3560-1152x1536.jpg 1152w, https:\/\/chatteriedelareine.fr\/wp-content\/uploads\/2023\/05\/IMG_3560-1536x2048.jpg 1536w, https:\/\/chatteriedelareine.fr\/wp-content\/uploads\/2023\/05\/IMG_3560-scaled.jpg 1920w\" sizes=\"auto, (max-width: 768px) 100vw, 768px\" \/><\/a><\/figure>\n\n\n\n<figure class=\"wp-block-image size-large\"><a href=\"https:\/\/chatteriedelareine.fr\/wp-content\/uploads\/2023\/05\/IMG_3559-scaled.jpg\"><img loading=\"lazy\" decoding=\"async\" width=\"768\" height=\"1024\" data-id=\"1059\" src=\"https:\/\/chatteriedelareine.fr\/wp-content\/uploads\/2023\/05\/IMG_3559-768x1024.jpg\" alt=\"\" class=\"wp-image-1059\" srcset=\"https:\/\/chatteriedelareine.fr\/wp-content\/uploads\/2023\/05\/IMG_3559-768x1024.jpg 768w, https:\/\/chatteriedelareine.fr\/wp-content\/uploads\/2023\/05\/IMG_3559-225x300.jpg 225w, https:\/\/chatteriedelareine.fr\/wp-content\/uploads\/2023\/05\/IMG_3559-1152x1536.jpg 1152w, https:\/\/chatteriedelareine.fr\/wp-content\/uploads\/2023\/05\/IMG_3559-1536x2048.jpg 1536w, https:\/\/chatteriedelareine.fr\/wp-content\/uploads\/2023\/05\/IMG_3559-scaled.jpg 1920w\" sizes=\"auto, (max-width: 768px) 100vw, 768px\" \/><\/a><\/figure>\n\n\n\n<figure class=\"wp-block-image size-large\"><a href=\"https:\/\/chatteriedelareine.fr\/wp-content\/uploads\/2023\/05\/IMG_3553-scaled.jpg\"><img loading=\"lazy\" decoding=\"async\" width=\"768\" height=\"1024\" data-id=\"1058\" src=\"https:\/\/chatteriedelareine.fr\/wp-content\/uploads\/2023\/05\/IMG_3553-768x1024.jpg\" alt=\"\" class=\"wp-image-1058\" srcset=\"https:\/\/chatteriedelareine.fr\/wp-content\/uploads\/2023\/05\/IMG_3553-768x1024.jpg 768w, https:\/\/chatteriedelareine.fr\/wp-content\/uploads\/2023\/05\/IMG_3553-225x300.jpg 225w, https:\/\/chatteriedelareine.fr\/wp-content\/uploads\/2023\/05\/IMG_3553-1152x1536.jpg 1152w, https:\/\/chatteriedelareine.fr\/wp-content\/uploads\/2023\/05\/IMG_3553-1536x2048.jpg 1536w, https:\/\/chatteriedelareine.fr\/wp-content\/uploads\/2023\/05\/IMG_3553-scaled.jpg 1920w\" sizes=\"auto, (max-width: 768px) 100vw, 768px\" \/><\/a><\/figure>\n\n\n\n<figure class=\"wp-block-image size-large\"><img loading=\"lazy\" decoding=\"async\" width=\"768\" height=\"1024\" data-id=\"1536\" src=\"https:\/\/chatteriedelareine.fr\/wp-content\/uploads\/2024\/04\/0bd4fd13-bd02-4f75-bee8-998b709402e3-768x1024.jpg\" alt=\"\" class=\"wp-image-1536\" srcset=\"https:\/\/chatteriedelareine.fr\/wp-content\/uploads\/2024\/04\/0bd4fd13-bd02-4f75-bee8-998b709402e3-768x1024.jpg 768w, https:\/\/chatteriedelareine.fr\/wp-content\/uploads\/2024\/04\/0bd4fd13-bd02-4f75-bee8-998b709402e3-225x300.jpg 225w, https:\/\/chatteriedelareine.fr\/wp-content\/uploads\/2024\/04\/0bd4fd13-bd02-4f75-bee8-998b709402e3-1152x1536.jpg 1152w, https:\/\/chatteriedelareine.fr\/wp-content\/uploads\/2024\/04\/0bd4fd13-bd02-4f75-bee8-998b709402e3.jpg 1500w\" sizes=\"auto, (max-width: 768px) 100vw, 768px\" \/><\/figure>\n<\/figure>\n","protected":false},"excerpt":{"rendered":"<p>Bonjour, Nous vous pr\u00e9sentons Uston, n\u00e9 le 24 avril 2023 du mariage entre Phili et Tocca. Il est fold, et sa robe est Blue silver ticked tabby. C&rsquo;est le plus clair de la port\u00e9e, mais aussi le plus explorateur. Status: Date de d\u00e9part pr\u00e9visionnelle: \u00e0 partir de 15 juillet Voici quelques-unes de ses premi\u00e8res photos, et une petite mise \u00e0 jour pour son premier anniversaire. Il ressemble beaucoup \u00e0 son papa.<\/p>\n","protected":false},"author":1,"featured_media":0,"parent":0,"menu_order":0,"comment_status":"closed","ping_status":"closed","template":"","meta":{"footnotes":""},"class_list":["post-1056","page","type-page","status-publish","hentry"],"_links":{"self":[{"href":"https:\/\/chatteriedelareine.fr\/index.php\/wp-json\/wp\/v2\/pages\/1056","targetHints":{"allow":["GET"]}}],"collection":[{"href":"https:\/\/chatteriedelareine.fr\/index.php\/wp-json\/wp\/v2\/pages"}],"about":[{"href":"https:\/\/chatteriedelareine.fr\/index.php\/wp-json\/wp\/v2\/types\/page"}],"author":[{"embeddable":true,"href":"https:\/\/chatteriedelareine.fr\/index.php\/wp-json\/wp\/v2\/users\/1"}],"replies":[{"embeddable":true,"href":"https:\/\/chatteriedelareine.fr\/index.php\/wp-json\/wp\/v2\/comments?post=1056"}],"version-history":[{"count":3,"href":"https:\/\/chatteriedelareine.fr\/index.php\/wp-json\/wp\/v2\/pages\/1056\/revisions"}],"predecessor-version":[{"id":1538,"href":"https:\/\/chatteriedelareine.fr\/index.php\/wp-json\/wp\/v2\/pages\/1056\/revisions\/1538"}],"wp:attachment":[{"href":"https:\/\/chatteriedelareine.fr\/index.php\/wp-json\/wp\/v2\/media?parent=1056"}],"curies":[{"name":"wp","href":"https:\/\/api.w.org\/{rel}","templated":true}]}}