{"id":1047,"date":"2023-05-23T22:57:22","date_gmt":"2023-05-23T20:57:22","guid":{"rendered":"https:\/\/chatteriedelareine.fr\/?page_id=1047"},"modified":"2023-10-21T00:55:16","modified_gmt":"2023-10-20T22:55:16","slug":"umi","status":"publish","type":"page","link":"https:\/\/chatteriedelareine.fr\/index.php\/umi\/","title":{"rendered":"Umi"},"content":{"rendered":"\n<p>Bonjour, <\/p>\n\n\n\n<p>Nous vous pr\u00e9sentons Umi, n\u00e9e le 24 avril 2023 du mariage entre Phili et Tocca.<\/p>\n\n\n\n<p>Sa robe est Black mackerel tabby avec semble-t-il un effet golden qui semble se manifester, et son poil qui s&rsquo;allonge nous laisse penser qu&rsquo;elle est de type highland comme sa m\u00e8re Tooca, et fold comme son p\u00e8re Phili.<\/p>\n\n\n\n<p>C&rsquo;est la seule highland de la port\u00e9e, et il est probable que l&rsquo;effet golden ou silver se fera plus visible une fois que son poil extr\u00eamement soyeux aura pris sa longueur d\u00e9finitive.<\/p>\n\n\n\n<p>La derni\u00e8re photo, ajout\u00e9e mi octobre, montre Umi \u00e0 presque 6 mois. C&rsquo;est le parfait mix entre Phili et Tocca<\/p>\n\n\n\n<h2 class=\"wp-block-heading\">Status: \nvendu<br><\/h2>\n\n\n\n<h2 class=\"wp-block-heading\">Date de d\u00e9part pr\u00e9visionnelle: 10-15 juillet<\/h2>\n\n\n\n<p>Voici quelques-unes de ses premi\u00e8res photos<\/p>\n\n\n\n<figure class=\"wp-block-gallery has-nested-images columns-default is-cropped wp-block-gallery-1 is-layout-flex wp-block-gallery-is-layout-flex\">\n<figure class=\"wp-block-image size-large\"><a href=\"https:\/\/chatteriedelareine.fr\/wp-content\/uploads\/2023\/05\/IMG_3572-scaled.jpg\"><img loading=\"lazy\" decoding=\"async\" width=\"768\" height=\"1024\" data-id=\"1048\" src=\"https:\/\/chatteriedelareine.fr\/wp-content\/uploads\/2023\/05\/IMG_3572-768x1024.jpg\" alt=\"\" class=\"wp-image-1048\" srcset=\"https:\/\/chatteriedelareine.fr\/wp-content\/uploads\/2023\/05\/IMG_3572-768x1024.jpg 768w, https:\/\/chatteriedelareine.fr\/wp-content\/uploads\/2023\/05\/IMG_3572-225x300.jpg 225w, https:\/\/chatteriedelareine.fr\/wp-content\/uploads\/2023\/05\/IMG_3572-1152x1536.jpg 1152w, https:\/\/chatteriedelareine.fr\/wp-content\/uploads\/2023\/05\/IMG_3572-1536x2048.jpg 1536w, https:\/\/chatteriedelareine.fr\/wp-content\/uploads\/2023\/05\/IMG_3572-scaled.jpg 1920w\" sizes=\"auto, (max-width: 768px) 100vw, 768px\" \/><\/a><\/figure>\n\n\n\n<figure class=\"wp-block-image size-large\"><a href=\"https:\/\/chatteriedelareine.fr\/wp-content\/uploads\/2023\/05\/IMG_3579-scaled.jpg\"><img loading=\"lazy\" decoding=\"async\" width=\"768\" height=\"1024\" data-id=\"1052\" src=\"https:\/\/chatteriedelareine.fr\/wp-content\/uploads\/2023\/05\/IMG_3579-768x1024.jpg\" alt=\"\" class=\"wp-image-1052\" srcset=\"https:\/\/chatteriedelareine.fr\/wp-content\/uploads\/2023\/05\/IMG_3579-768x1024.jpg 768w, https:\/\/chatteriedelareine.fr\/wp-content\/uploads\/2023\/05\/IMG_3579-225x300.jpg 225w, https:\/\/chatteriedelareine.fr\/wp-content\/uploads\/2023\/05\/IMG_3579-1152x1536.jpg 1152w, https:\/\/chatteriedelareine.fr\/wp-content\/uploads\/2023\/05\/IMG_3579-1536x2048.jpg 1536w, https:\/\/chatteriedelareine.fr\/wp-content\/uploads\/2023\/05\/IMG_3579-scaled.jpg 1920w\" sizes=\"auto, (max-width: 768px) 100vw, 768px\" \/><\/a><\/figure>\n\n\n\n<figure class=\"wp-block-image size-large\"><a href=\"https:\/\/chatteriedelareine.fr\/wp-content\/uploads\/2023\/05\/IMG_3576-scaled.jpg\"><img loading=\"lazy\" decoding=\"async\" width=\"768\" height=\"1024\" data-id=\"1051\" src=\"https:\/\/chatteriedelareine.fr\/wp-content\/uploads\/2023\/05\/IMG_3576-768x1024.jpg\" alt=\"\" class=\"wp-image-1051\" srcset=\"https:\/\/chatteriedelareine.fr\/wp-content\/uploads\/2023\/05\/IMG_3576-768x1024.jpg 768w, https:\/\/chatteriedelareine.fr\/wp-content\/uploads\/2023\/05\/IMG_3576-225x300.jpg 225w, https:\/\/chatteriedelareine.fr\/wp-content\/uploads\/2023\/05\/IMG_3576-1152x1536.jpg 1152w, https:\/\/chatteriedelareine.fr\/wp-content\/uploads\/2023\/05\/IMG_3576-1536x2048.jpg 1536w, https:\/\/chatteriedelareine.fr\/wp-content\/uploads\/2023\/05\/IMG_3576-scaled.jpg 1920w\" sizes=\"auto, (max-width: 768px) 100vw, 768px\" \/><\/a><\/figure>\n\n\n\n<figure class=\"wp-block-image size-large\"><a href=\"https:\/\/chatteriedelareine.fr\/wp-content\/uploads\/2023\/05\/IMG_3575-scaled.jpg\"><img loading=\"lazy\" decoding=\"async\" width=\"768\" height=\"1024\" data-id=\"1050\" src=\"https:\/\/chatteriedelareine.fr\/wp-content\/uploads\/2023\/05\/IMG_3575-768x1024.jpg\" alt=\"\" class=\"wp-image-1050\" srcset=\"https:\/\/chatteriedelareine.fr\/wp-content\/uploads\/2023\/05\/IMG_3575-768x1024.jpg 768w, https:\/\/chatteriedelareine.fr\/wp-content\/uploads\/2023\/05\/IMG_3575-225x300.jpg 225w, https:\/\/chatteriedelareine.fr\/wp-content\/uploads\/2023\/05\/IMG_3575-1152x1536.jpg 1152w, https:\/\/chatteriedelareine.fr\/wp-content\/uploads\/2023\/05\/IMG_3575-1536x2048.jpg 1536w, https:\/\/chatteriedelareine.fr\/wp-content\/uploads\/2023\/05\/IMG_3575-scaled.jpg 1920w\" sizes=\"auto, (max-width: 768px) 100vw, 768px\" \/><\/a><\/figure>\n\n\n\n<figure class=\"wp-block-image size-large\"><a href=\"https:\/\/chatteriedelareine.fr\/wp-content\/uploads\/2023\/05\/IMG_3574-scaled.jpg\"><img loading=\"lazy\" decoding=\"async\" width=\"768\" height=\"1024\" data-id=\"1049\" src=\"https:\/\/chatteriedelareine.fr\/wp-content\/uploads\/2023\/05\/IMG_3574-768x1024.jpg\" alt=\"\" class=\"wp-image-1049\" srcset=\"https:\/\/chatteriedelareine.fr\/wp-content\/uploads\/2023\/05\/IMG_3574-768x1024.jpg 768w, https:\/\/chatteriedelareine.fr\/wp-content\/uploads\/2023\/05\/IMG_3574-225x300.jpg 225w, https:\/\/chatteriedelareine.fr\/wp-content\/uploads\/2023\/05\/IMG_3574-1152x1536.jpg 1152w, https:\/\/chatteriedelareine.fr\/wp-content\/uploads\/2023\/05\/IMG_3574-1536x2048.jpg 1536w, https:\/\/chatteriedelareine.fr\/wp-content\/uploads\/2023\/05\/IMG_3574-scaled.jpg 1920w\" sizes=\"auto, (max-width: 768px) 100vw, 768px\" \/><\/a><\/figure>\n\n\n\n<figure class=\"wp-block-image size-large\"><img loading=\"lazy\" decoding=\"async\" width=\"768\" height=\"1024\" data-id=\"1207\" src=\"https:\/\/chatteriedelareine.fr\/wp-content\/uploads\/2023\/10\/a7117f3a-6f9a-41df-a457-4a76e75b6374.jpg\" alt=\"\" class=\"wp-image-1207\" srcset=\"https:\/\/chatteriedelareine.fr\/wp-content\/uploads\/2023\/10\/a7117f3a-6f9a-41df-a457-4a76e75b6374.jpg 768w, https:\/\/chatteriedelareine.fr\/wp-content\/uploads\/2023\/10\/a7117f3a-6f9a-41df-a457-4a76e75b6374-225x300.jpg 225w\" sizes=\"auto, (max-width: 768px) 100vw, 768px\" \/><\/figure>\n<\/figure>\n","protected":false},"excerpt":{"rendered":"<p>Bonjour, Nous vous pr\u00e9sentons Umi, n\u00e9e le 24 avril 2023 du mariage entre Phili et Tocca. Sa robe est Black mackerel tabby avec semble-t-il un effet golden qui semble se manifester, et son poil qui s&rsquo;allonge nous laisse penser qu&rsquo;elle est de type highland comme sa m\u00e8re Tooca, et fold comme son p\u00e8re Phili. C&rsquo;est la seule highland de la port\u00e9e, et il est probable que l&rsquo;effet golden ou silver se fera plus visible une fois que son poil extr\u00eamement soyeux aura pris sa longueur d\u00e9finitive. La derni\u00e8re photo, ajout\u00e9e mi octobre, montre Umi \u00e0 presque 6 mois. C&rsquo;est le &hellip; <\/p>\n","protected":false},"author":1,"featured_media":0,"parent":0,"menu_order":0,"comment_status":"closed","ping_status":"closed","template":"","meta":{"footnotes":""},"class_list":["post-1047","page","type-page","status-publish","hentry"],"_links":{"self":[{"href":"https:\/\/chatteriedelareine.fr\/index.php\/wp-json\/wp\/v2\/pages\/1047","targetHints":{"allow":["GET"]}}],"collection":[{"href":"https:\/\/chatteriedelareine.fr\/index.php\/wp-json\/wp\/v2\/pages"}],"about":[{"href":"https:\/\/chatteriedelareine.fr\/index.php\/wp-json\/wp\/v2\/types\/page"}],"author":[{"embeddable":true,"href":"https:\/\/chatteriedelareine.fr\/index.php\/wp-json\/wp\/v2\/users\/1"}],"replies":[{"embeddable":true,"href":"https:\/\/chatteriedelareine.fr\/index.php\/wp-json\/wp\/v2\/comments?post=1047"}],"version-history":[{"count":5,"href":"https:\/\/chatteriedelareine.fr\/index.php\/wp-json\/wp\/v2\/pages\/1047\/revisions"}],"predecessor-version":[{"id":1210,"href":"https:\/\/chatteriedelareine.fr\/index.php\/wp-json\/wp\/v2\/pages\/1047\/revisions\/1210"}],"wp:attachment":[{"href":"https:\/\/chatteriedelareine.fr\/index.php\/wp-json\/wp\/v2\/media?parent=1047"}],"curies":[{"name":"wp","href":"https:\/\/api.w.org\/{rel}","templated":true}]}}