{"id":1035,"date":"2023-05-23T22:50:01","date_gmt":"2023-05-23T20:50:01","guid":{"rendered":"https:\/\/chatteriedelareine.fr\/?page_id=1035"},"modified":"2023-06-03T02:29:33","modified_gmt":"2023-06-03T00:29:33","slug":"uriel","status":"publish","type":"page","link":"https:\/\/chatteriedelareine.fr\/index.php\/uriel\/","title":{"rendered":"Uriel"},"content":{"rendered":"\n<p>Bonjour, <\/p>\n\n\n\n<p>Nous vous pr\u00e9sentons Uriel, n\u00e9 le 24 avril 2023 du mariage entre Phili et Tocca.<\/p>\n\n\n\n<p>Il est fold, et sa robe est Black silver ticked tabby .<\/p>\n\n\n\n<p>Uriel et sa s\u0153ur Urielle sont extr\u00eamement ressemblants, et leur couleur devrait s&rsquo;\u00e9claircir en grandissant, au fur et \u00e0 mesure que leur poil soyeux s&rsquo;allongera et fera ressortir l&rsquo;effet silver.<\/p>\n\n\n\n<h2 class=\"wp-block-heading\">Status: \nvendu<br><\/h2>\n\n\n\n<h2 class=\"wp-block-heading\">Date de d\u00e9part pr\u00e9visionnelle: 10 &#8211; 15 juillet<\/h2>\n\n\n\n<p>Voici quelques-unes de ses premi\u00e8res photos<\/p>\n\n\n\n<figure class=\"wp-block-gallery has-nested-images columns-default is-cropped wp-block-gallery-1 is-layout-flex wp-block-gallery-is-layout-flex\">\n<figure class=\"wp-block-image size-large\"><a href=\"https:\/\/chatteriedelareine.fr\/wp-content\/uploads\/2023\/05\/d7a2e4b5-7f74-4272-9411-32af090ba800.jpg\"><img loading=\"lazy\" decoding=\"async\" width=\"768\" height=\"1024\" data-id=\"1036\" src=\"https:\/\/chatteriedelareine.fr\/wp-content\/uploads\/2023\/05\/d7a2e4b5-7f74-4272-9411-32af090ba800.jpg\" alt=\"\" class=\"wp-image-1036\" srcset=\"https:\/\/chatteriedelareine.fr\/wp-content\/uploads\/2023\/05\/d7a2e4b5-7f74-4272-9411-32af090ba800.jpg 768w, https:\/\/chatteriedelareine.fr\/wp-content\/uploads\/2023\/05\/d7a2e4b5-7f74-4272-9411-32af090ba800-225x300.jpg 225w\" sizes=\"auto, (max-width: 768px) 100vw, 768px\" \/><\/a><\/figure>\n\n\n\n<figure class=\"wp-block-image size-large\"><a href=\"https:\/\/chatteriedelareine.fr\/wp-content\/uploads\/2023\/05\/IMG_3562-scaled.jpg\"><img loading=\"lazy\" decoding=\"async\" width=\"768\" height=\"1024\" data-id=\"1038\" src=\"https:\/\/chatteriedelareine.fr\/wp-content\/uploads\/2023\/05\/IMG_3562-768x1024.jpg\" alt=\"\" class=\"wp-image-1038\" srcset=\"https:\/\/chatteriedelareine.fr\/wp-content\/uploads\/2023\/05\/IMG_3562-768x1024.jpg 768w, https:\/\/chatteriedelareine.fr\/wp-content\/uploads\/2023\/05\/IMG_3562-225x300.jpg 225w, https:\/\/chatteriedelareine.fr\/wp-content\/uploads\/2023\/05\/IMG_3562-1152x1536.jpg 1152w, https:\/\/chatteriedelareine.fr\/wp-content\/uploads\/2023\/05\/IMG_3562-1536x2048.jpg 1536w, https:\/\/chatteriedelareine.fr\/wp-content\/uploads\/2023\/05\/IMG_3562-scaled.jpg 1920w\" sizes=\"auto, (max-width: 768px) 100vw, 768px\" \/><\/a><\/figure>\n\n\n\n<figure class=\"wp-block-image size-large\"><a href=\"https:\/\/chatteriedelareine.fr\/wp-content\/uploads\/2023\/05\/dd13b514-58ee-4511-8f64-5b8797687600.jpg\"><img loading=\"lazy\" decoding=\"async\" width=\"768\" height=\"1024\" data-id=\"1037\" src=\"https:\/\/chatteriedelareine.fr\/wp-content\/uploads\/2023\/05\/dd13b514-58ee-4511-8f64-5b8797687600.jpg\" alt=\"\" class=\"wp-image-1037\" srcset=\"https:\/\/chatteriedelareine.fr\/wp-content\/uploads\/2023\/05\/dd13b514-58ee-4511-8f64-5b8797687600.jpg 768w, https:\/\/chatteriedelareine.fr\/wp-content\/uploads\/2023\/05\/dd13b514-58ee-4511-8f64-5b8797687600-225x300.jpg 225w\" sizes=\"auto, (max-width: 768px) 100vw, 768px\" \/><\/a><\/figure>\n<\/figure>\n","protected":false},"excerpt":{"rendered":"<p>Bonjour, Nous vous pr\u00e9sentons Uriel, n\u00e9 le 24 avril 2023 du mariage entre Phili et Tocca. Il est fold, et sa robe est Black silver ticked tabby . Uriel et sa s\u0153ur Urielle sont extr\u00eamement ressemblants, et leur couleur devrait s&rsquo;\u00e9claircir en grandissant, au fur et \u00e0 mesure que leur poil soyeux s&rsquo;allongera et fera ressortir l&rsquo;effet silver. Status: Date de d\u00e9part pr\u00e9visionnelle: 10 &#8211; 15 juillet Voici quelques-unes de ses premi\u00e8res photos<\/p>\n","protected":false},"author":1,"featured_media":0,"parent":0,"menu_order":0,"comment_status":"closed","ping_status":"closed","template":"","meta":{"footnotes":""},"class_list":["post-1035","page","type-page","status-publish","hentry"],"_links":{"self":[{"href":"https:\/\/chatteriedelareine.fr\/index.php\/wp-json\/wp\/v2\/pages\/1035","targetHints":{"allow":["GET"]}}],"collection":[{"href":"https:\/\/chatteriedelareine.fr\/index.php\/wp-json\/wp\/v2\/pages"}],"about":[{"href":"https:\/\/chatteriedelareine.fr\/index.php\/wp-json\/wp\/v2\/types\/page"}],"author":[{"embeddable":true,"href":"https:\/\/chatteriedelareine.fr\/index.php\/wp-json\/wp\/v2\/users\/1"}],"replies":[{"embeddable":true,"href":"https:\/\/chatteriedelareine.fr\/index.php\/wp-json\/wp\/v2\/comments?post=1035"}],"version-history":[{"count":4,"href":"https:\/\/chatteriedelareine.fr\/index.php\/wp-json\/wp\/v2\/pages\/1035\/revisions"}],"predecessor-version":[{"id":1113,"href":"https:\/\/chatteriedelareine.fr\/index.php\/wp-json\/wp\/v2\/pages\/1035\/revisions\/1113"}],"wp:attachment":[{"href":"https:\/\/chatteriedelareine.fr\/index.php\/wp-json\/wp\/v2\/media?parent=1035"}],"curies":[{"name":"wp","href":"https:\/\/api.w.org\/{rel}","templated":true}]}}