{"id":1028,"date":"2023-05-23T22:46:31","date_gmt":"2023-05-23T20:46:31","guid":{"rendered":"https:\/\/chatteriedelareine.fr\/?page_id=1028"},"modified":"2023-06-03T02:28:19","modified_gmt":"2023-06-03T00:28:19","slug":"ulysse","status":"publish","type":"page","link":"https:\/\/chatteriedelareine.fr\/index.php\/ulysse\/","title":{"rendered":"Ulysse"},"content":{"rendered":"\n<p>Bonjour, <\/p>\n\n\n\n<p>Nous vous pr\u00e9sentons Ulysse, n\u00e9 le 24 avril 2023 du mariage entre Phili et Tocca.<\/p>\n\n\n\n<p>Il est fold, et sa robe est Black silver mackerel tabby (tigr\u00e9) . C&rsquo;est le plus entreprenant de la port\u00e9e et le plus agile de sa fratrie en termes d&rsquo;escalade ou pour monter sur les arbres \u00e0 chats.<\/p>\n\n\n\n<h2 class=\"wp-block-heading\">Status: \nvendu<br><\/h2>\n\n\n\n<h2 class=\"wp-block-heading\">Date de d\u00e9part pr\u00e9visionnelle: 10 &#8211; 15 juillet<\/h2>\n\n\n\n<p>Voici quelques-unes de ses premi\u00e8res photos<\/p>\n\n\n\n<figure class=\"wp-block-gallery has-nested-images columns-default is-cropped wp-block-gallery-1 is-layout-flex wp-block-gallery-is-layout-flex\">\n<figure class=\"wp-block-image size-large\"><a href=\"https:\/\/chatteriedelareine.fr\/wp-content\/uploads\/2023\/05\/7a19eca8-c7da-4ea3-939b-fb0faccb1f4f-1.jpg\"><img loading=\"lazy\" decoding=\"async\" width=\"768\" height=\"1024\" data-id=\"1029\" src=\"https:\/\/chatteriedelareine.fr\/wp-content\/uploads\/2023\/05\/7a19eca8-c7da-4ea3-939b-fb0faccb1f4f-1.jpg\" alt=\"\" class=\"wp-image-1029\" srcset=\"https:\/\/chatteriedelareine.fr\/wp-content\/uploads\/2023\/05\/7a19eca8-c7da-4ea3-939b-fb0faccb1f4f-1.jpg 768w, https:\/\/chatteriedelareine.fr\/wp-content\/uploads\/2023\/05\/7a19eca8-c7da-4ea3-939b-fb0faccb1f4f-1-225x300.jpg 225w\" sizes=\"auto, (max-width: 768px) 100vw, 768px\" \/><\/a><\/figure>\n\n\n\n<figure class=\"wp-block-image size-large\"><a href=\"https:\/\/chatteriedelareine.fr\/wp-content\/uploads\/2023\/05\/dd9936d6-6922-42b1-a410-e5eac9045349.jpg\"><img loading=\"lazy\" decoding=\"async\" width=\"768\" height=\"1024\" data-id=\"1033\" src=\"https:\/\/chatteriedelareine.fr\/wp-content\/uploads\/2023\/05\/dd9936d6-6922-42b1-a410-e5eac9045349.jpg\" alt=\"\" class=\"wp-image-1033\" srcset=\"https:\/\/chatteriedelareine.fr\/wp-content\/uploads\/2023\/05\/dd9936d6-6922-42b1-a410-e5eac9045349.jpg 768w, https:\/\/chatteriedelareine.fr\/wp-content\/uploads\/2023\/05\/dd9936d6-6922-42b1-a410-e5eac9045349-225x300.jpg 225w\" sizes=\"auto, (max-width: 768px) 100vw, 768px\" \/><\/a><\/figure>\n\n\n\n<figure class=\"wp-block-image size-large\"><a href=\"https:\/\/chatteriedelareine.fr\/wp-content\/uploads\/2023\/05\/ac5f214a-780f-41a0-8136-7dd89d977738.jpg\"><img loading=\"lazy\" decoding=\"async\" width=\"768\" height=\"1024\" data-id=\"1032\" src=\"https:\/\/chatteriedelareine.fr\/wp-content\/uploads\/2023\/05\/ac5f214a-780f-41a0-8136-7dd89d977738.jpg\" alt=\"\" class=\"wp-image-1032\" srcset=\"https:\/\/chatteriedelareine.fr\/wp-content\/uploads\/2023\/05\/ac5f214a-780f-41a0-8136-7dd89d977738.jpg 768w, https:\/\/chatteriedelareine.fr\/wp-content\/uploads\/2023\/05\/ac5f214a-780f-41a0-8136-7dd89d977738-225x300.jpg 225w\" sizes=\"auto, (max-width: 768px) 100vw, 768px\" \/><\/a><\/figure>\n\n\n\n<figure class=\"wp-block-image size-large\"><a href=\"https:\/\/chatteriedelareine.fr\/wp-content\/uploads\/2023\/05\/67b0d83a-e62d-4c3c-9ba9-334cc6be8a61.jpg\"><img loading=\"lazy\" decoding=\"async\" width=\"768\" height=\"1024\" data-id=\"1031\" src=\"https:\/\/chatteriedelareine.fr\/wp-content\/uploads\/2023\/05\/67b0d83a-e62d-4c3c-9ba9-334cc6be8a61.jpg\" alt=\"\" class=\"wp-image-1031\" srcset=\"https:\/\/chatteriedelareine.fr\/wp-content\/uploads\/2023\/05\/67b0d83a-e62d-4c3c-9ba9-334cc6be8a61.jpg 768w, https:\/\/chatteriedelareine.fr\/wp-content\/uploads\/2023\/05\/67b0d83a-e62d-4c3c-9ba9-334cc6be8a61-225x300.jpg 225w\" sizes=\"auto, (max-width: 768px) 100vw, 768px\" \/><\/a><\/figure>\n\n\n\n<figure class=\"wp-block-image size-large\"><a href=\"https:\/\/chatteriedelareine.fr\/wp-content\/uploads\/2023\/05\/56b7aad6-458a-4912-b32d-6df24fc0d3f3.jpg\"><img loading=\"lazy\" decoding=\"async\" width=\"768\" height=\"1024\" data-id=\"1030\" src=\"https:\/\/chatteriedelareine.fr\/wp-content\/uploads\/2023\/05\/56b7aad6-458a-4912-b32d-6df24fc0d3f3.jpg\" alt=\"\" class=\"wp-image-1030\" srcset=\"https:\/\/chatteriedelareine.fr\/wp-content\/uploads\/2023\/05\/56b7aad6-458a-4912-b32d-6df24fc0d3f3.jpg 768w, https:\/\/chatteriedelareine.fr\/wp-content\/uploads\/2023\/05\/56b7aad6-458a-4912-b32d-6df24fc0d3f3-225x300.jpg 225w\" sizes=\"auto, (max-width: 768px) 100vw, 768px\" \/><\/a><\/figure>\n<\/figure>\n","protected":false},"excerpt":{"rendered":"<p>Bonjour, Nous vous pr\u00e9sentons Ulysse, n\u00e9 le 24 avril 2023 du mariage entre Phili et Tocca. Il est fold, et sa robe est Black silver mackerel tabby (tigr\u00e9) . C&rsquo;est le plus entreprenant de la port\u00e9e et le plus agile de sa fratrie en termes d&rsquo;escalade ou pour monter sur les arbres \u00e0 chats. Status: Date de d\u00e9part pr\u00e9visionnelle: 10 &#8211; 15 juillet Voici quelques-unes de ses premi\u00e8res photos<\/p>\n","protected":false},"author":1,"featured_media":0,"parent":0,"menu_order":0,"comment_status":"closed","ping_status":"closed","template":"","meta":{"footnotes":""},"class_list":["post-1028","page","type-page","status-publish","hentry"],"_links":{"self":[{"href":"https:\/\/chatteriedelareine.fr\/index.php\/wp-json\/wp\/v2\/pages\/1028","targetHints":{"allow":["GET"]}}],"collection":[{"href":"https:\/\/chatteriedelareine.fr\/index.php\/wp-json\/wp\/v2\/pages"}],"about":[{"href":"https:\/\/chatteriedelareine.fr\/index.php\/wp-json\/wp\/v2\/types\/page"}],"author":[{"embeddable":true,"href":"https:\/\/chatteriedelareine.fr\/index.php\/wp-json\/wp\/v2\/users\/1"}],"replies":[{"embeddable":true,"href":"https:\/\/chatteriedelareine.fr\/index.php\/wp-json\/wp\/v2\/comments?post=1028"}],"version-history":[{"count":3,"href":"https:\/\/chatteriedelareine.fr\/index.php\/wp-json\/wp\/v2\/pages\/1028\/revisions"}],"predecessor-version":[{"id":1111,"href":"https:\/\/chatteriedelareine.fr\/index.php\/wp-json\/wp\/v2\/pages\/1028\/revisions\/1111"}],"wp:attachment":[{"href":"https:\/\/chatteriedelareine.fr\/index.php\/wp-json\/wp\/v2\/media?parent=1028"}],"curies":[{"name":"wp","href":"https:\/\/api.w.org\/{rel}","templated":true}]}}